{"id":3257,"date":"2025-05-05T09:27:18","date_gmt":"2025-05-05T09:27:18","guid":{"rendered":"https:\/\/theperfumebottles.com\/?post_type=product&#038;p=3257"},"modified":"2025-05-23T13:18:23","modified_gmt":"2025-05-23T05:18:23","slug":"unusual-glass-perfume-spray-bottles-with-faceted-design","status":"publish","type":"product","link":"https:\/\/theperfumebottles.com\/fr\/produit\/unusual-glass-perfume-spray-bottles-with-faceted-design\/","title":{"rendered":"Flacons vaporisateurs de parfum en verre de 30 ml, 50 ml et 100 ml au design original \u00e0 facettes"},"content":{"rendered":"<p>Flacons vaporisateurs en verre raffin\u00e9s, au design facett\u00e9. Id\u00e9aux pour les parfums originaux et les emballages personnalis\u00e9s. \u00c9chantillons gratuits et livraison rapide. Notre collection PB-YX23 de flacons vaporisateurs en verre allie luxe et fonctionnalit\u00e9, ce qui en fait le choix id\u00e9al pour les emballages de parfums haut de gamme et sur mesure. Fabriqu\u00e9s en verre de qualit\u00e9 sup\u00e9rieure, ces flacons sont \u00e0 la fois r\u00e9sistants et \u00e9l\u00e9gants. Que vous conditionniez un parfum ou une fragrance, ils offriront un rendu sobre et raffin\u00e9 qui s\u00e9duira vos clients.<\/p>\n<table style=\"border-collapse: collapse; margin-left: auto; margin-right: auto; width: 162.03pt;\" border=\"0\" width=\"216\" cellspacing=\"0\" cellpadding=\"0\">\n<tbody>\n<tr style=\"height: 13.50pt;\">\n<td style=\"height: 13.50pt; width: 54.00pt;\" width=\"72\" height=\"18\">\n<p><figure id=\"attachment_3263\" aria-describedby=\"caption-attachment-3263\" style=\"width: 300px\" class=\"wp-caption aligncenter\"><img fetchpriority=\"high\" decoding=\"async\" class=\"wp-image-3263 size-medium\" src=\"https:\/\/theperfumebottles.com\/wp-content\/uploads\/2025\/05\/glass-perfume-spray-bottles-YX2301-300x300.webp\" alt=\"flacons vaporisateurs de parfum en verre\" width=\"300\" height=\"300\" srcset=\"https:\/\/theperfumebottles.com\/wp-content\/uploads\/2025\/05\/glass-perfume-spray-bottles-YX2301-300x300.webp 300w, https:\/\/theperfumebottles.com\/wp-content\/uploads\/2025\/05\/glass-perfume-spray-bottles-YX2301-150x150.webp 150w, https:\/\/theperfumebottles.com\/wp-content\/uploads\/2025\/05\/glass-perfume-spray-bottles-YX2301-768x768.webp 768w, https:\/\/theperfumebottles.com\/wp-content\/uploads\/2025\/05\/glass-perfume-spray-bottles-YX2301-12x12.webp 12w, https:\/\/theperfumebottles.com\/wp-content\/uploads\/2025\/05\/glass-perfume-spray-bottles-YX2301-600x600.webp 600w, https:\/\/theperfumebottles.com\/wp-content\/uploads\/2025\/05\/glass-perfume-spray-bottles-YX2301-100x100.webp 100w, https:\/\/theperfumebottles.com\/wp-content\/uploads\/2025\/05\/glass-perfume-spray-bottles-YX2301.webp 1000w\" sizes=\"(max-width: 300px) 100vw, 300px\" \/><figcaption id=\"caption-attachment-3263\" class=\"wp-caption-text\">30 ml PB-YX2301<\/figcaption><\/figure><\/td>\n<td style=\"width: 54.00pt;\" width=\"72\">\n<p><figure id=\"attachment_3259\" aria-describedby=\"caption-attachment-3259\" style=\"width: 300px\" class=\"wp-caption aligncenter\"><img decoding=\"async\" class=\"wp-image-3259 size-medium\" src=\"https:\/\/theperfumebottles.com\/wp-content\/uploads\/2025\/05\/unusual-perfume-bottles-YX2302-300x300.webp\" alt=\"flacons de parfum insolites\" width=\"300\" height=\"300\" srcset=\"https:\/\/theperfumebottles.com\/wp-content\/uploads\/2025\/05\/unusual-perfume-bottles-YX2302-300x300.webp 300w, https:\/\/theperfumebottles.com\/wp-content\/uploads\/2025\/05\/unusual-perfume-bottles-YX2302-150x150.webp 150w, https:\/\/theperfumebottles.com\/wp-content\/uploads\/2025\/05\/unusual-perfume-bottles-YX2302-768x768.webp 768w, https:\/\/theperfumebottles.com\/wp-content\/uploads\/2025\/05\/unusual-perfume-bottles-YX2302-12x12.webp 12w, https:\/\/theperfumebottles.com\/wp-content\/uploads\/2025\/05\/unusual-perfume-bottles-YX2302-600x600.webp 600w, https:\/\/theperfumebottles.com\/wp-content\/uploads\/2025\/05\/unusual-perfume-bottles-YX2302-100x100.webp 100w, https:\/\/theperfumebottles.com\/wp-content\/uploads\/2025\/05\/unusual-perfume-bottles-YX2302.webp 1000w\" sizes=\"(max-width: 300px) 100vw, 300px\" \/><figcaption id=\"caption-attachment-3259\" class=\"wp-caption-text\">50 ml PB-YX2302<\/figcaption><\/figure><\/td>\n<td style=\"width: 54.00pt;\" width=\"72\">\n<p><figure id=\"attachment_3260\" aria-describedby=\"caption-attachment-3260\" style=\"width: 300px\" class=\"wp-caption aligncenter\"><img decoding=\"async\" class=\"wp-image-3260 size-medium\" src=\"https:\/\/theperfumebottles.com\/wp-content\/uploads\/2025\/05\/unusual-perfume-bottles-YX2303-300x300.webp\" alt=\"flacons de parfum insolites\" width=\"300\" height=\"300\" srcset=\"https:\/\/theperfumebottles.com\/wp-content\/uploads\/2025\/05\/unusual-perfume-bottles-YX2303-300x300.webp 300w, https:\/\/theperfumebottles.com\/wp-content\/uploads\/2025\/05\/unusual-perfume-bottles-YX2303-150x150.webp 150w, https:\/\/theperfumebottles.com\/wp-content\/uploads\/2025\/05\/unusual-perfume-bottles-YX2303-768x768.webp 768w, https:\/\/theperfumebottles.com\/wp-content\/uploads\/2025\/05\/unusual-perfume-bottles-YX2303-12x12.webp 12w, https:\/\/theperfumebottles.com\/wp-content\/uploads\/2025\/05\/unusual-perfume-bottles-YX2303-600x600.webp 600w, https:\/\/theperfumebottles.com\/wp-content\/uploads\/2025\/05\/unusual-perfume-bottles-YX2303-100x100.webp 100w, https:\/\/theperfumebottles.com\/wp-content\/uploads\/2025\/05\/unusual-perfume-bottles-YX2303.webp 1000w\" sizes=\"(max-width: 300px) 100vw, 300px\" \/><figcaption id=\"caption-attachment-3260\" class=\"wp-caption-text\">100 ml PB-YX2303<\/figcaption><\/figure><\/td>\n<\/tr>\n<\/tbody>\n<\/table>\n<h2>Sp\u00e9cifications cl\u00e9s<\/h2>\n<table style=\"border-collapse: collapse; margin-left: auto; margin-right: auto; width: 80%;\" border=\"0\" width=\"80%\" cellspacing=\"0\" cellpadding=\"0\">\n<tbody>\n<tr style=\"height: 13.50pt;\">\n<td style=\"height: 13.50pt; width: 87.00pt;\" width=\"116\" height=\"18\"><strong>Num\u00e9ro de mod\u00e8le<\/strong><\/td>\n<td style=\"width: 76.50pt;\" width=\"102\"><strong>Calibre<\/strong><\/td>\n<td style=\"width: 90.00pt;\" width=\"120\"><strong>Capacit\u00e9<\/strong><\/td>\n<td style=\"width: 157.50pt;\" width=\"210\"><strong>Dimensions (L x P x H)<\/strong><\/td>\n<td style=\"width: 108.75pt;\" width=\"145\"><strong>Type de cou<\/strong><\/td>\n<\/tr>\n<tr style=\"height: 13.50pt;\">\n<td style=\"height: 13.50pt;\" height=\"18\"><strong>PB-YX2301<\/strong><\/td>\n<td>15 mm<\/td>\n<td>30 ml<\/td>\n<td>44 x 47 x 62 mm<\/td>\n<td>Col serti<\/td>\n<\/tr>\n<tr style=\"height: 13.50pt;\">\n<td style=\"height: 13.50pt;\" height=\"18\"><strong>PB-YX2302<\/strong><\/td>\n<td>15 mm<\/td>\n<td>50 ml<\/td>\n<td>57 x 28 x 75 mm<\/td>\n<td>Col serti<\/td>\n<\/tr>\n<tr style=\"height: 13.50pt;\">\n<td style=\"height: 13.50pt;\" height=\"18\"><strong>PB-YX2303<\/strong><\/td>\n<td>15 mm<\/td>\n<td>100 ml<\/td>\n<td>67 x 35 x 95 mm<\/td>\n<td>Col serti<\/td>\n<\/tr>\n<\/tbody>\n<\/table>\n<h2>Conseils d&#039;emballage du produit<\/h2>\n<p>Une petite marque de parfums europ\u00e9enne \u00e0 succ\u00e8s souhaitait repenser le packaging de sa nouvelle ligne de parfums de niche. Elle recherchait un emballage unique qui la d\u00e9marquerait sur un march\u00e9 concurrentiel. Apr\u00e8s avoir d\u00e9couvert nos flacons de parfum sp\u00e9ciaux, elle a choisi le mod\u00e8le PB-YX2302 pour flacons de 30 ml. Elle a opt\u00e9 pour une \u00e9tiquette dor\u00e9e \u00e0 chaud et a personnalis\u00e9 le d\u00e9cor du goulot. Ses ventes ont progress\u00e9 de 32 % en trois mois. Les clients sont conquis par ce design \u00e0 la fois moderne et classique.<\/p>\n<h3>Conseils de personnalisation<\/h3>\n<ul>\n<li>Couleur\u00a0: Pour un effet particulier, essayez des bouteilles en verre teint\u00e9, comme le jaune brun\u00e2tre, le bleu ou l\u2019or rose.<\/li>\n<li>Conception\u00a0: Imprimez votre logo ou motif directement sur le verre par impression ou gravure.<\/li>\n<li>Emballage : Associez le flacon de parfum en verre \u00e0 un coffret cadeau assorti pour une exp\u00e9rience de d\u00e9ballage haut de gamme.<\/li>\n<\/ul>","protected":false},"excerpt":{"rendered":"<p>Flacons vaporisateurs en verre raffin\u00e9s, \u00e0 facettes. Id\u00e9aux pour des flacons de parfum originaux et des emballages personnalis\u00e9s. \u00c9chantillons gratuits et livraison rapide.<\/p>","protected":false},"featured_media":3263,"comment_status":"open","ping_status":"closed","template":"","meta":{"_acf_changed":false,"site-sidebar-layout":"default","site-content-layout":"","ast-site-content-layout":"default","site-content-style":"default","site-sidebar-style":"default","ast-global-header-display":"","ast-banner-title-visibility":"","ast-main-header-display":"","ast-hfb-above-header-display":"","ast-hfb-below-header-display":"","ast-hfb-mobile-header-display":"","site-post-title":"","ast-breadcrumbs-content":"","ast-featured-img":"","footer-sml-layout":"","ast-disable-related-posts":"","theme-transparent-header-meta":"default","adv-header-id-meta":"","stick-header-meta":"","header-above-stick-meta":"","header-main-stick-meta":"","header-below-stick-meta":"","astra-migrate-meta-layouts":"set","ast-page-background-enabled":"default","ast-page-background-meta":{"desktop":{"background-color":"var(--ast-global-color-5)","background-image":"","background-repeat":"repeat","background-position":"center center","background-size":"auto","background-attachment":"scroll","background-type":"","background-media":"","overlay-type":"","overlay-color":"","overlay-opacity":"","overlay-gradient":""},"tablet":{"background-color":"","background-image":"","background-repeat":"repeat","background-position":"center center","background-size":"auto","background-attachment":"scroll","background-type":"","background-media":"","overlay-type":"","overlay-color":"","overlay-opacity":"","overlay-gradient":""},"mobile":{"background-color":"","background-image":"","background-repeat":"repeat","background-position":"center center","background-size":"auto","background-attachment":"scroll","background-type":"","background-media":"","overlay-type":"","overlay-color":"","overlay-opacity":"","overlay-gradient":""}},"ast-content-background-meta":{"desktop":{"background-color":"var(--ast-global-color-4)","background-image":"","background-repeat":"repeat","background-position":"center center","background-size":"auto","background-attachment":"scroll","background-type":"","background-media":"","overlay-type":"","overlay-color":"","overlay-opacity":"","overlay-gradient":""},"tablet":{"background-color":"var(--ast-global-color-4)","background-image":"","background-repeat":"repeat","background-position":"center center","background-size":"auto","background-attachment":"scroll","background-type":"","background-media":"","overlay-type":"","overlay-color":"","overlay-opacity":"","overlay-gradient":""},"mobile":{"background-color":"var(--ast-global-color-4)","background-image":"","background-repeat":"repeat","background-position":"center center","background-size":"auto","background-attachment":"scroll","background-type":"","background-media":"","overlay-type":"","overlay-color":"","overlay-opacity":"","overlay-gradient":""}}},"product_brand":[],"product_cat":[72,91,41],"product_tag":[],"class_list":{"0":"post-3257","1":"product","2":"type-product","3":"status-publish","4":"has-post-thumbnail","6":"product_cat-cosmetic-packaging","7":"product_cat-custom-perfume-bottles","8":"product_cat-perfume-bottles","9":"desktop-align-left","10":"tablet-align-left","11":"mobile-align-left","13":"first","14":"instock","15":"shipping-taxable","16":"product-type-simple"},"acf":[],"jetpack_sharing_enabled":true,"_links":{"self":[{"href":"https:\/\/theperfumebottles.com\/fr\/wp-json\/wp\/v2\/product\/3257","targetHints":{"allow":["GET"]}}],"collection":[{"href":"https:\/\/theperfumebottles.com\/fr\/wp-json\/wp\/v2\/product"}],"about":[{"href":"https:\/\/theperfumebottles.com\/fr\/wp-json\/wp\/v2\/types\/product"}],"replies":[{"embeddable":true,"href":"https:\/\/theperfumebottles.com\/fr\/wp-json\/wp\/v2\/comments?post=3257"}],"wp:featuredmedia":[{"embeddable":true,"href":"https:\/\/theperfumebottles.com\/fr\/wp-json\/wp\/v2\/media\/3263"}],"wp:attachment":[{"href":"https:\/\/theperfumebottles.com\/fr\/wp-json\/wp\/v2\/media?parent=3257"}],"wp:term":[{"taxonomy":"product_brand","embeddable":true,"href":"https:\/\/theperfumebottles.com\/fr\/wp-json\/wp\/v2\/product_brand?post=3257"},{"taxonomy":"product_cat","embeddable":true,"href":"https:\/\/theperfumebottles.com\/fr\/wp-json\/wp\/v2\/product_cat?post=3257"},{"taxonomy":"product_tag","embeddable":true,"href":"https:\/\/theperfumebottles.com\/fr\/wp-json\/wp\/v2\/product_tag?post=3257"}],"curies":[{"name":"wp","href":"https:\/\/api.w.org\/{rel}","templated":true}]}}