{"id":3272,"date":"2025-05-07T08:01:39","date_gmt":"2025-05-07T08:01:39","guid":{"rendered":"https:\/\/theperfumebottles.com\/?post_type=product&#038;p=3272"},"modified":"2025-05-12T05:20:09","modified_gmt":"2025-05-12T05:20:09","slug":"tall-100ml-perfume-glass-bottle-custom-scent-containers","status":"publish","type":"product","link":"https:\/\/theperfumebottles.com\/fr\/produit\/tall-100ml-perfume-glass-bottle-custom-scent-containers\/","title":{"rendered":"Flacon de parfum en verre de 100 ml | Contenants de parfum personnalis\u00e9s"},"content":{"rendered":"<p>Notre flacon de parfum en verre PB-YZ01 de 3,4 oz\/100 ml au design arrondi maximise l'exposition en rayon, tandis que le m\u00e9canisme de pulv\u00e9risation assure une pulv\u00e9risation pr\u00e9cise. Que vous ayez besoin d'un contenant \u00e9l\u00e9gant pour vos huiles de parfum ou d'un flacon en verre en vrac pour votre collection de parfums, le PB-YX2401 a tout ce qu'il vous faut.<\/p>\n<h2>Sp\u00e9cifications cl\u00e9s<\/h2>\n<table style=\"border-collapse: collapse; margin-left: auto; margin-right: auto; width: 80%;\" border=\"0\" width=\"80%\" cellspacing=\"0\" cellpadding=\"0\">\n<tbody>\n<tr style=\"height: 13.50pt;\">\n<td style=\"height: 13.50pt; width: 126.00pt;\" width=\"168\" height=\"18\"><strong>Mod\u00e8le<\/strong><\/td>\n<td style=\"width: 326.25pt;\" width=\"435\">PB-YZ01<\/td>\n<\/tr>\n<tr style=\"height: 13.50pt;\">\n<td style=\"height: 13.50pt;\" height=\"18\"><strong>Capacit\u00e9<\/strong><\/td>\n<td>100 ml<\/td>\n<\/tr>\n<tr style=\"height: 13.50pt;\">\n<td style=\"height: 13.50pt;\" height=\"18\"><strong>Dimensions<\/strong><\/td>\n<td>55 x 114 mm<\/td>\n<\/tr>\n<tr style=\"height: 13.50pt;\">\n<td style=\"height: 13.50pt;\" height=\"18\"><strong>Calibre<\/strong><\/td>\n<td>15 mm<\/td>\n<\/tr>\n<tr style=\"height: 13.50pt;\">\n<td style=\"height: 13.50pt;\" height=\"18\"><strong>Mat\u00e9riau<\/strong><\/td>\n<td>Verre de cristal, bouchon en acrylique<\/td>\n<\/tr>\n<tr style=\"height: 13.50pt;\">\n<td style=\"height: 13.50pt;\" height=\"18\"><strong>Type de joint<\/strong><\/td>\n<td>Collet \u00e0 sertir avec pompe de pulv\u00e9risation<\/td>\n<\/tr>\n<tr style=\"height: 13.50pt;\">\n<td style=\"height: 13.50pt;\" height=\"18\"><strong>Mat\u00e9riels<\/strong><\/td>\n<td>Verre de cristal, couvercle en acrylique, pompe en m\u00e9tal\/plastique<\/td>\n<\/tr>\n<\/tbody>\n<\/table>\n<h2>Suggestions d&#039;emballage<\/h2>\n<p>Une marque de parfum fran\u00e7aise a augment\u00e9 les ventes de sa nouvelle collection Jasmine de 27% en utilisant nos flacons de parfum en verre de 100ml. Le bouchon en or miroit\u00e9 compl\u00e8te le positionnement de la marque \"luxe abordable\", prouvant que m\u00eame une eau florale peut \u00eatre luxueuse.<\/p>\n<h3>Conseils de personnalisation<\/h3>\n<p>Correspondance des couleurs : Choisissez une teinte douce comme le blanc mat pour une esth\u00e9tique simple, ou un ambre audacieux pour un parfum de niche.<\/p>\n<p>D\u00e9coration du bouchon : Ajoutez une finition mate pour contraster avec la bouteille brillante, ou un logo personnalis\u00e9 en relief.<\/p>\n<p>Choix de t\u00eates de pompe : Choisissez des atomiseurs en m\u00e9tal pour les eaux de Cologne haut de gamme, ou des t\u00eates de pompe en plastique pour les commandes en gros \u00e0 un prix abordable.<\/p>","protected":false},"excerpt":{"rendered":"<p>D\u00e9couvrez les flacons de parfum 100ml en verre de premi\u00e8re qualit\u00e9, con\u00e7us pour l'emballage de flacons de parfum de luxe. Des options de personnalisation, d'\u00e9tanch\u00e9it\u00e9 et de commande en gros sont disponibles.<\/p>","protected":false},"featured_media":3274,"comment_status":"open","ping_status":"closed","template":"","meta":{"_acf_changed":false,"site-sidebar-layout":"default","site-content-layout":"","ast-site-content-layout":"default","site-content-style":"default","site-sidebar-style":"default","ast-global-header-display":"","ast-banner-title-visibility":"","ast-main-header-display":"","ast-hfb-above-header-display":"","ast-hfb-below-header-display":"","ast-hfb-mobile-header-display":"","site-post-title":"","ast-breadcrumbs-content":"","ast-featured-img":"","footer-sml-layout":"","ast-disable-related-posts":"","theme-transparent-header-meta":"default","adv-header-id-meta":"","stick-header-meta":"","header-above-stick-meta":"","header-main-stick-meta":"","header-below-stick-meta":"","astra-migrate-meta-layouts":"set","ast-page-background-enabled":"default","ast-page-background-meta":{"desktop":{"background-color":"var(--ast-global-color-5)","background-image":"","background-repeat":"repeat","background-position":"center center","background-size":"auto","background-attachment":"scroll","background-type":"","background-media":"","overlay-type":"","overlay-color":"","overlay-opacity":"","overlay-gradient":""},"tablet":{"background-color":"","background-image":"","background-repeat":"repeat","background-position":"center center","background-size":"auto","background-attachment":"scroll","background-type":"","background-media":"","overlay-type":"","overlay-color":"","overlay-opacity":"","overlay-gradient":""},"mobile":{"background-color":"","background-image":"","background-repeat":"repeat","background-position":"center center","background-size":"auto","background-attachment":"scroll","background-type":"","background-media":"","overlay-type":"","overlay-color":"","overlay-opacity":"","overlay-gradient":""}},"ast-content-background-meta":{"desktop":{"background-color":"var(--ast-global-color-4)","background-image":"","background-repeat":"repeat","background-position":"center center","background-size":"auto","background-attachment":"scroll","background-type":"","background-media":"","overlay-type":"","overlay-color":"","overlay-opacity":"","overlay-gradient":""},"tablet":{"background-color":"var(--ast-global-color-4)","background-image":"","background-repeat":"repeat","background-position":"center center","background-size":"auto","background-attachment":"scroll","background-type":"","background-media":"","overlay-type":"","overlay-color":"","overlay-opacity":"","overlay-gradient":""},"mobile":{"background-color":"var(--ast-global-color-4)","background-image":"","background-repeat":"repeat","background-position":"center center","background-size":"auto","background-attachment":"scroll","background-type":"","background-media":"","overlay-type":"","overlay-color":"","overlay-opacity":"","overlay-gradient":""}}},"product_brand":[],"product_cat":[72,91,41],"product_tag":[],"class_list":{"0":"post-3272","1":"product","2":"type-product","3":"status-publish","4":"has-post-thumbnail","6":"product_cat-cosmetic-packaging","7":"product_cat-custom-perfume-bottles","8":"product_cat-perfume-bottles","9":"desktop-align-left","10":"tablet-align-left","11":"mobile-align-left","13":"first","14":"instock","15":"shipping-taxable","16":"product-type-simple"},"acf":[],"jetpack_sharing_enabled":true,"_links":{"self":[{"href":"https:\/\/theperfumebottles.com\/fr\/wp-json\/wp\/v2\/product\/3272","targetHints":{"allow":["GET"]}}],"collection":[{"href":"https:\/\/theperfumebottles.com\/fr\/wp-json\/wp\/v2\/product"}],"about":[{"href":"https:\/\/theperfumebottles.com\/fr\/wp-json\/wp\/v2\/types\/product"}],"replies":[{"embeddable":true,"href":"https:\/\/theperfumebottles.com\/fr\/wp-json\/wp\/v2\/comments?post=3272"}],"wp:featuredmedia":[{"embeddable":true,"href":"https:\/\/theperfumebottles.com\/fr\/wp-json\/wp\/v2\/media\/3274"}],"wp:attachment":[{"href":"https:\/\/theperfumebottles.com\/fr\/wp-json\/wp\/v2\/media?parent=3272"}],"wp:term":[{"taxonomy":"product_brand","embeddable":true,"href":"https:\/\/theperfumebottles.com\/fr\/wp-json\/wp\/v2\/product_brand?post=3272"},{"taxonomy":"product_cat","embeddable":true,"href":"https:\/\/theperfumebottles.com\/fr\/wp-json\/wp\/v2\/product_cat?post=3272"},{"taxonomy":"product_tag","embeddable":true,"href":"https:\/\/theperfumebottles.com\/fr\/wp-json\/wp\/v2\/product_tag?post=3272"}],"curies":[{"name":"wp","href":"https:\/\/api.w.org\/{rel}","templated":true}]}}