{"id":3300,"date":"2025-05-12T06:03:14","date_gmt":"2025-05-12T06:03:14","guid":{"rendered":"https:\/\/theperfumebottles.com\/?post_type=product&#038;p=3300"},"modified":"2025-05-23T11:48:09","modified_gmt":"2025-05-23T03:48:09","slug":"55ml-portable-perfume-bottles-with-diamond-cap","status":"publish","type":"product","link":"https:\/\/theperfumebottles.com\/fr\/produit\/55ml-portable-perfume-bottles-with-diamond-cap\/","title":{"rendered":"Flacon de parfum portable de 55 ml avec bouchon en forme de diamant"},"content":{"rendered":"<p>Flacons de parfum mobiles de 55 ml de qualit\u00e9 sup\u00e9rieure pour les parfums haut de gamme. Dispositions ajustables pour le verre, commandes en vrac et emballage rationalis\u00e9 - parfait pour les marques de parfums et les grossistes. Notre flacon de parfum portable PB-YZ05 est plus qu'un simple emballage de produit, c'est une source de conversation.<\/p>\n<p>Les femmes modernes ont de plus en plus tendance \u00e0 emporter leur parfum avec elles. Elles peuvent toujours porter leur fragrance pr\u00e9f\u00e9r\u00e9e. Qu'il s'agisse d'un parfum frais et \u00e9l\u00e9gant ou d'une eau de Cologne riche, nous pouvons personnaliser le flacon pour qu'il corresponde au style de votre marque. Les commandes en gros permettent de r\u00e9duire les co\u00fbts sans compromettre la qualit\u00e9.<\/p>\n<figure id=\"attachment_3296\" aria-describedby=\"caption-attachment-3296\" style=\"width: 500px\" class=\"wp-caption aligncenter\"><img fetchpriority=\"high\" decoding=\"async\" class=\"wp-image-3296\" src=\"https:\/\/theperfumebottles.com\/wp-content\/uploads\/2025\/05\/portable-perfume-bottle-yz05pb.webp\" alt=\"flacon de parfum portable\" width=\"500\" height=\"500\" srcset=\"https:\/\/theperfumebottles.com\/wp-content\/uploads\/2025\/05\/portable-perfume-bottle-yz05pb.webp 1000w, https:\/\/theperfumebottles.com\/wp-content\/uploads\/2025\/05\/portable-perfume-bottle-yz05pb-300x300.webp 300w, https:\/\/theperfumebottles.com\/wp-content\/uploads\/2025\/05\/portable-perfume-bottle-yz05pb-150x150.webp 150w, https:\/\/theperfumebottles.com\/wp-content\/uploads\/2025\/05\/portable-perfume-bottle-yz05pb-768x768.webp 768w, https:\/\/theperfumebottles.com\/wp-content\/uploads\/2025\/05\/portable-perfume-bottle-yz05pb-12x12.webp 12w, https:\/\/theperfumebottles.com\/wp-content\/uploads\/2025\/05\/portable-perfume-bottle-yz05pb-600x600.webp 600w, https:\/\/theperfumebottles.com\/wp-content\/uploads\/2025\/05\/portable-perfume-bottle-yz05pb-100x100.webp 100w\" sizes=\"(max-width: 500px) 100vw, 500px\" \/><figcaption id=\"caption-attachment-3296\" class=\"wp-caption-text\">Flacon de parfum portable 55ml<\/figcaption><\/figure>\n<h2>Sp\u00e9cifications cl\u00e9s<\/h2>\n<p>&nbsp;<\/p>\n<table style=\"border-collapse: collapse; margin-left: auto; margin-right: auto; width: 80%;\" border=\"0\" width=\"80%\" cellspacing=\"0\" cellpadding=\"0\">\n<tbody>\n<tr style=\"height: 13.50pt;\">\n<td style=\"height: 13.50pt; width: 102.00pt;\" width=\"136\" height=\"18\"><strong>Mod\u00e8le<\/strong><\/td>\n<td style=\"width: 219.00pt;\" width=\"292\">PB-YZ05<\/td>\n<\/tr>\n<tr style=\"height: 13.50pt;\">\n<td style=\"height: 13.50pt;\" height=\"18\"><strong>Capacit\u00e9<\/strong><\/td>\n<td>55ml<\/td>\n<\/tr>\n<tr style=\"height: 13.50pt;\">\n<td style=\"height: 13.50pt;\" height=\"18\"><strong>Dimensions<\/strong><\/td>\n<td>40 mm (diam\u00e8tre) x 102 mm (hauteur)<\/td>\n<\/tr>\n<tr style=\"height: 13.50pt;\">\n<td style=\"height: 13.50pt;\" height=\"18\"><strong>Calibre<\/strong><\/td>\n<td>15 mm<\/td>\n<\/tr>\n<tr style=\"height: 13.50pt;\">\n<td style=\"height: 13.50pt;\" height=\"18\"><strong>Mat\u00e9riel<\/strong><\/td>\n<td>Verre de cristal, capuchon en acrylique, accents m\u00e9talliques<\/td>\n<\/tr>\n<tr style=\"height: 13.50pt;\">\n<td style=\"height: 13.50pt;\" height=\"18\"><strong>Type de joint<\/strong><\/td>\n<td>Col serti + pulv\u00e9risateur<\/td>\n<\/tr>\n<tr style=\"height: 13.50pt;\">\n<td style=\"height: 13.50pt;\" height=\"18\"><strong>Couleur<\/strong><\/td>\n<td>personnalisable<\/td>\n<\/tr>\n<\/tbody>\n<\/table>\n<h2>Emballage du produit Bo\u00eetier :<\/h2>\n<p>Une marque de parfum haut de gamme de niche a personnalis\u00e9 notre vaporisateur de parfum portable de 55 ml avec des \u00e9tiquettes autocollantes, une pompe dor\u00e9e et des motifs sur les \u00e9paules, ce qui correspondait \u00e0 son style de \"sophistication \u00e9tincelante\" et a stimul\u00e9 le d\u00e9veloppement des ventes de 32% pendant les f\u00eates de fin d'ann\u00e9e.<\/p>\n<h3>Pointeurs de personnalisation :<\/h3>\n<ul>\n<li>Ajoutez le logo de votre marque sur le verre et le couvercle pour renforcer la reconnaissance de votre marque.<\/li>\n<li>La couleur du bouchon doit correspondre au parfum (par exemple, rose pour un parfum de rose).<\/li>\n<li>Lorsque vous commandez en gros, vous pouvez l'assortir d'une pochette en velours pour cr\u00e9er un emballage de produit esth\u00e9tique et de qualit\u00e9 sup\u00e9rieure.<\/li>\n<li>Associez-le \u00e0 un coffret d'essai d'huile de parfum pour cr\u00e9er un coffret cadeau. Ne vous contentez pas de vendre du parfum, offrez une exp\u00e9rience de poche !<\/li>\n<\/ul>","protected":false},"excerpt":{"rendered":"<p>Flacons de parfum portables de 55 ml de qualit\u00e9 sup\u00e9rieure pour les parfums de luxe. Designs de spay en verre personnalisables, commandes en gros et emballages \u00e9l\u00e9gants - id\u00e9al pour les marques de parfums et les grossistes.<\/p>","protected":false},"featured_media":3295,"comment_status":"open","ping_status":"closed","template":"","meta":{"_acf_changed":false,"site-sidebar-layout":"default","site-content-layout":"","ast-site-content-layout":"default","site-content-style":"default","site-sidebar-style":"default","ast-global-header-display":"","ast-banner-title-visibility":"","ast-main-header-display":"","ast-hfb-above-header-display":"","ast-hfb-below-header-display":"","ast-hfb-mobile-header-display":"","site-post-title":"","ast-breadcrumbs-content":"","ast-featured-img":"","footer-sml-layout":"","ast-disable-related-posts":"","theme-transparent-header-meta":"default","adv-header-id-meta":"","stick-header-meta":"","header-above-stick-meta":"","header-main-stick-meta":"","header-below-stick-meta":"","astra-migrate-meta-layouts":"set","ast-page-background-enabled":"default","ast-page-background-meta":{"desktop":{"background-color":"var(--ast-global-color-5)","background-image":"","background-repeat":"repeat","background-position":"center center","background-size":"auto","background-attachment":"scroll","background-type":"","background-media":"","overlay-type":"","overlay-color":"","overlay-opacity":"","overlay-gradient":""},"tablet":{"background-color":"","background-image":"","background-repeat":"repeat","background-position":"center center","background-size":"auto","background-attachment":"scroll","background-type":"","background-media":"","overlay-type":"","overlay-color":"","overlay-opacity":"","overlay-gradient":""},"mobile":{"background-color":"","background-image":"","background-repeat":"repeat","background-position":"center center","background-size":"auto","background-attachment":"scroll","background-type":"","background-media":"","overlay-type":"","overlay-color":"","overlay-opacity":"","overlay-gradient":""}},"ast-content-background-meta":{"desktop":{"background-color":"var(--ast-global-color-4)","background-image":"","background-repeat":"repeat","background-position":"center center","background-size":"auto","background-attachment":"scroll","background-type":"","background-media":"","overlay-type":"","overlay-color":"","overlay-opacity":"","overlay-gradient":""},"tablet":{"background-color":"var(--ast-global-color-4)","background-image":"","background-repeat":"repeat","background-position":"center center","background-size":"auto","background-attachment":"scroll","background-type":"","background-media":"","overlay-type":"","overlay-color":"","overlay-opacity":"","overlay-gradient":""},"mobile":{"background-color":"var(--ast-global-color-4)","background-image":"","background-repeat":"repeat","background-position":"center center","background-size":"auto","background-attachment":"scroll","background-type":"","background-media":"","overlay-type":"","overlay-color":"","overlay-opacity":"","overlay-gradient":""}}},"product_brand":[],"product_cat":[72,91,41],"product_tag":[],"class_list":{"0":"post-3300","1":"product","2":"type-product","3":"status-publish","4":"has-post-thumbnail","6":"product_cat-cosmetic-packaging","7":"product_cat-custom-perfume-bottles","8":"product_cat-perfume-bottles","9":"desktop-align-left","10":"tablet-align-left","11":"mobile-align-left","13":"first","14":"instock","15":"shipping-taxable","16":"product-type-simple"},"acf":[],"jetpack_sharing_enabled":true,"_links":{"self":[{"href":"https:\/\/theperfumebottles.com\/fr\/wp-json\/wp\/v2\/product\/3300","targetHints":{"allow":["GET"]}}],"collection":[{"href":"https:\/\/theperfumebottles.com\/fr\/wp-json\/wp\/v2\/product"}],"about":[{"href":"https:\/\/theperfumebottles.com\/fr\/wp-json\/wp\/v2\/types\/product"}],"replies":[{"embeddable":true,"href":"https:\/\/theperfumebottles.com\/fr\/wp-json\/wp\/v2\/comments?post=3300"}],"wp:featuredmedia":[{"embeddable":true,"href":"https:\/\/theperfumebottles.com\/fr\/wp-json\/wp\/v2\/media\/3295"}],"wp:attachment":[{"href":"https:\/\/theperfumebottles.com\/fr\/wp-json\/wp\/v2\/media?parent=3300"}],"wp:term":[{"taxonomy":"product_brand","embeddable":true,"href":"https:\/\/theperfumebottles.com\/fr\/wp-json\/wp\/v2\/product_brand?post=3300"},{"taxonomy":"product_cat","embeddable":true,"href":"https:\/\/theperfumebottles.com\/fr\/wp-json\/wp\/v2\/product_cat?post=3300"},{"taxonomy":"product_tag","embeddable":true,"href":"https:\/\/theperfumebottles.com\/fr\/wp-json\/wp\/v2\/product_tag?post=3300"}],"curies":[{"name":"wp","href":"https:\/\/api.w.org\/{rel}","templated":true}]}}