{"id":3325,"date":"2025-05-14T03:26:10","date_gmt":"2025-05-14T03:26:10","guid":{"rendered":"https:\/\/theperfumebottles.com\/?post_type=product&#038;p=3325"},"modified":"2025-05-23T10:54:00","modified_gmt":"2025-05-23T02:54:00","slug":"premium-perfume-bottles-recyclable-modern-fragrance-bottle-set","status":"publish","type":"product","link":"https:\/\/theperfumebottles.com\/fr\/produit\/premium-perfume-bottles-recyclable-modern-fragrance-bottle-set\/","title":{"rendered":"Ensemble de flacons de parfum recyclables de 50 ml et 100 ml pour les marques de parfums"},"content":{"rendered":"<p>Notre set de flacons de parfum PB-YZ06 est une combinaison parfaite de durabilit\u00e9, de style et de praticit\u00e9. Notre ensemble de flacons de parfum PB-YZ06 allie durabilit\u00e9, mode et praticit\u00e9. Il convient \u00e0 la mise en bouteille de parfum, d'eau de Cologne, d'eau florale ou de produits \u00e0 base d'huiles essentielles, etc. En outre, nos options de personnalisation compl\u00e8tes peuvent exprimer pleinement votre cr\u00e9ativit\u00e9.<\/p>\n<figure id=\"attachment_3330\" aria-describedby=\"caption-attachment-3330\" style=\"width: 500px\" class=\"wp-caption aligncenter\"><img fetchpriority=\"high\" decoding=\"async\" class=\"wp-image-3330\" src=\"https:\/\/theperfumebottles.com\/wp-content\/uploads\/2025\/05\/perfume-bottles-recyclable-pbyz06.webp\" alt=\"Flacons de Parfum Premium Recyclable | Set de Flacons de Parfum Modernes\" width=\"500\" height=\"500\" srcset=\"https:\/\/theperfumebottles.com\/wp-content\/uploads\/2025\/05\/perfume-bottles-recyclable-pbyz06.webp 1000w, https:\/\/theperfumebottles.com\/wp-content\/uploads\/2025\/05\/perfume-bottles-recyclable-pbyz06-300x300.webp 300w, https:\/\/theperfumebottles.com\/wp-content\/uploads\/2025\/05\/perfume-bottles-recyclable-pbyz06-150x150.webp 150w, https:\/\/theperfumebottles.com\/wp-content\/uploads\/2025\/05\/perfume-bottles-recyclable-pbyz06-768x768.webp 768w, https:\/\/theperfumebottles.com\/wp-content\/uploads\/2025\/05\/perfume-bottles-recyclable-pbyz06-12x12.webp 12w, https:\/\/theperfumebottles.com\/wp-content\/uploads\/2025\/05\/perfume-bottles-recyclable-pbyz06-600x600.webp 600w, https:\/\/theperfumebottles.com\/wp-content\/uploads\/2025\/05\/perfume-bottles-recyclable-pbyz06-100x100.webp 100w\" sizes=\"(max-width: 500px) 100vw, 500px\" \/><figcaption id=\"caption-attachment-3330\" class=\"wp-caption-text\">Set de flacons de parfum Premium<\/figcaption><\/figure>\n<h2>Sp\u00e9cifications cl\u00e9s<\/h2>\n<table border=\"0\" width=\"80%\" cellspacing=\"0\" cellpadding=\"0\">\n<tbody>\n<tr>\n<td width=\"96\" height=\"18\">Mod\u00e8le<\/td>\n<td width=\"93\">Capacit\u00e9<\/td>\n<td width=\"104\">Taille du verre<\/td>\n<td width=\"128\">Mat\u00e9riel<\/td>\n<td width=\"211\">Type de joint<\/td>\n<td width=\"225\">Options de couleur<\/td>\n<\/tr>\n<tr>\n<td height=\"18\">PB-YZ0601<\/td>\n<td>50 ml<\/td>\n<td>47 * 81mm<\/td>\n<td>Verre cristallin<\/td>\n<td>Collet \u00e0 sertir de 15 mm + pulv\u00e9risateur<\/td>\n<td>Transparent + Argent\/Rose<\/td>\n<\/tr>\n<tr>\n<td height=\"18\">PB-YZ0602<\/td>\n<td>100 ml<\/td>\n<td>59 * 103mm<\/td>\n<td>Verre cristallin<\/td>\n<td>Collet \u00e0 sertir de 15 mm + pulv\u00e9risateur<\/td>\n<td>Transparent + Argent\/Noir<\/td>\n<\/tr>\n<\/tbody>\n<\/table>\n<h2>Suggestions d&#039;emballage<\/h2>\n<p>La marque ind\u00e9pendante Bloom &amp; Mist a lanc\u00e9 sa collection de parfums unisexes avec notre flacon de parfum PB-YZ0601 (50 ml). Les bouchons ont \u00e9t\u00e9 personnalis\u00e9s avec une finition en or rose et une \u00e9tiquette minimaliste, ce qui a permis d'augmenter les ventes de 27% au cours du premier trimestre.<\/p>\n<h2>Conseils de personnalisation\u00a0:<\/h2>\n<p>Assortissez les couleurs de votre marque : Lorsque vous commandez en gros, les couleurs des casquettes doivent correspondre \u00e0 l'identit\u00e9 de votre marque.<\/p>\n<p>Bouchons : Ces flacons de parfum peuvent \u00eatre associ\u00e9s \u00e0 des capuchons m\u00e9talliques pour un look luxueux.<\/p>\n<p>Finitions : Choisissez une finition mate pour un look minimaliste.<\/p>\n<h2>Pourquoi choisir nos flacons de parfum ?<\/h2>\n<p>Que vous ayez besoin de flacons de parfum vierges pour une petite s\u00e9rie ou d'un emballage cosm\u00e9tique personnalis\u00e9 en vrac, nos ensembles de flacons de parfum polyvalents vous couvrent gr\u00e2ce \u00e0 leur rapidit\u00e9 d'ex\u00e9cution, leur durabilit\u00e9 et bien plus encore.<\/p>\n<p>Besoin d'aide ? Nous vous guiderons de la conception \u00e0 la livraison ! Commandez votre ensemble de flacons de parfum consign\u00e9s d\u00e8s aujourd'hui - b\u00e9n\u00e9ficiez de remises sur les commandes commerciales en gros !<\/p>","protected":false},"excerpt":{"rendered":"<p>Rehaussez votre marque de parfum avec notre set de flacons de parfum. Flacons de parfum \u00e9l\u00e9gants, personnalisables et recyclables pour les parfums f\u00e9minins, les eaux de Cologne masculines et les huiles aromatiques.<\/p>","protected":false},"featured_media":3333,"comment_status":"open","ping_status":"closed","template":"","meta":{"_acf_changed":false,"site-sidebar-layout":"default","site-content-layout":"","ast-site-content-layout":"default","site-content-style":"default","site-sidebar-style":"default","ast-global-header-display":"","ast-banner-title-visibility":"","ast-main-header-display":"","ast-hfb-above-header-display":"","ast-hfb-below-header-display":"","ast-hfb-mobile-header-display":"","site-post-title":"","ast-breadcrumbs-content":"","ast-featured-img":"","footer-sml-layout":"","ast-disable-related-posts":"","theme-transparent-header-meta":"default","adv-header-id-meta":"","stick-header-meta":"","header-above-stick-meta":"","header-main-stick-meta":"","header-below-stick-meta":"","astra-migrate-meta-layouts":"set","ast-page-background-enabled":"default","ast-page-background-meta":{"desktop":{"background-color":"var(--ast-global-color-5)","background-image":"","background-repeat":"repeat","background-position":"center center","background-size":"auto","background-attachment":"scroll","background-type":"","background-media":"","overlay-type":"","overlay-color":"","overlay-opacity":"","overlay-gradient":""},"tablet":{"background-color":"","background-image":"","background-repeat":"repeat","background-position":"center center","background-size":"auto","background-attachment":"scroll","background-type":"","background-media":"","overlay-type":"","overlay-color":"","overlay-opacity":"","overlay-gradient":""},"mobile":{"background-color":"","background-image":"","background-repeat":"repeat","background-position":"center center","background-size":"auto","background-attachment":"scroll","background-type":"","background-media":"","overlay-type":"","overlay-color":"","overlay-opacity":"","overlay-gradient":""}},"ast-content-background-meta":{"desktop":{"background-color":"var(--ast-global-color-4)","background-image":"","background-repeat":"repeat","background-position":"center center","background-size":"auto","background-attachment":"scroll","background-type":"","background-media":"","overlay-type":"","overlay-color":"","overlay-opacity":"","overlay-gradient":""},"tablet":{"background-color":"var(--ast-global-color-4)","background-image":"","background-repeat":"repeat","background-position":"center center","background-size":"auto","background-attachment":"scroll","background-type":"","background-media":"","overlay-type":"","overlay-color":"","overlay-opacity":"","overlay-gradient":""},"mobile":{"background-color":"var(--ast-global-color-4)","background-image":"","background-repeat":"repeat","background-position":"center center","background-size":"auto","background-attachment":"scroll","background-type":"","background-media":"","overlay-type":"","overlay-color":"","overlay-opacity":"","overlay-gradient":""}}},"product_brand":[],"product_cat":[72,91,37,41],"product_tag":[],"class_list":{"0":"post-3325","1":"product","2":"type-product","3":"status-publish","4":"has-post-thumbnail","6":"product_cat-cosmetic-packaging","7":"product_cat-custom-perfume-bottles","8":"product_cat-uncategorized","9":"product_cat-perfume-bottles","10":"desktop-align-left","11":"tablet-align-left","12":"mobile-align-left","14":"first","15":"instock","16":"shipping-taxable","17":"product-type-simple"},"acf":[],"jetpack_sharing_enabled":true,"_links":{"self":[{"href":"https:\/\/theperfumebottles.com\/fr\/wp-json\/wp\/v2\/product\/3325","targetHints":{"allow":["GET"]}}],"collection":[{"href":"https:\/\/theperfumebottles.com\/fr\/wp-json\/wp\/v2\/product"}],"about":[{"href":"https:\/\/theperfumebottles.com\/fr\/wp-json\/wp\/v2\/types\/product"}],"replies":[{"embeddable":true,"href":"https:\/\/theperfumebottles.com\/fr\/wp-json\/wp\/v2\/comments?post=3325"}],"wp:featuredmedia":[{"embeddable":true,"href":"https:\/\/theperfumebottles.com\/fr\/wp-json\/wp\/v2\/media\/3333"}],"wp:attachment":[{"href":"https:\/\/theperfumebottles.com\/fr\/wp-json\/wp\/v2\/media?parent=3325"}],"wp:term":[{"taxonomy":"product_brand","embeddable":true,"href":"https:\/\/theperfumebottles.com\/fr\/wp-json\/wp\/v2\/product_brand?post=3325"},{"taxonomy":"product_cat","embeddable":true,"href":"https:\/\/theperfumebottles.com\/fr\/wp-json\/wp\/v2\/product_cat?post=3325"},{"taxonomy":"product_tag","embeddable":true,"href":"https:\/\/theperfumebottles.com\/fr\/wp-json\/wp\/v2\/product_tag?post=3325"}],"curies":[{"name":"wp","href":"https:\/\/api.w.org\/{rel}","templated":true}]}}