{"id":3409,"date":"2025-05-23T18:00:18","date_gmt":"2025-05-23T10:00:18","guid":{"rendered":"https:\/\/theperfumebottles.com\/?post_type=product&#038;p=3409"},"modified":"2025-05-26T13:33:07","modified_gmt":"2025-05-26T05:33:07","slug":"10ml-20ml-30ml-refillable-fragrance-bottle-travel-cologne-bottle","status":"publish","type":"product","link":"https:\/\/theperfumebottles.com\/fr\/produit\/10ml-20ml-30ml-refillable-fragrance-bottle-travel-cologne-bottle\/","title":{"rendered":"Flacon de parfum rechargeable de 10 ml, 20 ml et 30 ml, et flacon de voyage pour eau de Cologne"},"content":{"rendered":"<p>Cherchez-vous \u00e9galement un contenant capable de transporter le parfum et de transmettre l'\u00e2me de la marque ? Imaginez : lorsque le client ouvre d\u00e9licatement votre flacon de parfum rechargeable, la texture d\u00e9licate du verre coule entre les doigts, le liquide ambr\u00e9 se r\u00e9pand comme de la soie et chaque goutte raconte l'histoire de votre marque.<\/p>\n<h2>\nSp\u00e9cifications cl\u00e9s<\/h2>\n<table style=\"border-collapse: collapse;margin-left: auto;margin-right: auto;width: 80%\" border=\"0\" width=\"80%\" cellspacing=\"0\" cellpadding=\"0\">\n<tbody>\n<tr style=\"height: 13.50pt\">\n<td style=\"height: 13.50pt;width: 109.50pt\" width=\"146\" height=\"18\"><strong>Capacit\u00e9<\/strong><\/td>\n<td style=\"width: 194.25pt\" width=\"259\">10ml, 20ml, 30ml<\/td>\n<\/tr>\n<tr style=\"height: 13.50pt\">\n<td style=\"height: 13.50pt\" height=\"18\"><strong>Mat\u00e9riel<\/strong><\/td>\n<td>Verre en cristal, bouchon en m\u00e9tal<\/td>\n<\/tr>\n<tr style=\"height: 13.50pt\">\n<td style=\"height: 13.50pt\" height=\"18\"><strong>Scellage<\/strong><\/td>\n<td>col de vis + buse de pulv\u00e9risation<\/td>\n<\/tr>\n<tr style=\"height: 13.50pt\">\n<td style=\"height: 13.50pt\" height=\"18\"><strong>Couleur<\/strong><\/td>\n<td>Enti\u00e8rement personnalisable<\/td>\n<\/tr>\n<tr style=\"height: 13.50pt\">\n<td style=\"height: 13.50pt\" height=\"18\"><strong>Forme<\/strong><\/td>\n<td>Cylindrique<\/td>\n<\/tr>\n<tr style=\"height: 13.50pt\">\n<td style=\"height: 13.50pt\" height=\"18\"><strong>Type d&#039;emballage<\/strong><\/td>\n<td>Emballages cosm\u00e9tiques recyclables<\/td>\n<\/tr>\n<\/tbody>\n<\/table>\n<p><img fetchpriority=\"high\" decoding=\"async\" class=\"wp-image-3402\" src=\"https:\/\/theperfumebottles.com\/wp-content\/uploads\/2025\/05\/travel-cologne-bottle-rb3020.webp\" alt=\"flacon de voyage\" width=\"451\" height=\"451\" srcset=\"https:\/\/theperfumebottles.com\/wp-content\/uploads\/2025\/05\/travel-cologne-bottle-rb3020.webp 1000w, https:\/\/theperfumebottles.com\/wp-content\/uploads\/2025\/05\/travel-cologne-bottle-rb3020-300x300.webp 300w, https:\/\/theperfumebottles.com\/wp-content\/uploads\/2025\/05\/travel-cologne-bottle-rb3020-150x150.webp 150w, https:\/\/theperfumebottles.com\/wp-content\/uploads\/2025\/05\/travel-cologne-bottle-rb3020-768x768.webp 768w, https:\/\/theperfumebottles.com\/wp-content\/uploads\/2025\/05\/travel-cologne-bottle-rb3020-12x12.webp 12w, https:\/\/theperfumebottles.com\/wp-content\/uploads\/2025\/05\/travel-cologne-bottle-rb3020-600x600.webp 600w, https:\/\/theperfumebottles.com\/wp-content\/uploads\/2025\/05\/travel-cologne-bottle-rb3020-100x100.webp 100w\" sizes=\"(max-width: 451px) 100vw, 451px\" \/><\/p>\n<p>&nbsp;<\/p>\n<h2>Histoire d'une r\u00e9ussite et conseils de personnalisation<\/h2>\n<p>Une marque de soins de la peau avec laquelle nous avons travaill\u00e9 a augment\u00e9 la fid\u00e9lisation de sa client\u00e8le de 40% en utilisant ces flacons de parfum en verre comme \u00e9chantillons de voyage. En proposant des flacons de parfum rechargeables, elle a r\u00e9duit les d\u00e9chets et encourag\u00e9 les achats r\u00e9p\u00e9t\u00e9s.<\/p>\n<h2>Conseils de personnalisation<\/h2>\n<ul>\n<li><strong>Flexibilit\u00e9 de la conception<\/strong>: Ajoutez votre logo par gravure ou color blocking pour cr\u00e9er un look sp\u00e9cifique \u00e0 votre marque.<\/li>\n<li><strong>Commandes en gros<\/strong>: Commandez en gros pour stocker des \u00e9chantillons de bouteilles pour des \u00e9v\u00e9nements ou pour la vente au d\u00e9tail.<\/li>\n<li><strong>Bordure \u00e9cologique<\/strong>: Mettez en avant le verre recyclable et le design portable dans votre marketing pour attirer les consommateurs conscients.<\/li>\n<\/ul>\n<h2>Laissez-vous s\u00e9duire par la beaut\u00e9 des parfums<\/h2>\n<p>Cherchez-vous \u00e9galement un contenant capable de transporter le parfum et de transmettre l'\u00e2me de la marque ? Imaginez : lorsque le client ouvre d\u00e9licatement votre flacon de parfum, la texture d\u00e9licate du verre coule entre les doigts, le liquide ambr\u00e9 coule comme de la soie et chaque goutte raconte l'histoire de votre marque.<\/p>\n<p>Nous sommes bien conscients que les consommateurs modernes n'ach\u00e8tent pas seulement des parfums, mais aussi une exp\u00e9rience immersive. Regarder<\/p>\n<blockquote><p>Le design \u00e9tanche rend les voyages d'affaires \u00e9l\u00e9gants et calmes.<\/p>\n<p>Le bouchon de bouteille magn\u00e9tique interpr\u00e8te l'exquisit\u00e9 de l'esth\u00e9tique orientale<\/p>\n<p>La texture mate met en valeur l'aspect discret et haut de gamme<\/p><\/blockquote>\n<p>Ces d\u00e9tails sont silencieusement r\u00e9v\u00e9lateurs : Il ne s'agit pas d'un r\u00e9cipient m\u00e9diocre, mais d'une \u0153uvre d'art ambulante.<\/p>\n<h2>Commencez par votre id\u00e9e<\/h2>\n<p>Vous avez besoin d'un designer sp\u00e9cialis\u00e9 pour vous aider \u00e0 cr\u00e9er un point m\u00e9morable ? De la courbure de la bouteille aux effets d'ombre et de lumi\u00e8re, notre \u00e9quipe sculptera chaque d\u00e9tail comme une \u0153uvre d'art. Vous vous souvenez de ce client qui voulait cr\u00e9er le concept de \"for\u00eat au clair de lune\" ? Nous avons utilis\u00e9 un verre d\u00e9grad\u00e9 et un logo lumineux pour faire ressortir sa marque lors de l'exposition.<\/p>\n<h3>Pour l'instant, il suffit de me le dire :<\/h3>\n<p>Quel est le temp\u00e9rament de la marque que vous souhaitez v\u00e9hiculer ?<\/p>\n<p>Quel type d'exp\u00e9rience tactile le groupe de clients cible pr\u00e9f\u00e8re-t-il ?<\/p>\n<p>P.S. Ne nous croyez pas sur parole. Essayez d'abord un lot d'\u00e9chantillons, car un bon design commence par une bonne premi\u00e8re impression.<\/p>","protected":false},"excerpt":{"rendered":"<p>Am\u00e9liorez votre marque avec nos flacons de parfum rechargeables et nos flacons d'eau de Cologne de voyage. Des flacons de parfum en verre personnalis\u00e9s, de petite taille et portables, pour des commandes en gros ou en masse.<\/p>","protected":false},"featured_media":3399,"comment_status":"open","ping_status":"closed","template":"","meta":{"_acf_changed":false,"site-sidebar-layout":"default","site-content-layout":"","ast-site-content-layout":"default","site-content-style":"default","site-sidebar-style":"default","ast-global-header-display":"","ast-banner-title-visibility":"","ast-main-header-display":"","ast-hfb-above-header-display":"","ast-hfb-below-header-display":"","ast-hfb-mobile-header-display":"","site-post-title":"","ast-breadcrumbs-content":"","ast-featured-img":"","footer-sml-layout":"","ast-disable-related-posts":"","theme-transparent-header-meta":"default","adv-header-id-meta":"","stick-header-meta":"","header-above-stick-meta":"","header-main-stick-meta":"","header-below-stick-meta":"","astra-migrate-meta-layouts":"set","ast-page-background-enabled":"default","ast-page-background-meta":{"desktop":{"background-color":"var(--ast-global-color-5)","background-image":"","background-repeat":"repeat","background-position":"center center","background-size":"auto","background-attachment":"scroll","background-type":"","background-media":"","overlay-type":"","overlay-color":"","overlay-opacity":"","overlay-gradient":""},"tablet":{"background-color":"","background-image":"","background-repeat":"repeat","background-position":"center center","background-size":"auto","background-attachment":"scroll","background-type":"","background-media":"","overlay-type":"","overlay-color":"","overlay-opacity":"","overlay-gradient":""},"mobile":{"background-color":"","background-image":"","background-repeat":"repeat","background-position":"center center","background-size":"auto","background-attachment":"scroll","background-type":"","background-media":"","overlay-type":"","overlay-color":"","overlay-opacity":"","overlay-gradient":""}},"ast-content-background-meta":{"desktop":{"background-color":"var(--ast-global-color-4)","background-image":"","background-repeat":"repeat","background-position":"center center","background-size":"auto","background-attachment":"scroll","background-type":"","background-media":"","overlay-type":"","overlay-color":"","overlay-opacity":"","overlay-gradient":""},"tablet":{"background-color":"var(--ast-global-color-4)","background-image":"","background-repeat":"repeat","background-position":"center center","background-size":"auto","background-attachment":"scroll","background-type":"","background-media":"","overlay-type":"","overlay-color":"","overlay-opacity":"","overlay-gradient":""},"mobile":{"background-color":"var(--ast-global-color-4)","background-image":"","background-repeat":"repeat","background-position":"center center","background-size":"auto","background-attachment":"scroll","background-type":"","background-media":"","overlay-type":"","overlay-color":"","overlay-opacity":"","overlay-gradient":""}}},"product_brand":[],"product_cat":[72,74,90,41],"product_tag":[],"class_list":{"0":"post-3409","1":"product","2":"type-product","3":"status-publish","4":"has-post-thumbnail","6":"product_cat-cosmetic-packaging","7":"product_cat-mini-perfume-bottles","8":"product_cat-refillable-perfume-bottles","9":"product_cat-perfume-bottles","10":"desktop-align-left","11":"tablet-align-left","12":"mobile-align-left","14":"first","15":"instock","16":"shipping-taxable","17":"product-type-simple"},"acf":[],"jetpack_sharing_enabled":true,"_links":{"self":[{"href":"https:\/\/theperfumebottles.com\/fr\/wp-json\/wp\/v2\/product\/3409","targetHints":{"allow":["GET"]}}],"collection":[{"href":"https:\/\/theperfumebottles.com\/fr\/wp-json\/wp\/v2\/product"}],"about":[{"href":"https:\/\/theperfumebottles.com\/fr\/wp-json\/wp\/v2\/types\/product"}],"replies":[{"embeddable":true,"href":"https:\/\/theperfumebottles.com\/fr\/wp-json\/wp\/v2\/comments?post=3409"}],"wp:featuredmedia":[{"embeddable":true,"href":"https:\/\/theperfumebottles.com\/fr\/wp-json\/wp\/v2\/media\/3399"}],"wp:attachment":[{"href":"https:\/\/theperfumebottles.com\/fr\/wp-json\/wp\/v2\/media?parent=3409"}],"wp:term":[{"taxonomy":"product_brand","embeddable":true,"href":"https:\/\/theperfumebottles.com\/fr\/wp-json\/wp\/v2\/product_brand?post=3409"},{"taxonomy":"product_cat","embeddable":true,"href":"https:\/\/theperfumebottles.com\/fr\/wp-json\/wp\/v2\/product_cat?post=3409"},{"taxonomy":"product_tag","embeddable":true,"href":"https:\/\/theperfumebottles.com\/fr\/wp-json\/wp\/v2\/product_tag?post=3409"}],"curies":[{"name":"wp","href":"https:\/\/api.w.org\/{rel}","templated":true}]}}