{"id":3897,"date":"2025-06-13T17:04:32","date_gmt":"2025-06-13T09:04:32","guid":{"rendered":"https:\/\/theperfumebottles.com\/?post_type=product&#038;p=3897"},"modified":"2025-06-17T09:38:58","modified_gmt":"2025-06-17T01:38:58","slug":"elegant-perfume-beautiful-bottle-with-glass-design","status":"publish","type":"product","link":"https:\/\/theperfumebottles.com\/fr\/produit\/elegant-perfume-beautiful-bottle-with-glass-design\/","title":{"rendered":"Flacon \u00e9l\u00e9gant de parfum de 50 ml ou 100 ml au design raffin\u00e9 en verre"},"content":{"rendered":"<p>Si vous recherchez un flacon de parfum \u00e9l\u00e9gant et intemporel, alliant style et praticit\u00e9, ces flacons en verre sont faits pour vous. Que vous lanciez une nouvelle gamme de parfums ou modernisiez vos emballages actuels, ces flacons valoriseront votre image de marque.<\/p>\n<h2>Sp\u00e9cifications cl\u00e9s<\/h2>\n<table style=\"border-collapse: collapse;margin-left: auto;margin-right: auto;width: 80%\" border=\"0\" width=\"80%\" cellspacing=\"0\" cellpadding=\"0\">\n<tbody>\n<tr style=\"height: 13.50pt\">\n<td style=\"height: 13.50pt;width: 81.00pt\" width=\"108\" height=\"18\">Mod\u00e8le<\/td>\n<td style=\"width: 70.50pt\" width=\"94\">Capacit\u00e9<\/td>\n<td style=\"width: 93.00pt\" width=\"124\">Forme<\/td>\n<td style=\"width: 102.00pt\" width=\"136\">Dimensions (mm)<\/td>\n<td style=\"width: 102.75pt\" width=\"137\">Diam\u00e8tre du col<\/td>\n<td style=\"width: 193.50pt\" width=\"258\">M\u00e9thode de scellement<\/td>\n<td style=\"width: 105.75pt\" width=\"141\">Mat\u00e9riel<\/td>\n<td style=\"width: 104.25pt\" width=\"139\">Couleur<\/td>\n<\/tr>\n<tr style=\"height: 13.50pt\">\n<td style=\"height: 13.50pt\" height=\"18\">PB-YZ1604<\/td>\n<td>50 ml<\/td>\n<td>Cylindrique<\/td>\n<td>37 \u00d7 98<\/td>\n<td>15 mm<\/td>\n<td>Sertissage du col + pulv\u00e9risateur<\/td>\n<td>Verre cristallin<\/td>\n<td>Personnalisable<\/td>\n<\/tr>\n<tr style=\"height: 13.50pt\">\n<td style=\"height: 13.50pt\" height=\"18\">PB-YZ1605<\/td>\n<td>50 ml<\/td>\n<td>Cylindrique<\/td>\n<td>32 \u00d7 137<\/td>\n<td>15 mm<\/td>\n<td>Sertissage du col + pulv\u00e9risateur<\/td>\n<td>Verre cristallin<\/td>\n<td>Personnalisable<\/td>\n<\/tr>\n<tr style=\"height: 13.50pt\">\n<td style=\"height: 13.50pt\" height=\"18\">PB-YZ1606<\/td>\n<td>100 ml<\/td>\n<td>Cylindrique<\/td>\n<td>39 \u00d7 159<\/td>\n<td>15 mm<\/td>\n<td>Sertissage du col + pulv\u00e9risateur<\/td>\n<td>Verre cristallin<\/td>\n<td>Personnalisable<\/td>\n<\/tr>\n<\/tbody>\n<\/table>\n<h2>\u00c9tude de cas r\u00e9elle<\/h2>\n<p>Une marque de parfums parisienne a lanc\u00e9 sa fragrance unisexe embl\u00e9matique dans un flacon \u00e9l\u00e9gant. Elle a opt\u00e9 pour une douce teinte lavande, associ\u00e9e \u00e0 un bouchon vaporisateur en argent bross\u00e9 et \u00e0 un logo minimaliste. R\u00e9sultat\u00a0? Le produit s\u2019est d\u00e9marqu\u00e9 en rayon, a suscit\u00e9 un vif int\u00e9r\u00eat en ligne et a enregistr\u00e9 une hausse de 40\u00a0% des commandes en gros en quelques mois seulement.<\/p>\n<h2>Conseils pour cr\u00e9er votre propre flacon de parfum<\/h2>\n<ul>\n<li><strong>Personnalisation des couleurs\u00a0:<\/strong> Choisissez la couleur du flacon en fonction du parfum (par exemple, rose p\u00e2le pour un parfum floral et brun fonc\u00e9 pour un parfum bois\u00e9) afin d&#039;harmoniser au mieux l&#039;apparence et le parfum.<\/li>\n<li><strong>Logo de la marque\u00a0:<\/strong> Vous pouvez s\u00e9rigraphier le LOGO ou le graver au laser sur la bouteille pour am\u00e9liorer la notori\u00e9t\u00e9 de la marque.<\/li>\n<li><strong>D\u00e9tails du mat\u00e9riau\u00a0:<\/strong> Choisissez des bouchons mats\/\u00e9lectroplaqu\u00e9s et des \u00e9tiquettes \u00e0 texture m\u00e9tallique pour renforcer l&#039;impression de luxe.<\/li>\n<li><strong>Emballage \u00e9cologique :<\/strong> Associez des bo\u00eetes en papier recyclable \u00e0 une doublure personnalis\u00e9e pour cr\u00e9er une image de marque \u00e9coresponsable.<\/li>\n<li><strong>Prise en charge de la personnalisation en masse\u00a0:<\/strong> Nous prenons en charge les commandes importantes et les services OEM, vous garantissant des prix plus avantageux et un approvisionnement stable.<\/li>\n<\/ul>\n<h2>Pourquoi choisir Minghang comme fabricant de parfums ?<\/h2>\n<p>Choisir Minghang, c&#039;est choisir un fabricant de parfums offrant une solution compl\u00e8te alliant expertise, garantie de qualit\u00e9 et personnalisation flexible. Nous comprenons les besoins des marques et les fluctuations du march\u00e9. Nous proposons des services int\u00e9gr\u00e9s, de la conception \u00e0 la production, et utilisons des mat\u00e9riaux \u00e9cologiques, un contr\u00f4le qualit\u00e9 rigoureux et des prix de gros comp\u00e9titifs pour vous aider \u00e0 cr\u00e9er efficacement des parfums uniques et \u00e0 faire rayonner votre marque.<\/p>","protected":false},"excerpt":{"rendered":"<p>Flacon de parfum \u00e9l\u00e9gant en verre de qualit\u00e9 sup\u00e9rieure. Format 100 ml, id\u00e9al pour offrir ou pour la vente en gros.<\/p>","protected":false},"featured_media":3903,"comment_status":"open","ping_status":"closed","template":"","meta":{"_acf_changed":false,"site-sidebar-layout":"default","site-content-layout":"","ast-site-content-layout":"default","site-content-style":"default","site-sidebar-style":"default","ast-global-header-display":"","ast-banner-title-visibility":"","ast-main-header-display":"","ast-hfb-above-header-display":"","ast-hfb-below-header-display":"","ast-hfb-mobile-header-display":"","site-post-title":"","ast-breadcrumbs-content":"","ast-featured-img":"","footer-sml-layout":"","ast-disable-related-posts":"","theme-transparent-header-meta":"default","adv-header-id-meta":"","stick-header-meta":"","header-above-stick-meta":"","header-main-stick-meta":"","header-below-stick-meta":"","astra-migrate-meta-layouts":"set","ast-page-background-enabled":"default","ast-page-background-meta":{"desktop":{"background-color":"var(--ast-global-color-5)","background-image":"","background-repeat":"repeat","background-position":"center center","background-size":"auto","background-attachment":"scroll","background-type":"","background-media":"","overlay-type":"","overlay-color":"","overlay-opacity":"","overlay-gradient":""},"tablet":{"background-color":"","background-image":"","background-repeat":"repeat","background-position":"center center","background-size":"auto","background-attachment":"scroll","background-type":"","background-media":"","overlay-type":"","overlay-color":"","overlay-opacity":"","overlay-gradient":""},"mobile":{"background-color":"","background-image":"","background-repeat":"repeat","background-position":"center center","background-size":"auto","background-attachment":"scroll","background-type":"","background-media":"","overlay-type":"","overlay-color":"","overlay-opacity":"","overlay-gradient":""}},"ast-content-background-meta":{"desktop":{"background-color":"var(--ast-global-color-4)","background-image":"","background-repeat":"repeat","background-position":"center center","background-size":"auto","background-attachment":"scroll","background-type":"","background-media":"","overlay-type":"","overlay-color":"","overlay-opacity":"","overlay-gradient":""},"tablet":{"background-color":"var(--ast-global-color-4)","background-image":"","background-repeat":"repeat","background-position":"center center","background-size":"auto","background-attachment":"scroll","background-type":"","background-media":"","overlay-type":"","overlay-color":"","overlay-opacity":"","overlay-gradient":""},"mobile":{"background-color":"var(--ast-global-color-4)","background-image":"","background-repeat":"repeat","background-position":"center center","background-size":"auto","background-attachment":"scroll","background-type":"","background-media":"","overlay-type":"","overlay-color":"","overlay-opacity":"","overlay-gradient":""}}},"product_brand":[],"product_cat":[72,91,41],"product_tag":[49],"class_list":{"0":"post-3897","1":"product","2":"type-product","3":"status-publish","4":"has-post-thumbnail","6":"product_cat-cosmetic-packaging","7":"product_cat-custom-perfume-bottles","8":"product_cat-perfume-bottles","9":"product_tag-perfume-bottles","10":"desktop-align-left","11":"tablet-align-left","12":"mobile-align-left","14":"first","15":"instock","16":"shipping-taxable","17":"product-type-simple"},"acf":[],"jetpack_sharing_enabled":true,"_links":{"self":[{"href":"https:\/\/theperfumebottles.com\/fr\/wp-json\/wp\/v2\/product\/3897","targetHints":{"allow":["GET"]}}],"collection":[{"href":"https:\/\/theperfumebottles.com\/fr\/wp-json\/wp\/v2\/product"}],"about":[{"href":"https:\/\/theperfumebottles.com\/fr\/wp-json\/wp\/v2\/types\/product"}],"replies":[{"embeddable":true,"href":"https:\/\/theperfumebottles.com\/fr\/wp-json\/wp\/v2\/comments?post=3897"}],"wp:featuredmedia":[{"embeddable":true,"href":"https:\/\/theperfumebottles.com\/fr\/wp-json\/wp\/v2\/media\/3903"}],"wp:attachment":[{"href":"https:\/\/theperfumebottles.com\/fr\/wp-json\/wp\/v2\/media?parent=3897"}],"wp:term":[{"taxonomy":"product_brand","embeddable":true,"href":"https:\/\/theperfumebottles.com\/fr\/wp-json\/wp\/v2\/product_brand?post=3897"},{"taxonomy":"product_cat","embeddable":true,"href":"https:\/\/theperfumebottles.com\/fr\/wp-json\/wp\/v2\/product_cat?post=3897"},{"taxonomy":"product_tag","embeddable":true,"href":"https:\/\/theperfumebottles.com\/fr\/wp-json\/wp\/v2\/product_tag?post=3897"}],"curies":[{"name":"wp","href":"https:\/\/api.w.org\/{rel}","templated":true}]}}