{"id":4002,"date":"2025-06-17T18:06:19","date_gmt":"2025-06-17T10:06:19","guid":{"rendered":"https:\/\/theperfumebottles.com\/?post_type=product&#038;p=4002"},"modified":"2025-06-17T18:06:21","modified_gmt":"2025-06-17T10:06:21","slug":"wholesale-perfume-bottles-bulk-perfume-bottles-supplier","status":"publish","type":"product","link":"https:\/\/theperfumebottles.com\/fr\/produit\/wholesale-perfume-bottles-bulk-perfume-bottles-supplier\/","title":{"rendered":"Flacons de parfum de 100 ml en gros | Flacons de parfum grav\u00e9s en vrac"},"content":{"rendered":"<p>Vous recherchez r\u00e9cemment de superbes flacons de parfum en gros\u00a0? Le verre cristal est si transparent que vous pouvez voir votre reflet, et la surface est grav\u00e9e de motifs \u00e9l\u00e9gants en X, d\u00e9gageant un sentiment de luxe. Que vous soyez un responsable de marque qui vient de cr\u00e9er un nouveau parfum, ou un distributeur qui souhaite am\u00e9liorer l'\u00ab\u00a0emballage de luxe\u00a0\u00bb d'un mod\u00e8le classique, ce flacon peut non seulement contenir l'\u00e2me du parfum, mais aussi vous aider \u00e0 r\u00e9duire les co\u00fbts et \u00e0 am\u00e9liorer la qualit\u00e9. Pourquoi ne pas l'ajouter \u00e0 votre \u00ab\u00a0liste de fournisseurs pr\u00e9cieux\u00a0\u00bb\u00a0?<\/p>\n<h2>Sp\u00e9cifications cl\u00e9s<\/h2>\n<table style=\"border-collapse: collapse; margin-left: auto; margin-right: auto; width: 80%;\" border=\"0\" width=\"80%\" cellspacing=\"0\" cellpadding=\"0\">\n<tbody>\n<tr style=\"height: 13.50pt;\">\n<td style=\"height: 13.50pt; width: 61.50pt;\" width=\"82\" height=\"18\">Fonctionnalit\u00e9<\/td>\n<td style=\"width: 175.50pt;\" width=\"234\">D\u00e9tail<\/td>\n<\/tr>\n<tr style=\"height: 13.50pt;\">\n<td style=\"height: 13.50pt;\" height=\"18\">Capacit\u00e9<\/td>\n<td>100 ml<\/td>\n<\/tr>\n<tr style=\"height: 13.50pt;\">\n<td style=\"height: 13.50pt;\" height=\"18\">Forme<\/td>\n<td>Rectangulaire<\/td>\n<\/tr>\n<tr style=\"height: 13.50pt;\">\n<td style=\"height: 13.50pt;\" height=\"18\">Dimensions<\/td>\n<td>55.5 x 36.5 x 102 mm<\/td>\n<\/tr>\n<tr style=\"height: 13.50pt;\">\n<td style=\"height: 13.50pt;\" height=\"18\">Mat\u00e9riel<\/td>\n<td>Verre cristallin<\/td>\n<\/tr>\n<tr style=\"height: 13.50pt;\">\n<td style=\"height: 13.50pt;\" height=\"18\">Couleur<\/td>\n<td>Enti\u00e8rement personnalisable<\/td>\n<\/tr>\n<tr style=\"height: 13.50pt;\">\n<td style=\"height: 13.50pt;\" height=\"18\">Type de joint<\/td>\n<td>Sertissage du col + pulv\u00e9risateur<\/td>\n<\/tr>\n<tr style=\"height: 13.50pt;\">\n<td style=\"height: 13.50pt;\" height=\"18\">Utilisation id\u00e9ale<\/td>\n<td>Parfum, eau de cologne<\/td>\n<\/tr>\n<\/tbody>\n<\/table>\n<h2>R\u00e9ussite client concr\u00e8te<\/h2>\n<p>Un de nos clients, une marque de parfums de niche, souhaitait se d\u00e9marquer lors d'un grand salon de beaut\u00e9. Ils ont choisi notre flacon de parfum en verre givr\u00e9 personnalis\u00e9 et ont grav\u00e9 le logo de la marque. Le produit final a fait une apparition \u00e9poustouflante sur le stand et les a aid\u00e9s \u00e0 obtenir de nombreuses commandes. Les clients ont salu\u00e9 la texture haut de gamme et les mat\u00e9riaux \u00e9cologiques, prouvant que les emballages cosm\u00e9tiques de haute qualit\u00e9 peuvent effectivement apporter des am\u00e9liorations significatives.<\/p>\n<h2>Conseils de personnalisation pour le rendre unique<\/h2>\n<p>Vous voulez que votre marque brille dans son emballage ? Voici comment en tirer le meilleur parti :<\/p>\n<ul>\n<li>Choisissez une couleur unie ou d\u00e9grad\u00e9e qui correspond \u00e0 la couleur principale de votre marque pour rendre le flacon instantan\u00e9ment reconnaissable et brillant comme un \u00ab porte-parole de la marque \u00bb~<\/li>\n<li>Utilisez la gravure laser ou l'impression UV pour figer l'empreinte de votre marque et pousser la sophistication \u00e0 l'extr\u00eame !<\/li>\n<li>Essayez les finitions mates ou les variations de motifs pour cr\u00e9er un look signature pour votre parfum.<\/li>\n<li>Associez-le \u00e0 un emballage \u00e9cologique pour renforcer votre image verte.<\/li>\n<\/ul>\n<h2 data-start=\"132\" data-end=\"398\"><strong data-start=\"132\" data-end=\"189\">Pr\u00eat \u00e0 faire passer votre marque de parfums au niveau sup\u00e9rieur\u00a0?<\/strong><\/h2>\n<p data-start=\"132\" data-end=\"398\">Le bon flacon fait plus que contenir votre produit \u2014 il donne vie \u00e0 votre marque. Nos flacons de parfum en gros allient design \u00e9l\u00e9gant et qualit\u00e9 fiable, aidant votre parfum \u00e0 se d\u00e9marquer sur toutes les \u00e9tag\u00e8res.<\/p>\n<p data-start=\"400\" data-end=\"573\">Dites adieu aux emballages g\u00e9n\u00e9riques. Avec nos options de flacons de parfum en gros, vous pouvez cr\u00e9er des designs personnalis\u00e9s qui refl\u00e8tent votre vision, vos valeurs et votre cr\u00e9ativit\u00e9 uniques. Cr\u00e9ons ensemble un emballage qui raconte votre histoire.<\/p>","protected":false},"excerpt":{"rendered":"<p>Flacons de parfum de gros haute qualit\u00e9 disponibles en vrac. Id\u00e9al pour les marques et les distributeurs. Options personnalis\u00e9es, livraison rapide et prix directs d'usine.<\/p>","protected":false},"featured_media":4007,"comment_status":"open","ping_status":"closed","template":"","meta":{"_acf_changed":false,"site-sidebar-layout":"default","site-content-layout":"","ast-site-content-layout":"default","site-content-style":"default","site-sidebar-style":"default","ast-global-header-display":"","ast-banner-title-visibility":"","ast-main-header-display":"","ast-hfb-above-header-display":"","ast-hfb-below-header-display":"","ast-hfb-mobile-header-display":"","site-post-title":"","ast-breadcrumbs-content":"","ast-featured-img":"","footer-sml-layout":"","ast-disable-related-posts":"","theme-transparent-header-meta":"default","adv-header-id-meta":"","stick-header-meta":"","header-above-stick-meta":"","header-main-stick-meta":"","header-below-stick-meta":"","astra-migrate-meta-layouts":"set","ast-page-background-enabled":"default","ast-page-background-meta":{"desktop":{"background-color":"var(--ast-global-color-5)","background-image":"","background-repeat":"repeat","background-position":"center center","background-size":"auto","background-attachment":"scroll","background-type":"","background-media":"","overlay-type":"","overlay-color":"","overlay-opacity":"","overlay-gradient":""},"tablet":{"background-color":"","background-image":"","background-repeat":"repeat","background-position":"center center","background-size":"auto","background-attachment":"scroll","background-type":"","background-media":"","overlay-type":"","overlay-color":"","overlay-opacity":"","overlay-gradient":""},"mobile":{"background-color":"","background-image":"","background-repeat":"repeat","background-position":"center center","background-size":"auto","background-attachment":"scroll","background-type":"","background-media":"","overlay-type":"","overlay-color":"","overlay-opacity":"","overlay-gradient":""}},"ast-content-background-meta":{"desktop":{"background-color":"var(--ast-global-color-4)","background-image":"","background-repeat":"repeat","background-position":"center center","background-size":"auto","background-attachment":"scroll","background-type":"","background-media":"","overlay-type":"","overlay-color":"","overlay-opacity":"","overlay-gradient":""},"tablet":{"background-color":"var(--ast-global-color-4)","background-image":"","background-repeat":"repeat","background-position":"center center","background-size":"auto","background-attachment":"scroll","background-type":"","background-media":"","overlay-type":"","overlay-color":"","overlay-opacity":"","overlay-gradient":""},"mobile":{"background-color":"var(--ast-global-color-4)","background-image":"","background-repeat":"repeat","background-position":"center center","background-size":"auto","background-attachment":"scroll","background-type":"","background-media":"","overlay-type":"","overlay-color":"","overlay-opacity":"","overlay-gradient":""}}},"product_brand":[],"product_cat":[72,91,41],"product_tag":[49],"class_list":{"0":"post-4002","1":"product","2":"type-product","3":"status-publish","4":"has-post-thumbnail","6":"product_cat-cosmetic-packaging","7":"product_cat-custom-perfume-bottles","8":"product_cat-perfume-bottles","9":"product_tag-perfume-bottles","10":"desktop-align-left","11":"tablet-align-left","12":"mobile-align-left","14":"first","15":"instock","16":"shipping-taxable","17":"product-type-simple"},"acf":[],"jetpack_sharing_enabled":true,"_links":{"self":[{"href":"https:\/\/theperfumebottles.com\/fr\/wp-json\/wp\/v2\/product\/4002","targetHints":{"allow":["GET"]}}],"collection":[{"href":"https:\/\/theperfumebottles.com\/fr\/wp-json\/wp\/v2\/product"}],"about":[{"href":"https:\/\/theperfumebottles.com\/fr\/wp-json\/wp\/v2\/types\/product"}],"replies":[{"embeddable":true,"href":"https:\/\/theperfumebottles.com\/fr\/wp-json\/wp\/v2\/comments?post=4002"}],"wp:featuredmedia":[{"embeddable":true,"href":"https:\/\/theperfumebottles.com\/fr\/wp-json\/wp\/v2\/media\/4007"}],"wp:attachment":[{"href":"https:\/\/theperfumebottles.com\/fr\/wp-json\/wp\/v2\/media?parent=4002"}],"wp:term":[{"taxonomy":"product_brand","embeddable":true,"href":"https:\/\/theperfumebottles.com\/fr\/wp-json\/wp\/v2\/product_brand?post=4002"},{"taxonomy":"product_cat","embeddable":true,"href":"https:\/\/theperfumebottles.com\/fr\/wp-json\/wp\/v2\/product_cat?post=4002"},{"taxonomy":"product_tag","embeddable":true,"href":"https:\/\/theperfumebottles.com\/fr\/wp-json\/wp\/v2\/product_tag?post=4002"}],"curies":[{"name":"wp","href":"https:\/\/api.w.org\/{rel}","templated":true}]}}