{"id":4274,"date":"2025-06-27T09:35:18","date_gmt":"2025-06-27T01:35:18","guid":{"rendered":"https:\/\/theperfumebottles.com\/?post_type=product&#038;p=4274"},"modified":"2025-06-27T09:35:20","modified_gmt":"2025-06-27T01:35:20","slug":"custom-bulk-perfume-bottles-glass-packaging-deals","status":"publish","type":"product","link":"https:\/\/theperfumebottles.com\/fr\/produit\/custom-bulk-perfume-bottles-glass-packaging-deals\/","title":{"rendered":"30ml 50ml 100ml Custom Bulk Perfume Bottles \u2013 Glass Packaging Deals"},"content":{"rendered":"<p>Vous souhaitez commander des flacons de parfum en gros\u00a0? Nos flacons vierges sont la solution id\u00e9ale\u00a0! Excellente qualit\u00e9, design simple et \u00e9l\u00e9gant\u00a0: une simple \u00e9tiquette et quelques d\u00e9corations suffisent pour un r\u00e9sultat exceptionnel. Lancement de nouveaux produits ou r\u00e9assorts\u00a0: tout est simple\u00a0!<\/p>\n<h2>Sp\u00e9cifications cl\u00e9s<\/h2>\n<table style=\"border-collapse: collapse;margin-left: auto;margin-right: auto;width: 80%\" border=\"0\" width=\"80%\" cellspacing=\"0\" cellpadding=\"0\">\n<tbody>\n<tr style=\"height: 13.50pt\">\n<td style=\"height: 13.50pt;width: 103.50pt\" width=\"138\" height=\"18\">Fonctionnalit\u00e9<\/td>\n<td style=\"width: 186.75pt\" width=\"249\">D\u00e9tails<\/td>\n<\/tr>\n<tr style=\"height: 13.50pt\">\n<td style=\"height: 13.50pt\" height=\"18\">Mat\u00e9riel<\/td>\n<td>Verre cristallin<\/td>\n<\/tr>\n<tr style=\"height: 13.50pt\">\n<td style=\"height: 13.50pt\" height=\"18\">Forme<\/td>\n<td>Rectangulaire<\/td>\n<\/tr>\n<tr style=\"height: 13.50pt\">\n<td style=\"height: 13.50pt\" height=\"18\">Capacit\u00e9<\/td>\n<td>30 ml\/50 ml\/100 ml<\/td>\n<\/tr>\n<tr style=\"height: 13.50pt\">\n<td style=\"height: 13.50pt\" height=\"18\">Type de fermeture<\/td>\n<td>\n<article class=\"4ever-article\" data-clipboard-cangjie=\"[&quot;root&quot;,{&quot;copyFrom&quot;:&quot;im-native&quot;},[&quot;p&quot;,{},[&quot;span&quot;,{&quot;data-type&quot;:&quot;text&quot;},[&quot;span&quot;,{&quot;data-type&quot;:&quot;leaf&quot;},&quot;Screw neck&quot;]]]]\">Col \u00e0 vis + pulv\u00e9risateur<\/article>\n<\/td>\n<\/tr>\n<tr style=\"height: 13.50pt\">\n<td style=\"height: 13.50pt\" height=\"18\">Personnalisation<\/td>\n<td>Options de couleurs compl\u00e8tes disponibles<\/td>\n<\/tr>\n<\/tbody>\n<\/table>\n<h2>Une v\u00e9ritable histoire de r\u00e9ussite<\/h2>\n<p>Une marque de parfumerie-boutique mise sur l&#039;\u00e9l\u00e9gance et souhaite cr\u00e9er une fragrance minimaliste et \u00e9l\u00e9gante. Elle a choisi nos flacons de parfum vierges comme support et a command\u00e9 un lot de flacons de 50 ml, \u00e9galement d\u00e9cor\u00e9s de finitions or rose et de doux tons lavande, pour un rendu tr\u00e8s haut de gamme\u00a0! R\u00e9sultat\u00a0? Ce parfum en \u00e9dition limit\u00e9e a \u00e9t\u00e9 \u00e9puis\u00e9 quelques semaines seulement apr\u00e8s sa mise en vente, et les r\u00e9seaux sociaux ont \u00e9t\u00e9 pl\u00e9biscit\u00e9s.<\/p>\n<h2>Conseils professionnels<\/h2>\n<p>Si vos clients cibles aiment la beaut\u00e9 simple du \u00ab moins c&#039;est plus \u00bb, vous pouvez choisir une bouteille avec une texture mate et des tons \u00e0 faible saturation ; si vous ciblez le march\u00e9 du luxe, vous pouvez ajouter un bouchon en m\u00e9tal \u00e0 la bouteille et ajouter une couleur de gemme profonde pour rendre l&#039;impact visuel complet, et les clients ne l&#039;oublieront jamais au premier regard !<\/p>\n<h2>Vous souhaitez cr\u00e9er votre propre flacon de parfum ?<\/h2>\n<p>Que vous lanciez une nouvelle gamme de parfums ou renouveliez une gamme existante, nos flacons de parfum en verre conservent non seulement leur style, mais s&#039;adaptent \u00e9galement \u00e0 vos ventes. De la couleur du flacon au style du bouchon, personnalisez-le \u00e0 votre guise\u00a0! Si votre entreprise se d\u00e9veloppe et que vous souhaitez accro\u00eetre votre production, nous pouvons \u00e9galement vous aider \u00e0 trouver facilement les flacons de parfum en vrac les plus adapt\u00e9s \u00e0 votre image de marque.<\/p>\n<p>Venez nous rejoindre pour r\u00e9aliser un \u00ab projet de flacon de parfum \u00bb inoubliable afin de rendre votre parfum m\u00e9morable d\u00e8s le flacon !<\/p>\n<p>&nbsp;<\/p>","protected":false},"excerpt":{"rendered":"<p>Flacons de parfum en vrac de haute qualit\u00e9 avec \u00e9l\u00e9gants couvercles dor\u00e9s. Id\u00e9als pour les marques de parfum, les projets DIY ou les solutions d&#039;emballage en gros.<\/p>","protected":false},"featured_media":4277,"comment_status":"open","ping_status":"closed","template":"","meta":{"_acf_changed":false,"site-sidebar-layout":"default","site-content-layout":"","ast-site-content-layout":"default","site-content-style":"default","site-sidebar-style":"default","ast-global-header-display":"","ast-banner-title-visibility":"","ast-main-header-display":"","ast-hfb-above-header-display":"","ast-hfb-below-header-display":"","ast-hfb-mobile-header-display":"","site-post-title":"","ast-breadcrumbs-content":"","ast-featured-img":"","footer-sml-layout":"","ast-disable-related-posts":"","theme-transparent-header-meta":"default","adv-header-id-meta":"","stick-header-meta":"","header-above-stick-meta":"","header-main-stick-meta":"","header-below-stick-meta":"","astra-migrate-meta-layouts":"set","ast-page-background-enabled":"default","ast-page-background-meta":{"desktop":{"background-color":"var(--ast-global-color-5)","background-image":"","background-repeat":"repeat","background-position":"center center","background-size":"auto","background-attachment":"scroll","background-type":"","background-media":"","overlay-type":"","overlay-color":"","overlay-opacity":"","overlay-gradient":""},"tablet":{"background-color":"","background-image":"","background-repeat":"repeat","background-position":"center center","background-size":"auto","background-attachment":"scroll","background-type":"","background-media":"","overlay-type":"","overlay-color":"","overlay-opacity":"","overlay-gradient":""},"mobile":{"background-color":"","background-image":"","background-repeat":"repeat","background-position":"center center","background-size":"auto","background-attachment":"scroll","background-type":"","background-media":"","overlay-type":"","overlay-color":"","overlay-opacity":"","overlay-gradient":""}},"ast-content-background-meta":{"desktop":{"background-color":"var(--ast-global-color-4)","background-image":"","background-repeat":"repeat","background-position":"center center","background-size":"auto","background-attachment":"scroll","background-type":"","background-media":"","overlay-type":"","overlay-color":"","overlay-opacity":"","overlay-gradient":""},"tablet":{"background-color":"var(--ast-global-color-4)","background-image":"","background-repeat":"repeat","background-position":"center center","background-size":"auto","background-attachment":"scroll","background-type":"","background-media":"","overlay-type":"","overlay-color":"","overlay-opacity":"","overlay-gradient":""},"mobile":{"background-color":"var(--ast-global-color-4)","background-image":"","background-repeat":"repeat","background-position":"center center","background-size":"auto","background-attachment":"scroll","background-type":"","background-media":"","overlay-type":"","overlay-color":"","overlay-opacity":"","overlay-gradient":""}}},"product_brand":[],"product_cat":[72,91,41],"product_tag":[],"class_list":{"0":"post-4274","1":"product","2":"type-product","3":"status-publish","4":"has-post-thumbnail","6":"product_cat-cosmetic-packaging","7":"product_cat-custom-perfume-bottles","8":"product_cat-perfume-bottles","9":"desktop-align-left","10":"tablet-align-left","11":"mobile-align-left","13":"first","14":"instock","15":"shipping-taxable","16":"product-type-simple"},"acf":[],"jetpack_sharing_enabled":true,"_links":{"self":[{"href":"https:\/\/theperfumebottles.com\/fr\/wp-json\/wp\/v2\/product\/4274","targetHints":{"allow":["GET"]}}],"collection":[{"href":"https:\/\/theperfumebottles.com\/fr\/wp-json\/wp\/v2\/product"}],"about":[{"href":"https:\/\/theperfumebottles.com\/fr\/wp-json\/wp\/v2\/types\/product"}],"replies":[{"embeddable":true,"href":"https:\/\/theperfumebottles.com\/fr\/wp-json\/wp\/v2\/comments?post=4274"}],"wp:featuredmedia":[{"embeddable":true,"href":"https:\/\/theperfumebottles.com\/fr\/wp-json\/wp\/v2\/media\/4277"}],"wp:attachment":[{"href":"https:\/\/theperfumebottles.com\/fr\/wp-json\/wp\/v2\/media?parent=4274"}],"wp:term":[{"taxonomy":"product_brand","embeddable":true,"href":"https:\/\/theperfumebottles.com\/fr\/wp-json\/wp\/v2\/product_brand?post=4274"},{"taxonomy":"product_cat","embeddable":true,"href":"https:\/\/theperfumebottles.com\/fr\/wp-json\/wp\/v2\/product_cat?post=4274"},{"taxonomy":"product_tag","embeddable":true,"href":"https:\/\/theperfumebottles.com\/fr\/wp-json\/wp\/v2\/product_tag?post=4274"}],"curies":[{"name":"wp","href":"https:\/\/api.w.org\/{rel}","templated":true}]}}