{"id":4474,"date":"2025-07-15T17:44:31","date_gmt":"2025-07-15T09:44:31","guid":{"rendered":"https:\/\/theperfumebottles.com\/?post_type=product&#038;p=4474"},"modified":"2026-03-30T17:09:12","modified_gmt":"2026-03-30T09:09:12","slug":"cylindrical-skincare-containers-wholesale","status":"publish","type":"product","link":"https:\/\/theperfumebottles.com\/fr\/produit\/cylindrical-skincare-containers-wholesale\/","title":{"rendered":"Contenants cylindriques pour soins de la peau de 120 ml et 230 ml (vente en gros)"},"content":{"rendered":"<p>Ces pots pour produits de soin, disponibles en gros, se d\u00e9clinent en versions ambr\u00e9es opaques, noires mates et transparentes. Leur forme cylindrique \u00e9pur\u00e9e et moderne est rehauss\u00e9e d&#039;un couvercle adapt\u00e9.<\/p>\n<h2 data-spm-anchor-id=\"5176.28103460.0.i24.29ab1db83FoVh8\"><strong>Sp\u00e9cifications cl\u00e9s<\/strong><\/h2>\n<table style=\"border-collapse: collapse; width: 906px; height: 373px; margin-left: 240px;\" border=\"0\" width=\"144\" cellspacing=\"0\" cellpadding=\"0\">\n<tbody>\n<tr style=\"height: 13.50pt;\">\n<td style=\"height: 13.50pt; width: 54.00pt;\" width=\"72\" height=\"18\">Fonctionnalit\u00e9<\/td>\n<td style=\"width: 54.00pt;\" width=\"72\">D\u00e9tails<\/td>\n<\/tr>\n<tr style=\"height: 13.50pt;\">\n<td style=\"height: 13.50pt;\" height=\"18\">Capacit\u00e9<\/td>\n<td>4 oz \/ 8 oz<\/td>\n<\/tr>\n<tr style=\"height: 13.50pt;\">\n<td style=\"height: 13.50pt;\" height=\"18\">Forme<\/td>\n<td>c\u00f4t\u00e9s droits<\/td>\n<\/tr>\n<tr style=\"height: 13.50pt;\">\n<td style=\"height: 13.50pt;\" height=\"18\">M\u00e9thode de scellement<\/td>\n<td>Couvercle filet\u00e9 (plastique\/m\u00e9tal\/bois)<\/td>\n<\/tr>\n<tr style=\"height: 13.50pt;\">\n<td style=\"height: 13.50pt;\" height=\"18\">Mat\u00e9riel<\/td>\n<td>Verre cristallin<\/td>\n<\/tr>\n<tr style=\"height: 13.50pt;\">\n<td style=\"height: 13.50pt;\" height=\"18\">Couleurs<\/td>\n<td>Ambre, noir, transparent, vert, bleu (personnalisable)\u2026<\/td>\n<\/tr>\n<tr style=\"height: 13.50pt;\">\n<td style=\"height: 13.50pt;\" height=\"18\">Cas d&#039;utilisation<\/td>\n<td>Cr\u00e8me pour le visage, lait corporel, cr\u00e8me pour les yeux<\/td>\n<\/tr>\n<\/tbody>\n<\/table>\n<h2><span class=\"highlights\" data-v-df95d256=\"\">Histoire \u00e0 succ\u00e8s<\/span><\/h2>\n<p>Nos pots de cr\u00e8me, un emballage cosm\u00e9tique compos\u00e9 d&#039;une cr\u00e8me de nuit au r\u00e9tinol de couleur ambr\u00e9e et d&#039;un masque au charbon de bambou noir mat, ont \u00e9t\u00e9 s\u00e9lectionn\u00e9s par une marque de bien-\u00eatre. Chaque pot est orn\u00e9 d&#039;un motif d&#039;herbes imprim\u00e9 individuellement. Les pots en verre ambr\u00e9 utilis\u00e9s pour la cr\u00e8me au r\u00e9tinol ont permis d&#039;am\u00e9liorer sa stabilit\u00e9 de 40 %, tandis que les pots en verre noir mat utilis\u00e9s pour la cr\u00e8me de nuit ont justifi\u00e9 une augmentation de prix de 25 %. Fort de ce succ\u00e8s, la marque a command\u00e9 300\u00a0000 pots suppl\u00e9mentaires pour sa nouvelle gamme de lait corporel et de soins capillaires.<\/p>\n<h2><span class=\"highlights\" data-v-df95d256=\"\">Suggestions de personnalisation<\/span><\/h2>\n<ul>\n<li><strong>Style des verres et des \u00e9tiquettes\u00a0:<\/strong> Choisissez un verre \u00e9pur\u00e9 avec des \u00e9tiquettes minimalistes et discr\u00e8tes pour une esth\u00e9tique avant-gardiste, ou optez pour du verre noir et des marques m\u00e9talliques pour une apparence haut de gamme et luxueuse.<\/li>\n<li><strong>S\u00e9lection du couvercle\u00a0:<\/strong> \u00c0 associer avec des couvercles en plastique ou des bouchons m\u00e9talliques pour une apparence sophistiqu\u00e9e et professionnelle.<\/li>\n<li><strong>Avantages pour les grossistes\u00a0:<\/strong> B\u00e9n\u00e9ficiez d&#039;une livraison gratuite pour les commandes group\u00e9es de produits de soins de la peau de 500 unit\u00e9s ou plus.<\/li>\n<\/ul>","protected":false},"excerpt":{"rendered":"<p>Vente en gros de pots de soins haut de gamme avec finitions vari\u00e9es et couvercles s\u00e9curis\u00e9s. Emballages cosm\u00e9tiques pour les marques de cr\u00e8mes. Livraison rapide garantie.<\/p>","protected":false},"featured_media":4479,"comment_status":"open","ping_status":"closed","template":"","meta":{"_acf_changed":false,"site-sidebar-layout":"default","site-content-layout":"","ast-site-content-layout":"default","site-content-style":"default","site-sidebar-style":"default","ast-global-header-display":"","ast-banner-title-visibility":"","ast-main-header-display":"","ast-hfb-above-header-display":"","ast-hfb-below-header-display":"","ast-hfb-mobile-header-display":"","site-post-title":"","ast-breadcrumbs-content":"","ast-featured-img":"","footer-sml-layout":"","ast-disable-related-posts":"","theme-transparent-header-meta":"default","adv-header-id-meta":"","stick-header-meta":"","header-above-stick-meta":"","header-main-stick-meta":"","header-below-stick-meta":"","astra-migrate-meta-layouts":"set","ast-page-background-enabled":"default","ast-page-background-meta":{"desktop":{"background-color":"var(--ast-global-color-5)","background-image":"","background-repeat":"repeat","background-position":"center center","background-size":"auto","background-attachment":"scroll","background-type":"","background-media":"","overlay-type":"","overlay-color":"","overlay-opacity":"","overlay-gradient":""},"tablet":{"background-color":"","background-image":"","background-repeat":"repeat","background-position":"center center","background-size":"auto","background-attachment":"scroll","background-type":"","background-media":"","overlay-type":"","overlay-color":"","overlay-opacity":"","overlay-gradient":""},"mobile":{"background-color":"","background-image":"","background-repeat":"repeat","background-position":"center center","background-size":"auto","background-attachment":"scroll","background-type":"","background-media":"","overlay-type":"","overlay-color":"","overlay-opacity":"","overlay-gradient":""}},"ast-content-background-meta":{"desktop":{"background-color":"var(--ast-global-color-4)","background-image":"","background-repeat":"repeat","background-position":"center center","background-size":"auto","background-attachment":"scroll","background-type":"","background-media":"","overlay-type":"","overlay-color":"","overlay-opacity":"","overlay-gradient":""},"tablet":{"background-color":"var(--ast-global-color-4)","background-image":"","background-repeat":"repeat","background-position":"center center","background-size":"auto","background-attachment":"scroll","background-type":"","background-media":"","overlay-type":"","overlay-color":"","overlay-opacity":"","overlay-gradient":""},"mobile":{"background-color":"var(--ast-global-color-4)","background-image":"","background-repeat":"repeat","background-position":"center center","background-size":"auto","background-attachment":"scroll","background-type":"","background-media":"","overlay-type":"","overlay-color":"","overlay-opacity":"","overlay-gradient":""}}},"product_brand":[],"product_cat":[56,62,72],"product_tag":[114,113],"class_list":{"0":"post-4474","1":"product","2":"type-product","3":"status-publish","4":"has-post-thumbnail","6":"product_cat-cosmetic-jars","7":"product_cat-cosmetic-containers","8":"product_cat-cosmetic-packaging","9":"product_tag-cream-jars-cosmetic-packaging","10":"product_tag-skincare-containers-wholesale","11":"desktop-align-left","12":"tablet-align-left","13":"mobile-align-left","15":"first","16":"instock","17":"shipping-taxable","18":"product-type-simple"},"acf":[],"jetpack_sharing_enabled":true,"_links":{"self":[{"href":"https:\/\/theperfumebottles.com\/fr\/wp-json\/wp\/v2\/product\/4474","targetHints":{"allow":["GET"]}}],"collection":[{"href":"https:\/\/theperfumebottles.com\/fr\/wp-json\/wp\/v2\/product"}],"about":[{"href":"https:\/\/theperfumebottles.com\/fr\/wp-json\/wp\/v2\/types\/product"}],"replies":[{"embeddable":true,"href":"https:\/\/theperfumebottles.com\/fr\/wp-json\/wp\/v2\/comments?post=4474"}],"wp:featuredmedia":[{"embeddable":true,"href":"https:\/\/theperfumebottles.com\/fr\/wp-json\/wp\/v2\/media\/4479"}],"wp:attachment":[{"href":"https:\/\/theperfumebottles.com\/fr\/wp-json\/wp\/v2\/media?parent=4474"}],"wp:term":[{"taxonomy":"product_brand","embeddable":true,"href":"https:\/\/theperfumebottles.com\/fr\/wp-json\/wp\/v2\/product_brand?post=4474"},{"taxonomy":"product_cat","embeddable":true,"href":"https:\/\/theperfumebottles.com\/fr\/wp-json\/wp\/v2\/product_cat?post=4474"},{"taxonomy":"product_tag","embeddable":true,"href":"https:\/\/theperfumebottles.com\/fr\/wp-json\/wp\/v2\/product_tag?post=4474"}],"curies":[{"name":"wp","href":"https:\/\/api.w.org\/{rel}","templated":true}]}}