{"id":4565,"date":"2025-07-16T17:26:21","date_gmt":"2025-07-16T09:26:21","guid":{"rendered":"https:\/\/theperfumebottles.com\/?post_type=product&#038;p=4565"},"modified":"2025-07-31T11:22:01","modified_gmt":"2025-07-31T03:22:01","slug":"5g-10g-20g-30g-cosmetic-jars-with-lids-custom-empty-cosmetic-containers-wholesale","status":"publish","type":"product","link":"https:\/\/theperfumebottles.com\/fr\/produit\/5g-10g-20g-30g-cosmetic-jars-with-lids-custom-empty-cosmetic-containers-wholesale\/","title":{"rendered":"Pots cosm\u00e9tiques avec couvercles (5 g, 10 g, 20 g, 30 g) \u2013 Vente en gros de contenants cosm\u00e9tiques vides personnalis\u00e9s"},"content":{"rendered":"<p><span class=\"highlights\" data-v-df95d256=\"\">Vous recherchez des pots cosm\u00e9tiques avec couvercles alliant durabilit\u00e9 et \u00e9l\u00e9gance\u00a0? Ces pots en verre sont la solution id\u00e9ale. Con\u00e7us pour les soins de la peau tels que les cr\u00e8mes pour le visage et les contours des yeux, ils combinent fonctionnalit\u00e9 et finitions modernes et raffin\u00e9es. Parfaits pour les commandes en gros, ces pots cosm\u00e9tiques sont id\u00e9aux pour les marques souhaitant sublimer leurs emballages beaut\u00e9 tout en proposant des conditionnements en grande quantit\u00e9 \u00e0 des prix comp\u00e9titifs.<\/span><\/p>\n<h2><span class=\"highlights\" data-v-df95d256=\"\">Sp\u00e9cifications cl\u00e9s<\/span><\/h2>\n<table style=\"border-collapse: collapse;width: 80%;height: 120px;margin-left: auto;margin-right: auto\" border=\"0\" width=\"432\" cellspacing=\"0\" cellpadding=\"0\">\n<tbody>\n<tr>\n<td width=\"72\">Capacit\u00e9<\/td>\n<td width=\"72\">Mat\u00e9riel<\/td>\n<td width=\"72\">Manipulation de surface<\/td>\n<td width=\"72\">options de couleur<\/td>\n<td width=\"72\">Usage<\/td>\n<\/tr>\n<tr>\n<td>5 g<\/td>\n<td rowspan=\"6\">Verre cristallin<\/td>\n<td rowspan=\"6\">Rev\u00eatement, givr\u00e9, \u00e9tiquette, s\u00e9rigraphie, marquage \u00e0 chaud<\/td>\n<td rowspan=\"6\">Ambre<\/td>\n<td rowspan=\"6\">Cr\u00e8me visage, cr\u00e8me corps, cr\u00e8me contour des yeux, baume \u00e0 l\u00e8vres<\/td>\n<\/tr>\n<tr>\n<td>10 g<\/td>\n<\/tr>\n<tr>\n<td>15 g (0,5 oz)<\/td>\n<\/tr>\n<tr>\n<td>30 g (1 oz)<\/td>\n<\/tr>\n<tr>\n<td>50 g<\/td>\n<\/tr>\n<tr>\n<td>60 g (2 oz)<\/td>\n<\/tr>\n<\/tbody>\n<\/table>\n<h2><span class=\"highlights\" data-v-df95d256=\"\">\u00c9tude de cas r\u00e9ussie\u00a0: Refonte du packaging d\u2019une marque de soins de luxe <\/span><\/h2>\n<p><span class=\"highlights\" data-v-df95d256=\"\">Une marque de soins de la peau en pleine expansion recherchait des pots cosm\u00e9tiques avec des couvercles en accord avec son image de \u00ab luxe \u00e9pur\u00e9 \u00bb. Nous avons personnalis\u00e9 des pots en verre ambr\u00e9 de 30 g avec des couvercles en bois noir mat et des logos grav\u00e9s au laser. R\u00e9sultat\u00a0? Une augmentation de 200\u00a0% des avis clients et une hausse de 50\u00a0% des commandes r\u00e9p\u00e9t\u00e9es. Conseil de pro\u00a0: lorsque vos contenants cosm\u00e9tiques vides sont aussi beaux que performants, les clients ne peuvent pas passer \u00e0 c\u00f4t\u00e9.<\/span><\/p>\n<h2><span class=\"highlights\" data-v-df95d256=\"\">Conseils de personnalisation pour votre marque <\/span><\/h2>\n<ul>\n<li><strong>Options de couvercle\u00a0:<\/strong> Choisissez un couvercle en bambou pour un style champ\u00eatre, rustique ou minimaliste ; ou associez-le \u00e0 des finitions laqu\u00e9es, peintes ou m\u00e9talliques pour un effet visuel raffin\u00e9 et tendance.<\/li>\n<li><strong>Options d&#039;\u00e9tiquette\u00a0:<\/strong> Am\u00e9liorez l&#039;emballage avec des scell\u00e9s d&#039;inviolabilit\u00e9 bien visibles et des codes QR pour assurer la protection du produit et permettre une tra\u00e7abilit\u00e9 claire.<\/li>\n<li><strong>Commande en gros :<\/strong> L&#039;achat d&#039;emballages en grande quantit\u00e9 permet de r\u00e9duire les co\u00fbts et les d\u00e9lais de livraison, offrant ainsi une solution \u00e9cologique \u00e0 vos besoins en mati\u00e8re d&#039;emballage cosm\u00e9tique.<\/li>\n<\/ul>","protected":false},"excerpt":{"rendered":"<p>Pots cosm\u00e9tiques r\u00e9sistants avec couvercles pour le conditionnement de produits de soin. Personnalisables, herm\u00e9tiques et pr\u00eats \u00e0 \u00eatre exp\u00e9di\u00e9s. Id\u00e9aux pour les besoins d&#039;emballage en gros de produits de beaut\u00e9.<\/p>","protected":false},"featured_media":4566,"comment_status":"open","ping_status":"closed","template":"","meta":{"_acf_changed":false,"site-sidebar-layout":"default","site-content-layout":"","ast-site-content-layout":"default","site-content-style":"default","site-sidebar-style":"default","ast-global-header-display":"","ast-banner-title-visibility":"","ast-main-header-display":"","ast-hfb-above-header-display":"","ast-hfb-below-header-display":"","ast-hfb-mobile-header-display":"","site-post-title":"","ast-breadcrumbs-content":"","ast-featured-img":"","footer-sml-layout":"","ast-disable-related-posts":"","theme-transparent-header-meta":"default","adv-header-id-meta":"","stick-header-meta":"","header-above-stick-meta":"","header-main-stick-meta":"","header-below-stick-meta":"","astra-migrate-meta-layouts":"set","ast-page-background-enabled":"default","ast-page-background-meta":{"desktop":{"background-color":"var(--ast-global-color-5)","background-image":"","background-repeat":"repeat","background-position":"center center","background-size":"auto","background-attachment":"scroll","background-type":"","background-media":"","overlay-type":"","overlay-color":"","overlay-opacity":"","overlay-gradient":""},"tablet":{"background-color":"","background-image":"","background-repeat":"repeat","background-position":"center center","background-size":"auto","background-attachment":"scroll","background-type":"","background-media":"","overlay-type":"","overlay-color":"","overlay-opacity":"","overlay-gradient":""},"mobile":{"background-color":"","background-image":"","background-repeat":"repeat","background-position":"center center","background-size":"auto","background-attachment":"scroll","background-type":"","background-media":"","overlay-type":"","overlay-color":"","overlay-opacity":"","overlay-gradient":""}},"ast-content-background-meta":{"desktop":{"background-color":"var(--ast-global-color-4)","background-image":"","background-repeat":"repeat","background-position":"center center","background-size":"auto","background-attachment":"scroll","background-type":"","background-media":"","overlay-type":"","overlay-color":"","overlay-opacity":"","overlay-gradient":""},"tablet":{"background-color":"var(--ast-global-color-4)","background-image":"","background-repeat":"repeat","background-position":"center center","background-size":"auto","background-attachment":"scroll","background-type":"","background-media":"","overlay-type":"","overlay-color":"","overlay-opacity":"","overlay-gradient":""},"mobile":{"background-color":"var(--ast-global-color-4)","background-image":"","background-repeat":"repeat","background-position":"center center","background-size":"auto","background-attachment":"scroll","background-type":"","background-media":"","overlay-type":"","overlay-color":"","overlay-opacity":"","overlay-gradient":""}}},"product_brand":[],"product_cat":[72,62,56],"product_tag":[117,118],"class_list":{"0":"post-4565","1":"product","2":"type-product","3":"status-publish","4":"has-post-thumbnail","6":"product_cat-cosmetic-packaging","7":"product_cat-cosmetic-containers","8":"product_cat-cosmetic-jars","9":"product_tag-cosmetic-jars-with-lids","10":"product_tag-empty-cosmetic-containers","11":"desktop-align-left","12":"tablet-align-left","13":"mobile-align-left","15":"first","16":"instock","17":"shipping-taxable","18":"product-type-simple"},"acf":[],"jetpack_sharing_enabled":true,"_links":{"self":[{"href":"https:\/\/theperfumebottles.com\/fr\/wp-json\/wp\/v2\/product\/4565","targetHints":{"allow":["GET"]}}],"collection":[{"href":"https:\/\/theperfumebottles.com\/fr\/wp-json\/wp\/v2\/product"}],"about":[{"href":"https:\/\/theperfumebottles.com\/fr\/wp-json\/wp\/v2\/types\/product"}],"replies":[{"embeddable":true,"href":"https:\/\/theperfumebottles.com\/fr\/wp-json\/wp\/v2\/comments?post=4565"}],"wp:featuredmedia":[{"embeddable":true,"href":"https:\/\/theperfumebottles.com\/fr\/wp-json\/wp\/v2\/media\/4566"}],"wp:attachment":[{"href":"https:\/\/theperfumebottles.com\/fr\/wp-json\/wp\/v2\/media?parent=4565"}],"wp:term":[{"taxonomy":"product_brand","embeddable":true,"href":"https:\/\/theperfumebottles.com\/fr\/wp-json\/wp\/v2\/product_brand?post=4565"},{"taxonomy":"product_cat","embeddable":true,"href":"https:\/\/theperfumebottles.com\/fr\/wp-json\/wp\/v2\/product_cat?post=4565"},{"taxonomy":"product_tag","embeddable":true,"href":"https:\/\/theperfumebottles.com\/fr\/wp-json\/wp\/v2\/product_tag?post=4565"}],"curies":[{"name":"wp","href":"https:\/\/api.w.org\/{rel}","templated":true}]}}