{"id":4615,"date":"2025-07-17T18:00:44","date_gmt":"2025-07-17T10:00:44","guid":{"rendered":"https:\/\/theperfumebottles.com\/?post_type=product&#038;p=4615"},"modified":"2026-04-02T17:11:30","modified_gmt":"2026-04-02T09:11:30","slug":"lotion-glass-jar-set-cosmetic-bottle-with-pump-wholesale","status":"publish","type":"product","link":"https:\/\/theperfumebottles.com\/fr\/produit\/lotion-glass-jar-set-cosmetic-bottle-with-pump-wholesale\/","title":{"rendered":"Ensemble de pots en verre pour lotion 40 ml et 120 ml \u2013 Flacons cosm\u00e9tiques avec pompe, vente en gros"},"content":{"rendered":"<p><span class=\"highlights\" data-v-df95d256=\"\">Besoin d&#039;un packaging cosm\u00e9tique qui attire l&#039;attention\u00a0? Notre flacon pompe et son pot en verre pour lotion r\u00e9volutionnent le march\u00e9 des soins de la peau. Le d\u00e9grad\u00e9 de verre \u2013 ambr\u00e9 en bas, turquoise en haut \u2013 cr\u00e9e un effet color\u00e9 et sophistiqu\u00e9, tandis que le bouchon noir mat apporte une touche d&#039;\u00e9l\u00e9gance et de modernit\u00e9. Id\u00e9al pour les s\u00e9rums, les huiles ou les cr\u00e8mes, cet ensemble allie protection UV, \u00e9quilibre et personnalisation.<\/span><\/p>\n<h2>Sp\u00e9cifications cl\u00e9s<\/h2>\n<table style=\"border-collapse: collapse; width: 784px; height: 114px; margin-left: 280px;\" border=\"0\" width=\"144\" cellspacing=\"0\" cellpadding=\"0\">\n<tbody>\n<tr style=\"height: 13.50pt;\">\n<td style=\"height: 13.50pt; width: 54.00pt;\" width=\"72\" height=\"18\">Fonctionnalit\u00e9<\/td>\n<td style=\"width: 54.00pt;\" width=\"72\">D\u00e9tails<\/td>\n<\/tr>\n<tr style=\"height: 13.50pt;\">\n<td style=\"height: 13.50pt;\" height=\"18\">Capacit\u00e9<\/td>\n<td>40 ml, 120 ml<\/td>\n<\/tr>\n<tr style=\"height: 13.50pt;\">\n<td style=\"height: 13.50pt;\" height=\"18\">Forme<\/td>\n<td>c\u00f4t\u00e9s droits<\/td>\n<\/tr>\n<tr style=\"height: 13.50pt;\">\n<td style=\"height: 13.50pt;\" height=\"18\">Scellage<\/td>\n<td>Bouchon \u00e0 pompe ou \u00e0 vis (personnalisable)<\/td>\n<\/tr>\n<tr style=\"height: 13.50pt;\">\n<td style=\"height: 13.50pt;\" height=\"18\">Mat\u00e9riel<\/td>\n<td>Verre cristal<\/td>\n<\/tr>\n<tr style=\"height: 13.50pt;\">\n<td style=\"height: 13.50pt;\" height=\"18\">Couleur<\/td>\n<td>D\u00e9grad\u00e9 vert (couleurs personnalis\u00e9es disponibles)<\/td>\n<\/tr>\n<tr style=\"height: 13.50pt;\">\n<td style=\"height: 13.50pt;\" height=\"18\">Cas d&#039;utilisation<\/td>\n<td>S\u00e9rum, huile pour le visage, lait corporel\u2026<\/td>\n<\/tr>\n<\/tbody>\n<\/table>\n<h2><span class=\"highlights\" data-v-df95d256=\"\">Histoire \u00e0 succ\u00e8s<\/span><\/h2>\n<p><span class=\"highlights\" data-v-df95d256=\"\">Une marque de soins de luxe pour la peau a vu ses commandes en gros augmenter de 50 % apr\u00e8s avoir pr\u00e9sent\u00e9 ce coffret d\u00e9grad\u00e9 sur sa page d&#039;accueil. Le contraste saisissant des couleurs et la disponibilit\u00e9 imm\u00e9diate des produits lui ont permis de conclure des commandes importantes aupr\u00e8s de plus de 15 d\u00e9taillants en seulement 3 mois.<\/span><\/p>\n<h2><span class=\"highlights\" data-v-df95d256=\"\">Personnalisez votre commande<\/span><\/h2>\n<ul>\n<li>\n<div class=\"lRu31\" dir=\"ltr\"><span class=\"HwtZe\" lang=\"en\"><span class=\"jCAhz ChMk0b\"><span class=\"ryNqvb\"><strong>Conception de couleurs d\u00e9grad\u00e9es personnalisables\u00a0:<\/strong> Un large choix de d\u00e9grad\u00e9s de couleurs est disponible pour correspondre au style visuel de votre marque.<\/span><\/span><\/span><\/div>\n<\/li>\n<li>\n<div class=\"lRu31\" dir=\"ltr\"><span class=\"HwtZe\" lang=\"en\"><span class=\"jCAhz\"><span class=\"ryNqvb\"><strong>Diverses options de pompes\u00a0:<\/strong> Les pompes interchangeables avec un vaporisateur \u00e0 brume fine ou un bouchon \u00e0 clapet am\u00e9liorent la praticit\u00e9 des flacons de lotion.<\/span><\/span> <\/span><\/div>\n<\/li>\n<li>\n<div class=\"lRu31\" dir=\"ltr\">\n<p><span class=\"HwtZe\" lang=\"en\"><span class=\"jCAhz ChMk0b\"><span class=\"ryNqvb\"><strong>Interaction avec l&#039;emballage intelligent\u00a0:<\/strong> Les codes QR personnalisables permettent de cr\u00e9er des exp\u00e9riences interactives qui relient l&#039;emballage \u00e0 l&#039;histoire de votre marque.<\/span><\/span><\/span><\/p>\n<div class=\"OvtS8d\"><\/div>\n<div id=\"ow35\"><\/div>\n<\/div>\n<div class=\"UdTY9 WdefRb\" aria-hidden=\"true\" data-location=\"2\">\n<div class=\"kO6q6e\"><\/div>\n<\/div>\n<\/li>\n<\/ul>","protected":false},"excerpt":{"rendered":"<p>D\u00e9couvrez nos flacons cosm\u00e9tiques avec pompe et nos pots en verre pour lotion, parfaits pour votre marque de soins de la peau. Verre d\u00e9grad\u00e9 anti-UV et emballages personnalisables.<\/p>","protected":false},"featured_media":4616,"comment_status":"open","ping_status":"closed","template":"","meta":{"_acf_changed":false,"site-sidebar-layout":"default","site-content-layout":"","ast-site-content-layout":"default","site-content-style":"default","site-sidebar-style":"default","ast-global-header-display":"","ast-banner-title-visibility":"","ast-main-header-display":"","ast-hfb-above-header-display":"","ast-hfb-below-header-display":"","ast-hfb-mobile-header-display":"","site-post-title":"","ast-breadcrumbs-content":"","ast-featured-img":"","footer-sml-layout":"","ast-disable-related-posts":"","theme-transparent-header-meta":"default","adv-header-id-meta":"","stick-header-meta":"","header-above-stick-meta":"","header-main-stick-meta":"","header-below-stick-meta":"","astra-migrate-meta-layouts":"set","ast-page-background-enabled":"default","ast-page-background-meta":{"desktop":{"background-color":"var(--ast-global-color-5)","background-image":"","background-repeat":"repeat","background-position":"center center","background-size":"auto","background-attachment":"scroll","background-type":"","background-media":"","overlay-type":"","overlay-color":"","overlay-opacity":"","overlay-gradient":""},"tablet":{"background-color":"","background-image":"","background-repeat":"repeat","background-position":"center center","background-size":"auto","background-attachment":"scroll","background-type":"","background-media":"","overlay-type":"","overlay-color":"","overlay-opacity":"","overlay-gradient":""},"mobile":{"background-color":"","background-image":"","background-repeat":"repeat","background-position":"center center","background-size":"auto","background-attachment":"scroll","background-type":"","background-media":"","overlay-type":"","overlay-color":"","overlay-opacity":"","overlay-gradient":""}},"ast-content-background-meta":{"desktop":{"background-color":"var(--ast-global-color-4)","background-image":"","background-repeat":"repeat","background-position":"center center","background-size":"auto","background-attachment":"scroll","background-type":"","background-media":"","overlay-type":"","overlay-color":"","overlay-opacity":"","overlay-gradient":""},"tablet":{"background-color":"var(--ast-global-color-4)","background-image":"","background-repeat":"repeat","background-position":"center center","background-size":"auto","background-attachment":"scroll","background-type":"","background-media":"","overlay-type":"","overlay-color":"","overlay-opacity":"","overlay-gradient":""},"mobile":{"background-color":"var(--ast-global-color-4)","background-image":"","background-repeat":"repeat","background-position":"center center","background-size":"auto","background-attachment":"scroll","background-type":"","background-media":"","overlay-type":"","overlay-color":"","overlay-opacity":"","overlay-gradient":""}}},"product_brand":[],"product_cat":[236,72,62],"product_tag":[129,120],"class_list":{"0":"post-4615","1":"product","2":"type-product","3":"status-publish","4":"has-post-thumbnail","6":"product_cat-cosmetic-container-set","7":"product_cat-cosmetic-packaging","8":"product_cat-cosmetic-containers","9":"product_tag-cosmetic-bottle-with-pump","10":"product_tag-lotion-glass-jar","11":"desktop-align-left","12":"tablet-align-left","13":"mobile-align-left","15":"first","16":"instock","17":"shipping-taxable","18":"product-type-simple"},"acf":[],"jetpack_sharing_enabled":true,"_links":{"self":[{"href":"https:\/\/theperfumebottles.com\/fr\/wp-json\/wp\/v2\/product\/4615","targetHints":{"allow":["GET"]}}],"collection":[{"href":"https:\/\/theperfumebottles.com\/fr\/wp-json\/wp\/v2\/product"}],"about":[{"href":"https:\/\/theperfumebottles.com\/fr\/wp-json\/wp\/v2\/types\/product"}],"replies":[{"embeddable":true,"href":"https:\/\/theperfumebottles.com\/fr\/wp-json\/wp\/v2\/comments?post=4615"}],"wp:featuredmedia":[{"embeddable":true,"href":"https:\/\/theperfumebottles.com\/fr\/wp-json\/wp\/v2\/media\/4616"}],"wp:attachment":[{"href":"https:\/\/theperfumebottles.com\/fr\/wp-json\/wp\/v2\/media?parent=4615"}],"wp:term":[{"taxonomy":"product_brand","embeddable":true,"href":"https:\/\/theperfumebottles.com\/fr\/wp-json\/wp\/v2\/product_brand?post=4615"},{"taxonomy":"product_cat","embeddable":true,"href":"https:\/\/theperfumebottles.com\/fr\/wp-json\/wp\/v2\/product_cat?post=4615"},{"taxonomy":"product_tag","embeddable":true,"href":"https:\/\/theperfumebottles.com\/fr\/wp-json\/wp\/v2\/product_tag?post=4615"}],"curies":[{"name":"wp","href":"https:\/\/api.w.org\/{rel}","templated":true}]}}