{"id":4644,"date":"2025-07-18T17:49:18","date_gmt":"2025-07-18T09:49:18","guid":{"rendered":"https:\/\/theperfumebottles.com\/?post_type=product&#038;p=4644"},"modified":"2026-03-27T14:30:08","modified_gmt":"2026-03-27T06:30:08","slug":"empty-glass-cosmetic-containers-with-lids-wholesale","status":"publish","type":"product","link":"https:\/\/theperfumebottles.com\/fr\/produit\/empty-glass-cosmetic-containers-with-lids-wholesale\/","title":{"rendered":"Pots cosm\u00e9tiques en verre vides de 30 g et 50 g avec couvercles, vente en gros"},"content":{"rendered":"<p>Ce mod\u00e8le de pots cosm\u00e9tiques avec couvercles arbore un profil cylindrique moderne, avec une base en verre transparent, une bande dor\u00e9e \u00e9l\u00e9gante et un liser\u00e9 dor\u00e9 fin, ainsi qu&#039;un choix de couvercles blancs d\u00e9polis ou transparents.<\/p>\n<h2><span class=\"highlights\" data-v-df95d256=\"\">Sp\u00e9cifications cl\u00e9s<\/span><\/h2>\n<table style=\"border-collapse: collapse; width: 80%; height: 123px; margin-left: auto; margin-right: auto;\" border=\"0\" width=\"144\" cellspacing=\"0\" cellpadding=\"0\">\n<tbody>\n<tr>\n<td width=\"72\">Capacit\u00e9<\/td>\n<td width=\"72\">Forme<\/td>\n<td width=\"72\">M\u00e9thode de scellement<\/td>\n<td width=\"72\">Mat\u00e9riel<\/td>\n<td width=\"72\">Couleur<\/td>\n<td width=\"72\">Usage<\/td>\n<\/tr>\n<tr>\n<td>30 g<\/td>\n<td rowspan=\"2\">c\u00f4t\u00e9s droits<\/td>\n<td rowspan=\"2\">Enfil\u00e9 (plastique\/m\u00e9tal)<\/td>\n<td rowspan=\"2\">Verre cristallin<\/td>\n<td rowspan=\"2\">Givr\u00e9 (Personnalis\u00e9)<\/td>\n<td rowspan=\"2\">Cr\u00e8me contour des yeux, lotion\u2026<\/td>\n<\/tr>\n<tr>\n<td>50 g<\/td>\n<\/tr>\n<\/tbody>\n<\/table>\n<h2><span class=\"highlights\" data-v-df95d256=\"\">Cas de r\u00e9ussite<\/span><\/h2>\n<p>Une marque parisienne de luxe a choisi nos flacons cosm\u00e9tiques de 50 ml avec couvercle et a fait personnaliser leur bouchon blanc d\u00e9poli et leur anneau d\u00e9coratif plaqu\u00e9 or rose. Ces pots de lotion personnalis\u00e9s ont rencontr\u00e9 un immense succ\u00e8s\u00a0: leur design stratifi\u00e9 unique est devenu un \u00e9l\u00e9ment distinctif de la marque, et une \u00e9tude de march\u00e9 a r\u00e9v\u00e9l\u00e9 une augmentation de 25\u00a0% de sa notori\u00e9t\u00e9. La qualit\u00e9 sup\u00e9rieure de leur texture et de leurs mat\u00e9riaux a \u00e9galement entra\u00een\u00e9 une hausse de 50\u00a0% du prix de sa cr\u00e8me r\u00e9paratrice. Fort de ce succ\u00e8s, la marque a command\u00e9 250\u00a0000 pots de lotion suppl\u00e9mentaires pour sa nouvelle gamme d\u2019huile visage et de cr\u00e8me de nuit au CBD.<\/p>\n<h2><span class=\"highlights\" data-v-df95d256=\"\">Conseils de personnalisation pour la vente en gros de contenants de maquillage<\/span><\/h2>\n<ul>\n<li><strong>Des alternatives de look vari\u00e9es :<\/strong> Choisissez entre du verre clair ou d\u00e9poli, avec des nuances d\u00e9grad\u00e9es disponibles pour un effet visuel am\u00e9lior\u00e9.<\/li>\n<li><strong>Tissu souple pour casquette :<\/strong> Disponible en plastique ou en m\u00e9tal, alliant ma\u00eetrise des co\u00fbts et qualit\u00e9 sup\u00e9rieure.<\/li>\n<li><strong>Personnalisation de la marque\u00a0:<\/strong> Les embl\u00e8mes en relief ou les codes QR sont pris en charge pour vous aider \u00e0 raconter l&#039;histoire de votre logo.<\/li>\n<\/ul>","protected":false},"excerpt":{"rendered":"<p>Bo\u00eetes de maquillage haut de gamme en gros, avec base en verre transparent et anneau dor\u00e9 luxueux. Couvercles inclus pour une fra\u00eecheur garantie. Livraison rapide.<\/p>","protected":false},"featured_media":4645,"comment_status":"open","ping_status":"closed","template":"","meta":{"_acf_changed":false,"site-sidebar-layout":"default","site-content-layout":"","ast-site-content-layout":"default","site-content-style":"default","site-sidebar-style":"default","ast-global-header-display":"","ast-banner-title-visibility":"","ast-main-header-display":"","ast-hfb-above-header-display":"","ast-hfb-below-header-display":"","ast-hfb-mobile-header-display":"","site-post-title":"","ast-breadcrumbs-content":"","ast-featured-img":"","footer-sml-layout":"","ast-disable-related-posts":"","theme-transparent-header-meta":"default","adv-header-id-meta":"","stick-header-meta":"","header-above-stick-meta":"","header-main-stick-meta":"","header-below-stick-meta":"","astra-migrate-meta-layouts":"set","ast-page-background-enabled":"default","ast-page-background-meta":{"desktop":{"background-color":"var(--ast-global-color-5)","background-image":"","background-repeat":"repeat","background-position":"center center","background-size":"auto","background-attachment":"scroll","background-type":"","background-media":"","overlay-type":"","overlay-color":"","overlay-opacity":"","overlay-gradient":""},"tablet":{"background-color":"","background-image":"","background-repeat":"repeat","background-position":"center center","background-size":"auto","background-attachment":"scroll","background-type":"","background-media":"","overlay-type":"","overlay-color":"","overlay-opacity":"","overlay-gradient":""},"mobile":{"background-color":"","background-image":"","background-repeat":"repeat","background-position":"center center","background-size":"auto","background-attachment":"scroll","background-type":"","background-media":"","overlay-type":"","overlay-color":"","overlay-opacity":"","overlay-gradient":""}},"ast-content-background-meta":{"desktop":{"background-color":"var(--ast-global-color-4)","background-image":"","background-repeat":"repeat","background-position":"center center","background-size":"auto","background-attachment":"scroll","background-type":"","background-media":"","overlay-type":"","overlay-color":"","overlay-opacity":"","overlay-gradient":""},"tablet":{"background-color":"var(--ast-global-color-4)","background-image":"","background-repeat":"repeat","background-position":"center center","background-size":"auto","background-attachment":"scroll","background-type":"","background-media":"","overlay-type":"","overlay-color":"","overlay-opacity":"","overlay-gradient":""},"mobile":{"background-color":"var(--ast-global-color-4)","background-image":"","background-repeat":"repeat","background-position":"center center","background-size":"auto","background-attachment":"scroll","background-type":"","background-media":"","overlay-type":"","overlay-color":"","overlay-opacity":"","overlay-gradient":""}}},"product_brand":[],"product_cat":[56,62,72],"product_tag":[144,134],"class_list":{"0":"post-4644","1":"product","2":"type-product","3":"status-publish","4":"has-post-thumbnail","6":"product_cat-cosmetic-jars","7":"product_cat-cosmetic-containers","8":"product_cat-cosmetic-packaging","9":"product_tag-lotion-jars-with-lids","10":"product_tag-makeup-containers-wholesale","11":"desktop-align-left","12":"tablet-align-left","13":"mobile-align-left","15":"first","16":"instock","17":"shipping-taxable","18":"product-type-simple"},"acf":[],"jetpack_sharing_enabled":true,"_links":{"self":[{"href":"https:\/\/theperfumebottles.com\/fr\/wp-json\/wp\/v2\/product\/4644","targetHints":{"allow":["GET"]}}],"collection":[{"href":"https:\/\/theperfumebottles.com\/fr\/wp-json\/wp\/v2\/product"}],"about":[{"href":"https:\/\/theperfumebottles.com\/fr\/wp-json\/wp\/v2\/types\/product"}],"replies":[{"embeddable":true,"href":"https:\/\/theperfumebottles.com\/fr\/wp-json\/wp\/v2\/comments?post=4644"}],"wp:featuredmedia":[{"embeddable":true,"href":"https:\/\/theperfumebottles.com\/fr\/wp-json\/wp\/v2\/media\/4645"}],"wp:attachment":[{"href":"https:\/\/theperfumebottles.com\/fr\/wp-json\/wp\/v2\/media?parent=4644"}],"wp:term":[{"taxonomy":"product_brand","embeddable":true,"href":"https:\/\/theperfumebottles.com\/fr\/wp-json\/wp\/v2\/product_brand?post=4644"},{"taxonomy":"product_cat","embeddable":true,"href":"https:\/\/theperfumebottles.com\/fr\/wp-json\/wp\/v2\/product_cat?post=4644"},{"taxonomy":"product_tag","embeddable":true,"href":"https:\/\/theperfumebottles.com\/fr\/wp-json\/wp\/v2\/product_tag?post=4644"}],"curies":[{"name":"wp","href":"https:\/\/api.w.org\/{rel}","templated":true}]}}