{"id":4660,"date":"2025-07-18T17:50:16","date_gmt":"2025-07-18T09:50:16","guid":{"rendered":"https:\/\/theperfumebottles.com\/?post_type=product&#038;p=4660"},"modified":"2025-08-01T09:48:21","modified_gmt":"2025-08-01T01:48:21","slug":"1-oz-makeup-containers-wholesale-skincare-packaging","status":"publish","type":"product","link":"https:\/\/theperfumebottles.com\/fr\/produit\/1-oz-makeup-containers-wholesale-skincare-packaging\/","title":{"rendered":"Contenants de maquillage de 1 oz \u2013 Emballages de soins de la peau en gros"},"content":{"rendered":"<p><span class=\"highlights\" data-v-df95d256=\"\">Vous recherchez des emballages de soins de la peau en gros, alliant esth\u00e9tique et \u00e9co-responsabilit\u00e9\u00a0? Ces flacons de maquillage de 30\u00a0ml sont con\u00e7us pour les marques de soins de la peau en qu\u00eate d&#039;emballages cosm\u00e9tiques qui se d\u00e9marquent. Que vous conditionniez une lotion, une cr\u00e8me pour le visage ou un s\u00e9rum pour les yeux, ces pots en verre offrent une finition fine et transparente, id\u00e9ale pour une exp\u00e9dition rapide. Parfaits pour les conditionnements en gros, ils constituent votre atout majeur pour fid\u00e9liser votre client\u00e8le et valoriser votre site web.<\/span><\/p>\n<h2><span class=\"highlights\" data-v-df95d256=\"\">Sp\u00e9cifications cl\u00e9s<\/span><\/h2>\n<table style=\"border-collapse: collapse;width: 80%;height: 21px;margin-left: auto;margin-right: auto\" border=\"0\" width=\"432\" cellspacing=\"0\" cellpadding=\"0\">\n<tbody>\n<tr style=\"height: 13.50pt\">\n<td style=\"height: 13.50pt;width: 54.00pt\" width=\"72\" height=\"18\">Capacit\u00e9<\/td>\n<td style=\"width: 54.00pt\" width=\"72\">Forme<\/td>\n<td style=\"width: 54.00pt\" width=\"72\">M\u00e9thodes d&#039;\u00e9tanch\u00e9it\u00e9<\/td>\n<td style=\"width: 54.00pt\" width=\"72\">Mat\u00e9riel<\/td>\n<td style=\"width: 54.00pt\" width=\"72\">options de couleur<\/td>\n<td style=\"width: 54.00pt\" width=\"72\">Usage<\/td>\n<\/tr>\n<tr style=\"height: 13.50pt\">\n<td style=\"height: 13.50pt\" height=\"18\">30 g (1 oz)<\/td>\n<td>bord droit<\/td>\n<td>Couvercle en bambou filet\u00e9<\/td>\n<td>Verre cristallin<\/td>\n<td>Givr\u00e9<\/td>\n<td>Cr\u00e8me visage, cr\u00e8me corps, cr\u00e8me contour des yeux, baume \u00e0 l\u00e8vres\u2026<\/td>\n<\/tr>\n<\/tbody>\n<\/table>\n<h2><span class=\"highlights\" data-v-df95d256=\"\">\u00c9tude de cas r\u00e9ussie : La refonte de l&#039;emballage d&#039;une marque de cosm\u00e9tiques naturels <\/span><\/h2>\n<p><span class=\"highlights\" data-v-df95d256=\"\">Une jeune entreprise de soins de la peau avait besoin de flacons de maquillage de 30 ml pour sa nouvelle gamme de cosm\u00e9tiques bio. Nous avons personnalis\u00e9 des pots en verre avec des couvercles en bambou et une finition d\u00e9polie, en accord avec leur engagement \u00e9coresponsable. R\u00e9sultat\u00a0? Une augmentation de 300\u00a0% des ventes en gros d\u2019emballages pour soins de la peau et des avis dithyrambiques vantant la texture fine de la brume.\u00a0<\/span><\/p>","protected":false},"excerpt":{"rendered":"<p>Contenants de maquillage durables de 30 ml pour le conditionnement en gros de produits de soins de la peau. Pots en verre mat avec couvercles en bambou, pr\u00eats \u00e0 \u00eatre exp\u00e9di\u00e9s et enti\u00e8rement personnalisables.<\/p>","protected":false},"featured_media":4661,"comment_status":"open","ping_status":"closed","template":"","meta":{"_acf_changed":false,"site-sidebar-layout":"default","site-content-layout":"","ast-site-content-layout":"default","site-content-style":"default","site-sidebar-style":"default","ast-global-header-display":"","ast-banner-title-visibility":"","ast-main-header-display":"","ast-hfb-above-header-display":"","ast-hfb-below-header-display":"","ast-hfb-mobile-header-display":"","site-post-title":"","ast-breadcrumbs-content":"","ast-featured-img":"","footer-sml-layout":"","ast-disable-related-posts":"","theme-transparent-header-meta":"default","adv-header-id-meta":"","stick-header-meta":"","header-above-stick-meta":"","header-main-stick-meta":"","header-below-stick-meta":"","astra-migrate-meta-layouts":"set","ast-page-background-enabled":"default","ast-page-background-meta":{"desktop":{"background-color":"var(--ast-global-color-5)","background-image":"","background-repeat":"repeat","background-position":"center center","background-size":"auto","background-attachment":"scroll","background-type":"","background-media":"","overlay-type":"","overlay-color":"","overlay-opacity":"","overlay-gradient":""},"tablet":{"background-color":"","background-image":"","background-repeat":"repeat","background-position":"center center","background-size":"auto","background-attachment":"scroll","background-type":"","background-media":"","overlay-type":"","overlay-color":"","overlay-opacity":"","overlay-gradient":""},"mobile":{"background-color":"","background-image":"","background-repeat":"repeat","background-position":"center center","background-size":"auto","background-attachment":"scroll","background-type":"","background-media":"","overlay-type":"","overlay-color":"","overlay-opacity":"","overlay-gradient":""}},"ast-content-background-meta":{"desktop":{"background-color":"var(--ast-global-color-4)","background-image":"","background-repeat":"repeat","background-position":"center center","background-size":"auto","background-attachment":"scroll","background-type":"","background-media":"","overlay-type":"","overlay-color":"","overlay-opacity":"","overlay-gradient":""},"tablet":{"background-color":"var(--ast-global-color-4)","background-image":"","background-repeat":"repeat","background-position":"center center","background-size":"auto","background-attachment":"scroll","background-type":"","background-media":"","overlay-type":"","overlay-color":"","overlay-opacity":"","overlay-gradient":""},"mobile":{"background-color":"var(--ast-global-color-4)","background-image":"","background-repeat":"repeat","background-position":"center center","background-size":"auto","background-attachment":"scroll","background-type":"","background-media":"","overlay-type":"","overlay-color":"","overlay-opacity":"","overlay-gradient":""}}},"product_brand":[],"product_cat":[72,62,56],"product_tag":[139,138],"class_list":{"0":"post-4660","1":"product","2":"type-product","3":"status-publish","4":"has-post-thumbnail","6":"product_cat-cosmetic-packaging","7":"product_cat-cosmetic-containers","8":"product_cat-cosmetic-jars","9":"product_tag-1-oz-makeup-containers","10":"product_tag-wholesale-skincare-packaging","11":"desktop-align-left","12":"tablet-align-left","13":"mobile-align-left","15":"first","16":"instock","17":"shipping-taxable","18":"product-type-simple"},"acf":[],"jetpack_sharing_enabled":true,"_links":{"self":[{"href":"https:\/\/theperfumebottles.com\/fr\/wp-json\/wp\/v2\/product\/4660","targetHints":{"allow":["GET"]}}],"collection":[{"href":"https:\/\/theperfumebottles.com\/fr\/wp-json\/wp\/v2\/product"}],"about":[{"href":"https:\/\/theperfumebottles.com\/fr\/wp-json\/wp\/v2\/types\/product"}],"replies":[{"embeddable":true,"href":"https:\/\/theperfumebottles.com\/fr\/wp-json\/wp\/v2\/comments?post=4660"}],"wp:featuredmedia":[{"embeddable":true,"href":"https:\/\/theperfumebottles.com\/fr\/wp-json\/wp\/v2\/media\/4661"}],"wp:attachment":[{"href":"https:\/\/theperfumebottles.com\/fr\/wp-json\/wp\/v2\/media?parent=4660"}],"wp:term":[{"taxonomy":"product_brand","embeddable":true,"href":"https:\/\/theperfumebottles.com\/fr\/wp-json\/wp\/v2\/product_brand?post=4660"},{"taxonomy":"product_cat","embeddable":true,"href":"https:\/\/theperfumebottles.com\/fr\/wp-json\/wp\/v2\/product_cat?post=4660"},{"taxonomy":"product_tag","embeddable":true,"href":"https:\/\/theperfumebottles.com\/fr\/wp-json\/wp\/v2\/product_tag?post=4660"}],"curies":[{"name":"wp","href":"https:\/\/api.w.org\/{rel}","templated":true}]}}