{"id":4717,"date":"2025-07-21T18:02:38","date_gmt":"2025-07-21T10:02:38","guid":{"rendered":"https:\/\/theperfumebottles.com\/?post_type=product&#038;p=4717"},"modified":"2026-04-02T17:12:44","modified_gmt":"2026-04-02T09:12:44","slug":"skincare-set-30ml-50ml-100ml-120ml-wholesale-cosmetic-jars-with-lids-lotion-bottles","status":"publish","type":"product","link":"https:\/\/theperfumebottles.com\/fr\/produit\/skincare-set-30ml-50ml-100ml-120ml-wholesale-cosmetic-jars-with-lids-lotion-bottles\/","title":{"rendered":"Coffret de soins pour la peau\u00a0: pots cosm\u00e9tiques en gros avec couvercles et flacons de lotion (30\u00a0ml, 50\u00a0ml, 100\u00a0ml, 120\u00a0ml)"},"content":{"rendered":"<p><span class=\"highlights\" data-v-df95d256=\"\">Vous recherchez des flacons de lotion en verre de luxe en gros\u00a0? Ces pots cosm\u00e9tiques avec couvercles, disponibles en gros, allient verre noir et finitions dor\u00e9es pour un design \u00e9l\u00e9gant et moderne. Parfaits pour les marques de soins de la peau qui souhaitent un emballage cosm\u00e9tique aussi fonctionnel qu&#039;esth\u00e9tique. Cr\u00e8mes pour le visage, s\u00e9rums\u2026 vos produits de beaut\u00e9 se d\u00e9marqueront gr\u00e2ce \u00e0 nos pompes \u00e0 brume fine et nos commandes en gros pr\u00eates \u00e0 \u00eatre exp\u00e9di\u00e9es.<\/span><\/p>\n<h2><span class=\"highlights\" data-v-df95d256=\"\">Sp\u00e9cifications cl\u00e9s<\/span><\/h2>\n<table style=\"border-collapse: collapse; width: 80%; margin-left: auto; margin-right: auto;\" border=\"0\" width=\"432\" cellspacing=\"0\" cellpadding=\"0\">\n<tbody>\n<tr style=\"height: 13.50pt;\">\n<td style=\"height: 13.50pt; width: 54.00pt;\" width=\"72\" height=\"18\">Capacit\u00e9<\/td>\n<td style=\"width: 54.00pt;\" width=\"72\">Forme<\/td>\n<td style=\"width: 54.00pt;\" width=\"72\">M\u00e9thodes d&#039;\u00e9tanch\u00e9it\u00e9<\/td>\n<td style=\"width: 54.00pt;\" width=\"72\">Mat\u00e9riel<\/td>\n<td style=\"width: 54.00pt;\" width=\"72\">options de couleur<\/td>\n<td style=\"width: 54.00pt;\" width=\"72\">Usage<\/td>\n<\/tr>\n<tr style=\"height: 13.50pt;\">\n<td style=\"height: 13.50pt;\" height=\"18\">30 ml<\/td>\n<td class=\"et2\" rowspan=\"4\">C\u00f4t\u00e9s droits<\/td>\n<td class=\"et2\" rowspan=\"4\">T\u00eate de pompe + bouchon \u00e0 vis dor\u00e9<\/td>\n<td class=\"et2\" rowspan=\"4\">Verre<\/td>\n<td class=\"et2\" rowspan=\"4\">Noir mat<\/td>\n<td class=\"et2\" rowspan=\"4\">lotion pour le visage, huile cosm\u00e9tique<\/td>\n<\/tr>\n<tr style=\"height: 13.50pt;\">\n<td style=\"height: 13.50pt;\" height=\"18\">50 ml<\/td>\n<\/tr>\n<tr style=\"height: 13.50pt;\">\n<td style=\"height: 13.50pt;\" height=\"18\">100 ml<\/td>\n<\/tr>\n<tr style=\"height: 13.50pt;\">\n<td style=\"height: 13.50pt;\" height=\"18\">120 ml<\/td>\n<\/tr>\n<\/tbody>\n<\/table>\n<h2><span class=\"highlights\" data-v-df95d256=\"\">\u00c9tude de cas r\u00e9ussie : La refonte de l&#039;emballage d&#039;une marque de cosm\u00e9tiques naturels <\/span><\/h2>\n<p><span class=\"highlights\" data-v-df95d256=\"\">Une jeune entreprise de cosm\u00e9tiques naturels recherchait des flacons de lotion en verre en gros, refl\u00e9tant son image de \u00ab luxe minimaliste \u00bb. Nous lui avons fourni des pots de 100 ml en forme de sablier, avec bouchons \u00e0 vis dor\u00e9s et \u00e9tiquettes blanches personnalis\u00e9es. R\u00e9sultat\u00a0? Une augmentation de 300\u00a0% des ventes de pots cosm\u00e9tiques en gros et une mention sur un blog de r\u00e9f\u00e9rence en mati\u00e8re d\u2019emballage beaut\u00e9.<\/span><\/p>\n<h2><span class=\"highlights\" data-v-df95d256=\"\">Conseils de personnalisation pour votre marque <\/span><\/h2>\n<ul>\n<li><span class=\"highlights\" data-v-df95d256=\"\"><strong>Conception de logo :<\/strong> Choisissez une finition mate plut\u00f4t que brillante en fonction du caract\u00e8re de votre logo. <\/span><\/li>\n<li><span class=\"highlights\" data-v-df95d256=\"\"><strong>Variantes de pompes :<\/strong> Choisissez des embouts de pompe pour une application de brume agr\u00e9able ou des bouchons \u00e0 vis pour des formules plus \u00e9paisses.<\/span><\/li>\n<\/ul>","protected":false},"excerpt":{"rendered":"<p>D\u00e9couvrez nos pots cosm\u00e9tiques en gros avec couvercles et nos flacons de lotion en verre pour votre gamme de soins de la peau. \u00c9tiquettes personnalis\u00e9es, livraison rapide et conception \u00e9co-responsable.<\/p>","protected":false},"featured_media":4720,"comment_status":"open","ping_status":"closed","template":"","meta":{"_acf_changed":false,"site-sidebar-layout":"default","site-content-layout":"","ast-site-content-layout":"default","site-content-style":"default","site-sidebar-style":"default","ast-global-header-display":"","ast-banner-title-visibility":"","ast-main-header-display":"","ast-hfb-above-header-display":"","ast-hfb-below-header-display":"","ast-hfb-mobile-header-display":"","site-post-title":"","ast-breadcrumbs-content":"","ast-featured-img":"","footer-sml-layout":"","ast-disable-related-posts":"","theme-transparent-header-meta":"default","adv-header-id-meta":"","stick-header-meta":"","header-above-stick-meta":"","header-main-stick-meta":"","header-below-stick-meta":"","astra-migrate-meta-layouts":"set","ast-page-background-enabled":"default","ast-page-background-meta":{"desktop":{"background-color":"var(--ast-global-color-5)","background-image":"","background-repeat":"repeat","background-position":"center center","background-size":"auto","background-attachment":"scroll","background-type":"","background-media":"","overlay-type":"","overlay-color":"","overlay-opacity":"","overlay-gradient":""},"tablet":{"background-color":"","background-image":"","background-repeat":"repeat","background-position":"center center","background-size":"auto","background-attachment":"scroll","background-type":"","background-media":"","overlay-type":"","overlay-color":"","overlay-opacity":"","overlay-gradient":""},"mobile":{"background-color":"","background-image":"","background-repeat":"repeat","background-position":"center center","background-size":"auto","background-attachment":"scroll","background-type":"","background-media":"","overlay-type":"","overlay-color":"","overlay-opacity":"","overlay-gradient":""}},"ast-content-background-meta":{"desktop":{"background-color":"var(--ast-global-color-4)","background-image":"","background-repeat":"repeat","background-position":"center center","background-size":"auto","background-attachment":"scroll","background-type":"","background-media":"","overlay-type":"","overlay-color":"","overlay-opacity":"","overlay-gradient":""},"tablet":{"background-color":"var(--ast-global-color-4)","background-image":"","background-repeat":"repeat","background-position":"center center","background-size":"auto","background-attachment":"scroll","background-type":"","background-media":"","overlay-type":"","overlay-color":"","overlay-opacity":"","overlay-gradient":""},"mobile":{"background-color":"var(--ast-global-color-4)","background-image":"","background-repeat":"repeat","background-position":"center center","background-size":"auto","background-attachment":"scroll","background-type":"","background-media":"","overlay-type":"","overlay-color":"","overlay-opacity":"","overlay-gradient":""}}},"product_brand":[],"product_cat":[236,62,72],"product_tag":[152,136],"class_list":{"0":"post-4717","1":"product","2":"type-product","3":"status-publish","4":"has-post-thumbnail","6":"product_cat-cosmetic-container-set","7":"product_cat-cosmetic-containers","8":"product_cat-cosmetic-packaging","9":"product_tag-glass-lotion-bottles-wholesale","10":"product_tag-wholesale-cosmetic-jars-with-lids","11":"desktop-align-left","12":"tablet-align-left","13":"mobile-align-left","15":"first","16":"instock","17":"shipping-taxable","18":"product-type-simple"},"acf":[],"jetpack_sharing_enabled":true,"_links":{"self":[{"href":"https:\/\/theperfumebottles.com\/fr\/wp-json\/wp\/v2\/product\/4717","targetHints":{"allow":["GET"]}}],"collection":[{"href":"https:\/\/theperfumebottles.com\/fr\/wp-json\/wp\/v2\/product"}],"about":[{"href":"https:\/\/theperfumebottles.com\/fr\/wp-json\/wp\/v2\/types\/product"}],"replies":[{"embeddable":true,"href":"https:\/\/theperfumebottles.com\/fr\/wp-json\/wp\/v2\/comments?post=4717"}],"wp:featuredmedia":[{"embeddable":true,"href":"https:\/\/theperfumebottles.com\/fr\/wp-json\/wp\/v2\/media\/4720"}],"wp:attachment":[{"href":"https:\/\/theperfumebottles.com\/fr\/wp-json\/wp\/v2\/media?parent=4717"}],"wp:term":[{"taxonomy":"product_brand","embeddable":true,"href":"https:\/\/theperfumebottles.com\/fr\/wp-json\/wp\/v2\/product_brand?post=4717"},{"taxonomy":"product_cat","embeddable":true,"href":"https:\/\/theperfumebottles.com\/fr\/wp-json\/wp\/v2\/product_cat?post=4717"},{"taxonomy":"product_tag","embeddable":true,"href":"https:\/\/theperfumebottles.com\/fr\/wp-json\/wp\/v2\/product_tag?post=4717"}],"curies":[{"name":"wp","href":"https:\/\/api.w.org\/{rel}","templated":true}]}}