{"id":4727,"date":"2025-07-21T18:01:50","date_gmt":"2025-07-21T10:01:50","guid":{"rendered":"https:\/\/theperfumebottles.com\/?post_type=product&#038;p=4727"},"modified":"2026-03-26T17:11:04","modified_gmt":"2026-03-26T09:11:04","slug":"bulk-cosmetic-containers-for-skincare-packaging","status":"publish","type":"product","link":"https:\/\/theperfumebottles.com\/fr\/produit\/bulk-cosmetic-containers-for-skincare-packaging\/","title":{"rendered":"Contenants cosm\u00e9tiques en vrac pour emballage de soins de la peau 20 g"},"content":{"rendered":"<p>Ce flacon cosm\u00e9tique sophistiqu\u00e9 et original est de forme sph\u00e9rique avec un fond en verre luxueux et transparent, et un couvercle en or mat richement textur\u00e9, surmont\u00e9 d&#039;un fin bouton sph\u00e9rique.<\/p>\n<h2><span class=\"highlights\" data-v-df95d256=\"\">Sp\u00e9cifications cl\u00e9s<\/span><\/h2>\n<table style=\"border-collapse: collapse; width: 80%; height: 24px; margin-left: auto; margin-right: auto;\" border=\"0\" width=\"432\" cellspacing=\"0\" cellpadding=\"0\">\n<tbody>\n<tr style=\"height: 13.50pt;\">\n<td style=\"height: 13.50pt; width: 54.00pt;\" width=\"72\" height=\"18\">Capacit\u00e9<\/td>\n<td style=\"width: 54.00pt;\" width=\"72\">Forme<\/td>\n<td style=\"width: 54.00pt;\" width=\"72\">Scellage<\/td>\n<td style=\"width: 54.00pt;\" width=\"72\">Mat\u00e9riel<\/td>\n<td style=\"width: 54.00pt;\" width=\"72\">Options de couleur<\/td>\n<td style=\"width: 54.00pt;\" width=\"72\">Utilisation pour<\/td>\n<\/tr>\n<tr style=\"height: 13.50pt;\">\n<td style=\"height: 13.50pt;\" height=\"18\">20 g<\/td>\n<td>Rond<\/td>\n<td>Bouchon \u00e0 vis + m\u00e9tal\/plastique<\/td>\n<td>Verre<\/td>\n<td>Couleurs claires et personnalis\u00e9es<\/td>\n<td>Cr\u00e8me contour des yeux, s\u00e9rum visage<\/td>\n<\/tr>\n<\/tbody>\n<\/table>\n<h2><span class=\"highlights\" data-v-df95d256=\"\">Cas de r\u00e9ussite<\/span><\/h2>\n<p>Une marque de soins de luxe bas\u00e9e au Moyen-Orient a adopt\u00e9 notre flacon exclusif de 50 ml, dot\u00e9 d&#039;un bouchon personnalis\u00e9 en m\u00e9tal or rose mat et d&#039;un motif finement sculpt\u00e9. Leur strat\u00e9gie marketing s&#039;est articul\u00e9e autour de ce flacon, g\u00e9n\u00e9rant une augmentation de 300 % des interactions sur les r\u00e9seaux sociaux et un taux d&#039;\u00e9coulement de 95 % dans les grands magasins de luxe. Ce succ\u00e8s retentissant a conduit \u00e0 une nouvelle commande de 250\u00a0000 flacons, destin\u00e9s \u00e0 servir d&#039;emballage exclusif pour leur collection Icon, lanc\u00e9e trois ans plus tard.<\/p>\n<h2><span class=\"highlights\" data-v-df95d256=\"\">Conseils de personnalisation pour les contenants cosm\u00e9tiques en vrac<\/span><\/h2>\n<ul>\n<li><span class=\"highlights\" data-v-df95d256=\"\"><strong>Conception de logo :<\/strong> Utilisez des polices minimalistes pour une esth\u00e9tique \u00e9pur\u00e9e ou des clich\u00e9s dynamiques pour une image de marque ambitieuse. <\/span><\/li>\n<li><span class=\"highlights\" data-v-df95d256=\"\"><strong>Options de finition :<\/strong> Ajoutez des marques grav\u00e9es ou du verre teint\u00e9 pour rehausser la pr\u00e9sentation de votre bo\u00eete.<\/span><\/li>\n<\/ul>","protected":false},"excerpt":{"rendered":"<p>Contenants cosm\u00e9tiques sph\u00e9riques de luxe en vrac, avec couvercle dor\u00e9. Emballage cosm\u00e9tique unique pour les marques haut de gamme. Personnalisation possible.<\/p>","protected":false},"featured_media":4728,"comment_status":"open","ping_status":"closed","template":"","meta":{"_acf_changed":false,"site-sidebar-layout":"default","site-content-layout":"","ast-site-content-layout":"default","site-content-style":"default","site-sidebar-style":"default","ast-global-header-display":"","ast-banner-title-visibility":"","ast-main-header-display":"","ast-hfb-above-header-display":"","ast-hfb-below-header-display":"","ast-hfb-mobile-header-display":"","site-post-title":"","ast-breadcrumbs-content":"","ast-featured-img":"","footer-sml-layout":"","ast-disable-related-posts":"","theme-transparent-header-meta":"default","adv-header-id-meta":"","stick-header-meta":"","header-above-stick-meta":"","header-main-stick-meta":"","header-below-stick-meta":"","astra-migrate-meta-layouts":"set","ast-page-background-enabled":"default","ast-page-background-meta":{"desktop":{"background-color":"var(--ast-global-color-5)","background-image":"","background-repeat":"repeat","background-position":"center center","background-size":"auto","background-attachment":"scroll","background-type":"","background-media":"","overlay-type":"","overlay-color":"","overlay-opacity":"","overlay-gradient":""},"tablet":{"background-color":"","background-image":"","background-repeat":"repeat","background-position":"center center","background-size":"auto","background-attachment":"scroll","background-type":"","background-media":"","overlay-type":"","overlay-color":"","overlay-opacity":"","overlay-gradient":""},"mobile":{"background-color":"","background-image":"","background-repeat":"repeat","background-position":"center center","background-size":"auto","background-attachment":"scroll","background-type":"","background-media":"","overlay-type":"","overlay-color":"","overlay-opacity":"","overlay-gradient":""}},"ast-content-background-meta":{"desktop":{"background-color":"var(--ast-global-color-4)","background-image":"","background-repeat":"repeat","background-position":"center center","background-size":"auto","background-attachment":"scroll","background-type":"","background-media":"","overlay-type":"","overlay-color":"","overlay-opacity":"","overlay-gradient":""},"tablet":{"background-color":"var(--ast-global-color-4)","background-image":"","background-repeat":"repeat","background-position":"center center","background-size":"auto","background-attachment":"scroll","background-type":"","background-media":"","overlay-type":"","overlay-color":"","overlay-opacity":"","overlay-gradient":""},"mobile":{"background-color":"var(--ast-global-color-4)","background-image":"","background-repeat":"repeat","background-position":"center center","background-size":"auto","background-attachment":"scroll","background-type":"","background-media":"","overlay-type":"","overlay-color":"","overlay-opacity":"","overlay-gradient":""}}},"product_brand":[],"product_cat":[56,62,72],"product_tag":[155,156],"class_list":{"0":"post-4727","1":"product","2":"type-product","3":"status-publish","4":"has-post-thumbnail","6":"product_cat-cosmetic-jars","7":"product_cat-cosmetic-containers","8":"product_cat-cosmetic-packaging","9":"product_tag-bulk-cosmetic-containers","10":"product_tag-unique-cosmetic-packaging","11":"desktop-align-left","12":"tablet-align-left","13":"mobile-align-left","15":"first","16":"instock","17":"shipping-taxable","18":"product-type-simple"},"acf":[],"jetpack_sharing_enabled":true,"_links":{"self":[{"href":"https:\/\/theperfumebottles.com\/fr\/wp-json\/wp\/v2\/product\/4727","targetHints":{"allow":["GET"]}}],"collection":[{"href":"https:\/\/theperfumebottles.com\/fr\/wp-json\/wp\/v2\/product"}],"about":[{"href":"https:\/\/theperfumebottles.com\/fr\/wp-json\/wp\/v2\/types\/product"}],"replies":[{"embeddable":true,"href":"https:\/\/theperfumebottles.com\/fr\/wp-json\/wp\/v2\/comments?post=4727"}],"wp:featuredmedia":[{"embeddable":true,"href":"https:\/\/theperfumebottles.com\/fr\/wp-json\/wp\/v2\/media\/4728"}],"wp:attachment":[{"href":"https:\/\/theperfumebottles.com\/fr\/wp-json\/wp\/v2\/media?parent=4727"}],"wp:term":[{"taxonomy":"product_brand","embeddable":true,"href":"https:\/\/theperfumebottles.com\/fr\/wp-json\/wp\/v2\/product_brand?post=4727"},{"taxonomy":"product_cat","embeddable":true,"href":"https:\/\/theperfumebottles.com\/fr\/wp-json\/wp\/v2\/product_cat?post=4727"},{"taxonomy":"product_tag","embeddable":true,"href":"https:\/\/theperfumebottles.com\/fr\/wp-json\/wp\/v2\/product_tag?post=4727"}],"curies":[{"name":"wp","href":"https:\/\/api.w.org\/{rel}","templated":true}]}}