{"id":4779,"date":"2025-07-22T17:54:09","date_gmt":"2025-07-22T09:54:09","guid":{"rendered":"https:\/\/theperfumebottles.com\/?post_type=product&#038;p=4779"},"modified":"2026-03-27T16:41:05","modified_gmt":"2026-03-27T08:41:05","slug":"amber-tincture-bottles-with-dropper-glass-bottles-supplier","status":"publish","type":"product","link":"https:\/\/theperfumebottles.com\/fr\/produit\/amber-tincture-bottles-with-dropper-glass-bottles-supplier\/","title":{"rendered":"Flacons de teinture ambr\u00e9s avec compte-gouttes | Flacons en verre de 15 ml \u00e0 120 ml"},"content":{"rendered":"<p>Cette gamme de flacons ambr\u00e9s pour teinture pr\u00e9sente une forme ronde classique, avec un corps droit et des \u00e9paules inclin\u00e9es formant un contour harmonieux entre le corps et le col, pour une allure soign\u00e9e et professionnelle. Fabriqu\u00e9s en verre ambr\u00e9 de qualit\u00e9 sup\u00e9rieure, ces flacons offrent une excellente protection UV aux produits photosensibles. Le col filet\u00e9 est compatible avec diff\u00e9rents syst\u00e8mes de fermeture, tels que les compte-gouttes en aluminium, plastique ou bambou, les vaporisateurs et les pompes doseuses. Disponibles en contenances de 15 ml, 30 ml, 60 ml, 100 ml et 120 ml, ces flacons permettent de cr\u00e9er des gammes de produits flexibles et de d\u00e9velopper une image de marque adapt\u00e9e.<\/p>\n<h2><span class=\"highlights\" data-v-df95d256=\"\">Sp\u00e9cifications cl\u00e9s<\/span><\/h2>\n<table style=\"border-collapse: collapse; width: 879px; height: 272px; margin-left: 200px;\" border=\"0\" width=\"144\" cellspacing=\"0\" cellpadding=\"0\">\n<tbody>\n<tr style=\"height: 13.50pt;\">\n<td style=\"height: 13.50pt; width: 30%;\" width=\"72\" height=\"18\">Produit<\/td>\n<td style=\"width: 54.00pt;\" width=\"72\">Flacon en verre ambr\u00e9 avec compte-gouttes<\/td>\n<\/tr>\n<tr style=\"height: 13.50pt;\">\n<td style=\"height: 13.50pt;\" height=\"18\">Capacit\u00e9<\/td>\n<td>15 ml, 30 ml, 60 ml, 100 ml, 120 ml<\/td>\n<\/tr>\n<tr style=\"height: 13.50pt;\">\n<td style=\"height: 13.50pt;\" height=\"18\">Forme<\/td>\n<td>Un design aux lignes droites pour une esth\u00e9tique moderne<\/td>\n<\/tr>\n<tr style=\"height: 13.50pt;\">\n<td style=\"height: 13.50pt;\" height=\"18\">Options d&#039;accessoires<\/td>\n<td>Pompe \u00e0 lotion, vaporisateur, compte-gouttes, bouchon \u00e0 vis<\/td>\n<\/tr>\n<tr style=\"height: 13.50pt;\">\n<td style=\"height: 13.50pt;\" height=\"18\">Mat\u00e9riel<\/td>\n<td>Verre sodocalcique<\/td>\n<\/tr>\n<tr style=\"height: 13.50pt;\">\n<td style=\"height: 13.50pt;\" height=\"18\">Couleur<\/td>\n<td>Ambre (teinte protectrice contre les UV)<\/td>\n<\/tr>\n<tr style=\"height: 13.50pt;\">\n<td style=\"height: 13.50pt;\" height=\"18\">Utilisation principale<\/td>\n<td>Brumes pour le visage, toniques, huiles corporelles et fournitures d&#039;emballage cosm\u00e9tique<\/td>\n<\/tr>\n<\/tbody>\n<\/table>\n<h2>Application<\/h2>\n<p>Ces flacons ambr\u00e9s pour teintures sont largement utilis\u00e9s dans les secteurs pharmaceutique, cosm\u00e9tique et du bien-\u00eatre. Ils sont parfaitement adapt\u00e9s au conditionnement d&#039;huiles essentielles, de teintures, de s\u00e9rums, d&#039;extraits de plantes et de solutions pour les soins de la peau. Ils conviennent \u00e0 la vente au d\u00e9tail, \u00e0 l&#039;\u00e9tiquetage personnalis\u00e9 et \u00e0 la distribution en vrac, et offrent plusieurs modes de distribution\u00a0: dosage pr\u00e9cis, brumisation ou pompage, garantissant ainsi la protection du produit et une utilisation ais\u00e9e par l&#039;utilisateur final.<\/p>\n<h2><span class=\"highlights\" data-v-df95d256=\"\">\u00c9tude de cas : Une marque avec des distributeurs personnalis\u00e9s <\/span><\/h2>\n<p><span class=\"highlights\" data-v-df95d256=\"\">Une jeune entreprise de soins de la peau, en pleine croissance, s&#039;est associ\u00e9e \u00e0 nous pour concevoir des flacons-pompes cosm\u00e9tiques destin\u00e9s \u00e0 son nouveau s\u00e9rum \u00e0 l&#039;acide hyaluronique. Elle a opt\u00e9 pour des flacons en verre ambr\u00e9 de 100 ml avec vaporisateur \u00e0 brume fine pour une application facile. En commandant ces flacons en gros, elle a r\u00e9duit ses co\u00fbts de 25 % et a lanc\u00e9 une campagne de lancement qui a consid\u00e9rablement am\u00e9lior\u00e9 la visibilit\u00e9 de sa page d&#039;accueil sur Amazon. Ses ventes ont bondi de 40 % en seulement deux mois\u00a0!<\/span><\/p>\n<h2><span class=\"highlights\" data-v-df95d256=\"\">Conseils de personnalisation pour vous <\/span><\/h2>\n<ul>\n<li><span class=\"highlights\" data-v-df95d256=\"\"><strong>Coh\u00e9rence des couleurs :<\/strong> Le verre ambr\u00e9 n&#039;est pas seulement \u00e9l\u00e9gant\u00a0: il prot\u00e8ge de la d\u00e9gradation par la lumi\u00e8re. Privil\u00e9giez-le pour les formules sensibles. <\/span><\/li>\n<li><span class=\"highlights\" data-v-df95d256=\"\"><strong>Amour du label :<\/strong> Ajoutez des logos en relief ou des codes QR \u00e0 votre emballage pour une touche haut de gamme. <\/span><\/li>\n<li><span class=\"highlights\" data-v-df95d256=\"\"><strong>Finition Finesse :<\/strong> Mat ou lisse\u00a0? Choisissez une finition qui refl\u00e8te l\u2019esprit de votre marque\u00a0: mat pour des lignes minimalistes, lisse pour le luxe.<\/span><\/li>\n<\/ul>","protected":false},"excerpt":{"rendered":"<p>Flacons ambr\u00e9s pour teinture en vrac, avec compte-gouttes, spray ou pompe. Id\u00e9aux pour le conditionnement sous marque priv\u00e9e, en gros et pour la fabrication \u00e0 fa\u00e7on d&#039;huiles, de s\u00e9rums et d&#039;extraits.<\/p>","protected":false},"featured_media":7490,"comment_status":"open","ping_status":"closed","template":"","meta":{"_acf_changed":false,"site-sidebar-layout":"default","site-content-layout":"","ast-site-content-layout":"default","site-content-style":"default","site-sidebar-style":"default","ast-global-header-display":"","ast-banner-title-visibility":"","ast-main-header-display":"","ast-hfb-above-header-display":"","ast-hfb-below-header-display":"","ast-hfb-mobile-header-display":"","site-post-title":"","ast-breadcrumbs-content":"","ast-featured-img":"","footer-sml-layout":"","ast-disable-related-posts":"","theme-transparent-header-meta":"default","adv-header-id-meta":"","stick-header-meta":"","header-above-stick-meta":"","header-main-stick-meta":"","header-below-stick-meta":"","astra-migrate-meta-layouts":"set","ast-page-background-enabled":"default","ast-page-background-meta":{"desktop":{"background-color":"var(--ast-global-color-5)","background-image":"","background-repeat":"repeat","background-position":"center center","background-size":"auto","background-attachment":"scroll","background-type":"","background-media":"","overlay-type":"","overlay-color":"","overlay-opacity":"","overlay-gradient":""},"tablet":{"background-color":"","background-image":"","background-repeat":"repeat","background-position":"center center","background-size":"auto","background-attachment":"scroll","background-type":"","background-media":"","overlay-type":"","overlay-color":"","overlay-opacity":"","overlay-gradient":""},"mobile":{"background-color":"","background-image":"","background-repeat":"repeat","background-position":"center center","background-size":"auto","background-attachment":"scroll","background-type":"","background-media":"","overlay-type":"","overlay-color":"","overlay-opacity":"","overlay-gradient":""}},"ast-content-background-meta":{"desktop":{"background-color":"var(--ast-global-color-4)","background-image":"","background-repeat":"repeat","background-position":"center center","background-size":"auto","background-attachment":"scroll","background-type":"","background-media":"","overlay-type":"","overlay-color":"","overlay-opacity":"","overlay-gradient":""},"tablet":{"background-color":"var(--ast-global-color-4)","background-image":"","background-repeat":"repeat","background-position":"center center","background-size":"auto","background-attachment":"scroll","background-type":"","background-media":"","overlay-type":"","overlay-color":"","overlay-opacity":"","overlay-gradient":""},"mobile":{"background-color":"var(--ast-global-color-4)","background-image":"","background-repeat":"repeat","background-position":"center center","background-size":"auto","background-attachment":"scroll","background-type":"","background-media":"","overlay-type":"","overlay-color":"","overlay-opacity":"","overlay-gradient":""}}},"product_brand":[],"product_cat":[59,62,72,57],"product_tag":[165,166],"class_list":{"0":"post-4779","1":"product","2":"type-product","3":"status-publish","4":"has-post-thumbnail","6":"product_cat-glass-dropper-bottles","7":"product_cat-cosmetic-containers","8":"product_cat-cosmetic-packaging","9":"product_cat-essential-oil-bottles","10":"product_tag-cosmetic-pump-dispenser","11":"product_tag-cosmetic-spray-bottles-wholesale","12":"desktop-align-left","13":"tablet-align-left","14":"mobile-align-left","16":"first","17":"instock","18":"shipping-taxable","19":"product-type-simple"},"acf":[],"jetpack_sharing_enabled":true,"_links":{"self":[{"href":"https:\/\/theperfumebottles.com\/fr\/wp-json\/wp\/v2\/product\/4779","targetHints":{"allow":["GET"]}}],"collection":[{"href":"https:\/\/theperfumebottles.com\/fr\/wp-json\/wp\/v2\/product"}],"about":[{"href":"https:\/\/theperfumebottles.com\/fr\/wp-json\/wp\/v2\/types\/product"}],"replies":[{"embeddable":true,"href":"https:\/\/theperfumebottles.com\/fr\/wp-json\/wp\/v2\/comments?post=4779"}],"wp:featuredmedia":[{"embeddable":true,"href":"https:\/\/theperfumebottles.com\/fr\/wp-json\/wp\/v2\/media\/7490"}],"wp:attachment":[{"href":"https:\/\/theperfumebottles.com\/fr\/wp-json\/wp\/v2\/media?parent=4779"}],"wp:term":[{"taxonomy":"product_brand","embeddable":true,"href":"https:\/\/theperfumebottles.com\/fr\/wp-json\/wp\/v2\/product_brand?post=4779"},{"taxonomy":"product_cat","embeddable":true,"href":"https:\/\/theperfumebottles.com\/fr\/wp-json\/wp\/v2\/product_cat?post=4779"},{"taxonomy":"product_tag","embeddable":true,"href":"https:\/\/theperfumebottles.com\/fr\/wp-json\/wp\/v2\/product_tag?post=4779"}],"curies":[{"name":"wp","href":"https:\/\/api.w.org\/{rel}","templated":true}]}}