{"id":4861,"date":"2025-07-24T17:38:18","date_gmt":"2025-07-24T09:38:18","guid":{"rendered":"https:\/\/theperfumebottles.com\/?post_type=product&#038;p=4861"},"modified":"2026-04-01T14:02:53","modified_gmt":"2026-04-01T06:02:53","slug":"cream-storage-jars-empty-skincare-containers-wholesale","status":"publish","type":"product","link":"https:\/\/theperfumebottles.com\/fr\/produit\/cream-storage-jars-empty-skincare-containers-wholesale\/","title":{"rendered":"Pots de cr\u00e8me de 28 ml \u2013 Contenants vides pour soins de la peau, vente en gros"},"content":{"rendered":"<p>Les pots \u00e0 cr\u00e8me pr\u00e9sentent une forme cylindrique compacte et sont disponibles en deux finitions de verre\u00a0: verre d\u00e9poli et verre transparent. Le pot d\u00e9poli est muni d\u2019un couvercle \u00e0 vis en m\u00e9tal argent\u00e9, tandis que le pot transparent est dot\u00e9 d\u2019un couvercle en m\u00e9tal dor\u00e9.<\/p>\n<h2><span class=\"highlights\" data-v-df95d256=\"\">Sp\u00e9cifications cl\u00e9s <\/span><\/h2>\n<table style=\"border-collapse: collapse; width: 600px; height: 81px; margin-left: 320px;\" border=\"0\" width=\"144\" cellspacing=\"0\" cellpadding=\"0\">\n<tbody>\n<tr style=\"height: 13.50pt;\">\n<td style=\"height: 13.50pt; width: 54.00pt;\" width=\"72\" height=\"18\">Fonctionnalit\u00e9<\/td>\n<td style=\"width: 54.00pt;\" width=\"72\">D\u00e9tail<\/td>\n<\/tr>\n<tr style=\"height: 13.50pt;\">\n<td style=\"height: 13.50pt;\" height=\"18\">Capacit\u00e9<\/td>\n<td>30 ml (1 oz)<\/td>\n<\/tr>\n<tr style=\"height: 13.50pt;\">\n<td style=\"height: 13.50pt;\" height=\"18\">Forme<\/td>\n<td>c\u00f4t\u00e9s droits<\/td>\n<\/tr>\n<tr style=\"height: 13.50pt;\">\n<td style=\"height: 13.50pt;\" height=\"18\">M\u00e9canisme d&#039;\u00e9tanch\u00e9it\u00e9<\/td>\n<td>Couvercle m\u00e9tallique filet\u00e9 (personnalisable)<\/td>\n<\/tr>\n<tr style=\"height: 13.50pt;\">\n<td style=\"height: 13.50pt;\" height=\"18\">Mat\u00e9riel<\/td>\n<td>Verre cristallin<\/td>\n<\/tr>\n<tr style=\"height: 13.50pt;\">\n<td style=\"height: 13.50pt;\" height=\"18\">Couleur<\/td>\n<td>Givr\u00e9<\/td>\n<\/tr>\n<tr style=\"height: 13.50pt;\">\n<td style=\"height: 13.50pt;\" height=\"18\">Cas d&#039;utilisation<\/td>\n<td>Cr\u00e8me visage, cr\u00e8me corps, cr\u00e8me contour des yeux, cr\u00e8me pour les l\u00e8vres<\/td>\n<\/tr>\n<\/tbody>\n<\/table>\n<h2>T\u00e9moignage de r\u00e9ussite\u00a0: Commande personnalis\u00e9e aupr\u00e8s d\u2019une marque de soins de la peau haut de gamme des \u00c9mirats arabes unis<\/h2>\n<p>Une marque de soins de la peau bas\u00e9e \u00e0 Duba\u00ef a choisi nos flacons vides de 50 ml et les a personnalis\u00e9s avec des bouchons en argent plaqu\u00e9 or 24 carats et or rose. Le r\u00e9sultat fut spectaculaire\u00a0: le th\u00e8me des m\u00e9taux pr\u00e9cieux s\u2019accordait parfaitement au positionnement haut de gamme de la marque, contribuant \u00e0 une augmentation de 60\u00a0% des ventes de coffrets cadeaux pendant les f\u00eates. Les bouchons m\u00e9talliques herm\u00e9tiques ont prolong\u00e9 la dur\u00e9e de conservation de leurs cr\u00e8mes v\u00e9g\u00e9tales de 30\u00a0%. Fort de ce succ\u00e8s, la marque a pass\u00e9 une commande suppl\u00e9mentaire de 300\u00a0000 flacons pour la production d\u2019une nouvelle gamme d\u2019huiles et de s\u00e9rums pour le visage.<\/p>\n<h2><span class=\"highlights\" data-v-df95d256=\"\"> Conseil pour la personnalisation<\/span><\/h2>\n<ul>\n<li><span class=\"highlights\" data-v-df95d256=\"\"><strong>Options de couleur\u00a0:<\/strong> Pour les collections saisonni\u00e8res, remplacez le verre d\u00e9poli par du verre transparent ou ambr\u00e9. <\/span><\/li>\n<li><span class=\"highlights\" data-v-df95d256=\"\"><strong>Am\u00e9liorations du couvercle\u00a0:<\/strong> Ajoutez une fermeture magn\u00e9tique pour une exp\u00e9rience optimale avec votre bouteille. <\/span><\/li>\n<li><span class=\"highlights\" data-v-df95d256=\"\"><strong>Une touche \u00e9cologique :<\/strong> Associez les emballages vides de produits de soin de la peau \u00e0 des \u00e9tiquettes biod\u00e9gradables ou \u00e0 des encres v\u00e9g\u00e9tales pour vous aligner sur les \u00e9volutions en mati\u00e8re d&#039;emballages de beaut\u00e9 durables.<\/span><\/li>\n<\/ul>","protected":false},"excerpt":{"rendered":"<p>Pots de conservation haut de gamme pour cr\u00e8mes, en verre d\u00e9poli et transparent. Contenants vides pour soins de la peau avec couvercles dor\u00e9s et argent\u00e9s, parfaits pour le conditionnement de cosm\u00e9tiques de luxe. \u00c9chantillons gratuits.<\/p>","protected":false},"featured_media":4862,"comment_status":"open","ping_status":"closed","template":"","meta":{"_acf_changed":false,"site-sidebar-layout":"default","site-content-layout":"","ast-site-content-layout":"default","site-content-style":"default","site-sidebar-style":"default","ast-global-header-display":"","ast-banner-title-visibility":"","ast-main-header-display":"","ast-hfb-above-header-display":"","ast-hfb-below-header-display":"","ast-hfb-mobile-header-display":"","site-post-title":"","ast-breadcrumbs-content":"","ast-featured-img":"","footer-sml-layout":"","ast-disable-related-posts":"","theme-transparent-header-meta":"default","adv-header-id-meta":"","stick-header-meta":"","header-above-stick-meta":"","header-main-stick-meta":"","header-below-stick-meta":"","astra-migrate-meta-layouts":"set","ast-page-background-enabled":"default","ast-page-background-meta":{"desktop":{"background-color":"var(--ast-global-color-5)","background-image":"","background-repeat":"repeat","background-position":"center center","background-size":"auto","background-attachment":"scroll","background-type":"","background-media":"","overlay-type":"","overlay-color":"","overlay-opacity":"","overlay-gradient":""},"tablet":{"background-color":"","background-image":"","background-repeat":"repeat","background-position":"center center","background-size":"auto","background-attachment":"scroll","background-type":"","background-media":"","overlay-type":"","overlay-color":"","overlay-opacity":"","overlay-gradient":""},"mobile":{"background-color":"","background-image":"","background-repeat":"repeat","background-position":"center center","background-size":"auto","background-attachment":"scroll","background-type":"","background-media":"","overlay-type":"","overlay-color":"","overlay-opacity":"","overlay-gradient":""}},"ast-content-background-meta":{"desktop":{"background-color":"var(--ast-global-color-4)","background-image":"","background-repeat":"repeat","background-position":"center center","background-size":"auto","background-attachment":"scroll","background-type":"","background-media":"","overlay-type":"","overlay-color":"","overlay-opacity":"","overlay-gradient":""},"tablet":{"background-color":"var(--ast-global-color-4)","background-image":"","background-repeat":"repeat","background-position":"center center","background-size":"auto","background-attachment":"scroll","background-type":"","background-media":"","overlay-type":"","overlay-color":"","overlay-opacity":"","overlay-gradient":""},"mobile":{"background-color":"var(--ast-global-color-4)","background-image":"","background-repeat":"repeat","background-position":"center center","background-size":"auto","background-attachment":"scroll","background-type":"","background-media":"","overlay-type":"","overlay-color":"","overlay-opacity":"","overlay-gradient":""}}},"product_brand":[],"product_cat":[56,62,72],"product_tag":[181,182],"class_list":{"0":"post-4861","1":"product","2":"type-product","3":"status-publish","4":"has-post-thumbnail","6":"product_cat-cosmetic-jars","7":"product_cat-cosmetic-containers","8":"product_cat-cosmetic-packaging","9":"product_tag-cream-storage-jars","10":"product_tag-empty-skincare-containers","11":"desktop-align-left","12":"tablet-align-left","13":"mobile-align-left","15":"first","16":"instock","17":"shipping-taxable","18":"product-type-simple"},"acf":[],"jetpack_sharing_enabled":true,"_links":{"self":[{"href":"https:\/\/theperfumebottles.com\/fr\/wp-json\/wp\/v2\/product\/4861","targetHints":{"allow":["GET"]}}],"collection":[{"href":"https:\/\/theperfumebottles.com\/fr\/wp-json\/wp\/v2\/product"}],"about":[{"href":"https:\/\/theperfumebottles.com\/fr\/wp-json\/wp\/v2\/types\/product"}],"replies":[{"embeddable":true,"href":"https:\/\/theperfumebottles.com\/fr\/wp-json\/wp\/v2\/comments?post=4861"}],"wp:featuredmedia":[{"embeddable":true,"href":"https:\/\/theperfumebottles.com\/fr\/wp-json\/wp\/v2\/media\/4862"}],"wp:attachment":[{"href":"https:\/\/theperfumebottles.com\/fr\/wp-json\/wp\/v2\/media?parent=4861"}],"wp:term":[{"taxonomy":"product_brand","embeddable":true,"href":"https:\/\/theperfumebottles.com\/fr\/wp-json\/wp\/v2\/product_brand?post=4861"},{"taxonomy":"product_cat","embeddable":true,"href":"https:\/\/theperfumebottles.com\/fr\/wp-json\/wp\/v2\/product_cat?post=4861"},{"taxonomy":"product_tag","embeddable":true,"href":"https:\/\/theperfumebottles.com\/fr\/wp-json\/wp\/v2\/product_tag?post=4861"}],"curies":[{"name":"wp","href":"https:\/\/api.w.org\/{rel}","templated":true}]}}