{"id":4911,"date":"2025-07-25T17:51:40","date_gmt":"2025-07-25T09:51:40","guid":{"rendered":"https:\/\/theperfumebottles.com\/?post_type=product&#038;p=4911"},"modified":"2026-05-05T13:15:47","modified_gmt":"2026-05-05T05:15:47","slug":"beauty-cream-jars-with-lids-for-cosmetic-wholesale","status":"publish","type":"product","link":"https:\/\/theperfumebottles.com\/fr\/produit\/beauty-cream-jars-with-lids-for-cosmetic-wholesale\/","title":{"rendered":"5g \u2013 80g Beauty Cream Jars with Lids for Cosmetic Wholesale"},"content":{"rendered":"<p>Ces pots de cr\u00e8me de beaut\u00e9, de forme cylindrique, sont fabriqu\u00e9s en verre ambr\u00e9 de haute qualit\u00e9 et surmont\u00e9s d&#039;un couvercle noir brillant. Ils se d\u00e9clinent en diff\u00e9rentes tailles, des petits pots d&#039;\u00e9chantillon aux grands contenants de grande contenance.<\/p>\n<h2>Sp\u00e9cifications cl\u00e9s<\/h2>\n<p>&nbsp;<\/p>\n<table style=\"border-collapse: collapse; width: 80%; height: 131px; margin-left: auto; margin-right: auto;\" border=\"0\" width=\"144\" cellspacing=\"0\" cellpadding=\"0\">\n<tbody>\n<tr style=\"height: 13.50pt;\">\n<td style=\"height: 13.5pt; width: 54pt; text-align: center;\" width=\"72\" height=\"18\">Attribut<\/td>\n<td style=\"width: 54pt; text-align: center;\" width=\"72\">D\u00e9tails<\/td>\n<\/tr>\n<tr style=\"height: 13.50pt;\">\n<td style=\"height: 13.5pt; text-align: center;\" height=\"18\">Capacity(g)<\/td>\n<td style=\"text-align: center;\">5, 8, 15, 30, 40, 50, 80<\/td>\n<\/tr>\n<tr style=\"height: 13.50pt;\">\n<td style=\"height: 13.5pt; text-align: center;\" height=\"18\">M\u00e9canisme d&#039;\u00e9tanch\u00e9it\u00e9<\/td>\n<td style=\"text-align: center;\">Col filet\u00e9 + couvercle en m\u00e9tal (personnalisable)<\/td>\n<\/tr>\n<tr style=\"height: 13.50pt;\">\n<td style=\"height: 13.5pt; text-align: center;\" height=\"18\">Forme<\/td>\n<td style=\"text-align: center;\">Rond<\/td>\n<\/tr>\n<tr style=\"height: 13.50pt;\">\n<td style=\"height: 13.5pt; text-align: center;\" height=\"18\">Mat\u00e9riel<\/td>\n<td style=\"text-align: center;\">Verre cristallin<\/td>\n<\/tr>\n<tr style=\"height: 13.50pt;\">\n<td style=\"height: 13.5pt; text-align: center;\" height=\"18\">Couleur<\/td>\n<td style=\"text-align: center;\">Ambre (couleurs personnalis\u00e9es disponibles)<\/td>\n<\/tr>\n<tr style=\"height: 13.50pt;\">\n<td style=\"height: 13.5pt; text-align: center;\" height=\"18\">Cas d&#039;utilisation<\/td>\n<td style=\"text-align: center;\">Emballages pour cr\u00e8mes, masques et pommades pour les yeux<\/td>\n<\/tr>\n<\/tbody>\n<\/table>\n<h2>Histoire \u00e0 succ\u00e8s<\/h2>\n<p>Une entreprise de soins de la peau a choisi nos pots cosm\u00e9tiques ambr\u00e9s \u00e0 couvercle rond de 15 g, 30 g, 50 g et 80 g. Elle a fait s\u00e9rigraphier les num\u00e9ros d&#039;\u00e9tape (1 \u00e0 4) et cr\u00e9er des scell\u00e9s de s\u00e9curit\u00e9 sur mesure. La protection UV, essentielle, a prolong\u00e9 la dur\u00e9e de conservation de la formule de 40 ans. Ce syst\u00e8me de soin complet a \u00e9galement entra\u00een\u00e9 une augmentation de 30 % des ventes du coffret complet par rapport \u00e0 l&#039;achat d&#039;un seul produit. Fort de ce succ\u00e8s, la marque a command\u00e9 1,5 million de pots suppl\u00e9mentaires pour conditionner sa nouvelle gamme de soins post-op\u00e9ratoires et sa cr\u00e8me solaire.<\/p>\n<h2>Conseils de personnalisation<\/h2>\n<ul>\n<li><strong>Contraste des couleurs :<\/strong> Associez le verre ambr\u00e9 \u00e0 des \u00e9tiquettes dor\u00e9es ou blanches pour un aspect haut de gamme.<\/li>\n<li><strong>Compatibilit\u00e9 avec les brumes fines\u00a0:<\/strong> Ajouter une pompe ou un compte-gouttes pour certains logiciels.<\/li>\n<li><strong>Texture et design tactile\u00a0:<\/strong> Ajoutez des motifs en relief ou des textures en relief sur le bocal en verre pour une meilleure prise en main et un attrait visuel accru.<\/li>\n<\/ul>","protected":false},"excerpt":{"rendered":"<p data-spm-anchor-id=\"5176.28103460.0.i4.29ab1db8t1fv9E\">Cr\u00e8mes de beaut\u00e9 en pots de verre ambr\u00e9 de 5 g \u00e0 80 g avec \u00e9l\u00e9gants couvercles noirs. Ces pots cosm\u00e9tiques avec couvercle garantissent une protection UV et une fra\u00eecheur optimale. \u00c9chantillons gratuits disponibles.<\/p>","protected":false},"featured_media":7784,"comment_status":"open","ping_status":"closed","template":"","meta":{"_acf_changed":false,"site-sidebar-layout":"default","site-content-layout":"","ast-site-content-layout":"default","site-content-style":"default","site-sidebar-style":"default","ast-global-header-display":"","ast-banner-title-visibility":"","ast-main-header-display":"","ast-hfb-above-header-display":"","ast-hfb-below-header-display":"","ast-hfb-mobile-header-display":"","site-post-title":"","ast-breadcrumbs-content":"","ast-featured-img":"","footer-sml-layout":"","ast-disable-related-posts":"","theme-transparent-header-meta":"default","adv-header-id-meta":"","stick-header-meta":"","header-above-stick-meta":"","header-main-stick-meta":"","header-below-stick-meta":"","astra-migrate-meta-layouts":"set","ast-page-background-enabled":"default","ast-page-background-meta":{"desktop":{"background-color":"var(--ast-global-color-5)","background-image":"","background-repeat":"repeat","background-position":"center center","background-size":"auto","background-attachment":"scroll","background-type":"","background-media":"","overlay-type":"","overlay-color":"","overlay-opacity":"","overlay-gradient":""},"tablet":{"background-color":"","background-image":"","background-repeat":"repeat","background-position":"center center","background-size":"auto","background-attachment":"scroll","background-type":"","background-media":"","overlay-type":"","overlay-color":"","overlay-opacity":"","overlay-gradient":""},"mobile":{"background-color":"","background-image":"","background-repeat":"repeat","background-position":"center center","background-size":"auto","background-attachment":"scroll","background-type":"","background-media":"","overlay-type":"","overlay-color":"","overlay-opacity":"","overlay-gradient":""}},"ast-content-background-meta":{"desktop":{"background-color":"var(--ast-global-color-4)","background-image":"","background-repeat":"repeat","background-position":"center center","background-size":"auto","background-attachment":"scroll","background-type":"","background-media":"","overlay-type":"","overlay-color":"","overlay-opacity":"","overlay-gradient":""},"tablet":{"background-color":"var(--ast-global-color-4)","background-image":"","background-repeat":"repeat","background-position":"center center","background-size":"auto","background-attachment":"scroll","background-type":"","background-media":"","overlay-type":"","overlay-color":"","overlay-opacity":"","overlay-gradient":""},"mobile":{"background-color":"var(--ast-global-color-4)","background-image":"","background-repeat":"repeat","background-position":"center center","background-size":"auto","background-attachment":"scroll","background-type":"","background-media":"","overlay-type":"","overlay-color":"","overlay-opacity":"","overlay-gradient":""}}},"product_brand":[],"product_cat":[56,62,72],"product_tag":[189,190],"class_list":{"0":"post-4911","1":"product","2":"type-product","3":"status-publish","4":"has-post-thumbnail","6":"product_cat-cosmetic-jars","7":"product_cat-cosmetic-containers","8":"product_cat-cosmetic-packaging","9":"product_tag-beauty-cream-jar","10":"product_tag-cosmetic-pots-with-lids","11":"desktop-align-left","12":"tablet-align-left","13":"mobile-align-left","15":"first","16":"instock","17":"shipping-taxable","18":"product-type-simple"},"acf":[],"jetpack_sharing_enabled":true,"_links":{"self":[{"href":"https:\/\/theperfumebottles.com\/fr\/wp-json\/wp\/v2\/product\/4911","targetHints":{"allow":["GET"]}}],"collection":[{"href":"https:\/\/theperfumebottles.com\/fr\/wp-json\/wp\/v2\/product"}],"about":[{"href":"https:\/\/theperfumebottles.com\/fr\/wp-json\/wp\/v2\/types\/product"}],"replies":[{"embeddable":true,"href":"https:\/\/theperfumebottles.com\/fr\/wp-json\/wp\/v2\/comments?post=4911"}],"wp:featuredmedia":[{"embeddable":true,"href":"https:\/\/theperfumebottles.com\/fr\/wp-json\/wp\/v2\/media\/7784"}],"wp:attachment":[{"href":"https:\/\/theperfumebottles.com\/fr\/wp-json\/wp\/v2\/media?parent=4911"}],"wp:term":[{"taxonomy":"product_brand","embeddable":true,"href":"https:\/\/theperfumebottles.com\/fr\/wp-json\/wp\/v2\/product_brand?post=4911"},{"taxonomy":"product_cat","embeddable":true,"href":"https:\/\/theperfumebottles.com\/fr\/wp-json\/wp\/v2\/product_cat?post=4911"},{"taxonomy":"product_tag","embeddable":true,"href":"https:\/\/theperfumebottles.com\/fr\/wp-json\/wp\/v2\/product_tag?post=4911"}],"curies":[{"name":"wp","href":"https:\/\/api.w.org\/{rel}","templated":true}]}}