{"id":4990,"date":"2025-07-29T17:27:28","date_gmt":"2025-07-29T09:27:28","guid":{"rendered":"https:\/\/theperfumebottles.com\/?post_type=product&#038;p=4990"},"modified":"2026-03-30T14:38:28","modified_gmt":"2026-03-30T06:38:28","slug":"custom-1-oz-cosmetic-jars-with-lids-wholesale","status":"publish","type":"product","link":"https:\/\/theperfumebottles.com\/fr\/produit\/custom-1-oz-cosmetic-jars-with-lids-wholesale\/","title":{"rendered":"Pots cosm\u00e9tiques personnalis\u00e9s avec couvercles, de 5 g \u00e0 80 g, en gros"},"content":{"rendered":"<p>Ce sont des pots cosm\u00e9tiques ronds de 30 ml (1 oz) disponibles en deux types de verre\u00a0: verre d\u00e9poli et verre cristallin. Ils sont conditionn\u00e9s dans des flacons cylindriques en verre. Les pots sont munis d\u2019une vis standard et peuvent \u00eatre coiff\u00e9s d\u2019un bouchon \u00e0 vis m\u00e9tallique noir, argent\u00e9 ou dor\u00e9.<\/p>\n<h2><strong data-spm-anchor-id=\"5176.28103460.0.i23.29ab1db81jJxsg\">Sp\u00e9cifications cl\u00e9s<\/strong><\/h2>\n<table style=\"border-collapse: collapse; width: 80%; margin-left: auto; margin-right: auto;\" border=\"0\" width=\"360\" cellspacing=\"0\" cellpadding=\"0\">\n<tbody>\n<tr style=\"height: 13.50pt;\">\n<td style=\"height: 13.50pt; width: 54.00pt;\" width=\"72\" height=\"18\">Capacit\u00e9<\/td>\n<td style=\"width: 54.00pt;\" width=\"72\">M\u00e9thode de scellement<\/td>\n<td style=\"width: 54.00pt;\" width=\"72\">Mat\u00e9riel<\/td>\n<td style=\"width: 54.00pt;\" width=\"72\">options de couleur<\/td>\n<td style=\"width: 54.00pt;\" width=\"72\">Usage<\/td>\n<\/tr>\n<tr style=\"height: 13.50pt;\">\n<td style=\"height: 13.50pt;\" height=\"18\">5 g<\/td>\n<td class=\"et2\" rowspan=\"7\">Col filet\u00e9 + couvercle en plastique\/m\u00e9tal<\/td>\n<td class=\"et2\" rowspan=\"7\">Verre cristallin<\/td>\n<td class=\"et2\" rowspan=\"7\">Couvercle ambr\u00e9, mat ou dor\u00e9, ou selon vos besoins<\/td>\n<td class=\"et2\" rowspan=\"7\">Cr\u00e8me visage, cr\u00e8me corps, cr\u00e8me contour des yeux, cr\u00e8me l\u00e8vres\u2026<\/td>\n<\/tr>\n<tr style=\"height: 13.50pt;\">\n<td style=\"height: 13.50pt;\" height=\"18\">10 g<\/td>\n<\/tr>\n<tr style=\"height: 13.50pt;\">\n<td style=\"height: 13.50pt;\" height=\"18\">15 g (0,5 oz)<\/td>\n<\/tr>\n<tr style=\"height: 13.50pt;\">\n<td style=\"height: 13.50pt;\" height=\"18\">20 g<\/td>\n<\/tr>\n<tr style=\"height: 13.50pt;\">\n<td style=\"height: 13.50pt;\" height=\"18\">30 g (1 oz)<\/td>\n<\/tr>\n<tr style=\"height: 13.50pt;\">\n<td style=\"height: 13.50pt;\" height=\"18\">50 g<\/td>\n<\/tr>\n<tr style=\"height: 13.50pt;\">\n<td style=\"height: 13.50pt;\" height=\"18\">80 g<\/td>\n<\/tr>\n<\/tbody>\n<\/table>\n<h2>T\u00e9moignage de r\u00e9ussite\u00a0: Commande personnalis\u00e9e aupr\u00e8s d\u2019une marque am\u00e9ricaine de soins de la peau biologiques<\/h2>\n<p>Notre syst\u00e8me d&#039;emballage cosm\u00e9tique sur mesure a \u00e9t\u00e9 choisi par une marque californienne de soins bio pour la peau. Cette marque utilisait des flacons en verre transparent avec des bouchons dor\u00e9s. Cette solution d&#039;emballage personnalis\u00e9e a eu un impact consid\u00e9rable\u00a0: le taux de conversion en ligne a progress\u00e9 de 20\u00a0% et les bouchons m\u00e9talliques de haute qualit\u00e9 ont assur\u00e9 une \u00e9tanch\u00e9it\u00e9 parfaite, prolongeant ainsi la dur\u00e9e de conservation de leurs huiles essentielles naturelles de 30\u00a0ans et mettant parfaitement en valeur la texture du s\u00e9rum contenu dans les flacons transparents. Forte de ce succ\u00e8s, la marque a command\u00e9 420\u00a0000\u00a0flacons suppl\u00e9mentaires pour lancer une nouvelle gamme de soins cibl\u00e9s et conclure un partenariat avec une soci\u00e9t\u00e9 de box par abonnement.<\/p>\n<h2>Solutions d&#039;emballage cosm\u00e9tique personnalis\u00e9es<\/h2>\n<ul>\n<li>Mat\u00e9riau et finition du couvercle\u00a0: Outre le m\u00e9tal standard, de nombreuses options de couleurs personnalis\u00e9es sont disponibles, telles que le bambou, le li\u00e8ge ou le plastique mat.<\/li>\n<li>Formats personnalis\u00e9s\u00a0: Cr\u00e9ez des formats non standard sp\u00e9cialis\u00e9s (par exemple, un format voyage de 1,7 oz).<\/li>\n<li>Joint int\u00e9rieur : Pour plus de fra\u00eecheur, ajoutez une feuille d&#039;aluminium ou un joint \u00e0 capteur sous le bouchon.<\/li>\n<\/ul>","protected":false},"excerpt":{"rendered":"<p>Pots cosm\u00e9tiques de 30 ml pour les soins de la peau et la beaut\u00e9. Emballage cosm\u00e9tique personnalis\u00e9 avec verre anti-UV, prix de gros et exp\u00e9dition imm\u00e9diate.<\/p>","protected":false},"featured_media":4994,"comment_status":"open","ping_status":"closed","template":"","meta":{"_acf_changed":false,"site-sidebar-layout":"default","site-content-layout":"","ast-site-content-layout":"default","site-content-style":"default","site-sidebar-style":"default","ast-global-header-display":"","ast-banner-title-visibility":"","ast-main-header-display":"","ast-hfb-above-header-display":"","ast-hfb-below-header-display":"","ast-hfb-mobile-header-display":"","site-post-title":"","ast-breadcrumbs-content":"","ast-featured-img":"","footer-sml-layout":"","ast-disable-related-posts":"","theme-transparent-header-meta":"default","adv-header-id-meta":"","stick-header-meta":"","header-above-stick-meta":"","header-main-stick-meta":"","header-below-stick-meta":"","astra-migrate-meta-layouts":"set","ast-page-background-enabled":"default","ast-page-background-meta":{"desktop":{"background-color":"var(--ast-global-color-5)","background-image":"","background-repeat":"repeat","background-position":"center center","background-size":"auto","background-attachment":"scroll","background-type":"","background-media":"","overlay-type":"","overlay-color":"","overlay-opacity":"","overlay-gradient":""},"tablet":{"background-color":"","background-image":"","background-repeat":"repeat","background-position":"center center","background-size":"auto","background-attachment":"scroll","background-type":"","background-media":"","overlay-type":"","overlay-color":"","overlay-opacity":"","overlay-gradient":""},"mobile":{"background-color":"","background-image":"","background-repeat":"repeat","background-position":"center center","background-size":"auto","background-attachment":"scroll","background-type":"","background-media":"","overlay-type":"","overlay-color":"","overlay-opacity":"","overlay-gradient":""}},"ast-content-background-meta":{"desktop":{"background-color":"var(--ast-global-color-4)","background-image":"","background-repeat":"repeat","background-position":"center center","background-size":"auto","background-attachment":"scroll","background-type":"","background-media":"","overlay-type":"","overlay-color":"","overlay-opacity":"","overlay-gradient":""},"tablet":{"background-color":"var(--ast-global-color-4)","background-image":"","background-repeat":"repeat","background-position":"center center","background-size":"auto","background-attachment":"scroll","background-type":"","background-media":"","overlay-type":"","overlay-color":"","overlay-opacity":"","overlay-gradient":""},"mobile":{"background-color":"var(--ast-global-color-4)","background-image":"","background-repeat":"repeat","background-position":"center center","background-size":"auto","background-attachment":"scroll","background-type":"","background-media":"","overlay-type":"","overlay-color":"","overlay-opacity":"","overlay-gradient":""}}},"product_brand":[],"product_cat":[56,62,72],"product_tag":[203,202],"class_list":{"0":"post-4990","1":"product","2":"type-product","3":"status-publish","4":"has-post-thumbnail","6":"product_cat-cosmetic-jars","7":"product_cat-cosmetic-containers","8":"product_cat-cosmetic-packaging","9":"product_tag-1-oz-cosmetic-jars","10":"product_tag-custom-cosmetic-packaging","11":"desktop-align-left","12":"tablet-align-left","13":"mobile-align-left","15":"first","16":"instock","17":"shipping-taxable","18":"product-type-simple"},"acf":[],"jetpack_sharing_enabled":true,"_links":{"self":[{"href":"https:\/\/theperfumebottles.com\/fr\/wp-json\/wp\/v2\/product\/4990","targetHints":{"allow":["GET"]}}],"collection":[{"href":"https:\/\/theperfumebottles.com\/fr\/wp-json\/wp\/v2\/product"}],"about":[{"href":"https:\/\/theperfumebottles.com\/fr\/wp-json\/wp\/v2\/types\/product"}],"replies":[{"embeddable":true,"href":"https:\/\/theperfumebottles.com\/fr\/wp-json\/wp\/v2\/comments?post=4990"}],"wp:featuredmedia":[{"embeddable":true,"href":"https:\/\/theperfumebottles.com\/fr\/wp-json\/wp\/v2\/media\/4994"}],"wp:attachment":[{"href":"https:\/\/theperfumebottles.com\/fr\/wp-json\/wp\/v2\/media?parent=4990"}],"wp:term":[{"taxonomy":"product_brand","embeddable":true,"href":"https:\/\/theperfumebottles.com\/fr\/wp-json\/wp\/v2\/product_brand?post=4990"},{"taxonomy":"product_cat","embeddable":true,"href":"https:\/\/theperfumebottles.com\/fr\/wp-json\/wp\/v2\/product_cat?post=4990"},{"taxonomy":"product_tag","embeddable":true,"href":"https:\/\/theperfumebottles.com\/fr\/wp-json\/wp\/v2\/product_tag?post=4990"}],"curies":[{"name":"wp","href":"https:\/\/api.w.org\/{rel}","templated":true}]}}