{"id":5245,"date":"2025-08-07T10:30:11","date_gmt":"2025-08-07T02:30:11","guid":{"rendered":"https:\/\/theperfumebottles.com\/?post_type=product&#038;p=5245"},"modified":"2026-03-30T14:21:28","modified_gmt":"2026-03-30T06:21:28","slug":"essential-oil-glass-roller-bottles-for-packaging-wholesale","status":"publish","type":"product","link":"https:\/\/theperfumebottles.com\/fr\/produit\/essential-oil-glass-roller-bottles-for-packaging-wholesale\/","title":{"rendered":"Flacons roll-on en verre pour huiles essentielles de 1 ml \u00e0 100 ml, destin\u00e9s \u00e0 la vente en gros"},"content":{"rendered":"<p>Vous recherchez des flacons roll-on en verre alliant pr\u00e9cision et \u00e9l\u00e9gance\u00a0? Ces flacons roll-on pour huiles essentielles sont con\u00e7us pour les marques qui souhaitent un packaging cosm\u00e9tique qui se d\u00e9marque.<\/p>\n<h2><strong data-spm-anchor-id=\"5176.28103460.0.i9.29ab1db8AYaOUi\">Sp\u00e9cifications cl\u00e9s<\/strong><\/h2>\n<table style=\"margin-left: auto; margin-right: auto; border-collapse: collapse; width: 80%;\" border=\"0\" width=\"144\" cellspacing=\"0\" cellpadding=\"0\">\n<tbody>\n<tr style=\"height: 13.50pt;\">\n<td style=\"height: 13.5pt; width: 54pt; text-align: center;\" width=\"72\" height=\"18\">Fonctionnalit\u00e9<\/td>\n<td style=\"width: 54pt; text-align: center;\" width=\"72\">D\u00e9tails<\/td>\n<\/tr>\n<tr style=\"height: 13.50pt;\">\n<td style=\"height: 13.5pt; text-align: center;\" height=\"18\">Capacit\u00e9<\/td>\n<td style=\"text-align: center;\">1 ml, 2 ml, 3 ml, 5 ml, 10 ml, 15 ml, 20 ml, 30 ml, 50 ml, 100 ml<\/td>\n<\/tr>\n<tr style=\"height: 13.50pt;\">\n<td style=\"height: 13.5pt; text-align: center;\" height=\"18\">Mat\u00e9riel<\/td>\n<td style=\"text-align: center;\">Verre cristallin<\/td>\n<\/tr>\n<tr style=\"height: 13.50pt;\">\n<td style=\"height: 13.5pt; text-align: center;\" height=\"18\">M\u00e9canisme d&#039;\u00e9tanch\u00e9it\u00e9<\/td>\n<td style=\"text-align: center;\">Roll-on (embout \u00e0 rouleau m\u00e9tallique)<\/td>\n<\/tr>\n<tr style=\"height: 13.50pt;\">\n<td style=\"height: 13.5pt; text-align: center;\" height=\"18\">Couleur<\/td>\n<td style=\"text-align: center;\">Ambre\/Noir\/Marron\/Vert\/Transparent<\/td>\n<\/tr>\n<tr style=\"height: 13.50pt;\">\n<td style=\"height: 13.5pt; text-align: center;\" height=\"18\">Usage<\/td>\n<td style=\"text-align: center;\">Huiles essentielles\/Parfums\/Produits chimiques de laboratoire\u2026<\/td>\n<\/tr>\n<\/tbody>\n<\/table>\n<h2>Cas de r\u00e9ussite<\/h2>\n<p>Une entreprise australienne de produits de sant\u00e9 naturels avait un besoin urgent d&#039;un stock important de flacons roll-on pour huiles essentielles. Elle a finalement opt\u00e9 pour les flacons roll-on en verre ambr\u00e9 de 50 ml que nous proposions. Nous avons \u00e9galement fabriqu\u00e9 les billes roll-on en acier inoxydable pour une application plus douce et facile lors de la personnalisation et les avons \u00e9quip\u00e9es de bouchons noirs mats pour un style moderne et \u00e9l\u00e9gant. De plus, le client a choisi la s\u00e9rigraphie pour imprimer son logo et une finition d\u00e9polie pour diff\u00e9rencier les formulations et versions de produits, car il souhaitait utiliser diff\u00e9rents lots.<\/p>\n<p>Le produit a enregistr\u00e9 une croissance de 30 % au cours des deux premiers mois suivant son lancement. Face \u00e0 cet accueil favorable du march\u00e9, le client a imm\u00e9diatement pass\u00e9 une nouvelle commande et \u00e9tendu cette solution d&#039;emballage \u00e0 d&#039;autres gammes de produits \u00e0 base de m\u00e9langes d&#039;huiles essentielles.<\/p>\n<h2>\u00a0Suggestion de personnalisation<\/h2>\n<ul>\n<li><strong>Options opaques \u00e0 la lumi\u00e8re\u00a0:<\/strong> Le verre brun convient aux huiles essentielles ; le verre vert est adapt\u00e9 aux parfums et \u00e0 une utilisation en laboratoire.<\/li>\n<li><strong>\u00c9l\u00e9gant et durable :<\/strong> Tr\u00e8s en vogue en 2025, les couleurs mates \u00e0 saturation extr\u00eame (comme le bleu Klein et le vert fluorescent) s&#039;associent \u00e0 l&#039;impression UV et \u00e0 des \u00e9tiquettes r\u00e9sistantes \u00e0 l&#039;usure. Le syst\u00e8me \u00e0 bille et capuchon garantit une hygi\u00e8ne optimale.<\/li>\n<li><strong>Tailles polyvalentes :<\/strong> Disponible en formats de 1 ml \u00e0 100 ml (5 ml pour les voyages, 30 ml \u00e9l\u00e9gant) pour satisfaire de nombreux souhaits en mati\u00e8re d&#039;emballage.<\/li>\n<\/ul>","protected":false},"excerpt":{"rendered":"<p>D\u00e9couvrez nos flacons roll-on en verre pour huiles essentielles, propos\u00e9s par un fournisseur de confiance d&#039;emballages cosm\u00e9tiques. R\u00e9sistants, pr\u00eats \u00e0 \u00eatre exp\u00e9di\u00e9s et personnalisables pour les commandes en gros.<\/p>","protected":false},"featured_media":7498,"comment_status":"open","ping_status":"closed","template":"","meta":{"_acf_changed":false,"site-sidebar-layout":"default","site-content-layout":"","ast-site-content-layout":"default","site-content-style":"default","site-sidebar-style":"default","ast-global-header-display":"","ast-banner-title-visibility":"","ast-main-header-display":"","ast-hfb-above-header-display":"","ast-hfb-below-header-display":"","ast-hfb-mobile-header-display":"","site-post-title":"","ast-breadcrumbs-content":"","ast-featured-img":"","footer-sml-layout":"","ast-disable-related-posts":"","theme-transparent-header-meta":"default","adv-header-id-meta":"","stick-header-meta":"","header-above-stick-meta":"","header-main-stick-meta":"","header-below-stick-meta":"","astra-migrate-meta-layouts":"set","ast-page-background-enabled":"default","ast-page-background-meta":{"desktop":{"background-color":"var(--ast-global-color-5)","background-image":"","background-repeat":"repeat","background-position":"center center","background-size":"auto","background-attachment":"scroll","background-type":"","background-media":"","overlay-type":"","overlay-color":"","overlay-opacity":"","overlay-gradient":""},"tablet":{"background-color":"","background-image":"","background-repeat":"repeat","background-position":"center center","background-size":"auto","background-attachment":"scroll","background-type":"","background-media":"","overlay-type":"","overlay-color":"","overlay-opacity":"","overlay-gradient":""},"mobile":{"background-color":"","background-image":"","background-repeat":"repeat","background-position":"center center","background-size":"auto","background-attachment":"scroll","background-type":"","background-media":"","overlay-type":"","overlay-color":"","overlay-opacity":"","overlay-gradient":""}},"ast-content-background-meta":{"desktop":{"background-color":"var(--ast-global-color-4)","background-image":"","background-repeat":"repeat","background-position":"center center","background-size":"auto","background-attachment":"scroll","background-type":"","background-media":"","overlay-type":"","overlay-color":"","overlay-opacity":"","overlay-gradient":""},"tablet":{"background-color":"var(--ast-global-color-4)","background-image":"","background-repeat":"repeat","background-position":"center center","background-size":"auto","background-attachment":"scroll","background-type":"","background-media":"","overlay-type":"","overlay-color":"","overlay-opacity":"","overlay-gradient":""},"mobile":{"background-color":"var(--ast-global-color-4)","background-image":"","background-repeat":"repeat","background-position":"center center","background-size":"auto","background-attachment":"scroll","background-type":"","background-media":"","overlay-type":"","overlay-color":"","overlay-opacity":"","overlay-gradient":""}}},"product_brand":[],"product_cat":[60,62,72,57],"product_tag":[206,205],"class_list":{"0":"post-5245","1":"product","2":"type-product","3":"status-publish","4":"has-post-thumbnail","6":"product_cat-roller-bottles","7":"product_cat-cosmetic-containers","8":"product_cat-cosmetic-packaging","9":"product_cat-essential-oil-bottles","10":"product_tag-glass-roller-bottle","11":"product_tag-roll-on-bottles-essential-oils","12":"desktop-align-left","13":"tablet-align-left","14":"mobile-align-left","16":"first","17":"instock","18":"shipping-taxable","19":"product-type-simple"},"acf":[],"jetpack_sharing_enabled":true,"_links":{"self":[{"href":"https:\/\/theperfumebottles.com\/fr\/wp-json\/wp\/v2\/product\/5245","targetHints":{"allow":["GET"]}}],"collection":[{"href":"https:\/\/theperfumebottles.com\/fr\/wp-json\/wp\/v2\/product"}],"about":[{"href":"https:\/\/theperfumebottles.com\/fr\/wp-json\/wp\/v2\/types\/product"}],"replies":[{"embeddable":true,"href":"https:\/\/theperfumebottles.com\/fr\/wp-json\/wp\/v2\/comments?post=5245"}],"wp:featuredmedia":[{"embeddable":true,"href":"https:\/\/theperfumebottles.com\/fr\/wp-json\/wp\/v2\/media\/7498"}],"wp:attachment":[{"href":"https:\/\/theperfumebottles.com\/fr\/wp-json\/wp\/v2\/media?parent=5245"}],"wp:term":[{"taxonomy":"product_brand","embeddable":true,"href":"https:\/\/theperfumebottles.com\/fr\/wp-json\/wp\/v2\/product_brand?post=5245"},{"taxonomy":"product_cat","embeddable":true,"href":"https:\/\/theperfumebottles.com\/fr\/wp-json\/wp\/v2\/product_cat?post=5245"},{"taxonomy":"product_tag","embeddable":true,"href":"https:\/\/theperfumebottles.com\/fr\/wp-json\/wp\/v2\/product_tag?post=5245"}],"curies":[{"name":"wp","href":"https:\/\/api.w.org\/{rel}","templated":true}]}}