{"id":5272,"date":"2025-08-07T13:32:39","date_gmt":"2025-08-07T05:32:39","guid":{"rendered":"https:\/\/theperfumebottles.com\/?post_type=product&#038;p=5272"},"modified":"2025-08-07T17:51:17","modified_gmt":"2025-08-07T09:51:17","slug":"10ml-glass-roll-on-bottle-perfume-bottle-roller-for-cosmetic-packaging-wholesale","status":"publish","type":"product","link":"https:\/\/theperfumebottles.com\/fr\/produit\/10ml-glass-roll-on-bottle-perfume-bottle-roller-for-cosmetic-packaging-wholesale\/","title":{"rendered":"Flacon roll-on en verre de 10 ml \u2013 Flacon de parfum roll-on pour emballage cosm\u00e9tique, vente en gros"},"content":{"rendered":"<p>Vous recherchez un contenant alliant fonctionnalit\u00e9 et \u00e9l\u00e9gance\u00a0? Notre roll-on pour flacon de parfum est con\u00e7u pour les marques qui souhaitent un emballage cosm\u00e9tique qui se d\u00e9marque.<\/p>\n<h3><strong data-spm-anchor-id=\"5176.28103460.0.i50.11491db8QY3D0b\">Sp\u00e9cifications cl\u00e9s<\/strong><\/h3>\n<table style=\"margin-right: auto;margin-left: auto;width: 80%\" width=\"144\">\n<tbody>\n<tr>\n<td width=\"72\">Fonctionnalit\u00e9<\/td>\n<td width=\"72\">D\u00e9tails<\/td>\n<\/tr>\n<tr>\n<td>Capacit\u00e9<\/td>\n<td>3 ml, 5 ml, 10 ml<\/td>\n<\/tr>\n<tr>\n<td>Mat\u00e9riel<\/td>\n<td>Verre cristallin<\/td>\n<\/tr>\n<tr>\n<td>Options de couleur<\/td>\n<td>Personnalis\u00e9<\/td>\n<\/tr>\n<tr>\n<td>M\u00e9canisme d&#039;\u00e9tanch\u00e9it\u00e9<\/td>\n<td>Roll-on (embout \u00e0 rouleau m\u00e9tallique)<\/td>\n<\/tr>\n<tr>\n<td>Usage<\/td>\n<td>Parfum<\/td>\n<\/tr>\n<\/tbody>\n<\/table>\n<h2>T\u00e9moignage de r\u00e9ussite\u00a0: Comment Middle Perfume M<span class=\"HwtZe\" lang=\"en\"><span class=\"jCAhz ChMk0b\"><span class=\"ryNqvb\">anufacturer<\/span><\/span><\/span> Augmentation des ventes gr\u00e2ce aux flacons roll-on personnalis\u00e9s<\/h2>\n<p>Lorsque le parfum du milieu <span class=\"HwtZe\" lang=\"en\"><span class=\"jCAhz ChMk0b\"><span class=\"ryNqvb\">fabricant <\/span><\/span><\/span>Apr\u00e8s avoir lanc\u00e9 une gamme d&#039;\u00e9chantillons de parfum \u00e0 bille, ils se sont associ\u00e9s \u00e0 nous pour cr\u00e9er des flacons roll-on en verre de 10 ml couleur th\u00e9. Gr\u00e2ce \u00e0 des commandes en gros et \u00e0 l&#039;ajout d&#039;\u00e9tiquettes personnalis\u00e9es \u00e0 la finition d\u00e9polie, ils ont r\u00e9duit leurs co\u00fbts d&#039;emballage cosm\u00e9tique de 20 % et constat\u00e9 une augmentation de 60 % de leur client\u00e8le fid\u00e8le. \u00ab Le design, semblable \u00e0 un pot, offrait une sensation de luxe tout en \u00e9tant pratique au quotidien \u00bb, explique leur fondateur.<\/p>\n<h2>Conseils de personnalisation<\/h2>\n<ul>\n<li><strong>Avantages li\u00e9s \u00e0 l&#039;achat en gros\u00a0:<\/strong> Commandez vos emballages en gros et \u00e9conomisez 25 % \u2013 id\u00e9al pour les boutiques \u00e9ph\u00e9m\u00e8res ou les coffrets cadeaux de f\u00eates.<\/li>\n<li><strong>\u00c9tiquetez comme un pro\u00a0:<\/strong> Utilisez des accents holographiques ou un texte en relief pour faire ressortir votre bouteille sur la page d&#039;accueil.<\/li>\n<li><strong>Psychologie des couleurs :<\/strong> Associez des couleurs vives \u00e0 des bouchons dor\u00e9s pour un packaging beaut\u00e9 qui respire le luxe.<\/li>\n<\/ul>","protected":false},"excerpt":{"rendered":"<p>Sublimez vos emballages beaut\u00e9 avec nos flacons roll-on en verre de 3 ml, 5 ml et 10 ml\u00a0: parfaits pour les parfums, les soins de la peau et les cosm\u00e9tiques. R\u00e9sistants, personnalisables et disponibles imm\u00e9diatement pour les commandes en gros.<\/p>","protected":false},"featured_media":5274,"comment_status":"open","ping_status":"closed","template":"","meta":{"_acf_changed":false,"site-sidebar-layout":"default","site-content-layout":"","ast-site-content-layout":"default","site-content-style":"default","site-sidebar-style":"default","ast-global-header-display":"","ast-banner-title-visibility":"","ast-main-header-display":"","ast-hfb-above-header-display":"","ast-hfb-below-header-display":"","ast-hfb-mobile-header-display":"","site-post-title":"","ast-breadcrumbs-content":"","ast-featured-img":"","footer-sml-layout":"","ast-disable-related-posts":"","theme-transparent-header-meta":"default","adv-header-id-meta":"","stick-header-meta":"","header-above-stick-meta":"","header-main-stick-meta":"","header-below-stick-meta":"","astra-migrate-meta-layouts":"set","ast-page-background-enabled":"default","ast-page-background-meta":{"desktop":{"background-color":"var(--ast-global-color-5)","background-image":"","background-repeat":"repeat","background-position":"center center","background-size":"auto","background-attachment":"scroll","background-type":"","background-media":"","overlay-type":"","overlay-color":"","overlay-opacity":"","overlay-gradient":""},"tablet":{"background-color":"","background-image":"","background-repeat":"repeat","background-position":"center center","background-size":"auto","background-attachment":"scroll","background-type":"","background-media":"","overlay-type":"","overlay-color":"","overlay-opacity":"","overlay-gradient":""},"mobile":{"background-color":"","background-image":"","background-repeat":"repeat","background-position":"center center","background-size":"auto","background-attachment":"scroll","background-type":"","background-media":"","overlay-type":"","overlay-color":"","overlay-opacity":"","overlay-gradient":""}},"ast-content-background-meta":{"desktop":{"background-color":"var(--ast-global-color-4)","background-image":"","background-repeat":"repeat","background-position":"center center","background-size":"auto","background-attachment":"scroll","background-type":"","background-media":"","overlay-type":"","overlay-color":"","overlay-opacity":"","overlay-gradient":""},"tablet":{"background-color":"var(--ast-global-color-4)","background-image":"","background-repeat":"repeat","background-position":"center center","background-size":"auto","background-attachment":"scroll","background-type":"","background-media":"","overlay-type":"","overlay-color":"","overlay-opacity":"","overlay-gradient":""},"mobile":{"background-color":"var(--ast-global-color-4)","background-image":"","background-repeat":"repeat","background-position":"center center","background-size":"auto","background-attachment":"scroll","background-type":"","background-media":"","overlay-type":"","overlay-color":"","overlay-opacity":"","overlay-gradient":""}}},"product_brand":[],"product_cat":[72,62,57,60],"product_tag":[209,210],"class_list":{"0":"post-5272","1":"product","2":"type-product","3":"status-publish","4":"has-post-thumbnail","6":"product_cat-cosmetic-packaging","7":"product_cat-cosmetic-containers","8":"product_cat-essential-oil-bottles","9":"product_cat-roller-bottles","10":"product_tag-10ml-glass-roll-on-bottle","11":"product_tag-perfume-bottle-roller","12":"desktop-align-left","13":"tablet-align-left","14":"mobile-align-left","16":"first","17":"instock","18":"shipping-taxable","19":"product-type-simple"},"acf":[],"jetpack_sharing_enabled":true,"_links":{"self":[{"href":"https:\/\/theperfumebottles.com\/fr\/wp-json\/wp\/v2\/product\/5272","targetHints":{"allow":["GET"]}}],"collection":[{"href":"https:\/\/theperfumebottles.com\/fr\/wp-json\/wp\/v2\/product"}],"about":[{"href":"https:\/\/theperfumebottles.com\/fr\/wp-json\/wp\/v2\/types\/product"}],"replies":[{"embeddable":true,"href":"https:\/\/theperfumebottles.com\/fr\/wp-json\/wp\/v2\/comments?post=5272"}],"wp:featuredmedia":[{"embeddable":true,"href":"https:\/\/theperfumebottles.com\/fr\/wp-json\/wp\/v2\/media\/5274"}],"wp:attachment":[{"href":"https:\/\/theperfumebottles.com\/fr\/wp-json\/wp\/v2\/media?parent=5272"}],"wp:term":[{"taxonomy":"product_brand","embeddable":true,"href":"https:\/\/theperfumebottles.com\/fr\/wp-json\/wp\/v2\/product_brand?post=5272"},{"taxonomy":"product_cat","embeddable":true,"href":"https:\/\/theperfumebottles.com\/fr\/wp-json\/wp\/v2\/product_cat?post=5272"},{"taxonomy":"product_tag","embeddable":true,"href":"https:\/\/theperfumebottles.com\/fr\/wp-json\/wp\/v2\/product_tag?post=5272"}],"curies":[{"name":"wp","href":"https:\/\/api.w.org\/{rel}","templated":true}]}}