{"id":5306,"date":"2025-08-11T09:05:47","date_gmt":"2025-08-11T01:05:47","guid":{"rendered":"https:\/\/theperfumebottles.com\/?post_type=product&#038;p=5306"},"modified":"2025-08-11T09:05:49","modified_gmt":"2025-08-11T01:05:49","slug":"10ml-amber-glass-roller-ball-bottles-for-cosmetic-packaging-wholesale","status":"publish","type":"product","link":"https:\/\/theperfumebottles.com\/fr\/produit\/10ml-amber-glass-roller-ball-bottles-for-cosmetic-packaging-wholesale\/","title":{"rendered":"Flacons \u00e0 bille en verre ambr\u00e9 de 10 ml pour emballage cosm\u00e9tique, vente en gros"},"content":{"rendered":"<p>Si vous cherchez un contenant qui prot\u00e8ge votre produit des dommages UV tout en faisant une d\u00e9claration de style, cette bouteille est faite pour vous.<\/p>\n<h2>Sp\u00e9cifications cl\u00e9s<\/h2>\n<table style=\"margin-left: auto;margin-right: auto;border-collapse: collapse;width: 80%\" border=\"0\" width=\"144\" cellspacing=\"0\" cellpadding=\"0\">\n<tbody>\n<tr style=\"height: 13.50pt\">\n<td style=\"height: 13.50pt;width: 54.00pt\" width=\"72\" height=\"18\">Fonctionnalit\u00e9<\/td>\n<td style=\"width: 54.00pt\" width=\"72\">D\u00e9tails<\/td>\n<\/tr>\n<tr style=\"height: 13.50pt\">\n<td style=\"height: 13.50pt\" height=\"18\">Capacit\u00e9<\/td>\n<td>10 ml<\/td>\n<\/tr>\n<tr style=\"height: 13.50pt\">\n<td style=\"height: 13.50pt\" height=\"18\">Mat\u00e9riel<\/td>\n<td>Verre Cristal Ambr\u00e9<\/td>\n<\/tr>\n<tr style=\"height: 13.50pt\">\n<td style=\"height: 13.50pt\" height=\"18\">M\u00e9canisme d&#039;\u00e9tanch\u00e9it\u00e9<\/td>\n<td>Roll-On (Bille en Acier Inoxydable)<\/td>\n<\/tr>\n<tr style=\"height: 13.50pt\">\n<td style=\"height: 13.50pt\" height=\"18\">Forme<\/td>\n<td>Rond<\/td>\n<\/tr>\n<tr style=\"height: 13.50pt\">\n<td style=\"height: 13.50pt\" height=\"18\">Convenable<\/td>\n<td>Bille en Acier Inoxydable + Couronne en Metal Or<\/td>\n<\/tr>\n<\/tbody>\n<\/table>\n<h2>Histoire de Succ\u00e8s : Comment une Marque de Soins de la Peau a Am\u00e9lior\u00e9 l'Appel de l'Emballage Cosm\u00e9tique<\/h2>\n<p>Un fabricant de soins de la peau a lanc\u00e9 une nouvelle ligne de soins de la peau ax\u00e9e sur les acheteurs \u00e9co-conscients et a s\u00e9lectionn\u00e9 des bouteilles \u00e0 bille en verre ambr\u00e9 comme emballage. En commandant l'emballage en vrac et en y incluant des \u00e9tiquettes personnalis\u00e9es avec des messages environnementaux, ils ont r\u00e9duit les co\u00fbts de l'emballage de 20% et ont constat\u00e9 une augmentation de 60% des ventes. \u00ab La forme courbe du pot est \u00e0 la fois moderne et pratique, \u00bb a d\u00e9clar\u00e9 leur directeur de l'emballage.<\/p>\n<h2>Conseils de personnalisation<\/h2>\n<ul>\n<li>En associant l'\u00e9tiquette \u00e0 une couleur naturelle, comme l'vert de la moussede, cela cr\u00e9e un style visuel frais et doux ; ajouter des \u00e9l\u00e9ments m\u00e9talliques cr\u00e9e un sentiment plus premium.<\/li>\n<li>En int\u00e9grant une technologie intelligente, un code QR int\u00e9gr\u00e9 \u00e0 la couronne de la bouteille rend l'emballage non seulement esth\u00e9tiquement attrayant, mais aussi interactif. Les utilisateurs peuvent scanner le code pour acc\u00e9der aux instructions d'utilisation ou aux donn\u00e9es de remplissage.<\/li>\n<\/ul>","protected":false},"excerpt":{"rendered":"<p>Elevate your cosmetic packaging with amber glass roller ball bottles. 10ml roll on glass bottles for skin care, ready to ship. Perfect for wholesale orders and beauty packaging.<\/p>","protected":false},"featured_media":5307,"comment_status":"open","ping_status":"closed","template":"","meta":{"_acf_changed":false,"site-sidebar-layout":"default","site-content-layout":"","ast-site-content-layout":"default","site-content-style":"default","site-sidebar-style":"default","ast-global-header-display":"","ast-banner-title-visibility":"","ast-main-header-display":"","ast-hfb-above-header-display":"","ast-hfb-below-header-display":"","ast-hfb-mobile-header-display":"","site-post-title":"","ast-breadcrumbs-content":"","ast-featured-img":"","footer-sml-layout":"","ast-disable-related-posts":"","theme-transparent-header-meta":"default","adv-header-id-meta":"","stick-header-meta":"","header-above-stick-meta":"","header-main-stick-meta":"","header-below-stick-meta":"","astra-migrate-meta-layouts":"set","ast-page-background-enabled":"default","ast-page-background-meta":{"desktop":{"background-color":"var(--ast-global-color-5)","background-image":"","background-repeat":"repeat","background-position":"center center","background-size":"auto","background-attachment":"scroll","background-type":"","background-media":"","overlay-type":"","overlay-color":"","overlay-opacity":"","overlay-gradient":""},"tablet":{"background-color":"","background-image":"","background-repeat":"repeat","background-position":"center center","background-size":"auto","background-attachment":"scroll","background-type":"","background-media":"","overlay-type":"","overlay-color":"","overlay-opacity":"","overlay-gradient":""},"mobile":{"background-color":"","background-image":"","background-repeat":"repeat","background-position":"center center","background-size":"auto","background-attachment":"scroll","background-type":"","background-media":"","overlay-type":"","overlay-color":"","overlay-opacity":"","overlay-gradient":""}},"ast-content-background-meta":{"desktop":{"background-color":"var(--ast-global-color-4)","background-image":"","background-repeat":"repeat","background-position":"center center","background-size":"auto","background-attachment":"scroll","background-type":"","background-media":"","overlay-type":"","overlay-color":"","overlay-opacity":"","overlay-gradient":""},"tablet":{"background-color":"var(--ast-global-color-4)","background-image":"","background-repeat":"repeat","background-position":"center center","background-size":"auto","background-attachment":"scroll","background-type":"","background-media":"","overlay-type":"","overlay-color":"","overlay-opacity":"","overlay-gradient":""},"mobile":{"background-color":"var(--ast-global-color-4)","background-image":"","background-repeat":"repeat","background-position":"center center","background-size":"auto","background-attachment":"scroll","background-type":"","background-media":"","overlay-type":"","overlay-color":"","overlay-opacity":"","overlay-gradient":""}}},"product_brand":[],"product_cat":[72,62,57,60],"product_tag":[213,214],"class_list":{"0":"post-5306","1":"product","2":"type-product","3":"status-publish","4":"has-post-thumbnail","6":"product_cat-cosmetic-packaging","7":"product_cat-cosmetic-containers","8":"product_cat-essential-oil-bottles","9":"product_cat-roller-bottles","10":"product_tag-amber-glass-roller-ball-bottles","11":"product_tag-roll-on-glass-bottles","12":"desktop-align-left","13":"tablet-align-left","14":"mobile-align-left","16":"first","17":"instock","18":"shipping-taxable","19":"product-type-simple"},"acf":[],"jetpack_sharing_enabled":true,"_links":{"self":[{"href":"https:\/\/theperfumebottles.com\/fr\/wp-json\/wp\/v2\/product\/5306","targetHints":{"allow":["GET"]}}],"collection":[{"href":"https:\/\/theperfumebottles.com\/fr\/wp-json\/wp\/v2\/product"}],"about":[{"href":"https:\/\/theperfumebottles.com\/fr\/wp-json\/wp\/v2\/types\/product"}],"replies":[{"embeddable":true,"href":"https:\/\/theperfumebottles.com\/fr\/wp-json\/wp\/v2\/comments?post=5306"}],"wp:featuredmedia":[{"embeddable":true,"href":"https:\/\/theperfumebottles.com\/fr\/wp-json\/wp\/v2\/media\/5307"}],"wp:attachment":[{"href":"https:\/\/theperfumebottles.com\/fr\/wp-json\/wp\/v2\/media?parent=5306"}],"wp:term":[{"taxonomy":"product_brand","embeddable":true,"href":"https:\/\/theperfumebottles.com\/fr\/wp-json\/wp\/v2\/product_brand?post=5306"},{"taxonomy":"product_cat","embeddable":true,"href":"https:\/\/theperfumebottles.com\/fr\/wp-json\/wp\/v2\/product_cat?post=5306"},{"taxonomy":"product_tag","embeddable":true,"href":"https:\/\/theperfumebottles.com\/fr\/wp-json\/wp\/v2\/product_tag?post=5306"}],"curies":[{"name":"wp","href":"https:\/\/api.w.org\/{rel}","templated":true}]}}