{"id":5354,"date":"2025-08-08T18:07:05","date_gmt":"2025-08-08T10:07:05","guid":{"rendered":"https:\/\/theperfumebottles.com\/?post_type=product&#038;p=5354"},"modified":"2026-04-01T15:42:44","modified_gmt":"2026-04-01T07:42:44","slug":"bulk-amber-glass-pump-bottles-for-skincare","status":"publish","type":"product","link":"https:\/\/theperfumebottles.com\/fr\/produit\/bulk-amber-glass-pump-bottles-for-skincare\/","title":{"rendered":"Lot de flacons pompe en verre ambr\u00e9 de 20 ml, 30 ml et 40 ml pour le conditionnement de lotions"},"content":{"rendered":"<p>Les flacons \u00e0 pompe en verre ambr\u00e9 utilisent du verre ambr\u00e9 transparent pour cr\u00e9er leur design, qui comprend une forme cylindrique courte et un distributeur \u00e0 pompe blanc muni d&#039;un bouchon en verre.<\/p>\n<h2>Sp\u00e9cifications cl\u00e9s<\/h2>\n<table style=\"border-collapse: collapse; margin-left: auto; margin-right: auto; width: 80%;\" border=\"0\" width=\"445\" cellspacing=\"0\" cellpadding=\"0\">\n<tbody>\n<tr style=\"height: 13.50pt;\">\n<td style=\"height: 13.50pt; width: 136.50pt;\" width=\"182\" height=\"18\">Fonctionnalit\u00e9<\/td>\n<td style=\"width: 197.25pt;\" width=\"263\">D\u00e9tail<\/td>\n<\/tr>\n<tr style=\"height: 13.50pt;\">\n<td style=\"height: 13.50pt;\" height=\"18\">Options de capacit\u00e9<\/td>\n<td>20 ml, 30 ml, 40 ml<\/td>\n<\/tr>\n<tr style=\"height: 13.50pt;\">\n<td style=\"height: 13.50pt;\" height=\"18\">Taille de la bouteille (approx.)<\/td>\n<td>36 mm de diam\u00e8tre, 55 \u00e0 82 mm de hauteur<\/td>\n<\/tr>\n<tr style=\"height: 13.50pt;\">\n<td style=\"height: 13.50pt;\" height=\"18\">Mat\u00e9riel<\/td>\n<td>Verre ambr\u00e9<\/td>\n<\/tr>\n<tr style=\"height: 13.50pt;\">\n<td style=\"height: 13.50pt;\" height=\"18\">Fermeture<\/td>\n<td>Couvercle transparent + pompe blanche<\/td>\n<\/tr>\n<tr style=\"height: 13.50pt;\">\n<td style=\"height: 13.50pt;\" height=\"18\">Id\u00e9al pour<\/td>\n<td>Soins de la peau, s\u00e9rums, lotions<\/td>\n<\/tr>\n<\/tbody>\n<\/table>\n<h2>Histoire \u00e0 succ\u00e8s<\/h2>\n<p>Une marque de cosm\u00e9tiques californienne a choisi notre flacon pompe vide de 100 ml, en personnalisant la pompe blanche et le bouchon en verre d\u00e9poli. Ce flacon sur mesure a g\u00e9n\u00e9r\u00e9 d&#039;importants b\u00e9n\u00e9fices\u00a0: la pompe de pr\u00e9cision a permis de r\u00e9duire la quantit\u00e9 moyenne utilis\u00e9e par les clients de 25\u00a0%, prolongeant ainsi la dur\u00e9e de conservation du produit, tandis que le bouchon d\u00e9poli unique est devenu un \u00e9l\u00e9ment distinctif de la marque, entra\u00eenant une augmentation de 150\u00a0% des mentions sur les r\u00e9seaux sociaux. Forte de ce succ\u00e8s, l&#039;entreprise a \u00e9tendu ses activit\u00e9s en commandant 620\u00a0000 flacons de sa nouvelle huile visage au CBD et en nouant un partenariat avec une entreprise de box beaut\u00e9 par abonnement.<\/p>\n<h2>Conseils de personnalisation pour que votre marque se d\u00e9marque en rayon<\/h2>\n<p>Vous souhaitez que votre marque attire l&#039;attention et fid\u00e9lise vos clients ?<\/p>\n<ul>\n<li><strong>Changer l&#039;embout de la pompe\u00a0:<\/strong> Optez pour le noir ou l&#039;or pour une ambiance luxueuse.<\/li>\n<li><strong>Couleur astucieuse :<\/strong> L&#039;ambre est un choix classique. Mais si vous souhaitez un style unique, nous proposons des combinaisons de couleurs personnalis\u00e9es.<\/li>\n<li><strong>Espace pour l&#039;\u00e9tiquette\u00a0:<\/strong> Sa forme cylindrique \u00e9l\u00e9gante vous offre l&#039;espace n\u00e9cessaire pour raconter l&#039;histoire de votre marque.<\/li>\n<li><strong>Choisir la bonne taille :<\/strong> Choisissez 20 ml pour les flacons de voyage et 40 ml pour les produits haut de gamme. Le format doit \u00eatre adapt\u00e9 \u00e0 votre client\u00e8le cible.<\/li>\n<\/ul>","protected":false},"excerpt":{"rendered":"<p>Flacons pompe en verre ambr\u00e9 au design classique et fermeture herm\u00e9tique. Flacons vides, parfaits pour les commandes en gros. Remises pour les grossistes. Livraison rapide.<\/p>","protected":false},"featured_media":5369,"comment_status":"open","ping_status":"closed","template":"","meta":{"_acf_changed":false,"site-sidebar-layout":"default","site-content-layout":"","ast-site-content-layout":"default","site-content-style":"default","site-sidebar-style":"default","ast-global-header-display":"","ast-banner-title-visibility":"","ast-main-header-display":"","ast-hfb-above-header-display":"","ast-hfb-below-header-display":"","ast-hfb-mobile-header-display":"","site-post-title":"","ast-breadcrumbs-content":"","ast-featured-img":"","footer-sml-layout":"","ast-disable-related-posts":"","theme-transparent-header-meta":"default","adv-header-id-meta":"","stick-header-meta":"","header-above-stick-meta":"","header-main-stick-meta":"","header-below-stick-meta":"","astra-migrate-meta-layouts":"set","ast-page-background-enabled":"default","ast-page-background-meta":{"desktop":{"background-color":"var(--ast-global-color-5)","background-image":"","background-repeat":"repeat","background-position":"center center","background-size":"auto","background-attachment":"scroll","background-type":"","background-media":"","overlay-type":"","overlay-color":"","overlay-opacity":"","overlay-gradient":""},"tablet":{"background-color":"","background-image":"","background-repeat":"repeat","background-position":"center center","background-size":"auto","background-attachment":"scroll","background-type":"","background-media":"","overlay-type":"","overlay-color":"","overlay-opacity":"","overlay-gradient":""},"mobile":{"background-color":"","background-image":"","background-repeat":"repeat","background-position":"center center","background-size":"auto","background-attachment":"scroll","background-type":"","background-media":"","overlay-type":"","overlay-color":"","overlay-opacity":"","overlay-gradient":""}},"ast-content-background-meta":{"desktop":{"background-color":"var(--ast-global-color-4)","background-image":"","background-repeat":"repeat","background-position":"center center","background-size":"auto","background-attachment":"scroll","background-type":"","background-media":"","overlay-type":"","overlay-color":"","overlay-opacity":"","overlay-gradient":""},"tablet":{"background-color":"var(--ast-global-color-4)","background-image":"","background-repeat":"repeat","background-position":"center center","background-size":"auto","background-attachment":"scroll","background-type":"","background-media":"","overlay-type":"","overlay-color":"","overlay-opacity":"","overlay-gradient":""},"mobile":{"background-color":"var(--ast-global-color-4)","background-image":"","background-repeat":"repeat","background-position":"center center","background-size":"auto","background-attachment":"scroll","background-type":"","background-media":"","overlay-type":"","overlay-color":"","overlay-opacity":"","overlay-gradient":""}}},"product_brand":[],"product_cat":[71,72,62],"product_tag":[190,204],"class_list":{"0":"post-5354","1":"product","2":"type-product","3":"status-publish","4":"has-post-thumbnail","6":"product_cat-glass-lotion-bottles","7":"product_cat-cosmetic-packaging","8":"product_cat-cosmetic-containers","9":"product_tag-cosmetic-pots-with-lids","10":"product_tag-frosted-cosmetic-jars","11":"desktop-align-left","12":"tablet-align-left","13":"mobile-align-left","15":"first","16":"instock","17":"shipping-taxable","18":"product-type-simple"},"acf":[],"jetpack_sharing_enabled":true,"_links":{"self":[{"href":"https:\/\/theperfumebottles.com\/fr\/wp-json\/wp\/v2\/product\/5354","targetHints":{"allow":["GET"]}}],"collection":[{"href":"https:\/\/theperfumebottles.com\/fr\/wp-json\/wp\/v2\/product"}],"about":[{"href":"https:\/\/theperfumebottles.com\/fr\/wp-json\/wp\/v2\/types\/product"}],"replies":[{"embeddable":true,"href":"https:\/\/theperfumebottles.com\/fr\/wp-json\/wp\/v2\/comments?post=5354"}],"wp:featuredmedia":[{"embeddable":true,"href":"https:\/\/theperfumebottles.com\/fr\/wp-json\/wp\/v2\/media\/5369"}],"wp:attachment":[{"href":"https:\/\/theperfumebottles.com\/fr\/wp-json\/wp\/v2\/media?parent=5354"}],"wp:term":[{"taxonomy":"product_brand","embeddable":true,"href":"https:\/\/theperfumebottles.com\/fr\/wp-json\/wp\/v2\/product_brand?post=5354"},{"taxonomy":"product_cat","embeddable":true,"href":"https:\/\/theperfumebottles.com\/fr\/wp-json\/wp\/v2\/product_cat?post=5354"},{"taxonomy":"product_tag","embeddable":true,"href":"https:\/\/theperfumebottles.com\/fr\/wp-json\/wp\/v2\/product_tag?post=5354"}],"curies":[{"name":"wp","href":"https:\/\/api.w.org\/{rel}","templated":true}]}}