{"id":5355,"date":"2025-08-08T18:08:52","date_gmt":"2025-08-08T10:08:52","guid":{"rendered":"https:\/\/theperfumebottles.com\/?post_type=product&#038;p=5355"},"modified":"2026-04-01T15:09:21","modified_gmt":"2026-04-01T07:09:21","slug":"bulk-glass-amber-pump-bottle-for-cosmetic-packaging","status":"publish","type":"product","link":"https:\/\/theperfumebottles.com\/fr\/produit\/bulk-glass-amber-pump-bottle-for-cosmetic-packaging\/","title":{"rendered":"Flacons pompe en verre ambr\u00e9 de 5 ml \u00e0 100 ml pour l&#039;emballage cosm\u00e9tique"},"content":{"rendered":"<p>Le flacon pompe en verre ambr\u00e9 pr\u00e9sente un design moderne qui cr\u00e9e un contenant \u00e0 la forme cylindrique arrondie, fabriqu\u00e9 en verre ambr\u00e9 translucide de qualit\u00e9 sup\u00e9rieure, avec sa t\u00eate de pompe noire parfaitement assortie et son couvercle de s\u00e9curit\u00e9 en verre transparent.<\/p>\n<h2>Sp\u00e9cifications cl\u00e9s<\/h2>\n<table style=\"border-collapse: collapse; margin-left: auto; margin-right: auto; width: 80%;\" border=\"0\" width=\"486\" cellspacing=\"0\" cellpadding=\"0\">\n<tbody>\n<tr style=\"height: 13.50pt;\">\n<td style=\"height: 13.50pt; width: 117.75pt;\" width=\"157\" height=\"18\">Fonctionnalit\u00e9<\/td>\n<td style=\"width: 246.75pt;\" width=\"329\">D\u00e9tail<\/td>\n<\/tr>\n<tr style=\"height: 13.50pt;\">\n<td style=\"height: 13.50pt;\" height=\"18\">Options de capacit\u00e9<\/td>\n<td>5 ml, 10 ml, 15 ml, 20 ml, 30 ml, 50 ml, 100 ml<\/td>\n<\/tr>\n<tr style=\"height: 13.50pt;\">\n<td style=\"height: 13.50pt;\" height=\"18\">Gamme de tailles de bouteilles<\/td>\n<td>Diam\u00e8tre\u00a0: 22 \u00e0 44,5\u00a0mm\u00a0; hauteur\u00a0: 50 \u00e0 112\u00a0mm<\/td>\n<\/tr>\n<tr style=\"height: 13.50pt;\">\n<td style=\"height: 13.50pt;\" height=\"18\">Mat\u00e9riel<\/td>\n<td>Verre brun de haute clart\u00e9<\/td>\n<\/tr>\n<tr style=\"height: 13.50pt;\">\n<td style=\"height: 13.50pt;\" height=\"18\">Fermeture<\/td>\n<td>Pompe noire \u00e0 embout biseaut\u00e9<\/td>\n<\/tr>\n<tr style=\"height: 13.50pt;\">\n<td style=\"height: 13.50pt;\" height=\"18\">Tube de pompe<\/td>\n<td>Tube long et transparent pour une utilisation compl\u00e8te<\/td>\n<\/tr>\n<tr style=\"height: 13.50pt;\">\n<td style=\"height: 13.50pt;\" height=\"18\">Id\u00e9al pour<\/td>\n<td>S\u00e9rums, lotions, huiles pour le visage<\/td>\n<\/tr>\n<\/tbody>\n<\/table>\n<h2>Histoire \u00e0 succ\u00e8s<\/h2>\n<p>La marque de soins professionnels a choisi nos flacons en verre brun de 30 ml avec pompe apr\u00e8s y avoir ajout\u00e9 une \u00e9tiquette \u00ab airless \u00bb s\u00e9rigraphi\u00e9e et une pompe performante, parfaitement adapt\u00e9e \u00e0 la viscosit\u00e9 de ses s\u00e9rums. La protection UV pr\u00e9serve 95 % de l&#039;efficacit\u00e9 des ingr\u00e9dients du s\u00e9rum pendant 12 mois. Le syst\u00e8me de pompe r\u00e9duit l&#039;oxydation et la production de d\u00e9chets de 30 % par rapport aux compte-gouttes. Le succ\u00e8s retentissant de ce produit a conduit la marque \u00e0 passer une nouvelle commande de 750\u00a0000 flacons pour l&#039;ensemble de sa gamme de s\u00e9rums antioxydants et de soins.<\/p>\n<h2>Bouteilles en verre brun avec options de personnalisation de la pompe<\/h2>\n<ul>\n<li>Le flacon en verre ambr\u00e9 clair se d\u00e9cline en trois teintes diff\u00e9rentes : ambre clair, ambre moyen et ambre fonc\u00e9.<\/li>\n<li>Le syst\u00e8me de pompe \u00e0 vide offre aux utilisateurs un syst\u00e8me complet qui garantit une protection maximale de leurs principes actifs instables gr\u00e2ce \u00e0 des m\u00e9canismes de d\u00e9fense antioxydants.<\/li>\n<li>Le fond de la bouteille peut comporter une graduation en relief indiquant \u00ab\u00a0100 ml\u00a0\u00bb ou les utilisateurs peuvent choisir d\u2019afficher le logo de leur marque gr\u00e2ce \u00e0 un petit emplacement pr\u00e9vu \u00e0 cet effet.<\/li>\n<\/ul>","protected":false},"excerpt":{"rendered":"<p>Flacon pompe \u00e9l\u00e9gant en verre ambr\u00e9 avec pompe et bouchon s\u00e9curis\u00e9s. Flacons en verre brun avec pompe pour cr\u00e8mes et liquides. Personnalisation possible. \u00c9chantillons gratuits.<\/p>","protected":false},"featured_media":5356,"comment_status":"open","ping_status":"closed","template":"","meta":{"_acf_changed":false,"site-sidebar-layout":"default","site-content-layout":"","ast-site-content-layout":"default","site-content-style":"default","site-sidebar-style":"default","ast-global-header-display":"","ast-banner-title-visibility":"","ast-main-header-display":"","ast-hfb-above-header-display":"","ast-hfb-below-header-display":"","ast-hfb-mobile-header-display":"","site-post-title":"","ast-breadcrumbs-content":"","ast-featured-img":"","footer-sml-layout":"","ast-disable-related-posts":"","theme-transparent-header-meta":"default","adv-header-id-meta":"","stick-header-meta":"","header-above-stick-meta":"","header-main-stick-meta":"","header-below-stick-meta":"","astra-migrate-meta-layouts":"set","ast-page-background-enabled":"default","ast-page-background-meta":{"desktop":{"background-color":"var(--ast-global-color-5)","background-image":"","background-repeat":"repeat","background-position":"center center","background-size":"auto","background-attachment":"scroll","background-type":"","background-media":"","overlay-type":"","overlay-color":"","overlay-opacity":"","overlay-gradient":""},"tablet":{"background-color":"","background-image":"","background-repeat":"repeat","background-position":"center center","background-size":"auto","background-attachment":"scroll","background-type":"","background-media":"","overlay-type":"","overlay-color":"","overlay-opacity":"","overlay-gradient":""},"mobile":{"background-color":"","background-image":"","background-repeat":"repeat","background-position":"center center","background-size":"auto","background-attachment":"scroll","background-type":"","background-media":"","overlay-type":"","overlay-color":"","overlay-opacity":"","overlay-gradient":""}},"ast-content-background-meta":{"desktop":{"background-color":"var(--ast-global-color-4)","background-image":"","background-repeat":"repeat","background-position":"center center","background-size":"auto","background-attachment":"scroll","background-type":"","background-media":"","overlay-type":"","overlay-color":"","overlay-opacity":"","overlay-gradient":""},"tablet":{"background-color":"var(--ast-global-color-4)","background-image":"","background-repeat":"repeat","background-position":"center center","background-size":"auto","background-attachment":"scroll","background-type":"","background-media":"","overlay-type":"","overlay-color":"","overlay-opacity":"","overlay-gradient":""},"mobile":{"background-color":"var(--ast-global-color-4)","background-image":"","background-repeat":"repeat","background-position":"center center","background-size":"auto","background-attachment":"scroll","background-type":"","background-media":"","overlay-type":"","overlay-color":"","overlay-opacity":"","overlay-gradient":""}}},"product_brand":[],"product_cat":[71,72,62],"product_tag":[190,204],"class_list":{"0":"post-5355","1":"product","2":"type-product","3":"status-publish","4":"has-post-thumbnail","6":"product_cat-glass-lotion-bottles","7":"product_cat-cosmetic-packaging","8":"product_cat-cosmetic-containers","9":"product_tag-cosmetic-pots-with-lids","10":"product_tag-frosted-cosmetic-jars","11":"desktop-align-left","12":"tablet-align-left","13":"mobile-align-left","15":"first","16":"instock","17":"shipping-taxable","18":"product-type-simple"},"acf":[],"jetpack_sharing_enabled":true,"_links":{"self":[{"href":"https:\/\/theperfumebottles.com\/fr\/wp-json\/wp\/v2\/product\/5355","targetHints":{"allow":["GET"]}}],"collection":[{"href":"https:\/\/theperfumebottles.com\/fr\/wp-json\/wp\/v2\/product"}],"about":[{"href":"https:\/\/theperfumebottles.com\/fr\/wp-json\/wp\/v2\/types\/product"}],"replies":[{"embeddable":true,"href":"https:\/\/theperfumebottles.com\/fr\/wp-json\/wp\/v2\/comments?post=5355"}],"wp:featuredmedia":[{"embeddable":true,"href":"https:\/\/theperfumebottles.com\/fr\/wp-json\/wp\/v2\/media\/5356"}],"wp:attachment":[{"href":"https:\/\/theperfumebottles.com\/fr\/wp-json\/wp\/v2\/media?parent=5355"}],"wp:term":[{"taxonomy":"product_brand","embeddable":true,"href":"https:\/\/theperfumebottles.com\/fr\/wp-json\/wp\/v2\/product_brand?post=5355"},{"taxonomy":"product_cat","embeddable":true,"href":"https:\/\/theperfumebottles.com\/fr\/wp-json\/wp\/v2\/product_cat?post=5355"},{"taxonomy":"product_tag","embeddable":true,"href":"https:\/\/theperfumebottles.com\/fr\/wp-json\/wp\/v2\/product_tag?post=5355"}],"curies":[{"name":"wp","href":"https:\/\/api.w.org\/{rel}","templated":true}]}}