{"id":5404,"date":"2025-08-11T18:02:10","date_gmt":"2025-08-11T10:02:10","guid":{"rendered":"https:\/\/theperfumebottles.com\/?post_type=product&#038;p=5404"},"modified":"2026-04-01T14:48:59","modified_gmt":"2026-04-01T06:48:59","slug":"custom-frosted-empty-lotion-bottle-with-pump-and-gold-lid","status":"publish","type":"product","link":"https:\/\/theperfumebottles.com\/fr\/produit\/custom-frosted-empty-lotion-bottle-with-pump-and-gold-lid\/","title":{"rendered":"Flacon de lotion vide givr\u00e9 personnalis\u00e9 de 30 ml avec pompe et bouchon dor\u00e9"},"content":{"rendered":"<p>Ce luxueux flacon de lotion vide, dot\u00e9 d&#039;un syst\u00e8me de pompe, pr\u00e9sente une forme rectiligne et est r\u00e9alis\u00e9 en verre blanc laiteux d\u00e9poli. Son \u00e9l\u00e9gant bouchon-pompe dor\u00e9 lui conf\u00e8re une allure raffin\u00e9e et haut de gamme.<\/p>\n<h2>Sp\u00e9cifications cl\u00e9s<\/h2>\n<table style=\"border-collapse: collapse; margin-left: auto; margin-right: auto; width: 80%;\" border=\"0\" width=\"445\" cellspacing=\"0\" cellpadding=\"0\">\n<tbody>\n<tr style=\"height: 13.50pt;\">\n<td style=\"height: 13.50pt; width: 136.50pt;\" width=\"182\" height=\"18\">Fonctionnalit\u00e9<\/td>\n<td style=\"width: 197.25pt;\" width=\"263\">D\u00e9tail<\/td>\n<\/tr>\n<tr style=\"height: 13.50pt;\">\n<td style=\"height: 13.50pt;\" height=\"18\">Capacit\u00e9<\/td>\n<td>30 ml<\/td>\n<\/tr>\n<tr style=\"height: 13.50pt;\">\n<td style=\"height: 13.50pt;\" height=\"18\">Mat\u00e9riel<\/td>\n<td>Verre de qualit\u00e9 sup\u00e9rieure<\/td>\n<\/tr>\n<tr style=\"height: 13.50pt;\">\n<td style=\"height: 13.50pt;\" height=\"18\">Finition<\/td>\n<td>Blanc mat (d\u00e9poli)<\/td>\n<\/tr>\n<tr style=\"height: 13.50pt;\">\n<td style=\"height: 13.50pt;\" height=\"18\">Couleur de la pompe<\/td>\n<td>Or (personnalisable)<\/td>\n<\/tr>\n<tr style=\"height: 13.50pt;\">\n<td style=\"height: 13.50pt;\" height=\"18\">Forme<\/td>\n<td>Cylindrique<\/td>\n<\/tr>\n<tr style=\"height: 13.50pt;\">\n<td style=\"height: 13.50pt;\" height=\"18\">Fermeture<\/td>\n<td>Bouchon de pompe \u00e0 visser<\/td>\n<\/tr>\n<tr style=\"height: 13.50pt;\">\n<td style=\"height: 13.50pt;\" height=\"18\">Emballage par unit\u00e9<\/td>\n<td>bo\u00eete de 20 x 20 x 20 cm<\/td>\n<\/tr>\n<tr style=\"height: 13.50pt;\">\n<td style=\"height: 13.50pt;\" height=\"18\">Id\u00e9al pour<\/td>\n<td>Lotions, s\u00e9rums, soins du corps<\/td>\n<\/tr>\n<\/tbody>\n<\/table>\n<h2>T\u00e9moignage de r\u00e9ussite\u00a0: Commande personnalis\u00e9e aupr\u00e8s d\u2019une marque europ\u00e9enne de soins corporels de luxe<\/h2>\n<p>Une marque fran\u00e7aise de soins corporels haut de gamme a choisi notre flacon de lotion de 200 ml avec pompe et a cr\u00e9\u00e9 un design sur mesure comprenant un bouchon mat plaqu\u00e9 or 18 carats et une t\u00eate de pompe \u00e0 vide sp\u00e9ciale. Ce flacon personnalis\u00e9 a rencontr\u00e9 un vif succ\u00e8s, sa finition mate douce \u00e9tant devenue l&#039;\u00e9l\u00e9ment de design principal de la marque. Les consommateurs ont ainsi per\u00e7u le produit comme \u00e9tant 50 % plus doux et luxueux. La t\u00eate de pompe \u00e0 vide a permis de pr\u00e9server la qualit\u00e9 de l&#039;huile essentielle 40 % plus longtemps, tout en r\u00e9duisant les d\u00e9chets. La marque a command\u00e9 300\u00a0000 flacons suppl\u00e9mentaires pour accompagner le lancement de sa future gamme d&#039;huiles essentielles s\u00e8ches parfum\u00e9es et sa collection de f\u00eates en \u00e9dition limit\u00e9e.<\/p>\n<h2>Envie de le personnaliser ? Voici comment faire.<\/h2>\n<p>Votre marque n&#039;est pas g\u00e9n\u00e9rique. Votre bouteille ne devrait pas l&#039;\u00eatre non plus.<\/p>\n<ul>\n<li>Changer la couleur de la pompe \u2013 noir, argent, or rose ? C\u2019est fait.<\/li>\n<li>Ajustez la hauteur du col \u2013 nous pouvons la modifier pour un meilleur ajustement de l&#039;\u00e9tiquette.<\/li>\n<li>Ajoutez des pompes s\u00e9curis\u00e9es pour enfants ou verrouillables \u2013 id\u00e9al pour les produits pour b\u00e9b\u00e9s.<\/li>\n<li>Vous avez besoin d&#039;une pompe pour flacon de lotion vide d&#039;une autre contenance\u00a0? Nous proposons \u00e9galement des flacons de 15\u00a0ml, 50\u00a0ml et 100\u00a0ml.<\/li>\n<\/ul>\n<p>Et si vous vous inqui\u00e9tez du transport ou du stockage en grande quantit\u00e9, rassurez-vous. Nos solutions d&#039;emballage pour flacons de lotion vides avec pompe sont con\u00e7ues pour \u00eatre empilables, s\u00fbres et faciles \u00e0 manipuler, m\u00eame \u00e0 grande \u00e9chelle. Nous savons que vos besoins en flacons de lotion vides avec pompe ne se limitent pas au flacon lui-m\u00eame. Il s&#039;agit aussi de rapidit\u00e9, de r\u00e9gularit\u00e9 et d&#039;une pr\u00e9sentation impeccable d\u00e8s le premier jour.<\/p>","protected":false},"excerpt":{"rendered":"<p>Flacon de lotion vide haut de gamme avec pompe, en verre mat et bouchon dor\u00e9 luxueux. Id\u00e9al pour les marques de soins de la peau. Livraison rapide dans le monde entier.<\/p>","protected":false},"featured_media":5418,"comment_status":"open","ping_status":"closed","template":"","meta":{"_acf_changed":false,"site-sidebar-layout":"default","site-content-layout":"","ast-site-content-layout":"default","site-content-style":"default","site-sidebar-style":"default","ast-global-header-display":"","ast-banner-title-visibility":"","ast-main-header-display":"","ast-hfb-above-header-display":"","ast-hfb-below-header-display":"","ast-hfb-mobile-header-display":"","site-post-title":"","ast-breadcrumbs-content":"","ast-featured-img":"","footer-sml-layout":"","ast-disable-related-posts":"","theme-transparent-header-meta":"default","adv-header-id-meta":"","stick-header-meta":"","header-above-stick-meta":"","header-main-stick-meta":"","header-below-stick-meta":"","astra-migrate-meta-layouts":"set","ast-page-background-enabled":"default","ast-page-background-meta":{"desktop":{"background-color":"var(--ast-global-color-5)","background-image":"","background-repeat":"repeat","background-position":"center center","background-size":"auto","background-attachment":"scroll","background-type":"","background-media":"","overlay-type":"","overlay-color":"","overlay-opacity":"","overlay-gradient":""},"tablet":{"background-color":"","background-image":"","background-repeat":"repeat","background-position":"center center","background-size":"auto","background-attachment":"scroll","background-type":"","background-media":"","overlay-type":"","overlay-color":"","overlay-opacity":"","overlay-gradient":""},"mobile":{"background-color":"","background-image":"","background-repeat":"repeat","background-position":"center center","background-size":"auto","background-attachment":"scroll","background-type":"","background-media":"","overlay-type":"","overlay-color":"","overlay-opacity":"","overlay-gradient":""}},"ast-content-background-meta":{"desktop":{"background-color":"var(--ast-global-color-4)","background-image":"","background-repeat":"repeat","background-position":"center center","background-size":"auto","background-attachment":"scroll","background-type":"","background-media":"","overlay-type":"","overlay-color":"","overlay-opacity":"","overlay-gradient":""},"tablet":{"background-color":"var(--ast-global-color-4)","background-image":"","background-repeat":"repeat","background-position":"center center","background-size":"auto","background-attachment":"scroll","background-type":"","background-media":"","overlay-type":"","overlay-color":"","overlay-opacity":"","overlay-gradient":""},"mobile":{"background-color":"var(--ast-global-color-4)","background-image":"","background-repeat":"repeat","background-position":"center center","background-size":"auto","background-attachment":"scroll","background-type":"","background-media":"","overlay-type":"","overlay-color":"","overlay-opacity":"","overlay-gradient":""}}},"product_brand":[],"product_cat":[71,72,62],"product_tag":[190,204],"class_list":{"0":"post-5404","1":"product","2":"type-product","3":"status-publish","4":"has-post-thumbnail","6":"product_cat-glass-lotion-bottles","7":"product_cat-cosmetic-packaging","8":"product_cat-cosmetic-containers","9":"product_tag-cosmetic-pots-with-lids","10":"product_tag-frosted-cosmetic-jars","11":"desktop-align-left","12":"tablet-align-left","13":"mobile-align-left","15":"first","16":"instock","17":"shipping-taxable","18":"product-type-simple"},"acf":[],"jetpack_sharing_enabled":true,"_links":{"self":[{"href":"https:\/\/theperfumebottles.com\/fr\/wp-json\/wp\/v2\/product\/5404","targetHints":{"allow":["GET"]}}],"collection":[{"href":"https:\/\/theperfumebottles.com\/fr\/wp-json\/wp\/v2\/product"}],"about":[{"href":"https:\/\/theperfumebottles.com\/fr\/wp-json\/wp\/v2\/types\/product"}],"replies":[{"embeddable":true,"href":"https:\/\/theperfumebottles.com\/fr\/wp-json\/wp\/v2\/comments?post=5404"}],"wp:featuredmedia":[{"embeddable":true,"href":"https:\/\/theperfumebottles.com\/fr\/wp-json\/wp\/v2\/media\/5418"}],"wp:attachment":[{"href":"https:\/\/theperfumebottles.com\/fr\/wp-json\/wp\/v2\/media?parent=5404"}],"wp:term":[{"taxonomy":"product_brand","embeddable":true,"href":"https:\/\/theperfumebottles.com\/fr\/wp-json\/wp\/v2\/product_brand?post=5404"},{"taxonomy":"product_cat","embeddable":true,"href":"https:\/\/theperfumebottles.com\/fr\/wp-json\/wp\/v2\/product_cat?post=5404"},{"taxonomy":"product_tag","embeddable":true,"href":"https:\/\/theperfumebottles.com\/fr\/wp-json\/wp\/v2\/product_tag?post=5404"}],"curies":[{"name":"wp","href":"https:\/\/api.w.org\/{rel}","templated":true}]}}