{"id":5449,"date":"2025-08-11T18:08:00","date_gmt":"2025-08-11T10:08:00","guid":{"rendered":"https:\/\/theperfumebottles.com\/?post_type=product&#038;p=5449"},"modified":"2026-03-27T17:55:16","modified_gmt":"2026-03-27T09:55:16","slug":"amber-glass-tincture-bottles-frosted-glass-dropper-bottles-manufacturer","status":"publish","type":"product","link":"https:\/\/theperfumebottles.com\/fr\/produit\/amber-glass-tincture-bottles-frosted-glass-dropper-bottles-manufacturer\/","title":{"rendered":"Flacons de teinture en verre ambr\u00e9 \u2013 Flacons compte-gouttes en verre d\u00e9poli de 30 ml"},"content":{"rendered":"<p>Les flacons compte-gouttes en verre d\u00e9poli de 30 ml offrent une excellente protection UV, pr\u00e9servant ainsi la d\u00e9licatesse des formules. Le compte-gouttes de pr\u00e9cision garantit un dosage pr\u00e9cis et constant du liquide. Gr\u00e2ce \u00e0 un large choix de coloris (noir d\u00e9poli, transparent d\u00e9poli et brun d\u00e9poli), cette gamme r\u00e9pond aux exigences de personnalisation et d&#039;emballage des clients grossistes internationaux.<\/p>\n<h2>Sp\u00e9cifications cl\u00e9s<\/h2>\n<table style=\"border-collapse: collapse; margin-left: auto; margin-right: auto; width: 80%;\" border=\"0\" width=\"559\" cellspacing=\"0\" cellpadding=\"0\">\n<tbody>\n<tr style=\"height: 13.50pt;\">\n<td style=\"height: 13.50pt; width: 136.50pt;\" width=\"182\" height=\"18\">Sp\u00e9cification<\/td>\n<td style=\"width: 282.75pt;\" width=\"377\">D\u00e9tails<\/td>\n<\/tr>\n<tr style=\"height: 13.50pt;\">\n<td style=\"height: 13.50pt;\" height=\"18\">Type de produit<\/td>\n<td>flacon compte-gouttes en verre<\/td>\n<\/tr>\n<tr style=\"height: 13.50pt;\">\n<td style=\"height: 13.50pt;\" height=\"18\">Mat\u00e9riel<\/td>\n<td>Verre sodocalcique 100 % recyclable<\/td>\n<\/tr>\n<tr style=\"height: 13.50pt;\">\n<td style=\"height: 13.50pt;\" height=\"18\">Capacit\u00e9<\/td>\n<td>30 ml \/ 1 oz<\/td>\n<\/tr>\n<tr style=\"height: 13.50pt;\">\n<td style=\"height: 13.50pt;\" height=\"18\">Finition du cou<\/td>\n<td>14 mm<\/td>\n<\/tr>\n<tr style=\"height: 13.50pt;\">\n<td style=\"height: 13.50pt;\" height=\"18\">Diam\u00e8tre de la bouteille<\/td>\n<td>36 mm<\/td>\n<\/tr>\n<tr style=\"height: 13.50pt;\">\n<td style=\"height: 13.50pt;\" height=\"18\">Hauteur (de la base au cou)<\/td>\n<td>68 mm<\/td>\n<\/tr>\n<tr style=\"height: 13.50pt;\">\n<td style=\"height: 13.50pt;\" height=\"18\">Options de couleur<\/td>\n<td>Gel\u00e9e noire, gel clair, gel ambr\u00e9<\/td>\n<\/tr>\n<tr style=\"height: 13.50pt;\">\n<td style=\"height: 13.50pt;\" height=\"18\">Options de fermeture<\/td>\n<td>Pompe compte-gouttes\/pulv\u00e9risateur<\/td>\n<\/tr>\n<tr style=\"height: 13.50pt;\">\n<td style=\"height: 13.50pt;\" height=\"18\">Application<\/td>\n<td>Huile essentielle, teinture, s\u00e9rum, liquide<\/td>\n<\/tr>\n<tr style=\"height: 13.50pt;\">\n<td style=\"height: 13.50pt;\" height=\"18\">Type d&#039;emballage<\/td>\n<td>En vrac \/ sur mesure \/ vente en gros<\/td>\n<\/tr>\n<\/tbody>\n<\/table>\n<h2>Cas de r\u00e9ussite<\/h2>\n<p>Une marque allemande de soins naturels pour la peau (qui fabrique ses propres produits) a achet\u00e9 ces flacons compte-gouttes en verre d\u00e9poli de 30 ml pour les utiliser dans sa gamme de flacons en verre d&#039;huiles essentielles biologiques.<\/p>\n<ul>\n<li><strong>Minimum 50 000 pi\u00e8ces (format 30 ml)<\/strong>: Premier lot.<\/li>\n<li><strong>Sur mesure<\/strong>Ambre mouchet\u00e9, pattes de col dor\u00e9es, logo s\u00e9rigraphi\u00e9.<\/li>\n<li><strong>Stage pratique<\/strong>: Teinture essentielle d&#039;herbes et d&#039;huiles.<\/li>\n<li><strong>R\u00e9sultats<\/strong>Les ventes de la nouvelle gamme d&#039;emballages en verre haut de gamme ont augment\u00e9 de 35 % en 6 mois.<\/li>\n<li><strong>R\u00e9organiser<\/strong>Poursuite des achats hebdomadaires en gros de r\u00e9f\u00e9rences, avec une augmentation des stocks gr\u00e2ce aux flacons roll-on en verre de 10 ml.<\/li>\n<\/ul>\n<h2>Suggestions de personnalisation B2B<\/h2>\n<ol>\n<li><strong>Identit\u00e9 visuelle et d\u00e9coration<\/strong>: Optez pour la s\u00e9rigraphie, le marquage \u00e0 chaud ou l&#039;\u00e9tiquetage pour donner une identit\u00e9 forte \u00e0 votre gamme de flacons d&#039;huiles essentielles ou de contenants cosm\u00e9tiques.<\/li>\n<li><strong>Options de fermeture et de fonction<\/strong>Choisissez des compte-gouttes, des pompes de pulv\u00e9risation ou d&#039;autres options de distribution compatibles avec diff\u00e9rents produits liquides comme les s\u00e9rums ou le d\u00e9sinfectant pour les mains.<\/li>\n<li><strong>Optimisation de l&#039;emballage et de la logistique<\/strong>Collaborer avec un fabricant r\u00e9put\u00e9 pour d\u00e9velopper un type d&#039;emballage protecteur afin de minimiser les risques de casse et d&#039;assurer un transport international s\u00e9curis\u00e9.<\/li>\n<\/ol>\n<p>Cette gamme de flacons compte-gouttes en verre ambr\u00e9 haut de gamme est con\u00e7ue comme un flacon en verre fiable, personnalisable et esth\u00e9tique, pouvant \u00eatre vendu en gros et sur les march\u00e9s internationaux.<\/p>","protected":false},"excerpt":{"rendered":"<p>Flacons de teinture en verre ambr\u00e9 de haute qualit\u00e9, flacons compte-gouttes en verre d\u00e9poli de 30 ml pour le conditionnement d&#039;huiles essentielles, options de vente en gros et personnalis\u00e9es disponibles.<\/p>","protected":false},"featured_media":7493,"comment_status":"closed","ping_status":"closed","template":"","meta":{"_acf_changed":false,"site-sidebar-layout":"default","site-content-layout":"","ast-site-content-layout":"default","site-content-style":"default","site-sidebar-style":"default","ast-global-header-display":"","ast-banner-title-visibility":"","ast-main-header-display":"","ast-hfb-above-header-display":"","ast-hfb-below-header-display":"","ast-hfb-mobile-header-display":"","site-post-title":"","ast-breadcrumbs-content":"","ast-featured-img":"","footer-sml-layout":"","ast-disable-related-posts":"","theme-transparent-header-meta":"default","adv-header-id-meta":"","stick-header-meta":"","header-above-stick-meta":"","header-main-stick-meta":"","header-below-stick-meta":"","astra-migrate-meta-layouts":"set","ast-page-background-enabled":"default","ast-page-background-meta":{"desktop":{"background-color":"var(--ast-global-color-5)","background-image":"","background-repeat":"repeat","background-position":"center center","background-size":"auto","background-attachment":"scroll","background-type":"","background-media":"","overlay-type":"","overlay-color":"","overlay-opacity":"","overlay-gradient":""},"tablet":{"background-color":"","background-image":"","background-repeat":"repeat","background-position":"center center","background-size":"auto","background-attachment":"scroll","background-type":"","background-media":"","overlay-type":"","overlay-color":"","overlay-opacity":"","overlay-gradient":""},"mobile":{"background-color":"","background-image":"","background-repeat":"repeat","background-position":"center center","background-size":"auto","background-attachment":"scroll","background-type":"","background-media":"","overlay-type":"","overlay-color":"","overlay-opacity":"","overlay-gradient":""}},"ast-content-background-meta":{"desktop":{"background-color":"var(--ast-global-color-4)","background-image":"","background-repeat":"repeat","background-position":"center center","background-size":"auto","background-attachment":"scroll","background-type":"","background-media":"","overlay-type":"","overlay-color":"","overlay-opacity":"","overlay-gradient":""},"tablet":{"background-color":"var(--ast-global-color-4)","background-image":"","background-repeat":"repeat","background-position":"center center","background-size":"auto","background-attachment":"scroll","background-type":"","background-media":"","overlay-type":"","overlay-color":"","overlay-opacity":"","overlay-gradient":""},"mobile":{"background-color":"var(--ast-global-color-4)","background-image":"","background-repeat":"repeat","background-position":"center center","background-size":"auto","background-attachment":"scroll","background-type":"","background-media":"","overlay-type":"","overlay-color":"","overlay-opacity":"","overlay-gradient":""}}},"product_brand":[],"product_cat":[59,62,72,57],"product_tag":[190,204],"class_list":{"0":"post-5449","1":"product","2":"type-product","3":"status-publish","4":"has-post-thumbnail","6":"product_cat-glass-dropper-bottles","7":"product_cat-cosmetic-containers","8":"product_cat-cosmetic-packaging","9":"product_cat-essential-oil-bottles","10":"product_tag-cosmetic-pots-with-lids","11":"product_tag-frosted-cosmetic-jars","12":"desktop-align-left","13":"tablet-align-left","14":"mobile-align-left","16":"first","17":"instock","18":"shipping-taxable","19":"product-type-simple"},"acf":[],"jetpack_sharing_enabled":true,"_links":{"self":[{"href":"https:\/\/theperfumebottles.com\/fr\/wp-json\/wp\/v2\/product\/5449","targetHints":{"allow":["GET"]}}],"collection":[{"href":"https:\/\/theperfumebottles.com\/fr\/wp-json\/wp\/v2\/product"}],"about":[{"href":"https:\/\/theperfumebottles.com\/fr\/wp-json\/wp\/v2\/types\/product"}],"replies":[{"embeddable":true,"href":"https:\/\/theperfumebottles.com\/fr\/wp-json\/wp\/v2\/comments?post=5449"}],"wp:featuredmedia":[{"embeddable":true,"href":"https:\/\/theperfumebottles.com\/fr\/wp-json\/wp\/v2\/media\/7493"}],"wp:attachment":[{"href":"https:\/\/theperfumebottles.com\/fr\/wp-json\/wp\/v2\/media?parent=5449"}],"wp:term":[{"taxonomy":"product_brand","embeddable":true,"href":"https:\/\/theperfumebottles.com\/fr\/wp-json\/wp\/v2\/product_brand?post=5449"},{"taxonomy":"product_cat","embeddable":true,"href":"https:\/\/theperfumebottles.com\/fr\/wp-json\/wp\/v2\/product_cat?post=5449"},{"taxonomy":"product_tag","embeddable":true,"href":"https:\/\/theperfumebottles.com\/fr\/wp-json\/wp\/v2\/product_tag?post=5449"}],"curies":[{"name":"wp","href":"https:\/\/api.w.org\/{rel}","templated":true}]}}