{"id":5483,"date":"2025-08-12T18:19:29","date_gmt":"2025-08-12T10:19:29","guid":{"rendered":"https:\/\/theperfumebottles.com\/?post_type=product&#038;p=5483"},"modified":"2025-08-12T18:19:31","modified_gmt":"2025-08-12T10:19:31","slug":"10ml-glass-roll-on-perfume-bottles-with-caps-wholesale","status":"publish","type":"product","link":"https:\/\/theperfumebottles.com\/fr\/produit\/10ml-glass-roll-on-perfume-bottles-with-caps-wholesale\/","title":{"rendered":"Flacons de parfum roll-on en verre de 10 ml avec bouchons, vente en gros"},"content":{"rendered":"<p>Vous recherchez des flacons de parfum roll-on alliant fonctionnalit\u00e9 et \u00e9l\u00e9gance\u00a0? Nos flacons roll-on en verre de 10\u00a0ml avec bouchon sont con\u00e7us pour les marques qui souhaitent des contenants cosm\u00e9tiques offrant une exp\u00e9rience digne d\u2019un rituel spa \u00e0 chaque goutte.<\/p>\n<h2><strong data-spm-anchor-id=\"5176.28103460.0.i22.29ab1db8wkbRsE\">Sp\u00e9cifications cl\u00e9s<\/strong><\/h2>\n<table style=\"border-collapse: collapse; width: 80%; margin-left: auto; margin-right: auto;\" border=\"0\" width=\"144\" cellspacing=\"0\" cellpadding=\"0\">\n<tbody>\n<tr style=\"height: 13.50pt;\">\n<td style=\"height: 13.50pt; width: 54.00pt;\" width=\"72\" height=\"18\">Fonctionnalit\u00e9<\/td>\n<td style=\"width: 54.00pt;\" width=\"72\">D\u00e9tails<\/td>\n<\/tr>\n<tr style=\"height: 13.50pt;\">\n<td style=\"height: 13.50pt;\" height=\"18\">Capacit\u00e9<\/td>\n<td>10 ml<\/td>\n<\/tr>\n<tr style=\"height: 13.50pt;\">\n<td style=\"height: 13.50pt;\" height=\"18\">Mat\u00e9riel<\/td>\n<td>Verre tremp\u00e9 bleu + capuchon \u00e0 vis noir<\/td>\n<\/tr>\n<tr style=\"height: 13.50pt;\">\n<td style=\"height: 13.50pt;\" height=\"18\">Forme<\/td>\n<td>Rond<\/td>\n<\/tr>\n<tr style=\"height: 13.50pt;\">\n<td style=\"height: 13.50pt;\" height=\"18\">Capuchon<\/td>\n<td>Boule en acier inoxydable avec capuchon<\/td>\n<\/tr>\n<tr style=\"height: 13.50pt;\">\n<td style=\"height: 13.50pt;\" height=\"18\">Usage<\/td>\n<td>Cosm\u00e9tique<\/td>\n<\/tr>\n<\/tbody>\n<\/table>\n<h2>\u00c9tude de cas : Comment un fabricant de soins de la peau a augment\u00e9 ses ventes d&#039;emballages cosm\u00e9tiques pendant une p\u00e9riode de transformation<\/h2>\n<p>Un fabricant de soins de la peau, souhaitant repositionner sa gamme, a opt\u00e9 pour des flacons roll-on en verre de 10 ml avec bouchon. En commandant en gros et en personnalisant les flacons avec des bases d\u00e9polies imitant des pots, il a r\u00e9duit ses co\u00fbts d&#039;emballage de 25 % et augment\u00e9 l&#039;engagement sur les r\u00e9seaux sociaux de 120 %. \u00ab Le flacon roll-on est per\u00e7u comme une chasse au tr\u00e9sor par les clients \u00bb, a d\u00e9clar\u00e9 son directeur marketing.<\/p>\n<h2>Conseils de personnalisation<\/h2>\n<ul>\n<li><strong>Psychologie des couleurs :<\/strong> Utilisez du verre bleu pour des emballages de produits de beaut\u00e9 apaisants ou optez pour le vert pour une gamme de produits de beaut\u00e9 inspir\u00e9e par la nature.<\/li>\n<li><strong>M\u00e9lange de mat\u00e9riaux :<\/strong> Optez pour des bouchons mats pour les marques minimalistes ou des finitions brillantes pour les emballages cosm\u00e9tiques haut de gamme.<\/li>\n<\/ul>\n<p>&nbsp;<\/p>\n<p>&nbsp;<\/p>","protected":false},"excerpt":{"rendered":"<p>Sublimez vos emballages beaut\u00e9 avec ces flacons roll-on en verre de 10 ml, munis d&#039;un bouchon. Id\u00e9aux pour les soins de la peau, les parfums en brume fine et les emballages cosm\u00e9tiques.<\/p>","protected":false},"featured_media":5491,"comment_status":"open","ping_status":"closed","template":"","meta":{"_acf_changed":false,"site-sidebar-layout":"default","site-content-layout":"","ast-site-content-layout":"default","site-content-style":"default","site-sidebar-style":"default","ast-global-header-display":"","ast-banner-title-visibility":"","ast-main-header-display":"","ast-hfb-above-header-display":"","ast-hfb-below-header-display":"","ast-hfb-mobile-header-display":"","site-post-title":"","ast-breadcrumbs-content":"","ast-featured-img":"","footer-sml-layout":"","ast-disable-related-posts":"","theme-transparent-header-meta":"default","adv-header-id-meta":"","stick-header-meta":"","header-above-stick-meta":"","header-main-stick-meta":"","header-below-stick-meta":"","astra-migrate-meta-layouts":"set","ast-page-background-enabled":"default","ast-page-background-meta":{"desktop":{"background-color":"var(--ast-global-color-5)","background-image":"","background-repeat":"repeat","background-position":"center center","background-size":"auto","background-attachment":"scroll","background-type":"","background-media":"","overlay-type":"","overlay-color":"","overlay-opacity":"","overlay-gradient":""},"tablet":{"background-color":"","background-image":"","background-repeat":"repeat","background-position":"center center","background-size":"auto","background-attachment":"scroll","background-type":"","background-media":"","overlay-type":"","overlay-color":"","overlay-opacity":"","overlay-gradient":""},"mobile":{"background-color":"","background-image":"","background-repeat":"repeat","background-position":"center center","background-size":"auto","background-attachment":"scroll","background-type":"","background-media":"","overlay-type":"","overlay-color":"","overlay-opacity":"","overlay-gradient":""}},"ast-content-background-meta":{"desktop":{"background-color":"var(--ast-global-color-4)","background-image":"","background-repeat":"repeat","background-position":"center center","background-size":"auto","background-attachment":"scroll","background-type":"","background-media":"","overlay-type":"","overlay-color":"","overlay-opacity":"","overlay-gradient":""},"tablet":{"background-color":"var(--ast-global-color-4)","background-image":"","background-repeat":"repeat","background-position":"center center","background-size":"auto","background-attachment":"scroll","background-type":"","background-media":"","overlay-type":"","overlay-color":"","overlay-opacity":"","overlay-gradient":""},"mobile":{"background-color":"var(--ast-global-color-4)","background-image":"","background-repeat":"repeat","background-position":"center center","background-size":"auto","background-attachment":"scroll","background-type":"","background-media":"","overlay-type":"","overlay-color":"","overlay-opacity":"","overlay-gradient":""}}},"product_brand":[],"product_cat":[72,62,57,60],"product_tag":[229,228],"class_list":{"0":"post-5483","1":"product","2":"type-product","3":"status-publish","4":"has-post-thumbnail","6":"product_cat-cosmetic-packaging","7":"product_cat-cosmetic-containers","8":"product_cat-essential-oil-bottles","9":"product_cat-roller-bottles","10":"product_tag-10ml-glass-roll-on-bottles-with-caps","11":"product_tag-roll-on-perfume-bottles","12":"desktop-align-left","13":"tablet-align-left","14":"mobile-align-left","16":"first","17":"instock","18":"shipping-taxable","19":"product-type-simple"},"acf":[],"jetpack_sharing_enabled":true,"_links":{"self":[{"href":"https:\/\/theperfumebottles.com\/fr\/wp-json\/wp\/v2\/product\/5483","targetHints":{"allow":["GET"]}}],"collection":[{"href":"https:\/\/theperfumebottles.com\/fr\/wp-json\/wp\/v2\/product"}],"about":[{"href":"https:\/\/theperfumebottles.com\/fr\/wp-json\/wp\/v2\/types\/product"}],"replies":[{"embeddable":true,"href":"https:\/\/theperfumebottles.com\/fr\/wp-json\/wp\/v2\/comments?post=5483"}],"wp:featuredmedia":[{"embeddable":true,"href":"https:\/\/theperfumebottles.com\/fr\/wp-json\/wp\/v2\/media\/5491"}],"wp:attachment":[{"href":"https:\/\/theperfumebottles.com\/fr\/wp-json\/wp\/v2\/media?parent=5483"}],"wp:term":[{"taxonomy":"product_brand","embeddable":true,"href":"https:\/\/theperfumebottles.com\/fr\/wp-json\/wp\/v2\/product_brand?post=5483"},{"taxonomy":"product_cat","embeddable":true,"href":"https:\/\/theperfumebottles.com\/fr\/wp-json\/wp\/v2\/product_cat?post=5483"},{"taxonomy":"product_tag","embeddable":true,"href":"https:\/\/theperfumebottles.com\/fr\/wp-json\/wp\/v2\/product_tag?post=5483"}],"curies":[{"name":"wp","href":"https:\/\/api.w.org\/{rel}","templated":true}]}}