{"id":5625,"date":"2025-08-14T18:00:02","date_gmt":"2025-08-14T10:00:02","guid":{"rendered":"https:\/\/theperfumebottles.com\/?post_type=product&#038;p=5625"},"modified":"2025-08-25T17:58:23","modified_gmt":"2025-08-25T09:58:23","slug":"wholesale-flat-square-amber-bottles-with-dropper","status":"publish","type":"product","link":"https:\/\/theperfumebottles.com\/fr\/produit\/wholesale-flat-square-amber-bottles-with-dropper\/","title":{"rendered":"Flacons ambr\u00e9s carr\u00e9s plats de 30 ml avec compte-gouttes, en gros"},"content":{"rendered":"<p><span class=\"diff-highlight\">Sont<\/span> <span class=\"diff-highlight\">toi<\/span> <span class=\"diff-highlight\">regarder<\/span> pour un style \u00e9l\u00e9gant et <span class=\"diff-highlight\">fonctionnel<\/span> une fa\u00e7on de conserver vos huiles essentielles ou <span class=\"diff-highlight\">s\u00e9rum<\/span>Nos flacons ambr\u00e9s avec compte-gouttes sont parfaits. <span class=\"diff-highlight\">pour<\/span> <span class=\"diff-highlight\">toi<\/span><span class=\"diff-highlight\">!<\/span> <span class=\"diff-highlight\">Fait<\/span> en verre de qualit\u00e9, <span class=\"diff-highlight\">notre<\/span> <span class=\"diff-highlight\">ambre<\/span> <span class=\"diff-highlight\">bouteilles<\/span> <span class=\"diff-highlight\">pr\u00e9venir<\/span> <span class=\"diff-highlight\">le<\/span> <span class=\"diff-highlight\">fuite<\/span> <span class=\"diff-highlight\">de<\/span> <span class=\"diff-highlight\">nocif<\/span> <span class=\"diff-highlight\">UV<\/span> <span class=\"diff-highlight\">rayons<\/span><span class=\"diff-highlight\">.<\/span> <span class=\"diff-highlight\">En plus<\/span>, <span class=\"diff-highlight\">avec<\/span> <span class=\"diff-highlight\">le<\/span> <span class=\"diff-highlight\">compte-gouttes<\/span><span class=\"diff-highlight\">,<\/span> <span class=\"diff-highlight\">toi<\/span> <span class=\"diff-highlight\">peut<\/span> <span class=\"diff-highlight\">dispenser<\/span> le <span class=\"diff-highlight\">parfait<\/span> montant \u00e0 chaque fois.<\/p>\n<h2>Sp\u00e9cifications cl\u00e9s<\/h2>\n<table style=\"border-collapse: collapse;margin-left: auto;margin-right: auto;width: 80%\" border=\"0\" width=\"537\" cellspacing=\"0\" cellpadding=\"0\">\n<tbody>\n<tr style=\"height: 13.50pt\">\n<td style=\"height: 13.50pt;width: 111.00pt\" width=\"148\" height=\"18\">Fonctionnalit\u00e9<\/td>\n<td style=\"width: 291.75pt\" width=\"389\">D\u00e9tails<\/td>\n<\/tr>\n<tr style=\"height: 13.50pt\">\n<td style=\"height: 13.50pt\" height=\"18\">Tailles disponibles<\/td>\n<td>30 ml<\/td>\n<\/tr>\n<tr style=\"height: 13.50pt\">\n<td style=\"height: 13.50pt\" height=\"18\">Mat\u00e9riel<\/td>\n<td>Verre de haute qualit\u00e9<\/td>\n<\/tr>\n<tr style=\"height: 13.50pt\">\n<td style=\"height: 13.50pt\" height=\"18\">Couleur<\/td>\n<td>Transparent, ambre, rose (couleurs personnalis\u00e9es disponibles)<\/td>\n<\/tr>\n<tr style=\"height: 13.50pt\">\n<td style=\"height: 13.50pt\" height=\"18\">Finition<\/td>\n<td>Clair ou givr\u00e9 (sur demande)<\/td>\n<\/tr>\n<tr style=\"height: 13.50pt\">\n<td style=\"height: 13.50pt\" height=\"18\">Cas d&#039;utilisation<\/td>\n<td>Teintures, huiles essentielles, s\u00e9rums<\/td>\n<\/tr>\n<\/tbody>\n<\/table>\n<h2>Victoire concr\u00e8te\u00a0: d\u2019une image de marque confuse \u00e0 une image de marque claire<\/h2>\n<p>Une marque de produits naturels a remplac\u00e9 ses flacons en verre transparent par des flacons compte-gouttes ambr\u00e9s de 30 ml pour ses teintures \u00e0 base de plantes. Le verre ambr\u00e9 a r\u00e9solu les probl\u00e8mes d&#039;exposition \u00e0 la lumi\u00e8re, pr\u00e9servant ainsi la fra\u00eecheur de la formule plus longtemps. De plus, les clients ont trouv\u00e9 les flacons compte-gouttes ambr\u00e9s plus fiables, la bague dor\u00e9e leur conf\u00e9rant une allure haut de gamme et leurs c\u00f4t\u00e9s plats facilitant la prise en main et l&#039;\u00e9tiquetage.<\/p>\n<h2>Conseils de personnalisation intelligents pour votre commande<\/h2>\n<p>Vous souhaitez que votre marque se d\u00e9marque\u00a0? Essayez ces id\u00e9es\u00a0:<\/p>\n<ul>\n<li>Utilisez la finition givr\u00e9e sur du verre ambr\u00e9 pour un aspect plus doux et organique, id\u00e9al pour les lignes de beaut\u00e9 \u00e9pur\u00e9es ou \u00e9cologiques.<\/li>\n<li>Remplacez la bague dor\u00e9e par une bague noire mate ou en argent bross\u00e9 pour correspondre \u00e0 l&#039;esprit de votre marque.<\/li>\n<li>Lot de plusieurs flacons ambr\u00e9s avec compte-gouttes dans un coffret de marque. Id\u00e9al pour les partenaires grossistes et d\u00e9taillants ou les coffrets cadeaux.<\/li>\n<\/ul>\n<p>Des jeunes entreprises de vente en gros aux grands distributeurs, ces bouteilles en verre ambr\u00e9 s&#039;adaptent \u00e0 votre croissance. Elles conviennent aussi bien aux petits essais qu&#039;aux commandes en gros importantes, sans jamais compromettre la qualit\u00e9.<\/p>","protected":false},"excerpt":{"rendered":"<p>Flacons ambr\u00e9s en gros avec compte-gouttes pour huiles essentielles, s\u00e9rums et cosm\u00e9tiques. Verre r\u00e9sistant, personnalisables, parfaits pour les commandes en gros.<\/p>","protected":false},"featured_media":5641,"comment_status":"closed","ping_status":"closed","template":"","meta":{"_acf_changed":false,"site-sidebar-layout":"default","site-content-layout":"","ast-site-content-layout":"default","site-content-style":"default","site-sidebar-style":"default","ast-global-header-display":"","ast-banner-title-visibility":"","ast-main-header-display":"","ast-hfb-above-header-display":"","ast-hfb-below-header-display":"","ast-hfb-mobile-header-display":"","site-post-title":"","ast-breadcrumbs-content":"","ast-featured-img":"","footer-sml-layout":"","ast-disable-related-posts":"","theme-transparent-header-meta":"default","adv-header-id-meta":"","stick-header-meta":"","header-above-stick-meta":"","header-main-stick-meta":"","header-below-stick-meta":"","astra-migrate-meta-layouts":"set","ast-page-background-enabled":"default","ast-page-background-meta":{"desktop":{"background-color":"var(--ast-global-color-5)","background-image":"","background-repeat":"repeat","background-position":"center center","background-size":"auto","background-attachment":"scroll","background-type":"","background-media":"","overlay-type":"","overlay-color":"","overlay-opacity":"","overlay-gradient":""},"tablet":{"background-color":"","background-image":"","background-repeat":"repeat","background-position":"center center","background-size":"auto","background-attachment":"scroll","background-type":"","background-media":"","overlay-type":"","overlay-color":"","overlay-opacity":"","overlay-gradient":""},"mobile":{"background-color":"","background-image":"","background-repeat":"repeat","background-position":"center center","background-size":"auto","background-attachment":"scroll","background-type":"","background-media":"","overlay-type":"","overlay-color":"","overlay-opacity":"","overlay-gradient":""}},"ast-content-background-meta":{"desktop":{"background-color":"var(--ast-global-color-4)","background-image":"","background-repeat":"repeat","background-position":"center center","background-size":"auto","background-attachment":"scroll","background-type":"","background-media":"","overlay-type":"","overlay-color":"","overlay-opacity":"","overlay-gradient":""},"tablet":{"background-color":"var(--ast-global-color-4)","background-image":"","background-repeat":"repeat","background-position":"center center","background-size":"auto","background-attachment":"scroll","background-type":"","background-media":"","overlay-type":"","overlay-color":"","overlay-opacity":"","overlay-gradient":""},"mobile":{"background-color":"var(--ast-global-color-4)","background-image":"","background-repeat":"repeat","background-position":"center center","background-size":"auto","background-attachment":"scroll","background-type":"","background-media":"","overlay-type":"","overlay-color":"","overlay-opacity":"","overlay-gradient":""}}},"product_brand":[],"product_cat":[62,72,57,59],"product_tag":[190,204],"class_list":{"0":"post-5625","1":"product","2":"type-product","3":"status-publish","4":"has-post-thumbnail","6":"product_cat-cosmetic-containers","7":"product_cat-cosmetic-packaging","8":"product_cat-essential-oil-bottles","9":"product_cat-glass-dropper-bottles","10":"product_tag-cosmetic-pots-with-lids","11":"product_tag-frosted-cosmetic-jars","12":"desktop-align-left","13":"tablet-align-left","14":"mobile-align-left","16":"first","17":"instock","18":"shipping-taxable","19":"product-type-simple"},"acf":[],"jetpack_sharing_enabled":true,"_links":{"self":[{"href":"https:\/\/theperfumebottles.com\/fr\/wp-json\/wp\/v2\/product\/5625","targetHints":{"allow":["GET"]}}],"collection":[{"href":"https:\/\/theperfumebottles.com\/fr\/wp-json\/wp\/v2\/product"}],"about":[{"href":"https:\/\/theperfumebottles.com\/fr\/wp-json\/wp\/v2\/types\/product"}],"replies":[{"embeddable":true,"href":"https:\/\/theperfumebottles.com\/fr\/wp-json\/wp\/v2\/comments?post=5625"}],"wp:featuredmedia":[{"embeddable":true,"href":"https:\/\/theperfumebottles.com\/fr\/wp-json\/wp\/v2\/media\/5641"}],"wp:attachment":[{"href":"https:\/\/theperfumebottles.com\/fr\/wp-json\/wp\/v2\/media?parent=5625"}],"wp:term":[{"taxonomy":"product_brand","embeddable":true,"href":"https:\/\/theperfumebottles.com\/fr\/wp-json\/wp\/v2\/product_brand?post=5625"},{"taxonomy":"product_cat","embeddable":true,"href":"https:\/\/theperfumebottles.com\/fr\/wp-json\/wp\/v2\/product_cat?post=5625"},{"taxonomy":"product_tag","embeddable":true,"href":"https:\/\/theperfumebottles.com\/fr\/wp-json\/wp\/v2\/product_tag?post=5625"}],"curies":[{"name":"wp","href":"https:\/\/api.w.org\/{rel}","templated":true}]}}