{"id":6374,"date":"2025-09-15T18:04:21","date_gmt":"2025-09-15T10:04:21","guid":{"rendered":"https:\/\/theperfumebottles.com\/?post_type=product&#038;p=6374"},"modified":"2026-03-26T14:54:19","modified_gmt":"2026-03-26T06:54:19","slug":"cosmetic-glass-containers-with-gold-trim-design-bulk","status":"publish","type":"product","link":"https:\/\/theperfumebottles.com\/fr\/produit\/cosmetic-glass-containers-with-gold-trim-design-bulk\/","title":{"rendered":"Flacons cosm\u00e9tiques en verre de 30 \u00e0 130 ml avec bordure dor\u00e9e (vente en gros)"},"content":{"rendered":"<p>Chaque flacon de cet ensemble de pots cosm\u00e9tiques en verre pr\u00e9sente un \u00e9l\u00e9gant socle triangulaire\u00a0: robuste, stable et d&#039;un design imm\u00e9diatement s\u00e9duisant. Le blanc immacul\u00e9 des flacons contraste avec les d\u00e9tails dor\u00e9s du bouchon et du centre, conf\u00e9rant \u00e0 chaque flacon et pot une allure haut de gamme. L&#039;ensemble comprend des pots \u00e0 cr\u00e8me et des flacons-pompes de diff\u00e9rentes contenances.<\/p>\n<h2>Sp\u00e9cifications cl\u00e9s<\/h2>\n<table style=\"border-collapse: collapse; margin-left: auto; margin-right: auto; width: 504.02pt;\" border=\"0\" width=\"672\" cellspacing=\"0\" cellpadding=\"0\">\n<tbody>\n<tr style=\"height: 13.50pt;\">\n<td class=\"et3\" style=\"height: 13.5pt; width: 121.5pt; text-align: center;\" width=\"162\" height=\"18\"><strong>Diam\u00e8tre du col (mm)<\/strong><\/td>\n<td class=\"et3\" style=\"width: 76.5pt; text-align: center;\" width=\"102\"><strong>30<\/strong><\/td>\n<td class=\"et3\" style=\"width: 76.5pt; text-align: center;\" width=\"102\"><strong>45<\/strong><\/td>\n<td class=\"et3\" style=\"width: 76.5pt; text-align: center;\" width=\"102\"><strong>50<\/strong><\/td>\n<td class=\"et3\" style=\"width: 76.5pt; text-align: center;\" width=\"102\"><strong>110<\/strong><\/td>\n<td class=\"et3\" style=\"width: 76.5pt; text-align: center;\" width=\"102\"><strong>130<\/strong><\/td>\n<\/tr>\n<tr style=\"height: 13.50pt;\">\n<td class=\"et2\" style=\"height: 13.5pt; text-align: center;\" height=\"18\">Diam\u00e8tre (mm)<\/td>\n<td class=\"et2\" style=\"text-align: center;\">46<\/td>\n<td class=\"et2\" style=\"text-align: center;\">46<\/td>\n<td class=\"et2\" style=\"text-align: center;\">17<\/td>\n<td class=\"et2\" style=\"text-align: center;\">20<\/td>\n<td class=\"et2\" style=\"text-align: center;\">20<\/td>\n<\/tr>\n<tr style=\"height: 13.50pt;\">\n<td class=\"et2\" style=\"height: 13.5pt; text-align: center;\" height=\"18\">Diam\u00e8tre (mm)<\/td>\n<td class=\"et2\" style=\"text-align: center;\">56<\/td>\n<td class=\"et2\" style=\"text-align: center;\">64<\/td>\n<td class=\"et2\" style=\"text-align: center;\">38<\/td>\n<td class=\"et2\" style=\"text-align: center;\">46<\/td>\n<td class=\"et2\" style=\"text-align: center;\">48<\/td>\n<\/tr>\n<tr style=\"height: 13.50pt;\">\n<td class=\"et2\" style=\"height: 13.5pt; text-align: center;\" height=\"18\">Hauteur totale (mm)<\/td>\n<td class=\"et2\" style=\"text-align: center;\">42<\/td>\n<td class=\"et2\" style=\"text-align: center;\">46<\/td>\n<td class=\"et2\" style=\"text-align: center;\">106<\/td>\n<td class=\"et2\" style=\"text-align: center;\">142<\/td>\n<td class=\"et2\" style=\"text-align: center;\">162<\/td>\n<\/tr>\n<tr style=\"height: 13.50pt;\">\n<td class=\"et2\" style=\"height: 13.5pt; text-align: center;\" height=\"18\">Hauteur totale (mm)<\/td>\n<td class=\"et2\" style=\"text-align: center;\">50<\/td>\n<td class=\"et2\" style=\"text-align: center;\">60<\/td>\n<td class=\"et2\" style=\"text-align: center;\">140<\/td>\n<td class=\"et2\" style=\"text-align: center;\">182<\/td>\n<td class=\"et2\" style=\"text-align: center;\">200<\/td>\n<\/tr>\n<tr style=\"height: 13.50pt;\">\n<td class=\"et2\" style=\"height: 13.5pt; text-align: center;\" height=\"18\">Mat\u00e9riel<\/td>\n<td class=\"et2\" style=\"text-align: center;\" colspan=\"5\">Ajustez la couleur du flacon en verre : choisissez une couleur plus fonc\u00e9e pour une meilleure protection UV ou une couleur plus claire pour un aspect \u00e9pur\u00e9 et a\u00e9r\u00e9.<\/td>\n<\/tr>\n<tr style=\"height: 13.50pt;\">\n<td class=\"et2\" style=\"height: 13.50pt;\" height=\"18\">Options personnalis\u00e9es<\/td>\n<td class=\"et2\" style=\"text-align: center;\" colspan=\"5\">Ce ne sont pas de simples Twics \u2013 ce sont des am\u00e9liorations strat\u00e9giques qui transforment un contenant standard en un \u00e9l\u00e9ment embl\u00e9matique de votre marque.<\/td>\n<\/tr>\n<tr style=\"height: 13.50pt;\">\n<td class=\"et2\" style=\"height: 13.5pt; text-align: center;\" height=\"18\">Id\u00e9al pour<\/td>\n<td class=\"et2\" style=\"text-align: center;\" colspan=\"5\">Coffrets de soins pour la peau, nettoyant, eau essentielle, lotion\/cr\u00e8me essentielle<\/td>\n<\/tr>\n<\/tbody>\n<\/table>\n<h2>Cas de r\u00e9ussite<\/h2>\n<p>L&#039;une des marques de soins de la peau les plus exclusives de Cor\u00e9e du Sud a finalement opt\u00e9 pour notre ensemble de flacons en verre blanc, qu&#039;elle a ensuite fortement personnalis\u00e9 selon son esth\u00e9tique minimaliste\u00a0: un flacon blanc mat orn\u00e9 d&#039;un anneau plaqu\u00e9 or champagne grav\u00e9, cr\u00e9ant un contraste raffin\u00e9\u00a0; il est dot\u00e9 d&#039;une pompe doseuse con\u00e7ue sur mesure pour r\u00e9guler la quantit\u00e9 de lotion et de s\u00e9rum d\u00e9livr\u00e9e. De plus, nous avons imprim\u00e9 le logo de la marque sur les compartiments par marquage \u00e0 chaud afin de garantir sa durabilit\u00e9 et de lui conf\u00e9rer une apparence lisse et \u00e9l\u00e9gante.<\/p>\n<p>Suite au lancement du nouvel emballage, les ventes ont progress\u00e9 de 28 % en deux mois. Le client s&#039;est dit tr\u00e8s satisfait de la qualit\u00e9 de l&#039;emballage et de l&#039;accueil du march\u00e9, ce qui a entra\u00een\u00e9 une augmentation des commandes et l&#039;extension de ce type d&#039;emballage \u00e0 d&#039;autres gammes de soins de la peau.<\/p>\n<h2>Conseils de personnalisation<\/h2>\n<p>Envie de personnaliser vraiment ce flacon cosm\u00e9tique en verre ?<\/p>\n<ul>\n<li>Ajustez la finition du col \u2013 correspondez \u00e0 votre ligne de limage existante en s\u00e9lectionnant une taille de filetage sp\u00e9cifique.<\/li>\n<li>Changez la couleur du verre \u2013 Optez pour un verre offrant une protection UV suppl\u00e9mentaire ou pour un verre bleu cobalt.<\/li>\n<li>Laser \u2013 Ajoute une sophistication de marque subtile directement sur son verre logot\u00e9.<\/li>\n<li>Optimisez la conception du rebord du pot \u2013 Choisissez un bord lisse ou rugueux pour am\u00e9liorer l&#039;int\u00e9grit\u00e9 du joint lors du transport en vrac.<\/li>\n<\/ul>\n<p>Ce ne sont pas de simples Twics \u2013 ce sont des am\u00e9liorations strat\u00e9giques qui transforment un contenant standard en un \u00e9l\u00e9ment embl\u00e9matique de votre marque.<\/p>","protected":false},"excerpt":{"rendered":"<p>Flacons cosm\u00e9tiques en verre blanc avec d\u00e9tails dor\u00e9s. Lot de flacons en verre en gros, parfaits pour les cr\u00e8mes, les s\u00e9rums et les emballages cosm\u00e9tiques de luxe. Livraison rapide.<\/p>","protected":false},"featured_media":6380,"comment_status":"closed","ping_status":"closed","template":"","meta":{"_acf_changed":false,"site-sidebar-layout":"default","site-content-layout":"","ast-site-content-layout":"default","site-content-style":"default","site-sidebar-style":"default","ast-global-header-display":"","ast-banner-title-visibility":"","ast-main-header-display":"","ast-hfb-above-header-display":"","ast-hfb-below-header-display":"","ast-hfb-mobile-header-display":"","site-post-title":"","ast-breadcrumbs-content":"","ast-featured-img":"","footer-sml-layout":"","ast-disable-related-posts":"","theme-transparent-header-meta":"default","adv-header-id-meta":"","stick-header-meta":"","header-above-stick-meta":"","header-main-stick-meta":"","header-below-stick-meta":"","astra-migrate-meta-layouts":"set","ast-page-background-enabled":"default","ast-page-background-meta":{"desktop":{"background-color":"var(--ast-global-color-5)","background-image":"","background-repeat":"repeat","background-position":"center center","background-size":"auto","background-attachment":"scroll","background-type":"","background-media":"","overlay-type":"","overlay-color":"","overlay-opacity":"","overlay-gradient":""},"tablet":{"background-color":"","background-image":"","background-repeat":"repeat","background-position":"center center","background-size":"auto","background-attachment":"scroll","background-type":"","background-media":"","overlay-type":"","overlay-color":"","overlay-opacity":"","overlay-gradient":""},"mobile":{"background-color":"","background-image":"","background-repeat":"repeat","background-position":"center center","background-size":"auto","background-attachment":"scroll","background-type":"","background-media":"","overlay-type":"","overlay-color":"","overlay-opacity":"","overlay-gradient":""}},"ast-content-background-meta":{"desktop":{"background-color":"var(--ast-global-color-4)","background-image":"","background-repeat":"repeat","background-position":"center center","background-size":"auto","background-attachment":"scroll","background-type":"","background-media":"","overlay-type":"","overlay-color":"","overlay-opacity":"","overlay-gradient":""},"tablet":{"background-color":"var(--ast-global-color-4)","background-image":"","background-repeat":"repeat","background-position":"center center","background-size":"auto","background-attachment":"scroll","background-type":"","background-media":"","overlay-type":"","overlay-color":"","overlay-opacity":"","overlay-gradient":""},"mobile":{"background-color":"var(--ast-global-color-4)","background-image":"","background-repeat":"repeat","background-position":"center center","background-size":"auto","background-attachment":"scroll","background-type":"","background-media":"","overlay-type":"","overlay-color":"","overlay-opacity":"","overlay-gradient":""}}},"product_brand":[],"product_cat":[236,62,72],"product_tag":[226,220],"class_list":{"0":"post-6374","1":"product","2":"type-product","3":"status-publish","4":"has-post-thumbnail","6":"product_cat-cosmetic-container-set","7":"product_cat-cosmetic-containers","8":"product_cat-cosmetic-packaging","9":"product_tag-clear-glass-roller-bottles","10":"product_tag-glass-roll-on-bottles","11":"desktop-align-left","12":"tablet-align-left","13":"mobile-align-left","15":"first","16":"instock","17":"shipping-taxable","18":"product-type-simple"},"acf":[],"jetpack_sharing_enabled":true,"_links":{"self":[{"href":"https:\/\/theperfumebottles.com\/fr\/wp-json\/wp\/v2\/product\/6374","targetHints":{"allow":["GET"]}}],"collection":[{"href":"https:\/\/theperfumebottles.com\/fr\/wp-json\/wp\/v2\/product"}],"about":[{"href":"https:\/\/theperfumebottles.com\/fr\/wp-json\/wp\/v2\/types\/product"}],"replies":[{"embeddable":true,"href":"https:\/\/theperfumebottles.com\/fr\/wp-json\/wp\/v2\/comments?post=6374"}],"wp:featuredmedia":[{"embeddable":true,"href":"https:\/\/theperfumebottles.com\/fr\/wp-json\/wp\/v2\/media\/6380"}],"wp:attachment":[{"href":"https:\/\/theperfumebottles.com\/fr\/wp-json\/wp\/v2\/media?parent=6374"}],"wp:term":[{"taxonomy":"product_brand","embeddable":true,"href":"https:\/\/theperfumebottles.com\/fr\/wp-json\/wp\/v2\/product_brand?post=6374"},{"taxonomy":"product_cat","embeddable":true,"href":"https:\/\/theperfumebottles.com\/fr\/wp-json\/wp\/v2\/product_cat?post=6374"},{"taxonomy":"product_tag","embeddable":true,"href":"https:\/\/theperfumebottles.com\/fr\/wp-json\/wp\/v2\/product_tag?post=6374"}],"curies":[{"name":"wp","href":"https:\/\/api.w.org\/{rel}","templated":true}]}}