{"id":6381,"date":"2025-09-16T10:07:06","date_gmt":"2025-09-16T02:07:06","guid":{"rendered":"https:\/\/theperfumebottles.com\/?post_type=product&#038;p=6381"},"modified":"2025-09-17T11:40:08","modified_gmt":"2025-09-17T03:40:08","slug":"wholesale-beige-glass-cosmetic-bottle-and-cream-jar-set","status":"publish","type":"product","link":"https:\/\/theperfumebottles.com\/fr\/produit\/wholesale-beige-glass-cosmetic-bottle-and-cream-jar-set\/","title":{"rendered":"Ensemble de flacons cosm\u00e9tiques et pots \u00e0 cr\u00e8me en verre beige en gros"},"content":{"rendered":"<p>Cette collection de flacons cosm\u00e9tiques et de pots \u00e0 cr\u00e8me en verre ne manquera pas de vous s\u00e9duire. Les flacons arborent une douce teinte beige chaude, et leurs bouchons, l\u00e9g\u00e8rement stri\u00e9s verticalement, offrent une prise en main confortable et \u00e9l\u00e9gante. De fines touches dor\u00e9es sur le col et le bouchon soulignent leur design raffin\u00e9. Ce coffret de soins comprend des pots \u00e0 cr\u00e8me et des flacons-pompes de diff\u00e9rentes contenances.<\/p>\n<h2>Sp\u00e9cifications cl\u00e9s<\/h2>\n<table style=\"border-collapse: collapse;width: 448.52pt;margin-left: auto;margin-right: auto\" border=\"0\" width=\"598\" cellspacing=\"0\" cellpadding=\"0\">\n<tbody>\n<tr style=\"height: 13.50pt\">\n<td class=\"et2\" style=\"height: 13.50pt;width: 116.25pt\" width=\"155\" height=\"18\">Diam\u00e8tre du col (mm)<\/td>\n<td class=\"et3\" style=\"width: 58.50pt\" width=\"78\">15<\/td>\n<td class=\"et3\" style=\"width: 57.75pt\" width=\"77\">25<\/td>\n<td class=\"et3\" style=\"width: 54.00pt\" width=\"72\">40<\/td>\n<td class=\"et3\" style=\"width: 54.00pt\" width=\"72\">45<\/td>\n<td class=\"et3\" style=\"width: 54.00pt\" width=\"72\">105<\/td>\n<td class=\"et3\" style=\"width: 54.00pt\" width=\"72\">130<\/td>\n<\/tr>\n<tr style=\"height: 13.50pt\">\n<td class=\"et2\" style=\"height: 13.50pt\" height=\"18\">Diam\u00e8tre (mm)<\/td>\n<td class=\"et3\">46<\/td>\n<td class=\"et3\">46<\/td>\n<td class=\"et3\">52<\/td>\n<td class=\"et3\">20<\/td>\n<td class=\"et3\">20<\/td>\n<td class=\"et3\">20<\/td>\n<\/tr>\n<tr style=\"height: 13.50pt\">\n<td class=\"et2\" style=\"height: 13.50pt\" height=\"18\">Diam\u00e8tre (mm)<\/td>\n<td class=\"et3\">58<\/td>\n<td class=\"et3\">58<\/td>\n<td class=\"et3\">64<\/td>\n<td class=\"et3\">41<\/td>\n<td class=\"et3\">42<\/td>\n<td class=\"et3\">42<\/td>\n<\/tr>\n<tr style=\"height: 13.50pt\">\n<td class=\"et2\" style=\"height: 13.50pt\" height=\"18\">Hauteur totale (mm)<\/td>\n<td class=\"et3\">33<\/td>\n<td class=\"et3\">37<\/td>\n<td class=\"et3\">41<\/td>\n<td class=\"et3\">87<\/td>\n<td class=\"et3\">127<\/td>\n<td class=\"et3\">142<\/td>\n<\/tr>\n<tr style=\"height: 13.50pt\">\n<td class=\"et2\" style=\"height: 13.50pt\" height=\"18\">Hauteur totale (mm)<\/td>\n<td class=\"et3\">42<\/td>\n<td class=\"et3\">46<\/td>\n<td class=\"et3\">52<\/td>\n<td class=\"et3\">120<\/td>\n<td class=\"et3\">162<\/td>\n<td class=\"et3\">178<\/td>\n<\/tr>\n<tr style=\"height: 13.50pt\">\n<td class=\"et2\" style=\"height: 13.50pt\" height=\"18\">Mat\u00e9riel<\/td>\n<td class=\"et3\" colspan=\"6\">Ajustez la couleur du flacon en verre : choisissez une couleur plus fonc\u00e9e pour une meilleure protection UV ou une couleur plus claire pour un aspect \u00e9pur\u00e9 et a\u00e9r\u00e9.<\/td>\n<\/tr>\n<tr style=\"height: 13.50pt\">\n<td class=\"et2\" style=\"height: 13.50pt\" height=\"18\">Options personnalis\u00e9es<\/td>\n<td class=\"et3\" colspan=\"6\">Forme de la bouteille, goulot, couleur, traitement de surface, taille, bouchon, accessoires, logo<\/td>\n<\/tr>\n<tr style=\"height: 13.50pt\">\n<td class=\"et2\" style=\"height: 13.50pt\" height=\"18\">Id\u00e9al pour<\/td>\n<td class=\"et3\" colspan=\"6\">Nettoyant, essence, lotion, cr\u00e8me, coffrets de soins pour la peau<\/td>\n<\/tr>\n<\/tbody>\n<\/table>\n<h2>Comment une marque a doubl\u00e9 son nombre de clients<\/h2>\n<p>Une marque de produits de sant\u00e9 a lanc\u00e9 une nouvelle gamme de cr\u00e8mes, pr\u00e9sent\u00e9e dans un pot en verre assorti \u00e0 un flacon de lotion tonique \u00e9galement en verre. Le format choisi \u00e9tait de 50 ml, avec une pompe ergonomique. En trois mois seulement, les retours clients ont r\u00e9v\u00e9l\u00e9 une surprise de taille\u00a0: 68\u00a0% des acheteurs ont mentionn\u00e9 l\u2019emballage dans leurs avis, avec des commentaires tels que \u00ab\u00a0c\u2019est magnifique\u00a0\u00bb et \u00ab\u00a0je l\u2019expose comme une \u0153uvre d\u2019art sur mon plan de travail\u00a0\u00bb. Le taux de rachat a grimp\u00e9 de 92\u00a0%. La raison\u00a0? La confiance que les consommateurs accordent \u00e0 l\u2019esth\u00e9tique soign\u00e9e et au toucher de l\u2019emballage. Loin de masquer le produit, ce packaging cosm\u00e9tique le met en valeur.<\/p>\n<h2>Ensemble de soins de la peau personnalis\u00e9<\/h2>\n<p>Vous souhaitez rendre ce flacon cosm\u00e9tique en verre unique ?<\/p>\n<ul>\n<li>Ajustez la couleur du flacon en verre : choisissez une couleur plus fonc\u00e9e pour une meilleure protection UV ou une couleur plus claire pour un aspect \u00e9pur\u00e9 et a\u00e9r\u00e9.<\/li>\n<li>Personnalisez la profondeur des nervures du capuchon\u00a0: des rainures plus profondes ajoutent de la texture et de l\u2019adh\u00e9rence, id\u00e9ales pour une utilisation sous la douche.<\/li>\n<li>Marquer au laser la ligne de capacit\u00e9 \u2014 un indicateur micro-grav\u00e9 \u00e0 l&#039;int\u00e9rieur de la bouteille facilite un remplissage pr\u00e9cis.<\/li>\n<\/ul>\n<p>Ces options de personnalisation vous permettent d&#039;affiner les performances et l&#039;apparence, sans \u00e9tiquette.<\/p>","protected":false},"excerpt":{"rendered":"<p>Flacons cosm\u00e9tiques et pots \u00e0 cr\u00e8me en verre beige \u00e9l\u00e9gant, orn\u00e9s de d\u00e9tails dor\u00e9s, disponibles en gros pour un emballage haut de gamme. \u00c9chantillons gratuits et livraison rapide.<\/p>","protected":false},"featured_media":6383,"comment_status":"closed","ping_status":"closed","template":"","meta":{"_acf_changed":false,"site-sidebar-layout":"default","site-content-layout":"","ast-site-content-layout":"default","site-content-style":"default","site-sidebar-style":"default","ast-global-header-display":"","ast-banner-title-visibility":"","ast-main-header-display":"","ast-hfb-above-header-display":"","ast-hfb-below-header-display":"","ast-hfb-mobile-header-display":"","site-post-title":"","ast-breadcrumbs-content":"","ast-featured-img":"","footer-sml-layout":"","ast-disable-related-posts":"","theme-transparent-header-meta":"default","adv-header-id-meta":"","stick-header-meta":"","header-above-stick-meta":"","header-main-stick-meta":"","header-below-stick-meta":"","astra-migrate-meta-layouts":"set","ast-page-background-enabled":"default","ast-page-background-meta":{"desktop":{"background-color":"var(--ast-global-color-5)","background-image":"","background-repeat":"repeat","background-position":"center center","background-size":"auto","background-attachment":"scroll","background-type":"","background-media":"","overlay-type":"","overlay-color":"","overlay-opacity":"","overlay-gradient":""},"tablet":{"background-color":"","background-image":"","background-repeat":"repeat","background-position":"center center","background-size":"auto","background-attachment":"scroll","background-type":"","background-media":"","overlay-type":"","overlay-color":"","overlay-opacity":"","overlay-gradient":""},"mobile":{"background-color":"","background-image":"","background-repeat":"repeat","background-position":"center center","background-size":"auto","background-attachment":"scroll","background-type":"","background-media":"","overlay-type":"","overlay-color":"","overlay-opacity":"","overlay-gradient":""}},"ast-content-background-meta":{"desktop":{"background-color":"var(--ast-global-color-4)","background-image":"","background-repeat":"repeat","background-position":"center center","background-size":"auto","background-attachment":"scroll","background-type":"","background-media":"","overlay-type":"","overlay-color":"","overlay-opacity":"","overlay-gradient":""},"tablet":{"background-color":"var(--ast-global-color-4)","background-image":"","background-repeat":"repeat","background-position":"center center","background-size":"auto","background-attachment":"scroll","background-type":"","background-media":"","overlay-type":"","overlay-color":"","overlay-opacity":"","overlay-gradient":""},"mobile":{"background-color":"var(--ast-global-color-4)","background-image":"","background-repeat":"repeat","background-position":"center center","background-size":"auto","background-attachment":"scroll","background-type":"","background-media":"","overlay-type":"","overlay-color":"","overlay-opacity":"","overlay-gradient":""}}},"product_brand":[],"product_cat":[72,236,62],"product_tag":[226,220],"class_list":{"0":"post-6381","1":"product","2":"type-product","3":"status-publish","4":"has-post-thumbnail","6":"product_cat-cosmetic-packaging","7":"product_cat-cosmetic-container-set","8":"product_cat-cosmetic-containers","9":"product_tag-clear-glass-roller-bottles","10":"product_tag-glass-roll-on-bottles","11":"desktop-align-left","12":"tablet-align-left","13":"mobile-align-left","15":"first","16":"instock","17":"shipping-taxable","18":"product-type-simple"},"acf":[],"jetpack_sharing_enabled":true,"_links":{"self":[{"href":"https:\/\/theperfumebottles.com\/fr\/wp-json\/wp\/v2\/product\/6381","targetHints":{"allow":["GET"]}}],"collection":[{"href":"https:\/\/theperfumebottles.com\/fr\/wp-json\/wp\/v2\/product"}],"about":[{"href":"https:\/\/theperfumebottles.com\/fr\/wp-json\/wp\/v2\/types\/product"}],"replies":[{"embeddable":true,"href":"https:\/\/theperfumebottles.com\/fr\/wp-json\/wp\/v2\/comments?post=6381"}],"wp:featuredmedia":[{"embeddable":true,"href":"https:\/\/theperfumebottles.com\/fr\/wp-json\/wp\/v2\/media\/6383"}],"wp:attachment":[{"href":"https:\/\/theperfumebottles.com\/fr\/wp-json\/wp\/v2\/media?parent=6381"}],"wp:term":[{"taxonomy":"product_brand","embeddable":true,"href":"https:\/\/theperfumebottles.com\/fr\/wp-json\/wp\/v2\/product_brand?post=6381"},{"taxonomy":"product_cat","embeddable":true,"href":"https:\/\/theperfumebottles.com\/fr\/wp-json\/wp\/v2\/product_cat?post=6381"},{"taxonomy":"product_tag","embeddable":true,"href":"https:\/\/theperfumebottles.com\/fr\/wp-json\/wp\/v2\/product_tag?post=6381"}],"curies":[{"name":"wp","href":"https:\/\/api.w.org\/{rel}","templated":true}]}}