{"id":6388,"date":"2025-09-16T10:37:07","date_gmt":"2025-09-16T02:37:07","guid":{"rendered":"https:\/\/theperfumebottles.com\/?post_type=product&#038;p=6388"},"modified":"2025-09-17T11:39:39","modified_gmt":"2025-09-17T03:39:39","slug":"bulk-white-skincare-bottle-and-cream-jars-with-diagonal-texture","status":"publish","type":"product","link":"https:\/\/theperfumebottles.com\/fr\/produit\/bulk-white-skincare-bottle-and-cream-jars-with-diagonal-texture\/","title":{"rendered":"Bouteilles et pots de cr\u00e8me pour soins de la peau en vrac avec texture diagonale"},"content":{"rendered":"<p>Imagine: A pristine white skincare bottle with gentle diagonal edges. The cap is equally simple and sophisticated: a thin gold ring adorns the neck, and a metallic accent adorns the top. This skincare set includes pump-top bottles of different sizes and a face cream jar.<\/p>\n<h2>Sp\u00e9cifications cl\u00e9s<\/h2>\n<table style=\"border-collapse: collapse;margin-left: auto;margin-right: auto;width: 546.77pt\" border=\"0\" width=\"729\" cellspacing=\"0\" cellpadding=\"0\">\n<tbody>\n<tr style=\"height: 13.50pt\">\n<td class=\"et2\" style=\"height: 13.50pt;width: 117.75pt\" width=\"157\" height=\"18\">Diam\u00e8tre du col (mm)<\/td>\n<td class=\"et3\" style=\"width: 119.25pt\" width=\"159\">105<\/td>\n<td class=\"et3\" style=\"width: 119.25pt\" width=\"159\">40<\/td>\n<td class=\"et3\" style=\"width: 96.75pt\" width=\"129\">105<\/td>\n<td class=\"et3\" style=\"width: 93.75pt\" width=\"125\">125<\/td>\n<\/tr>\n<tr style=\"height: 13.50pt\">\n<td class=\"et2\" style=\"height: 13.50pt\" height=\"18\">Diam\u00e8tre (mm)<\/td>\n<td class=\"et3\">51<\/td>\n<td class=\"et3\">20<\/td>\n<td class=\"et3\">20<\/td>\n<td class=\"et3\">20<\/td>\n<\/tr>\n<tr style=\"height: 13.50pt\">\n<td class=\"et2\" style=\"height: 13.50pt\" height=\"18\">Diam\u00e8tre (mm)<\/td>\n<td class=\"et3\">75<\/td>\n<td class=\"et3\">40<\/td>\n<td class=\"et3\">45<\/td>\n<td class=\"et3\">46<\/td>\n<\/tr>\n<tr style=\"height: 13.50pt\">\n<td class=\"et2\" style=\"height: 13.50pt\" height=\"18\">Hauteur totale (mm)<\/td>\n<td class=\"et3\">56<\/td>\n<td class=\"et3\">84<\/td>\n<td class=\"et3\">125<\/td>\n<td class=\"et3\">142<\/td>\n<\/tr>\n<tr style=\"height: 13.50pt\">\n<td class=\"et2\" style=\"height: 13.50pt\" height=\"18\">Mat\u00e9riel<\/td>\n<td class=\"et3\" colspan=\"4\">Ajustez la couleur du flacon en verre : choisissez une couleur plus fonc\u00e9e pour une meilleure protection UV ou une couleur plus claire pour un aspect \u00e9pur\u00e9 et a\u00e9r\u00e9.<\/td>\n<\/tr>\n<tr style=\"height: 13.50pt\">\n<td class=\"et2\" style=\"height: 13.50pt\" height=\"18\">Options personnalis\u00e9es<\/td>\n<td class=\"et3\" colspan=\"4\">Customize logo and branding elements: Integrate the slogan in your brand name, logo and bottle design.<\/td>\n<\/tr>\n<tr style=\"height: 13.50pt\">\n<td class=\"et2\" style=\"height: 13.50pt\" height=\"18\">Id\u00e9al pour<\/td>\n<td class=\"et3\" colspan=\"4\">Nettoyant, hydratant, essence, cr\u00e8me, set de soins<\/td>\n<\/tr>\n<\/tbody>\n<\/table>\n<h2>Comment les marques peuvent-elles gagner de l'espace dans les rayons sans budget publicitaire massif ?<\/h2>\n<p>Une nouvelle ligne de produits biologiques ne propose que trois produits : un s\u00e9rum, une cr\u00e8me de jour et une lotion hydratante. Elle utilise ces flacons de soins pour contenir les s\u00e9rums et les pots de cr\u00e8me de beaut\u00e9 assortis. Pas de logo tape-\u00e0-l'\u0153il, juste un contenant blanc \u00e9pur\u00e9 avec des c\u00f4t\u00e9s textur\u00e9s et des accents dor\u00e9s. Les acheteurs au d\u00e9tail ont \u00e9t\u00e9 ravis. L'un d'entre eux a d\u00e9clar\u00e9 : \"\u00c7a a l'air cher, mais ce n'est pas du tout criard\". En l'espace de quatre mois, la ligne a \u00e9t\u00e9 stock\u00e9e dans deux grandes cha\u00eenes de boutiques. La raison ? Parce qu'un emballage cosm\u00e9tique de haute qualit\u00e9 est durable et fait partie int\u00e9grante de l'exp\u00e9rience de l'utilisateur.<\/p>\n<h2>Comment personnaliser l'emballage des produits cosm\u00e9tiques ?<\/h2>\n<p>Vous voulez faire de ce contenant le v\u00f4tre ? Voici comment, sans m\u00eame toucher \u00e0 l'emballage :<\/p>\n<ul>\n<li>Ajustez l'angle de la diagonale du grain - les lignes plus raides donnent une impression plus dynamique. Les lignes plus douces donnent une impression de calme.<\/li>\n<li>Ajouter un rev\u00eatement interne de conservation des UV - fournir une protection suppl\u00e9mentaire pour les ingr\u00e9dients actifs instables dans la lotion ou le s\u00e9rum.<\/li>\n<li>Personnalisez le logo et les \u00e9l\u00e9ments de la marque : Int\u00e9grez le slogan au nom de votre marque, \u00e0 votre logo et au design de votre bouteille.<\/li>\n<\/ul>\n<p>Ces options d'adaptation vous permettent d'optimiser les performances et l'exp\u00e9rience de l'int\u00e9rieur.<\/p>","protected":false},"excerpt":{"rendered":"<p>Elegant white skincare bottle and beauty cream jars with diagonal texture and gold accents, perfect for luxury packaging and wholesale orders.<\/p>","protected":false},"featured_media":6393,"comment_status":"closed","ping_status":"closed","template":"","meta":{"_acf_changed":false,"site-sidebar-layout":"default","site-content-layout":"","ast-site-content-layout":"default","site-content-style":"default","site-sidebar-style":"default","ast-global-header-display":"","ast-banner-title-visibility":"","ast-main-header-display":"","ast-hfb-above-header-display":"","ast-hfb-below-header-display":"","ast-hfb-mobile-header-display":"","site-post-title":"","ast-breadcrumbs-content":"","ast-featured-img":"","footer-sml-layout":"","ast-disable-related-posts":"","theme-transparent-header-meta":"default","adv-header-id-meta":"","stick-header-meta":"","header-above-stick-meta":"","header-main-stick-meta":"","header-below-stick-meta":"","astra-migrate-meta-layouts":"set","ast-page-background-enabled":"default","ast-page-background-meta":{"desktop":{"background-color":"var(--ast-global-color-5)","background-image":"","background-repeat":"repeat","background-position":"center center","background-size":"auto","background-attachment":"scroll","background-type":"","background-media":"","overlay-type":"","overlay-color":"","overlay-opacity":"","overlay-gradient":""},"tablet":{"background-color":"","background-image":"","background-repeat":"repeat","background-position":"center center","background-size":"auto","background-attachment":"scroll","background-type":"","background-media":"","overlay-type":"","overlay-color":"","overlay-opacity":"","overlay-gradient":""},"mobile":{"background-color":"","background-image":"","background-repeat":"repeat","background-position":"center center","background-size":"auto","background-attachment":"scroll","background-type":"","background-media":"","overlay-type":"","overlay-color":"","overlay-opacity":"","overlay-gradient":""}},"ast-content-background-meta":{"desktop":{"background-color":"var(--ast-global-color-4)","background-image":"","background-repeat":"repeat","background-position":"center center","background-size":"auto","background-attachment":"scroll","background-type":"","background-media":"","overlay-type":"","overlay-color":"","overlay-opacity":"","overlay-gradient":""},"tablet":{"background-color":"var(--ast-global-color-4)","background-image":"","background-repeat":"repeat","background-position":"center center","background-size":"auto","background-attachment":"scroll","background-type":"","background-media":"","overlay-type":"","overlay-color":"","overlay-opacity":"","overlay-gradient":""},"mobile":{"background-color":"var(--ast-global-color-4)","background-image":"","background-repeat":"repeat","background-position":"center center","background-size":"auto","background-attachment":"scroll","background-type":"","background-media":"","overlay-type":"","overlay-color":"","overlay-opacity":"","overlay-gradient":""}}},"product_brand":[],"product_cat":[72,236,62],"product_tag":[226,220],"class_list":{"0":"post-6388","1":"product","2":"type-product","3":"status-publish","4":"has-post-thumbnail","6":"product_cat-cosmetic-packaging","7":"product_cat-cosmetic-container-set","8":"product_cat-cosmetic-containers","9":"product_tag-clear-glass-roller-bottles","10":"product_tag-glass-roll-on-bottles","11":"desktop-align-left","12":"tablet-align-left","13":"mobile-align-left","15":"first","16":"instock","17":"shipping-taxable","18":"product-type-simple"},"acf":[],"jetpack_sharing_enabled":true,"_links":{"self":[{"href":"https:\/\/theperfumebottles.com\/fr\/wp-json\/wp\/v2\/product\/6388","targetHints":{"allow":["GET"]}}],"collection":[{"href":"https:\/\/theperfumebottles.com\/fr\/wp-json\/wp\/v2\/product"}],"about":[{"href":"https:\/\/theperfumebottles.com\/fr\/wp-json\/wp\/v2\/types\/product"}],"replies":[{"embeddable":true,"href":"https:\/\/theperfumebottles.com\/fr\/wp-json\/wp\/v2\/comments?post=6388"}],"wp:featuredmedia":[{"embeddable":true,"href":"https:\/\/theperfumebottles.com\/fr\/wp-json\/wp\/v2\/media\/6393"}],"wp:attachment":[{"href":"https:\/\/theperfumebottles.com\/fr\/wp-json\/wp\/v2\/media?parent=6388"}],"wp:term":[{"taxonomy":"product_brand","embeddable":true,"href":"https:\/\/theperfumebottles.com\/fr\/wp-json\/wp\/v2\/product_brand?post=6388"},{"taxonomy":"product_cat","embeddable":true,"href":"https:\/\/theperfumebottles.com\/fr\/wp-json\/wp\/v2\/product_cat?post=6388"},{"taxonomy":"product_tag","embeddable":true,"href":"https:\/\/theperfumebottles.com\/fr\/wp-json\/wp\/v2\/product_tag?post=6388"}],"curies":[{"name":"wp","href":"https:\/\/api.w.org\/{rel}","templated":true}]}}