{"id":6455,"date":"2025-09-18T16:44:11","date_gmt":"2025-09-18T08:44:11","guid":{"rendered":"https:\/\/theperfumebottles.com\/?post_type=product&#038;p=6455"},"modified":"2026-03-26T14:53:28","modified_gmt":"2026-03-26T06:53:28","slug":"glass-skincare-packaging-set-for-brands-bulk","status":"publish","type":"product","link":"https:\/\/theperfumebottles.com\/fr\/produit\/glass-skincare-packaging-set-for-brands-bulk\/","title":{"rendered":"Ensemble d&#039;emballages en verre de 30 \u00e0 125 ml pour soins de la peau, en gros pour les marques"},"content":{"rendered":"<p>Vous recherchez des flacons en verre luxueux pour vos soins de la peau, sans vous ruiner\u00a0? Nous cr\u00e9ons une collection raffin\u00e9e de flacons en verre noir d\u00e9grad\u00e9, dot\u00e9s de bouchons \u00e9l\u00e9gants\u00a0: parfaits pour vos lotions, cr\u00e8mes, s\u00e9rums et huiles essentielles. Gr\u00e2ce \u00e0 leur protection UV, ces flacons pr\u00e9servent la fra\u00eecheur de vos formules cosm\u00e9tiques. Pour toute commande en gros, des options de personnalisation sont disponibles afin de refl\u00e9ter l\u2019image de votre marque.<\/p>\n<h2><strong data-spm-anchor-id=\"5176.28103460.0.i18.29ab2e31QyfPr1\">Sp\u00e9cifications cl\u00e9s<\/strong><\/h2>\n<table style=\"border-collapse: collapse; width: 80%; margin-left: auto; margin-right: auto;\" border=\"0\" width=\"648\" cellspacing=\"0\" cellpadding=\"0\">\n<tbody>\n<tr style=\"height: 13.50pt;\">\n<td style=\"height: 13.5pt; text-align: center;\" width=\"72\" height=\"18\">Capacit\u00e9 (ml)<\/td>\n<td style=\"width: 54pt; text-align: center;\" width=\"72\">Forme<\/td>\n<td style=\"width: 54pt; text-align: center;\" width=\"72\">Diam\u00e8tre de la bouche (mm)<\/td>\n<td style=\"width: 54pt; text-align: center;\" width=\"72\">Diam\u00e8tre de la bouteille (mm)<\/td>\n<td style=\"width: 54pt; text-align: center;\" width=\"72\">Hauteur de la bouteille (mm)<\/td>\n<td style=\"width: 54pt; text-align: center;\" width=\"72\">Hauteur totale avec capuchon (mm)<\/td>\n<td style=\"width: 54pt; text-align: center;\" width=\"72\">Couleur<\/td>\n<td style=\"width: 54pt; text-align: center;\" width=\"72\">Options personnalis\u00e9es<\/td>\n<td style=\"width: 54pt; text-align: center;\" width=\"72\">Usage<\/td>\n<\/tr>\n<tr style=\"height: 13.50pt;\">\n<td style=\"height: 13.5pt; text-align: center;\" height=\"18\">125<\/td>\n<td class=\"et2\" style=\"text-align: center;\" rowspan=\"4\">C\u00f4t\u00e9s droits<\/td>\n<td style=\"text-align: center;\">20<\/td>\n<td style=\"text-align: center;\">41&#215;41<\/td>\n<td style=\"text-align: center;\">130<\/td>\n<td style=\"text-align: center;\">180<\/td>\n<td class=\"et2\" style=\"text-align: center;\" rowspan=\"6\">D\u00e9grad\u00e9 noir<\/td>\n<td class=\"et2\" style=\"text-align: center;\" rowspan=\"6\">Traitement de surface, couleur, taille, forme, rev\u00eatement, accessoires<\/td>\n<td class=\"et2\" style=\"text-align: center;\" rowspan=\"6\">Lotions, cr\u00e8mes, essences, etc.<\/td>\n<\/tr>\n<tr style=\"height: 13.50pt;\">\n<td style=\"height: 13.5pt; text-align: center;\" height=\"18\">105<\/td>\n<td style=\"text-align: center;\">20<\/td>\n<td style=\"text-align: center;\">41&#215;41<\/td>\n<td style=\"text-align: center;\">150<\/td>\n<td style=\"text-align: center;\">160<\/td>\n<\/tr>\n<tr style=\"height: 13.50pt;\">\n<td style=\"height: 13.5pt; text-align: center;\" height=\"18\">50<\/td>\n<td style=\"text-align: center;\">20<\/td>\n<td style=\"text-align: center;\">37&#215;37<\/td>\n<td style=\"text-align: center;\">88<\/td>\n<td style=\"text-align: center;\">120<\/td>\n<\/tr>\n<tr style=\"height: 13.50pt;\">\n<td style=\"height: 13.5pt; text-align: center;\" height=\"18\">30<\/td>\n<td style=\"text-align: center;\">20<\/td>\n<td style=\"text-align: center;\">37&#215;37<\/td>\n<td style=\"text-align: center;\">75<\/td>\n<td style=\"text-align: center;\">105<\/td>\n<\/tr>\n<tr style=\"height: 13.50pt;\">\n<td style=\"height: 13.5pt; text-align: center;\" height=\"18\">40<\/td>\n<td class=\"et2\" style=\"text-align: center;\" rowspan=\"2\">Carr\u00e9<\/td>\n<td style=\"text-align: center;\">49<\/td>\n<td style=\"text-align: center;\">64&#215;64<\/td>\n<td style=\"text-align: center;\">40<\/td>\n<td style=\"text-align: center;\">52<\/td>\n<\/tr>\n<tr style=\"height: 13.50pt;\">\n<td style=\"height: 13.5pt; text-align: center;\" height=\"18\">30<\/td>\n<td style=\"text-align: center;\">49<\/td>\n<td style=\"text-align: center;\">60&#215;60<\/td>\n<td style=\"text-align: center;\">37<\/td>\n<td style=\"text-align: center;\">50<\/td>\n<\/tr>\n<\/tbody>\n<\/table>\n<h2>Histoire \u00e0 succ\u00e8s<\/h2>\n<p>Nos flacons de soin en verre noir ont \u00e9t\u00e9 choisis par une marque de cosm\u00e9tiques cor\u00e9enne de luxe. Leurs bouchons ergonomiques, moul\u00e9s sur mesure, s&#039;adaptent aux besoins de chaque client et leurs cols sont \u00e9lectroplaqu\u00e9s. Ce coffret comprend \u00e9galement un assortiment de pompes et de compte-gouttes de diff\u00e9rentes tailles, offrant ainsi un flacon en verre polyvalent pour tous vos soins de la peau.<\/p>\n<p>Les ventes ont connu une croissance de 36 % en seulement deux mois apr\u00e8s son lancement, ce qui a incit\u00e9 \u00e0 passer une nouvelle commande de 65 000 unit\u00e9s pour lui permettre de se d\u00e9velopper \u00e0 travers les canaux en ligne et hors ligne.<\/p>\n<h2>Votre guide de personnalisation<\/h2>\n<ol>\n<li><strong>Correspondance des couleurs :<\/strong> Remplacez les d\u00e9grad\u00e9s noirs par une teinte personnalis\u00e9e assortie \u00e0 la palette de votre marque \u2013 sans frais suppl\u00e9mentaires pour les commandes en gros.<\/li>\n<li><strong>Styles de casquettes :<\/strong> Choisissez un bouchon dor\u00e9 ou mat pour une finition haut de gamme sur vos bouteilles en verre.<\/li>\n<li><strong>Int\u00e9gration des \u00e9tiquettes\u00a0:<\/strong> Apposez votre logo sur un contenant \u2013 reconnaissance de marque instantan\u00e9e pour les emballages cosm\u00e9tiques.<\/li>\n<\/ol>","protected":false},"excerpt":{"rendered":"<p>Boostez vos ventes gr\u00e2ce \u00e0 des emballages personnalis\u00e9s en verre noir d\u00e9grad\u00e9 pour vos soins de la peau (cr\u00e8mes et s\u00e9rums). Des emballages haut de gamme, r\u00e9sistants et disponibles en gros, qui garantissent fra\u00eecheur et \u00e9l\u00e9gance.<\/p>","protected":false},"featured_media":6456,"comment_status":"closed","ping_status":"closed","template":"","meta":{"_acf_changed":false,"site-sidebar-layout":"default","site-content-layout":"","ast-site-content-layout":"default","site-content-style":"default","site-sidebar-style":"default","ast-global-header-display":"","ast-banner-title-visibility":"","ast-main-header-display":"","ast-hfb-above-header-display":"","ast-hfb-below-header-display":"","ast-hfb-mobile-header-display":"","site-post-title":"","ast-breadcrumbs-content":"","ast-featured-img":"","footer-sml-layout":"","ast-disable-related-posts":"","theme-transparent-header-meta":"default","adv-header-id-meta":"","stick-header-meta":"","header-above-stick-meta":"","header-main-stick-meta":"","header-below-stick-meta":"","astra-migrate-meta-layouts":"set","ast-page-background-enabled":"default","ast-page-background-meta":{"desktop":{"background-color":"var(--ast-global-color-5)","background-image":"","background-repeat":"repeat","background-position":"center center","background-size":"auto","background-attachment":"scroll","background-type":"","background-media":"","overlay-type":"","overlay-color":"","overlay-opacity":"","overlay-gradient":""},"tablet":{"background-color":"","background-image":"","background-repeat":"repeat","background-position":"center center","background-size":"auto","background-attachment":"scroll","background-type":"","background-media":"","overlay-type":"","overlay-color":"","overlay-opacity":"","overlay-gradient":""},"mobile":{"background-color":"","background-image":"","background-repeat":"repeat","background-position":"center center","background-size":"auto","background-attachment":"scroll","background-type":"","background-media":"","overlay-type":"","overlay-color":"","overlay-opacity":"","overlay-gradient":""}},"ast-content-background-meta":{"desktop":{"background-color":"var(--ast-global-color-4)","background-image":"","background-repeat":"repeat","background-position":"center center","background-size":"auto","background-attachment":"scroll","background-type":"","background-media":"","overlay-type":"","overlay-color":"","overlay-opacity":"","overlay-gradient":""},"tablet":{"background-color":"var(--ast-global-color-4)","background-image":"","background-repeat":"repeat","background-position":"center center","background-size":"auto","background-attachment":"scroll","background-type":"","background-media":"","overlay-type":"","overlay-color":"","overlay-opacity":"","overlay-gradient":""},"mobile":{"background-color":"var(--ast-global-color-4)","background-image":"","background-repeat":"repeat","background-position":"center center","background-size":"auto","background-attachment":"scroll","background-type":"","background-media":"","overlay-type":"","overlay-color":"","overlay-opacity":"","overlay-gradient":""}}},"product_brand":[],"product_cat":[236,62,72],"product_tag":[],"class_list":{"0":"post-6455","1":"product","2":"type-product","3":"status-publish","4":"has-post-thumbnail","6":"product_cat-cosmetic-container-set","7":"product_cat-cosmetic-containers","8":"product_cat-cosmetic-packaging","9":"desktop-align-left","10":"tablet-align-left","11":"mobile-align-left","13":"first","14":"instock","15":"shipping-taxable","16":"product-type-simple"},"acf":[],"jetpack_sharing_enabled":true,"_links":{"self":[{"href":"https:\/\/theperfumebottles.com\/fr\/wp-json\/wp\/v2\/product\/6455","targetHints":{"allow":["GET"]}}],"collection":[{"href":"https:\/\/theperfumebottles.com\/fr\/wp-json\/wp\/v2\/product"}],"about":[{"href":"https:\/\/theperfumebottles.com\/fr\/wp-json\/wp\/v2\/types\/product"}],"replies":[{"embeddable":true,"href":"https:\/\/theperfumebottles.com\/fr\/wp-json\/wp\/v2\/comments?post=6455"}],"wp:featuredmedia":[{"embeddable":true,"href":"https:\/\/theperfumebottles.com\/fr\/wp-json\/wp\/v2\/media\/6456"}],"wp:attachment":[{"href":"https:\/\/theperfumebottles.com\/fr\/wp-json\/wp\/v2\/media?parent=6455"}],"wp:term":[{"taxonomy":"product_brand","embeddable":true,"href":"https:\/\/theperfumebottles.com\/fr\/wp-json\/wp\/v2\/product_brand?post=6455"},{"taxonomy":"product_cat","embeddable":true,"href":"https:\/\/theperfumebottles.com\/fr\/wp-json\/wp\/v2\/product_cat?post=6455"},{"taxonomy":"product_tag","embeddable":true,"href":"https:\/\/theperfumebottles.com\/fr\/wp-json\/wp\/v2\/product_tag?post=6455"}],"curies":[{"name":"wp","href":"https:\/\/api.w.org\/{rel}","templated":true}]}}