{"id":6477,"date":"2025-09-18T17:19:24","date_gmt":"2025-09-18T09:19:24","guid":{"rendered":"https:\/\/theperfumebottles.com\/?post_type=product&#038;p=6477"},"modified":"2026-03-26T15:44:04","modified_gmt":"2026-03-26T07:44:04","slug":"black-glass-skincare-bottles-and-jars-sets-wholesale","status":"publish","type":"product","link":"https:\/\/theperfumebottles.com\/fr\/produit\/black-glass-skincare-bottles-and-jars-sets-wholesale\/","title":{"rendered":"Ensembles de flacons et pots de soins de la peau en verre noir de 15 ml \u00e0 125 ml, vente en gros"},"content":{"rendered":"<p>Ne vous contentez plus d&#039;emballages banals. Nous cr\u00e9ons une collection raffin\u00e9e de flacons et pots en verre noir, con\u00e7us pour les marques de soins exigeantes qui recherchent le luxe sans compromis. Le verre pr\u00e9serve la fra\u00eecheur de vos cr\u00e8mes, lotions et essences\u00a0: protection contre les UV et l&#039;alt\u00e9ration. Pour les commandes en gros, b\u00e9n\u00e9ficiez de bouchons personnalis\u00e9s, parfaitement adapt\u00e9s \u00e0 l&#039;image de votre marque.<\/p>\n<h2><strong data-spm-anchor-id=\"5176.28103460.0.i9.29ab2e31KYNL5F\">Sp\u00e9cifications cl\u00e9s<\/strong><\/h2>\n<table style=\"border-collapse: collapse; width: 80%; margin-left: auto; margin-right: auto;\" border=\"0\" width=\"648\" cellspacing=\"0\" cellpadding=\"0\">\n<tbody>\n<tr style=\"height: 13.50pt;\">\n<td style=\"height: 13.5pt; width: 54pt; text-align: center;\" width=\"72\" height=\"18\">Capacit\u00e9 (ml)<\/td>\n<td style=\"width: 54pt; text-align: center;\" width=\"72\">Forme<\/td>\n<td style=\"width: 54pt; text-align: center;\" width=\"72\">Diam\u00e8tre de la bouche (mm)<\/td>\n<td style=\"width: 54pt; text-align: center;\" width=\"72\">Diam\u00e8tre de la bouteille (mm)<\/td>\n<td style=\"width: 54pt; text-align: center;\" width=\"72\">Hauteur (mm)<\/td>\n<td style=\"width: 54pt; text-align: center;\" width=\"72\">Hauteur avec capuchon (mm)<\/td>\n<td style=\"width: 54pt; text-align: center;\" width=\"72\">Couleur<\/td>\n<td style=\"width: 54pt; text-align: center;\" width=\"72\">Option personnalis\u00e9e<\/td>\n<td style=\"width: 54pt; text-align: center;\" width=\"72\">Id\u00e9al pour<\/td>\n<\/tr>\n<tr style=\"height: 13.50pt;\">\n<td style=\"height: 13.5pt; text-align: center;\" height=\"18\">125<\/td>\n<td class=\"et2\" style=\"text-align: center;\" rowspan=\"3\">C\u00f4t\u00e9s droits<\/td>\n<td style=\"text-align: center;\">20<\/td>\n<td style=\"text-align: center;\">53<\/td>\n<td style=\"text-align: center;\">142<\/td>\n<td style=\"text-align: center;\">180<\/td>\n<td class=\"et2\" style=\"text-align: center;\" rowspan=\"5\">Noir<\/td>\n<td class=\"et2\" style=\"text-align: center;\" rowspan=\"5\">Traitement de surface, couleur, logo, accessoires<\/td>\n<td class=\"et2\" style=\"text-align: center;\" rowspan=\"5\">Coffrets de soins pour la peau, nettoyant, eau essentielle, lotion\/cr\u00e8me essentielle<\/td>\n<\/tr>\n<tr style=\"height: 13.50pt;\">\n<td style=\"height: 13.5pt; text-align: center;\" height=\"18\">105<\/td>\n<td style=\"text-align: center;\">20<\/td>\n<td style=\"text-align: center;\">47<\/td>\n<td style=\"text-align: center;\">127<\/td>\n<td style=\"text-align: center;\">165<\/td>\n<\/tr>\n<tr style=\"height: 13.50pt;\">\n<td style=\"height: 13.5pt; text-align: center;\" height=\"18\">45<\/td>\n<td style=\"text-align: center;\">20<\/td>\n<td style=\"text-align: center;\">41<\/td>\n<td style=\"text-align: center;\">86<\/td>\n<td style=\"text-align: center;\">120<\/td>\n<\/tr>\n<tr style=\"height: 13.50pt;\">\n<td style=\"height: 13.5pt; text-align: center;\" height=\"18\">40<\/td>\n<td class=\"et2\" rowspan=\"2\">Rond<\/td>\n<td style=\"text-align: center;\">52<\/td>\n<td style=\"text-align: center;\">64<\/td>\n<td style=\"text-align: center;\">42<\/td>\n<td style=\"text-align: center;\">70<\/td>\n<\/tr>\n<tr style=\"height: 13.50pt;\">\n<td style=\"height: 13.5pt; text-align: center;\" height=\"18\">15<\/td>\n<td style=\"text-align: center;\">47<\/td>\n<td style=\"text-align: center;\">58<\/td>\n<td style=\"text-align: center;\">32<\/td>\n<td style=\"text-align: center;\">60<\/td>\n<\/tr>\n<\/tbody>\n<\/table>\n<h2>Histoire \u00e0 succ\u00e8s<\/h2>\n<p>Une marque europ\u00e9enne de soins de la peau a choisi notre ensemble haut de gamme de flacons et pots noirs. Les flacons b\u00e9n\u00e9ficient d&#039;une finition UV brillante qui, associ\u00e9e au bouchon m\u00e9tallique \u00e0 rev\u00eatement sous vide, cr\u00e9e un contraste saisissant et une impression de luxe, r\u00e9pondant ainsi aux exigences sp\u00e9cifiques de chaque client. Le logo de la marque, s\u00e9rigraphi\u00e9 sur le flacon, se fond harmonieusement dans le design gr\u00e2ce \u00e0 sa couleur argent\u00e9e.<\/p>\n<p>Depuis le lancement du nouveau coffret de flacons et pots cosm\u00e9tiques, les ventes ont augment\u00e9 de 32 % en seulement deux mois et 55\u00a0000 coffrets suppl\u00e9mentaires ont \u00e9t\u00e9 command\u00e9s pour r\u00e9pondre \u00e0 la demande croissante des distributeurs.<\/p>\n<h2>Votre option d&#039;adaptation<\/h2>\n<ol>\n<li><strong>Alternatives pour la finition du bouchon\u00a0:<\/strong> Nous proposons des finitions brillantes, mates, en m\u00e9tal bross\u00e9 ou miroir, obtenues par \u00e9lectroplacage, pour s&#039;adapter aux diff\u00e9rents styles de marques.<\/li>\n<li><strong>Techniques de d\u00e9coration :<\/strong> L&#039;impression s\u00e9rigraphique, le marquage \u00e0 chaud, la pulv\u00e9risation en d\u00e9grad\u00e9 ou l&#039;\u00e9tiquetage peuvent \u00eatre combin\u00e9s en plusieurs couches pour cr\u00e9er des effets de marque.<\/li>\n<li><strong>Conception de l&#039;emballage secondaire\u00a0:<\/strong> Am\u00e9liorez la pr\u00e9sentation de votre produit en magasin en concevant des emballages personnalis\u00e9s : cartons, bo\u00eetes magn\u00e9tiques ou emballages de type tiroir.<\/li>\n<\/ol>","protected":false},"excerpt":{"rendered":"<p>Flacons et pots haut de gamme pour vos soins cosm\u00e9tiques. Contenants en verre noir personnalis\u00e9s. Vente en gros. Emballage opaque et \u00e9tanche.<\/p>","protected":false},"featured_media":6478,"comment_status":"closed","ping_status":"closed","template":"","meta":{"_acf_changed":false,"site-sidebar-layout":"default","site-content-layout":"","ast-site-content-layout":"default","site-content-style":"default","site-sidebar-style":"default","ast-global-header-display":"","ast-banner-title-visibility":"","ast-main-header-display":"","ast-hfb-above-header-display":"","ast-hfb-below-header-display":"","ast-hfb-mobile-header-display":"","site-post-title":"","ast-breadcrumbs-content":"","ast-featured-img":"","footer-sml-layout":"","ast-disable-related-posts":"","theme-transparent-header-meta":"default","adv-header-id-meta":"","stick-header-meta":"","header-above-stick-meta":"","header-main-stick-meta":"","header-below-stick-meta":"","astra-migrate-meta-layouts":"set","ast-page-background-enabled":"default","ast-page-background-meta":{"desktop":{"background-color":"var(--ast-global-color-5)","background-image":"","background-repeat":"repeat","background-position":"center center","background-size":"auto","background-attachment":"scroll","background-type":"","background-media":"","overlay-type":"","overlay-color":"","overlay-opacity":"","overlay-gradient":""},"tablet":{"background-color":"","background-image":"","background-repeat":"repeat","background-position":"center center","background-size":"auto","background-attachment":"scroll","background-type":"","background-media":"","overlay-type":"","overlay-color":"","overlay-opacity":"","overlay-gradient":""},"mobile":{"background-color":"","background-image":"","background-repeat":"repeat","background-position":"center center","background-size":"auto","background-attachment":"scroll","background-type":"","background-media":"","overlay-type":"","overlay-color":"","overlay-opacity":"","overlay-gradient":""}},"ast-content-background-meta":{"desktop":{"background-color":"var(--ast-global-color-4)","background-image":"","background-repeat":"repeat","background-position":"center center","background-size":"auto","background-attachment":"scroll","background-type":"","background-media":"","overlay-type":"","overlay-color":"","overlay-opacity":"","overlay-gradient":""},"tablet":{"background-color":"var(--ast-global-color-4)","background-image":"","background-repeat":"repeat","background-position":"center center","background-size":"auto","background-attachment":"scroll","background-type":"","background-media":"","overlay-type":"","overlay-color":"","overlay-opacity":"","overlay-gradient":""},"mobile":{"background-color":"var(--ast-global-color-4)","background-image":"","background-repeat":"repeat","background-position":"center center","background-size":"auto","background-attachment":"scroll","background-type":"","background-media":"","overlay-type":"","overlay-color":"","overlay-opacity":"","overlay-gradient":""}}},"product_brand":[],"product_cat":[236,62,72],"product_tag":[],"class_list":{"0":"post-6477","1":"product","2":"type-product","3":"status-publish","4":"has-post-thumbnail","6":"product_cat-cosmetic-container-set","7":"product_cat-cosmetic-containers","8":"product_cat-cosmetic-packaging","9":"desktop-align-left","10":"tablet-align-left","11":"mobile-align-left","13":"first","14":"instock","15":"shipping-taxable","16":"product-type-simple"},"acf":[],"jetpack_sharing_enabled":true,"_links":{"self":[{"href":"https:\/\/theperfumebottles.com\/fr\/wp-json\/wp\/v2\/product\/6477","targetHints":{"allow":["GET"]}}],"collection":[{"href":"https:\/\/theperfumebottles.com\/fr\/wp-json\/wp\/v2\/product"}],"about":[{"href":"https:\/\/theperfumebottles.com\/fr\/wp-json\/wp\/v2\/types\/product"}],"replies":[{"embeddable":true,"href":"https:\/\/theperfumebottles.com\/fr\/wp-json\/wp\/v2\/comments?post=6477"}],"wp:featuredmedia":[{"embeddable":true,"href":"https:\/\/theperfumebottles.com\/fr\/wp-json\/wp\/v2\/media\/6478"}],"wp:attachment":[{"href":"https:\/\/theperfumebottles.com\/fr\/wp-json\/wp\/v2\/media?parent=6477"}],"wp:term":[{"taxonomy":"product_brand","embeddable":true,"href":"https:\/\/theperfumebottles.com\/fr\/wp-json\/wp\/v2\/product_brand?post=6477"},{"taxonomy":"product_cat","embeddable":true,"href":"https:\/\/theperfumebottles.com\/fr\/wp-json\/wp\/v2\/product_cat?post=6477"},{"taxonomy":"product_tag","embeddable":true,"href":"https:\/\/theperfumebottles.com\/fr\/wp-json\/wp\/v2\/product_tag?post=6477"}],"curies":[{"name":"wp","href":"https:\/\/api.w.org\/{rel}","templated":true}]}}