{"id":6517,"date":"2025-09-22T12:52:43","date_gmt":"2025-09-22T04:52:43","guid":{"rendered":"https:\/\/theperfumebottles.com\/?post_type=product&#038;p=6517"},"modified":"2025-09-22T13:28:19","modified_gmt":"2025-09-22T05:28:19","slug":"wholesale-5ml-9ml-refill-perfume-bottles","status":"publish","type":"product","link":"https:\/\/theperfumebottles.com\/fr\/produit\/wholesale-5ml-9ml-refill-perfume-bottles\/","title":{"rendered":"Flacons de parfum rechargeables de 5 ml et 9 ml en gros"},"content":{"rendered":"<h2>Discover Our Premium Refillable Perfume Atomizer<\/h2>\n<p>Our innovative refill perfume bottle is designed to meet the demands of modern travel, offering convenience, style, and superior performance. Perfect for those on the go, this mini and portable atomizer is an ideal choice for your product line.<\/p>\n<h2>Principales sp\u00e9cifications :<\/h2>\n<table style=\"border-collapse: collapse; width: 486.77pt; margin-left: auto; margin-right: auto;\" border=\"0\" width=\"649\" cellspacing=\"0\" cellpadding=\"0\">\n<tbody>\n<tr style=\"height: 13.50pt;\">\n<td style=\"height: 13.50pt; width: 94.50pt;\" width=\"126\" height=\"18\">Fonctionnalit\u00e9<\/td>\n<td style=\"width: 392.25pt;\" width=\"523\">D\u00e9tail<\/td>\n<\/tr>\n<tr style=\"height: 13.50pt;\">\n<td style=\"height: 13.50pt;\" height=\"18\">Mat\u00e9riel<\/td>\n<td>Inner Bottle<\/td>\n<\/tr>\n<tr style=\"height: 13.50pt;\">\n<td style=\"height: 13.50pt;\" height=\"18\">Capacit\u00e9<\/td>\n<td>Dispensing perfume, alcohol, toilet water<\/td>\n<\/tr>\n<tr style=\"height: 13.50pt;\">\n<td style=\"height: 13.50pt;\" height=\"18\">Forme<\/td>\n<td>Cylindrique<\/td>\n<\/tr>\n<tr style=\"height: 13.50pt;\">\n<td style=\"height: 13.50pt;\" height=\"18\">Adaptation and wholesale opportunity:<\/td>\n<td>As a major manufacturer and wholesale source supplier, we understand your need for unique branding. We offer wide custom options for your refill bottles for perfumes, including different color options, surface finish and specific capacity. Whether you need a small order or wholesale volume, we are here to support the vision of your brand. Choose us as your reliable source supplier for the option of glass perfume bottle and innovative atmosphere.<\/td>\n<\/tr>\n<tr style=\"height: 13.50pt;\">\n<td style=\"height: 13.50pt;\" height=\"18\">Get your free sample today!<\/td>\n<td>Quality eager to see the first time? Free samples are available for qualified wholesale inquiry.<\/td>\n<\/tr>\n<tr style=\"height: 13.50pt;\">\n<td style=\"height: 13.50pt;\" height=\"18\">Usage<\/td>\n<td>Distribuer du parfum, de l'alcool, de l'eau de toilette<\/td>\n<\/tr>\n<\/tbody>\n<\/table>\n<h2>Histoire d'une r\u00e9ussite :<\/h2>\n<p>Une marque de parfums a r\u00e9cemment int\u00e9gr\u00e9 notre flacon de 5 ml dans sa collection de voyage. Il a signal\u00e9 une augmentation de 40% dans la vente de ses ensembles de recherche en forme de voyage au cours du premier trimestre, ce qui a conduit \u00e0 la facilit\u00e9 d'utilisation du flacon et \u00e0 la sensation de qualit\u00e9 sup\u00e9rieure. Les clients ont appr\u00e9ci\u00e9 d'avoir leur parfum pr\u00e9f\u00e9r\u00e9 dans un flacon portable et r\u00e9fl\u00e9chi.<\/p>\n<h2>Adaptation et possibilit\u00e9s de vente en gros :<\/h2>\n<p>En tant que fabricant majeur et fournisseur de sources en gros, nous comprenons votre besoin d'une marque unique. Nous proposons de nombreuses options personnalis\u00e9es pour vos flacons de recharge pour parfums, y compris diff\u00e9rentes options de couleur, de finition de surface et de capacit\u00e9 sp\u00e9cifique. Que vous ayez besoin d'une petite commande ou d'un volume en gros, nous sommes l\u00e0 pour soutenir la vision de votre marque. Choisissez-nous comme fournisseur fiable pour l'option de bouteille de parfum en verre et l'atmosph\u00e8re innovante.<\/p>\n<h2>Obtenez votre \u00e9chantillon gratuit d\u00e8s aujourd'hui !<\/h2>\n<p>Une qualit\u00e9 \u00e0 d\u00e9couvrir d\u00e8s la premi\u00e8re fois ? Des \u00e9chantillons gratuits sont disponibles pour les grossistes qualifi\u00e9s. <a href=\"https:\/\/theperfumebottles.com\/fr\/contact\/\">Contactez nous<\/a> d\u00e8s aujourd'hui pour discuter de vos besoins d'adaptation et des options d'exp\u00e9dition et de distribution. \u00c9lisez votre marque avec nos solutions de flacons pulv\u00e9risateurs haut de gamme.<\/p>","protected":false},"excerpt":{"rendered":"<p>Discover our high-quality <strong>flacon de parfum rechargeable<\/strong>, perfect for travel and ideal for brands seeking wholesale portable atomizers with custom options.<\/p>","protected":false},"featured_media":6520,"comment_status":"closed","ping_status":"closed","template":"","meta":{"_acf_changed":false,"site-sidebar-layout":"default","site-content-layout":"","ast-site-content-layout":"default","site-content-style":"default","site-sidebar-style":"default","ast-global-header-display":"","ast-banner-title-visibility":"","ast-main-header-display":"","ast-hfb-above-header-display":"","ast-hfb-below-header-display":"","ast-hfb-mobile-header-display":"","site-post-title":"","ast-breadcrumbs-content":"","ast-featured-img":"","footer-sml-layout":"","ast-disable-related-posts":"","theme-transparent-header-meta":"default","adv-header-id-meta":"","stick-header-meta":"","header-above-stick-meta":"","header-main-stick-meta":"","header-below-stick-meta":"","astra-migrate-meta-layouts":"set","ast-page-background-enabled":"default","ast-page-background-meta":{"desktop":{"background-color":"var(--ast-global-color-5)","background-image":"","background-repeat":"repeat","background-position":"center center","background-size":"auto","background-attachment":"scroll","background-type":"","background-media":"","overlay-type":"","overlay-color":"","overlay-opacity":"","overlay-gradient":""},"tablet":{"background-color":"","background-image":"","background-repeat":"repeat","background-position":"center center","background-size":"auto","background-attachment":"scroll","background-type":"","background-media":"","overlay-type":"","overlay-color":"","overlay-opacity":"","overlay-gradient":""},"mobile":{"background-color":"","background-image":"","background-repeat":"repeat","background-position":"center center","background-size":"auto","background-attachment":"scroll","background-type":"","background-media":"","overlay-type":"","overlay-color":"","overlay-opacity":"","overlay-gradient":""}},"ast-content-background-meta":{"desktop":{"background-color":"var(--ast-global-color-4)","background-image":"","background-repeat":"repeat","background-position":"center center","background-size":"auto","background-attachment":"scroll","background-type":"","background-media":"","overlay-type":"","overlay-color":"","overlay-opacity":"","overlay-gradient":""},"tablet":{"background-color":"var(--ast-global-color-4)","background-image":"","background-repeat":"repeat","background-position":"center center","background-size":"auto","background-attachment":"scroll","background-type":"","background-media":"","overlay-type":"","overlay-color":"","overlay-opacity":"","overlay-gradient":""},"mobile":{"background-color":"var(--ast-global-color-4)","background-image":"","background-repeat":"repeat","background-position":"center center","background-size":"auto","background-attachment":"scroll","background-type":"","background-media":"","overlay-type":"","overlay-color":"","overlay-opacity":"","overlay-gradient":""}}},"product_brand":[],"product_cat":[72,90,41],"product_tag":[],"class_list":{"0":"post-6517","1":"product","2":"type-product","3":"status-publish","4":"has-post-thumbnail","6":"product_cat-cosmetic-packaging","7":"product_cat-refillable-perfume-bottles","8":"product_cat-perfume-bottles","9":"desktop-align-left","10":"tablet-align-left","11":"mobile-align-left","13":"first","14":"instock","15":"shipping-taxable","16":"product-type-simple"},"acf":[],"jetpack_sharing_enabled":true,"_links":{"self":[{"href":"https:\/\/theperfumebottles.com\/fr\/wp-json\/wp\/v2\/product\/6517","targetHints":{"allow":["GET"]}}],"collection":[{"href":"https:\/\/theperfumebottles.com\/fr\/wp-json\/wp\/v2\/product"}],"about":[{"href":"https:\/\/theperfumebottles.com\/fr\/wp-json\/wp\/v2\/types\/product"}],"replies":[{"embeddable":true,"href":"https:\/\/theperfumebottles.com\/fr\/wp-json\/wp\/v2\/comments?post=6517"}],"wp:featuredmedia":[{"embeddable":true,"href":"https:\/\/theperfumebottles.com\/fr\/wp-json\/wp\/v2\/media\/6520"}],"wp:attachment":[{"href":"https:\/\/theperfumebottles.com\/fr\/wp-json\/wp\/v2\/media?parent=6517"}],"wp:term":[{"taxonomy":"product_brand","embeddable":true,"href":"https:\/\/theperfumebottles.com\/fr\/wp-json\/wp\/v2\/product_brand?post=6517"},{"taxonomy":"product_cat","embeddable":true,"href":"https:\/\/theperfumebottles.com\/fr\/wp-json\/wp\/v2\/product_cat?post=6517"},{"taxonomy":"product_tag","embeddable":true,"href":"https:\/\/theperfumebottles.com\/fr\/wp-json\/wp\/v2\/product_tag?post=6517"}],"curies":[{"name":"wp","href":"https:\/\/api.w.org\/{rel}","templated":true}]}}