{"id":7026,"date":"2025-11-11T14:11:22","date_gmt":"2025-11-11T06:11:22","guid":{"rendered":"https:\/\/theperfumebottles.com\/?post_type=product&#038;p=7026"},"modified":"2025-11-11T14:23:34","modified_gmt":"2025-11-11T06:23:34","slug":"perfume-refill-bottle-bulk-order","status":"publish","type":"product","link":"https:\/\/theperfumebottles.com\/fr\/produit\/perfume-refill-bottle-bulk-order\/","title":{"rendered":"Flacon de recharge de parfum de 5 ml pour usage quotidien (commande en gros)"},"content":{"rendered":"<p>Vous recherchez un flacon de parfum qui sublimera l&#039;image de votre marque\u00a0? Notre flacon de recharge de 5\u00a0ml est fait pour vous\u00a0! Con\u00e7u pour mettre en valeur votre fragrance, il offre \u00e0 vos clients un format pratique et \u00e9l\u00e9gant. Difficile de r\u00e9sister \u00e0 l&#039;alliance parfaite du style et de la fonctionnalit\u00e9 de ce flacon.<\/p>\n<h2>Sp\u00e9cifications cl\u00e9s<\/h2>\n<table style=\"border-collapse: collapse;width: 80%;margin-left: auto;margin-right: auto\" border=\"0\" width=\"144\" cellspacing=\"0\" cellpadding=\"0\">\n<tbody>\n<tr style=\"height: 13.50pt\">\n<td style=\"height: 13.5pt;width: 54pt;text-align: center\" width=\"72\" height=\"18\">Fonctionnalit\u00e9<\/td>\n<td style=\"width: 54pt;text-align: center\" width=\"72\">D\u00e9tails<\/td>\n<\/tr>\n<tr style=\"height: 13.50pt\">\n<td style=\"height: 13.5pt;text-align: center\" height=\"18\">Capacit\u00e9<\/td>\n<td style=\"text-align: center\">5 ml<\/td>\n<\/tr>\n<tr style=\"height: 13.50pt\">\n<td style=\"height: 13.5pt;text-align: center\" height=\"18\">Dimensions<\/td>\n<td style=\"text-align: center\">1,7 * 8,1 cm<\/td>\n<\/tr>\n<tr style=\"height: 13.50pt\">\n<td style=\"height: 13.5pt;text-align: center\" height=\"18\">Mat\u00e9riel<\/td>\n<td style=\"text-align: center\">Aluminium avec fen\u00eatre en verre transparent<\/td>\n<\/tr>\n<tr style=\"height: 13.50pt\">\n<td style=\"height: 13.5pt;text-align: center\" height=\"18\">Options de couleur<\/td>\n<td style=\"text-align: center\">Bleu, vert, rouge, jaune, violet<\/td>\n<\/tr>\n<tr style=\"height: 13.50pt\">\n<td style=\"height: 13.5pt;text-align: center\" height=\"18\">Id\u00e9al pour<\/td>\n<td style=\"text-align: center\">Parfums, huiles essentielles, sprays parfum\u00e9s<\/td>\n<\/tr>\n<\/tbody>\n<\/table>\n<h2>Cas de r\u00e9ussite<\/h2>\n<p>Une marque de parfums fran\u00e7aise nous a contact\u00e9s pour personnaliser ce flacon de recharge en aluminium destin\u00e9 \u00e0 sa gamme de flacons de voyage. Dot\u00e9 d&#039;une fen\u00eatre transparente permettant de visualiser facilement le niveau de parfum restant, ce flacon est r\u00e9alis\u00e9 par anodisation, ce qui lui conf\u00e8re une palette de couleurs \u00e9clatantes. Le logo de la marque y est grav\u00e9.<\/p>\n<p>Suite au lancement du nouvel emballage, les ventes de la gamme portable de la marque ont augment\u00e9 de 38 %.<\/p>\n<h2>Personnalisez votre bouteille<\/h2>\n<ol>\n<li><strong>Choix des mat\u00e9riaux et des capacit\u00e9s :<\/strong> L&#039;association d&#039;une coque ext\u00e9rieure en aluminium et d&#039;un flacon int\u00e9rieur en verre ou en plastique conf\u00e8re au produit l\u00e9g\u00e8ret\u00e9 et robustesse. Disponible en trois contenances (5 ml, 8 ml et 10 ml), il s&#039;adapte \u00e0 diff\u00e9rentes situations (voyage, usage quotidien, etc.).<\/li>\n<li><strong>Conception de la buse\u00a0:<\/strong> Vous pouvez opter pour une buse \u00e0 brume fine qui peut \u00eatre affin\u00e9e pour une atomisation plus fine\u00a0; ou simplement choisir un m\u00e9canisme de verrouillage rotatif pour \u00e9viter les pulv\u00e9risations accidentelles et rendre l\u2019appareil plus portable.<\/li>\n<li><strong>Forme et transparence de la fen\u00eatre\u00a0:<\/strong> Il existe des fen\u00eatres d&#039;observation personnalisables de diff\u00e9rentes formes (bande, ovale, c\u0153ur, etc.) avec une transparence variable pour \u00eatre \u00e0 la fois chics et utiles.<\/li>\n<\/ol>","protected":false},"excerpt":{"rendered":"<p>Flacon de recharge de parfum l\u00e9ger avec fen\u00eatre transparente. Flacon de recharge id\u00e9al pour les voyages, facile \u00e0 transporter et \u00e0 remplir \u00e0 tout moment.<\/p>","protected":false},"featured_media":7027,"comment_status":"open","ping_status":"closed","template":"","meta":{"_acf_changed":false,"site-sidebar-layout":"default","site-content-layout":"","ast-site-content-layout":"default","site-content-style":"default","site-sidebar-style":"default","ast-global-header-display":"","ast-banner-title-visibility":"","ast-main-header-display":"","ast-hfb-above-header-display":"","ast-hfb-below-header-display":"","ast-hfb-mobile-header-display":"","site-post-title":"","ast-breadcrumbs-content":"","ast-featured-img":"","footer-sml-layout":"","ast-disable-related-posts":"","theme-transparent-header-meta":"default","adv-header-id-meta":"","stick-header-meta":"","header-above-stick-meta":"","header-main-stick-meta":"","header-below-stick-meta":"","astra-migrate-meta-layouts":"set","ast-page-background-enabled":"default","ast-page-background-meta":{"desktop":{"background-color":"var(--ast-global-color-5)","background-image":"","background-repeat":"repeat","background-position":"center center","background-size":"auto","background-attachment":"scroll","background-type":"","background-media":"","overlay-type":"","overlay-color":"","overlay-opacity":"","overlay-gradient":""},"tablet":{"background-color":"","background-image":"","background-repeat":"repeat","background-position":"center center","background-size":"auto","background-attachment":"scroll","background-type":"","background-media":"","overlay-type":"","overlay-color":"","overlay-opacity":"","overlay-gradient":""},"mobile":{"background-color":"","background-image":"","background-repeat":"repeat","background-position":"center center","background-size":"auto","background-attachment":"scroll","background-type":"","background-media":"","overlay-type":"","overlay-color":"","overlay-opacity":"","overlay-gradient":""}},"ast-content-background-meta":{"desktop":{"background-color":"var(--ast-global-color-4)","background-image":"","background-repeat":"repeat","background-position":"center center","background-size":"auto","background-attachment":"scroll","background-type":"","background-media":"","overlay-type":"","overlay-color":"","overlay-opacity":"","overlay-gradient":""},"tablet":{"background-color":"var(--ast-global-color-4)","background-image":"","background-repeat":"repeat","background-position":"center center","background-size":"auto","background-attachment":"scroll","background-type":"","background-media":"","overlay-type":"","overlay-color":"","overlay-opacity":"","overlay-gradient":""},"mobile":{"background-color":"var(--ast-global-color-4)","background-image":"","background-repeat":"repeat","background-position":"center center","background-size":"auto","background-attachment":"scroll","background-type":"","background-media":"","overlay-type":"","overlay-color":"","overlay-opacity":"","overlay-gradient":""}}},"product_brand":[],"product_cat":[72,90],"product_tag":[],"class_list":{"0":"post-7026","1":"product","2":"type-product","3":"status-publish","4":"has-post-thumbnail","6":"product_cat-cosmetic-packaging","7":"product_cat-refillable-perfume-bottles","8":"desktop-align-left","9":"tablet-align-left","10":"mobile-align-left","12":"first","13":"instock","14":"shipping-taxable","15":"product-type-simple"},"acf":[],"jetpack_sharing_enabled":true,"_links":{"self":[{"href":"https:\/\/theperfumebottles.com\/fr\/wp-json\/wp\/v2\/product\/7026","targetHints":{"allow":["GET"]}}],"collection":[{"href":"https:\/\/theperfumebottles.com\/fr\/wp-json\/wp\/v2\/product"}],"about":[{"href":"https:\/\/theperfumebottles.com\/fr\/wp-json\/wp\/v2\/types\/product"}],"replies":[{"embeddable":true,"href":"https:\/\/theperfumebottles.com\/fr\/wp-json\/wp\/v2\/comments?post=7026"}],"wp:featuredmedia":[{"embeddable":true,"href":"https:\/\/theperfumebottles.com\/fr\/wp-json\/wp\/v2\/media\/7027"}],"wp:attachment":[{"href":"https:\/\/theperfumebottles.com\/fr\/wp-json\/wp\/v2\/media?parent=7026"}],"wp:term":[{"taxonomy":"product_brand","embeddable":true,"href":"https:\/\/theperfumebottles.com\/fr\/wp-json\/wp\/v2\/product_brand?post=7026"},{"taxonomy":"product_cat","embeddable":true,"href":"https:\/\/theperfumebottles.com\/fr\/wp-json\/wp\/v2\/product_cat?post=7026"},{"taxonomy":"product_tag","embeddable":true,"href":"https:\/\/theperfumebottles.com\/fr\/wp-json\/wp\/v2\/product_tag?post=7026"}],"curies":[{"name":"wp","href":"https:\/\/api.w.org\/{rel}","templated":true}]}}