{"id":7031,"date":"2025-11-11T15:55:53","date_gmt":"2025-11-11T07:55:53","guid":{"rendered":"https:\/\/theperfumebottles.com\/?post_type=product&#038;p=7031"},"modified":"2025-11-11T17:29:30","modified_gmt":"2025-11-11T09:29:30","slug":"10ml-double-end-perfume-bottles-wholesaler","status":"publish","type":"product","link":"https:\/\/theperfumebottles.com\/fr\/produit\/10ml-double-end-perfume-bottles-wholesaler\/","title":{"rendered":"Flacons de parfum \u00e0 double embout de 10 ml pour voyage (vente en gros)"},"content":{"rendered":"<p>Sans sacrifier l&#039;\u00e9l\u00e9gance, vous recherchez un flacon de parfum multifonction. Nos flacons de 10 ml \u00e0 double embout r\u00e9pondent parfaitement \u00e0 ce besoin : alliant beaut\u00e9 et praticit\u00e9 au quotidien. L&#039;un de ces flacons en verre 2 en 1 transformera votre exp\u00e9rience olfactive et vous \u00e9merveillera.<\/p>\n<h2>Sp\u00e9cifications cl\u00e9s<\/h2>\n<table style=\"border-collapse: collapse;width: 80%;margin-left: auto;margin-right: auto\" border=\"0\" width=\"144\" cellspacing=\"0\" cellpadding=\"0\">\n<tbody>\n<tr style=\"height: 13.50pt\">\n<td style=\"height: 13.5pt;width: 54pt;text-align: center\" width=\"72\" height=\"18\">Fonctionnalit\u00e9<\/td>\n<td style=\"width: 54pt;text-align: center\" width=\"72\">D\u00e9tails<\/td>\n<\/tr>\n<tr style=\"height: 13.50pt\">\n<td style=\"height: 13.5pt;text-align: center\" height=\"18\">Capacit\u00e9<\/td>\n<td style=\"text-align: center\">10 ml<\/td>\n<\/tr>\n<tr style=\"height: 13.50pt\">\n<td style=\"height: 13.5pt;text-align: center\" height=\"18\">Dimensions<\/td>\n<td style=\"text-align: center\">1,9 * 10,5 cm<\/td>\n<\/tr>\n<tr style=\"height: 13.50pt\">\n<td style=\"height: 13.5pt;text-align: center\" height=\"18\">Options de vitrage<\/td>\n<td style=\"text-align: center\">Transparent ou ambr\u00e9<\/td>\n<\/tr>\n<tr style=\"height: 13.50pt\">\n<td style=\"height: 13.5pt;text-align: center\" height=\"18\">Couleurs des casquettes<\/td>\n<td style=\"text-align: center\">Noir, argent, or (personnalisable)<\/td>\n<\/tr>\n<tr style=\"height: 13.50pt\">\n<td style=\"height: 13.5pt;text-align: center\" height=\"18\">Types d&#039;atomiseurs<\/td>\n<td style=\"text-align: center\">Spray et roll-on (double embout)<\/td>\n<\/tr>\n<tr style=\"height: 13.50pt\">\n<td style=\"height: 13.5pt;text-align: center\" height=\"18\">Id\u00e9al pour<\/td>\n<td style=\"text-align: center\">Parfums, huiles essentielles, brumes corporelles<\/td>\n<\/tr>\n<\/tbody>\n<\/table>\n<h2>Cas de r\u00e9ussite<\/h2>\n<p>Nous avons \u00e9t\u00e9 contact\u00e9s par une marque de parfums espagnole pour personnaliser ce flacon de recharge \u00e0 double embout. Ce flacon est dot\u00e9 d&#039;un vaporisateur \u00e0 brume fine d&#039;un c\u00f4t\u00e9 et d&#039;une bille en acier inoxydable de l&#039;autre pour une application pr\u00e9cise. Ils ont opt\u00e9 pour une finition ambr\u00e9e d\u00e9grad\u00e9e et ont fait graver leur logo au laser sur le bouchon m\u00e9tallique. Leur esth\u00e9tique minimaliste et luxueuse correspondait ainsi parfaitement \u00e0 leurs attentes.<\/p>\n<p>Cette petite id\u00e9e ing\u00e9nieuse a rencontr\u00e9 un vif succ\u00e8s aupr\u00e8s des clients et, par cons\u00e9quent, les ventes de produits en format voyage ont augment\u00e9 de 30 % apr\u00e8s son lancement.<\/p>\n<h2>Personnalisez votre bouteille<\/h2>\n<ol>\n<li><strong>Personnalisation de la couleur de la bouteille :<\/strong> Choisissez parmi des mod\u00e8les transparents, bruns, d\u00e9grad\u00e9s ou givr\u00e9s pour les coordonner avec la gamme de parfums ou le th\u00e8me saisonnier de votre marque.<\/li>\n<li><strong>Mati\u00e8re et couleur du bonnet :<\/strong> Il pr\u00e9sente diff\u00e9rentes finitions m\u00e9talliques, comme le plaquage or, argent, noir et or rose, ce qui rehausse le niveau global du produit.<\/li>\n<li><strong>Combinaison pulv\u00e9risateur et buse \u00e0 bille :<\/strong> Une buse de pulv\u00e9risation unique personnalis\u00e9e, une conception \u00e0 double t\u00eate ou une structure amovible pour un remplissage facile et une utilisation multifonctionnelle.<\/li>\n<\/ol>","protected":false},"excerpt":{"rendered":"<p>Flacons de parfum \u00e9l\u00e9gants \u00e0 double extr\u00e9mit\u00e9, fabriqu\u00e9s \u00e0 partir d&#039;un verre durable 2 en 1, parfaits pour transporter deux parfums dans un seul r\u00e9cipient compact et \u00e9tanche.<\/p>","protected":false},"featured_media":7033,"comment_status":"open","ping_status":"closed","template":"","meta":{"_acf_changed":false,"site-sidebar-layout":"default","site-content-layout":"","ast-site-content-layout":"default","site-content-style":"default","site-sidebar-style":"default","ast-global-header-display":"","ast-banner-title-visibility":"","ast-main-header-display":"","ast-hfb-above-header-display":"","ast-hfb-below-header-display":"","ast-hfb-mobile-header-display":"","site-post-title":"","ast-breadcrumbs-content":"","ast-featured-img":"","footer-sml-layout":"","ast-disable-related-posts":"","theme-transparent-header-meta":"default","adv-header-id-meta":"","stick-header-meta":"","header-above-stick-meta":"","header-main-stick-meta":"","header-below-stick-meta":"","astra-migrate-meta-layouts":"set","ast-page-background-enabled":"default","ast-page-background-meta":{"desktop":{"background-color":"var(--ast-global-color-5)","background-image":"","background-repeat":"repeat","background-position":"center center","background-size":"auto","background-attachment":"scroll","background-type":"","background-media":"","overlay-type":"","overlay-color":"","overlay-opacity":"","overlay-gradient":""},"tablet":{"background-color":"","background-image":"","background-repeat":"repeat","background-position":"center center","background-size":"auto","background-attachment":"scroll","background-type":"","background-media":"","overlay-type":"","overlay-color":"","overlay-opacity":"","overlay-gradient":""},"mobile":{"background-color":"","background-image":"","background-repeat":"repeat","background-position":"center center","background-size":"auto","background-attachment":"scroll","background-type":"","background-media":"","overlay-type":"","overlay-color":"","overlay-opacity":"","overlay-gradient":""}},"ast-content-background-meta":{"desktop":{"background-color":"var(--ast-global-color-4)","background-image":"","background-repeat":"repeat","background-position":"center center","background-size":"auto","background-attachment":"scroll","background-type":"","background-media":"","overlay-type":"","overlay-color":"","overlay-opacity":"","overlay-gradient":""},"tablet":{"background-color":"var(--ast-global-color-4)","background-image":"","background-repeat":"repeat","background-position":"center center","background-size":"auto","background-attachment":"scroll","background-type":"","background-media":"","overlay-type":"","overlay-color":"","overlay-opacity":"","overlay-gradient":""},"mobile":{"background-color":"var(--ast-global-color-4)","background-image":"","background-repeat":"repeat","background-position":"center center","background-size":"auto","background-attachment":"scroll","background-type":"","background-media":"","overlay-type":"","overlay-color":"","overlay-opacity":"","overlay-gradient":""}}},"product_brand":[],"product_cat":[72,90,41],"product_tag":[],"class_list":{"0":"post-7031","1":"product","2":"type-product","3":"status-publish","4":"has-post-thumbnail","6":"product_cat-cosmetic-packaging","7":"product_cat-refillable-perfume-bottles","8":"product_cat-perfume-bottles","9":"desktop-align-left","10":"tablet-align-left","11":"mobile-align-left","13":"first","14":"instock","15":"shipping-taxable","16":"product-type-simple"},"acf":[],"jetpack_sharing_enabled":true,"_links":{"self":[{"href":"https:\/\/theperfumebottles.com\/fr\/wp-json\/wp\/v2\/product\/7031","targetHints":{"allow":["GET"]}}],"collection":[{"href":"https:\/\/theperfumebottles.com\/fr\/wp-json\/wp\/v2\/product"}],"about":[{"href":"https:\/\/theperfumebottles.com\/fr\/wp-json\/wp\/v2\/types\/product"}],"replies":[{"embeddable":true,"href":"https:\/\/theperfumebottles.com\/fr\/wp-json\/wp\/v2\/comments?post=7031"}],"wp:featuredmedia":[{"embeddable":true,"href":"https:\/\/theperfumebottles.com\/fr\/wp-json\/wp\/v2\/media\/7033"}],"wp:attachment":[{"href":"https:\/\/theperfumebottles.com\/fr\/wp-json\/wp\/v2\/media?parent=7031"}],"wp:term":[{"taxonomy":"product_brand","embeddable":true,"href":"https:\/\/theperfumebottles.com\/fr\/wp-json\/wp\/v2\/product_brand?post=7031"},{"taxonomy":"product_cat","embeddable":true,"href":"https:\/\/theperfumebottles.com\/fr\/wp-json\/wp\/v2\/product_cat?post=7031"},{"taxonomy":"product_tag","embeddable":true,"href":"https:\/\/theperfumebottles.com\/fr\/wp-json\/wp\/v2\/product_tag?post=7031"}],"curies":[{"name":"wp","href":"https:\/\/api.w.org\/{rel}","templated":true}]}}