{"id":3,"date":"2024-12-05T06:22:48","date_gmt":"2024-12-05T06:22:48","guid":{"rendered":"https:\/\/theperfumebottles.com\/?page_id=3"},"modified":"2025-10-31T10:10:35","modified_gmt":"2025-10-31T02:10:35","slug":"privacy-policy","status":"publish","type":"page","link":"https:\/\/theperfumebottles.com\/hu\/privacy-policy\/","title":{"rendered":"Adatv\u00e9delmi ir\u00e1nyelvek"},"content":{"rendered":"<div data-elementor-type=\"wp-page\" data-elementor-id=\"3\" class=\"elementor elementor-3\" data-elementor-settings=\"{&quot;ha_cmc_init_switcher&quot;:&quot;no&quot;}\" data-elementor-post-type=\"page\">\n\t\t\t\t<div class=\"elementor-element elementor-element-7292605e e-flex e-con-boxed e-con e-parent\" data-id=\"7292605e\" data-element_type=\"container\" data-e-type=\"container\" data-settings=\"{&quot;_ha_eqh_enable&quot;:false}\">\n\t\t\t\t\t<div class=\"e-con-inner\">\n\t\t\t\t<div class=\"elementor-element elementor-element-23aa057f elementor-widget elementor-widget-text-editor\" data-id=\"23aa057f\" data-element_type=\"widget\" data-e-type=\"widget\" data-widget_type=\"text-editor.default\">\n\t\t\t\t<div class=\"elementor-widget-container\">\n\t\t\t\t\t\t\t\t\t<p>Ez az Adatv\u00e9delmi szab\u00e1lyzat le\u00edrja, hogyan gy\u0171jtik, haszn\u00e1lj\u00e1k \u00e9s osztj\u00e1k meg az \u00d6n szem\u00e9lyes adatait, amikor \u00d6n megl\u00e1togatja a theperfumebottles.com (a \"Webhely\") weboldalt vagy v\u00e1s\u00e1rol onnan.<\/p>\n<p><span style=\"color: #002b5b;\"><strong>AZ \u00c1LTALUNK GY\u0170JT\u00d6TT SZEM\u00c9LYES ADATOK<\/strong><\/span><\/p>\n<p>Amikor \u00d6n megl\u00e1togatja a Webhelyet, automatikusan gy\u0171jt\u00fcnk bizonyos inform\u00e1ci\u00f3kat az \u00d6n eszk\u00f6z\u00e9r\u0151l, bele\u00e9rtve a webb\u00f6ng\u00e9sz\u0151j\u00e9re, IP-c\u00edm\u00e9re, id\u0151z\u00f3n\u00e1j\u00e1ra \u00e9s az eszk\u00f6z\u00e9re telep\u00edtett n\u00e9h\u00e1ny cookie-ra vonatkoz\u00f3 inform\u00e1ci\u00f3kat. Ezen t\u00falmen\u0151en a Webhely b\u00f6ng\u00e9sz\u00e9se sor\u00e1n inform\u00e1ci\u00f3kat gy\u0171jt\u00fcnk az \u00d6n \u00e1ltal megtekintett egyes weboldalakr\u00f3l vagy term\u00e9kekr\u0151l, arr\u00f3l, hogy milyen weboldalak vagy keres\u0151kifejez\u00e9sek ir\u00e1ny\u00edtott\u00e1k \u00d6nt a Webhelyre, valamint arr\u00f3l, hogy \u00d6n hogyan l\u00e9p kapcsolatba a Webhellyel. Ezeket az automatikusan gy\u0171jt\u00f6tt inform\u00e1ci\u00f3kat \"Eszk\u00f6zinform\u00e1ci\u00f3knak\" nevezz\u00fck.<\/p>\n<p>Az eszk\u00f6zadatokat a k\u00f6vetkez\u0151 technol\u00f3gi\u00e1k seg\u00edts\u00e9g\u00e9vel gy\u0171jtj\u00fck:<br \/>- A \"s\u00fctik\" olyan adatf\u00e1jlok, amelyek az \u00d6n eszk\u00f6z\u00e9n vagy sz\u00e1m\u00edt\u00f3g\u00e9p\u00e9n ker\u00fclnek elhelyez\u00e9sre, \u00e9s gyakran tartalmaznak egy n\u00e9vtelen egyedi azonos\u00edt\u00f3t. A s\u00fctikr\u0151l \u00e9s a s\u00fctik letilt\u00e1s\u00e1r\u00f3l tov\u00e1bbi inform\u00e1ci\u00f3kat a http:\/\/www.allaboutcookies.org oldalon tal\u00e1l.<br \/>- A \"napl\u00f3f\u00e1jlok\" nyomon k\u00f6vetik a webhelyen v\u00e9gzett m\u0171veleteket, \u00e9s adatokat gy\u0171jtenek, bele\u00e9rtve az \u00d6n IP-c\u00edm\u00e9t, a b\u00f6ng\u00e9sz\u0151 t\u00edpus\u00e1t, az internetszolg\u00e1ltat\u00f3t, a hivatkoz\u00f3\/kil\u00e9p\u0151 oldalakat \u00e9s a d\u00e1tum\/id\u0151 b\u00e9lyegeket.<br \/>- A \"webjelz\u0151k\", \"c\u00edmk\u00e9k\" \u00e9s \"pixelek\" olyan elektronikus f\u00e1jlok, amelyeket arra haszn\u00e1lnak, hogy inform\u00e1ci\u00f3kat r\u00f6gz\u00edtsenek arr\u00f3l, hogyan b\u00f6ng\u00e9szik a Webhelyet.<\/p>\n<p>Tov\u00e1bb\u00e1, amikor \u00d6n v\u00e1s\u00e1rol vagy megpr\u00f3b\u00e1l v\u00e1s\u00e1rolni a Webhelyen kereszt\u00fcl, bizonyos adatokat gy\u0171jt\u00fcnk \u00d6nt\u0151l, bele\u00e9rtve a nev\u00e9t, sz\u00e1ml\u00e1z\u00e1si c\u00edm\u00e9t, sz\u00e1ll\u00edt\u00e1si c\u00edm\u00e9t, fizet\u00e9si adatait, e-mail c\u00edm\u00e9t \u00e9s telefonsz\u00e1m\u00e1t. Ezeket az inform\u00e1ci\u00f3kat \"Megrendel\u00e9si inform\u00e1ci\u00f3knak\" nevezz\u00fck.<\/p>\n<p>Amikor a jelen Adatv\u00e9delmi szab\u00e1lyzatban \"szem\u00e9lyes adatokr\u00f3l\" besz\u00e9l\u00fcnk, akkor mind az eszk\u00f6zadatokr\u00f3l, mind a megrendel\u00e9si adatokr\u00f3l besz\u00e9l\u00fcnk.<\/p>\n<p><span style=\"color: #002b5b;\"><strong>HOGYAN HASZN\u00c1LJUK FEL AZ \u00d6N SZEM\u00c9LYES ADATAIT?<\/strong><\/span><\/p>\n<p>Az \u00e1ltalunk gy\u0171jt\u00f6tt megrendel\u00e9si adatokat \u00e1ltal\u00e1ban a Webhelyen kereszt\u00fcl leadott megrendel\u00e9sek teljes\u00edt\u00e9s\u00e9re haszn\u00e1ljuk (bele\u00e9rtve az \u00d6n fizet\u00e9si adatainak feldolgoz\u00e1s\u00e1t, a sz\u00e1ll\u00edt\u00e1s megszervez\u00e9s\u00e9t, valamint a sz\u00e1ml\u00e1k \u00e9s\/vagy megrendel\u00e9si visszaigazol\u00e1sok megk\u00fcld\u00e9s\u00e9t). Ezen t\u00falmen\u0151en ezeket a Megrendel\u00e9si adatokat a k\u00f6vetkez\u0151kre haszn\u00e1ljuk:<br \/>- Kommunik\u00e1ljon \u00d6nnel;<br \/>- Ellen\u0151rizz\u00fck a megrendel\u00e9seinket a potenci\u00e1lis kock\u00e1zat vagy csal\u00e1s szempontj\u00e1b\u00f3l; <br \/>- Ha az \u00d6n \u00e1ltal vel\u00fcnk megosztott preferenci\u00e1knak megfelel\u0151en, a term\u00e9keinkkel vagy szolg\u00e1ltat\u00e1sainkkal kapcsolatos inform\u00e1ci\u00f3kat vagy rekl\u00e1mokat k\u00fcld\u00fcnk \u00d6nnek.<\/p>\n<p>Az \u00e1ltalunk gy\u0171jt\u00f6tt Eszk\u00f6zadatokat arra haszn\u00e1ljuk, hogy seg\u00edts\u00fcnk kisz\u0171rni a lehets\u00e9ges kock\u00e1zatokat \u00e9s csal\u00e1sokat (k\u00fcl\u00f6n\u00f6sen az \u00d6n IP-c\u00edm\u00e9t), valamint \u00e1ltal\u00e1nosabban a Webhely\u00fcnk jav\u00edt\u00e1s\u00e1ra \u00e9s optimaliz\u00e1l\u00e1s\u00e1ra (p\u00e9ld\u00e1ul analitikai elemz\u00e9sek k\u00e9sz\u00edt\u00e9se r\u00e9v\u00e9n arr\u00f3l, hogy \u00fcgyfeleink hogyan b\u00f6ng\u00e9sznek a Webhelyen \u00e9s hogyan l\u00e9pnek kapcsolatba vele, valamint marketing- \u00e9s rekl\u00e1mkamp\u00e1nyaink siker\u00e9nek \u00e9rt\u00e9kel\u00e9s\u00e9re).<\/p>\n<p><span style=\"color: #002b5b;\"><strong>SZEM\u00c9LYES ADATAINAK MEGOSZT\u00c1SA<\/strong><\/span><\/p>\n<p>Szem\u00e9lyes adatait megosztjuk harmadik felekkel, hogy seg\u00edtsenek nek\u00fcnk az \u00d6n szem\u00e9lyes adatainak a fentiekben le\u00edrtak szerinti felhaszn\u00e1l\u00e1s\u00e1ban. <br \/>A Google Analytics szolg\u00e1ltat\u00e1st haszn\u00e1ljuk, hogy meg\u00e9rts\u00fck, hogyan haszn\u00e1lj\u00e1k \u00fcgyfeleink a Weboldalt - itt olvashat t\u00f6bbet arr\u00f3l, hogyan haszn\u00e1lja a Google az \u00d6n szem\u00e9lyes adatait: https:\/\/www.google.com\/intl\/en\/policies\/privacy\/. A Google Analytics szolg\u00e1ltat\u00e1sr\u00f3l itt is lemondhat: https:\/\/tools.google.com\/dlpage\/gaoptout\/.<\/p>\n<p>V\u00e9g\u00fcl, szem\u00e9lyes adatait megoszthatjuk az alkalmazand\u00f3 t\u00f6rv\u00e9nyeknek \u00e9s szab\u00e1lyoz\u00e1soknak val\u00f3 megfelel\u00e9s, id\u00e9z\u00e9sre, h\u00e1zkutat\u00e1si parancsra vagy m\u00e1s t\u00f6rv\u00e9nyes inform\u00e1ci\u00f3k\u00e9r\u00e9sre val\u00f3 v\u00e1laszad\u00e1s, illetve jogaink v\u00e9delme \u00e9rdek\u00e9ben is.<\/p>\n<p><span style=\"color: #002b5b;\"><strong>NEM KERESZTHET\u0150<\/strong><\/span><\/p>\n<p>Felh\u00edvjuk figyelm\u00e9t, hogy nem v\u00e1ltoztatjuk meg a Webhely\u00fcnk adatgy\u0171jt\u00e9si \u00e9s -felhaszn\u00e1l\u00e1si gyakorlat\u00e1t, ha az \u00d6n b\u00f6ng\u00e9sz\u0151je Do Not Track jelz\u00e9st ad.<\/p>\n<p><span style=\"color: #002b5b;\"><strong>AZ \u00d6N JOGAI<\/strong><\/span><\/p>\n<p>Ha \u00d6n eur\u00f3pai lakos, joga van hozz\u00e1f\u00e9rni az \u00d6nr\u0151l t\u00e1rolt szem\u00e9lyes adatainkhoz, \u00e9s k\u00e9rheti szem\u00e9lyes adatainak helyesb\u00edt\u00e9s\u00e9t, friss\u00edt\u00e9s\u00e9t vagy t\u00f6rl\u00e9s\u00e9t. Ha \u00e9lni szeretne ezzel a jog\u00e1val, k\u00e9rj\u00fck, l\u00e9pjen kapcsolatba vel\u00fcnk az al\u00e1bbi el\u00e9rhet\u0151s\u00e9geken kereszt\u00fcl.<\/p>\n<p>Tov\u00e1bb\u00e1, ha \u00d6n eur\u00f3pai lakos, megjegyezz\u00fck, hogy az \u00d6n adatait az \u00d6nnel k\u00f6t\u00f6tt szerz\u0151d\u00e9s\u00fcnk teljes\u00edt\u00e9se \u00e9rdek\u00e9ben (p\u00e9ld\u00e1ul ha \u00d6n megrendel\u00e9st ad le a Webhelyen kereszt\u00fcl), vagy egy\u00e9bk\u00e9nt a fent felsorolt jogos \u00fczleti \u00e9rdekeink \u00e9rv\u00e9nyes\u00edt\u00e9se \u00e9rdek\u00e9ben kezelj\u00fck. Tov\u00e1bb\u00e1 k\u00e9rj\u00fck, vegye figyelembe, hogy az \u00d6n adatait Eur\u00f3p\u00e1n k\u00edv\u00fclre, t\u00f6bbek k\u00f6z\u00f6tt Kanad\u00e1ba \u00e9s az Egyes\u00fclt \u00c1llamokba is tov\u00e1bb\u00edtjuk.<\/p>\n<p><span style=\"color: #002b5b;\"><strong>ADATMEG\u0150RZ\u00c9S<\/strong><\/span><\/p>\n<p>Amikor \u00d6n megrendel\u00e9st ad le a Webhelyen kereszt\u00fcl, a megrendel\u00e9si adatait meg\u0151rizz\u00fck a nyilv\u00e1ntart\u00e1sunkban, kiv\u00e9ve, ha \u00e9s am\u00edg \u00d6n nem k\u00e9ri, hogy t\u00f6r\u00f6lj\u00fck ezeket az adatokat.<\/p>\n<p><span style=\"color: #002b5b;\"><strong>V\u00c1LTOZ\u00c1SOK<\/strong><\/span><\/p>\n<p>Id\u0151r\u0151l id\u0151re friss\u00edthetj\u00fck ezt az adatv\u00e9delmi szab\u00e1lyzatot, p\u00e9ld\u00e1ul a gyakorlatunkban bek\u00f6vetkezett v\u00e1ltoz\u00e1sok, illetve egy\u00e9b m\u0171k\u00f6d\u00e9si, jogi vagy szab\u00e1lyoz\u00e1si okok miatt.<\/p>\n<p><span style=\"color: #002b5b;\"><strong>MINORS<\/strong><\/span><\/p>\n<p>A Weboldal nem 18 \u00e9v alattiak sz\u00e1m\u00e1ra k\u00e9sz\u00fclt.<\/p>\n<p><span style=\"color: #002b5b;\"><strong>KAPCSOLATFELV\u00c9TEL<\/strong><\/span><\/p>\n<p>Ha tov\u00e1bbi inform\u00e1ci\u00f3t szeretne kapni adatv\u00e9delmi gyakorlatunkr\u00f3l, ha k\u00e9rd\u00e9se van, vagy ha panaszt szeretne tenni, k\u00e9rj\u00fck, l\u00e9pjen kapcsolatba vel\u00fcnk.<\/p>\t\t\t\t\t\t\t\t<\/div>\n\t\t\t\t<\/div>\n\t\t\t\t\t<\/div>\n\t\t\t\t<\/div>\n\t\t\t\t<\/div>","protected":false},"excerpt":{"rendered":"<p>Ez az adatv\u00e9delmi szab\u00e1lyzat le\u00edrja, hogy az \u00d6n szem\u00e9lyes adatait hogyan gy\u0171jtik, haszn\u00e1lj\u00e1k \u00e9s osztj\u00e1k meg, amikor \u00d6n megl\u00e1togatja vagy v\u00e1s\u00e1rol [...]<\/p>","protected":false},"author":1,"featured_media":0,"parent":0,"menu_order":111,"comment_status":"closed","ping_status":"closed","template":"","meta":{"_acf_changed":false,"site-sidebar-layout":"default","site-content-layout":"","ast-site-content-layout":"default","site-content-style":"default","site-sidebar-style":"default","ast-global-header-display":"","ast-banner-title-visibility":"","ast-main-header-display":"","ast-hfb-above-header-display":"","ast-hfb-below-header-display":"","ast-hfb-mobile-header-display":"","site-post-title":"","ast-breadcrumbs-content":"","ast-featured-img":"","footer-sml-layout":"","ast-disable-related-posts":"","theme-transparent-header-meta":"","adv-header-id-meta":"","stick-header-meta":"","header-above-stick-meta":"","header-main-stick-meta":"","header-below-stick-meta":"","astra-migrate-meta-layouts":"default","ast-page-background-enabled":"default","ast-page-background-meta":{"desktop":{"background-color":"var(--ast-global-color-5)","background-image":"","background-repeat":"repeat","background-position":"center center","background-size":"auto","background-attachment":"scroll","background-type":"","background-media":"","overlay-type":"","overlay-color":"","overlay-opacity":"","overlay-gradient":""},"tablet":{"background-color":"","background-image":"","background-repeat":"repeat","background-position":"center center","background-size":"auto","background-attachment":"scroll","background-type":"","background-media":"","overlay-type":"","overlay-color":"","overlay-opacity":"","overlay-gradient":""},"mobile":{"background-color":"","background-image":"","background-repeat":"repeat","background-position":"center center","background-size":"auto","background-attachment":"scroll","background-type":"","background-media":"","overlay-type":"","overlay-color":"","overlay-opacity":"","overlay-gradient":""}},"ast-content-background-meta":{"desktop":{"background-color":"var(--ast-global-color-4)","background-image":"","background-repeat":"repeat","background-position":"center center","background-size":"auto","background-attachment":"scroll","background-type":"","background-media":"","overlay-type":"","overlay-color":"","overlay-opacity":"","overlay-gradient":""},"tablet":{"background-color":"var(--ast-global-color-4)","background-image":"","background-repeat":"repeat","background-position":"center center","background-size":"auto","background-attachment":"scroll","background-type":"","background-media":"","overlay-type":"","overlay-color":"","overlay-opacity":"","overlay-gradient":""},"mobile":{"background-color":"var(--ast-global-color-4)","background-image":"","background-repeat":"repeat","background-position":"center center","background-size":"auto","background-attachment":"scroll","background-type":"","background-media":"","overlay-type":"","overlay-color":"","overlay-opacity":"","overlay-gradient":""}},"footnotes":""},"class_list":["post-3","page","type-page","status-publish","hentry"],"acf":[],"jetpack_sharing_enabled":true,"_links":{"self":[{"href":"https:\/\/theperfumebottles.com\/hu\/wp-json\/wp\/v2\/pages\/3","targetHints":{"allow":["GET"]}}],"collection":[{"href":"https:\/\/theperfumebottles.com\/hu\/wp-json\/wp\/v2\/pages"}],"about":[{"href":"https:\/\/theperfumebottles.com\/hu\/wp-json\/wp\/v2\/types\/page"}],"author":[{"embeddable":true,"href":"https:\/\/theperfumebottles.com\/hu\/wp-json\/wp\/v2\/users\/1"}],"replies":[{"embeddable":true,"href":"https:\/\/theperfumebottles.com\/hu\/wp-json\/wp\/v2\/comments?post=3"}],"version-history":[{"count":5,"href":"https:\/\/theperfumebottles.com\/hu\/wp-json\/wp\/v2\/pages\/3\/revisions"}],"predecessor-version":[{"id":2216,"href":"https:\/\/theperfumebottles.com\/hu\/wp-json\/wp\/v2\/pages\/3\/revisions\/2216"}],"wp:attachment":[{"href":"https:\/\/theperfumebottles.com\/hu\/wp-json\/wp\/v2\/media?parent=3"}],"curies":[{"name":"wp","href":"https:\/\/api.w.org\/{rel}","templated":true}]}}