{"id":1698,"date":"2025-01-20T09:14:51","date_gmt":"2025-01-20T09:14:51","guid":{"rendered":"https:\/\/theperfumebottles.com\/?post_type=product&#038;p=1698"},"modified":"2025-05-30T13:11:05","modified_gmt":"2025-05-30T05:11:05","slug":"customizable-glass-perfume-bottles","status":"publish","type":"product","link":"https:\/\/theperfumebottles.com\/hu\/termek\/customizable-glass-perfume-bottles\/","title":{"rendered":"30ml 50ml 100ml lapos \u00fcveg parf\u00fcm\u00f6s palackok"},"content":{"rendered":"<p>Ez a lapos \u00fcveg parf\u00fcm\u00f6s \u00fcveg olyan magas, mint egy modern \u00e9p\u00fclet, de lekerek\u00edtett sarkai klasszikus b\u00e1jt rejtenek. A 30\/50\/100 ml-es h\u00e1romf\u00e9le \u0171rtartalom a k\u00e9zipoggy\u00e1szt\u00f3l az aj\u00e1nd\u00e9kdobozig terjed, \u00edgy t\u00f6bb forgat\u00f3k\u00f6nyv ig\u00e9nyeit is kiel\u00e9g\u00edti. A 3,5 mm vastag krist\u00e1ly\u00fcveg olyan, mint a megszil\u00e1rdult holdf\u00e9ny, a parf\u00fcm sz\u00edne pedig m\u0171alkot\u00e1sk\u00e9nt jelenik meg. Az olyan testreszab\u00e1si lehet\u0151s\u00e9gek, mint a szitanyom\u00e1s, a fagyaszt\u00e1s \u00e9s a sz\u00ednes permetez\u00e9s lehet\u0151v\u00e9 teszik, hogy a m\u00e1rka t\u00f6rt\u00e9nete kiz\u00e1r\u00f3lag az \u00fcvegen ragyogjon. A szabadalmaztatott pump\u00e1s fejr\u00e9sz pontos permetez\u00e9st tesz lehet\u0151v\u00e9, \u00e9s ak\u00e1r szem\u00e9lyes haszn\u00e1latra, ak\u00e1r aj\u00e1nd\u00e9kba sz\u00e1nj\u00e1k, m\u00fazeumi szint\u0171 kibont\u00e1si cerem\u00f3ni\u00e1t k\u00edn\u00e1l \u2013 nem csak ide\u00e1lis tart\u00e1ly a pr\u00e9mium parf\u00fcm\u00f6k sz\u00e1m\u00e1ra, hanem a v\u00e1rosi \u00e9let eszt\u00e9tik\u00e1j\u00e1nak t\u00f6k\u00e9letes megjegyz\u00e9se is.<\/p>\n<h2>A lapos \u00fcveg parf\u00fcm\u00f6s palackok legfontosabb specifik\u00e1ci\u00f3i<\/h2>\n<table style=\"border-collapse: collapse;margin-left: auto;margin-right: auto;width: 527.27pt\" border=\"0\" width=\"703\" cellspacing=\"0\" cellpadding=\"0\">\n<tbody>\n<tr style=\"height: 13.50pt\">\n<td class=\"et2\" style=\"height: 13.50pt;width: 165.75pt\" width=\"221\" height=\"18\">Modell<\/td>\n<td class=\"et2\" style=\"width: 115.50pt\" width=\"154\">PB-BF1701<\/td>\n<td class=\"et2\" style=\"width: 116.25pt\" width=\"155\">PB-BF1702<\/td>\n<td class=\"et2\" style=\"width: 129.75pt\" width=\"173\">PB-BF1703<\/td>\n<\/tr>\n<tr style=\"height: 13.50pt\">\n<td class=\"et2\" style=\"height: 13.50pt\" height=\"18\">Kapacit\u00e1s<\/td>\n<td class=\"et5\">30 ml<\/td>\n<td class=\"et5\">50 ml<\/td>\n<td class=\"et5\">100 ml<\/td>\n<\/tr>\n<tr style=\"height: 13.50pt\">\n<td class=\"et2\" style=\"height: 13.50pt\" height=\"18\">Kaliber<\/td>\n<td class=\"et5\">15 mm<\/td>\n<td class=\"et5\">15 mm<\/td>\n<td class=\"et5\">15 mm<\/td>\n<\/tr>\n<tr style=\"height: 13.50pt\">\n<td class=\"et2\" style=\"height: 13.50pt\" height=\"18\">\u00dcveg m\u00e9ret\/mm<\/td>\n<td class=\"et5\">52*28*63<\/td>\n<td class=\"et5\">61*29*72<\/td>\n<td class=\"et5\">81*35*89<\/td>\n<\/tr>\n<tr style=\"height: 13.50pt\">\n<td class=\"et2\" style=\"height: 13.50pt\" height=\"18\">Sz\u00edn<\/td>\n<td class=\"et5\" colspan=\"3\">\u00c1tl\u00e1tsz\u00f3<\/td>\n<\/tr>\n<tr style=\"height: 13.50pt\">\n<td class=\"et2\" style=\"height: 13.50pt\" height=\"18\">Shap<\/td>\n<td class=\"et5\" colspan=\"3\">T\u00e9glalap lekerek\u00edtett sarkokkal<\/td>\n<\/tr>\n<tr style=\"height: 13.50pt\">\n<td class=\"et2\" style=\"height: 13.50pt\" height=\"18\">Fel\u00fcletkezel\u00e9s<\/td>\n<td class=\"et5\" colspan=\"3\">V\u00e9s\u00e9s az \u00fcvegtest \u00e9s a kupak oldalain<\/td>\n<\/tr>\n<tr style=\"height: 13.50pt\">\n<td class=\"et2\" style=\"height: 13.50pt\" height=\"18\">Anyag<\/td>\n<td class=\"et5\" colspan=\"3\">Magas krist\u00e1ly\u00fcveg<\/td>\n<\/tr>\n<\/tbody>\n<\/table>\n<p>Legyen partner\u00fcnk a kiv\u00e1l\u00f3 min\u0151s\u00e9g\u0171 \u00fcveg parf\u00fcm\u00f6s \u00fcvegek, testreszabhat\u00f3 parf\u00fcm csomagol\u00e1si megold\u00e1sok ter\u00e9n.<\/p>","protected":false},"excerpt":{"rendered":"<p>Lapos \u00fcveg parf\u00fcm\u00f6s \u00fcveg\u00fcnk a kifinomults\u00e1g, a funkcionalit\u00e1s \u00e9s a st\u00edlus kit\u0171n\u0151 kombin\u00e1ci\u00f3j\u00e1t k\u00edn\u00e1lja. A kozmetikai ipar sz\u00e1m\u00e1ra tervezett, kiv\u00e1l\u00f3 min\u0151s\u00e9g\u0171 krist\u00e1ly\u00fcveg palackok t\u00f6k\u00e9letesen alkalmasak pr\u00e9mium illatszerek t\u00e1rol\u00e1s\u00e1ra. A 30 ml-es, 50 ml-es \u00e9s 100 ml-es m\u00e9retben kaphat\u00f3 \u00fcvegek sokoldal\u00fa csomagol\u00e1si megold\u00e1st k\u00edn\u00e1lnak parf\u00fcm\u00f6k \u00e9s m\u00e1s cs\u00facskateg\u00f3ri\u00e1s foly\u00e9kony term\u00e9kek sz\u00e1m\u00e1ra.<\/p>","protected":false},"featured_media":2265,"comment_status":"open","ping_status":"closed","template":"","meta":{"_acf_changed":false,"site-sidebar-layout":"default","site-content-layout":"","ast-site-content-layout":"default","site-content-style":"default","site-sidebar-style":"default","ast-global-header-display":"","ast-banner-title-visibility":"","ast-main-header-display":"","ast-hfb-above-header-display":"","ast-hfb-below-header-display":"","ast-hfb-mobile-header-display":"","site-post-title":"","ast-breadcrumbs-content":"","ast-featured-img":"","footer-sml-layout":"","ast-disable-related-posts":"","theme-transparent-header-meta":"default","adv-header-id-meta":"","stick-header-meta":"","header-above-stick-meta":"","header-main-stick-meta":"","header-below-stick-meta":"","astra-migrate-meta-layouts":"set","ast-page-background-enabled":"default","ast-page-background-meta":{"desktop":{"background-color":"var(--ast-global-color-5)","background-image":"","background-repeat":"repeat","background-position":"center center","background-size":"auto","background-attachment":"scroll","background-type":"","background-media":"","overlay-type":"","overlay-color":"","overlay-opacity":"","overlay-gradient":""},"tablet":{"background-color":"","background-image":"","background-repeat":"repeat","background-position":"center center","background-size":"auto","background-attachment":"scroll","background-type":"","background-media":"","overlay-type":"","overlay-color":"","overlay-opacity":"","overlay-gradient":""},"mobile":{"background-color":"","background-image":"","background-repeat":"repeat","background-position":"center center","background-size":"auto","background-attachment":"scroll","background-type":"","background-media":"","overlay-type":"","overlay-color":"","overlay-opacity":"","overlay-gradient":""}},"ast-content-background-meta":{"desktop":{"background-color":"var(--ast-global-color-4)","background-image":"","background-repeat":"repeat","background-position":"center center","background-size":"auto","background-attachment":"scroll","background-type":"","background-media":"","overlay-type":"","overlay-color":"","overlay-opacity":"","overlay-gradient":""},"tablet":{"background-color":"var(--ast-global-color-4)","background-image":"","background-repeat":"repeat","background-position":"center center","background-size":"auto","background-attachment":"scroll","background-type":"","background-media":"","overlay-type":"","overlay-color":"","overlay-opacity":"","overlay-gradient":""},"mobile":{"background-color":"var(--ast-global-color-4)","background-image":"","background-repeat":"repeat","background-position":"center center","background-size":"auto","background-attachment":"scroll","background-type":"","background-media":"","overlay-type":"","overlay-color":"","overlay-opacity":"","overlay-gradient":""}}},"product_brand":[],"product_cat":[41,72,91],"product_tag":[50,49],"class_list":{"0":"post-1698","1":"product","2":"type-product","3":"status-publish","4":"has-post-thumbnail","6":"product_cat-perfume-bottles","7":"product_cat-cosmetic-packaging","8":"product_cat-custom-perfume-bottles","9":"product_tag-glass-perfume-bottles","10":"product_tag-perfume-bottles","11":"desktop-align-left","12":"tablet-align-left","13":"mobile-align-left","15":"first","16":"instock","17":"shipping-taxable","18":"product-type-simple"},"acf":[],"jetpack_sharing_enabled":true,"_links":{"self":[{"href":"https:\/\/theperfumebottles.com\/hu\/wp-json\/wp\/v2\/product\/1698","targetHints":{"allow":["GET"]}}],"collection":[{"href":"https:\/\/theperfumebottles.com\/hu\/wp-json\/wp\/v2\/product"}],"about":[{"href":"https:\/\/theperfumebottles.com\/hu\/wp-json\/wp\/v2\/types\/product"}],"replies":[{"embeddable":true,"href":"https:\/\/theperfumebottles.com\/hu\/wp-json\/wp\/v2\/comments?post=1698"}],"wp:featuredmedia":[{"embeddable":true,"href":"https:\/\/theperfumebottles.com\/hu\/wp-json\/wp\/v2\/media\/2265"}],"wp:attachment":[{"href":"https:\/\/theperfumebottles.com\/hu\/wp-json\/wp\/v2\/media?parent=1698"}],"wp:term":[{"taxonomy":"product_brand","embeddable":true,"href":"https:\/\/theperfumebottles.com\/hu\/wp-json\/wp\/v2\/product_brand?post=1698"},{"taxonomy":"product_cat","embeddable":true,"href":"https:\/\/theperfumebottles.com\/hu\/wp-json\/wp\/v2\/product_cat?post=1698"},{"taxonomy":"product_tag","embeddable":true,"href":"https:\/\/theperfumebottles.com\/hu\/wp-json\/wp\/v2\/product_tag?post=1698"}],"curies":[{"name":"wp","href":"https:\/\/api.w.org\/{rel}","templated":true}]}}