{"id":1731,"date":"2025-02-06T04:04:27","date_gmt":"2025-02-06T04:04:27","guid":{"rendered":"https:\/\/theperfumebottles.com\/?post_type=product&#038;p=1731"},"modified":"2025-05-30T17:17:57","modified_gmt":"2025-05-30T09:17:57","slug":"10ml-mini-cologne-bottles-bulk","status":"publish","type":"product","link":"https:\/\/theperfumebottles.com\/hu\/termek\/10ml-mini-cologne-bottles-bulk\/","title":{"rendered":"10 ml-es mini k\u00f6lnipalackok parf\u00fcmm\u00e1rk\u00e1khoz"},"content":{"rendered":"<p>A 10 ml-es mini parf\u00fcm \u00fcvege olyan pontos, mint egy sv\u00e1jci \u00f3ra. A fest\u00e9s\/carving\/h\u0151nyom\u00e1s h\u00e1romszoros custom munkam\u0171v\u00e9szete minden r\u00e9szletet a m\u00e1rka lelk\u00e9nek tart\u00e1ly\u00e1v\u00e1 teszi. A sziv\u00e1rg\u00e1smentes tervez\u00e9s \u00e9s a port\u00e1bilis m\u00e9ret lehet\u0151v\u00e9 teszi, hogy a szag utaz\u00f3csomag vagy pr\u00f3ba csomag csendes min\u0151s\u00e9g-nyilatkozatot vir\u00e1goztasson a kezedben \u2013 a gyors divat m\u00e1rka sorozat-tesztjeit\u0151l a luxus kieg\u00e9sz\u00edt\u0151 modell korl\u00e1tozott aj\u00e1nd\u00e9kcsomagjaiig, ez a mini \u00fcveg exkluz\u00edv t\u00e9rfogattal nagy energi\u00e1t hordoz. Nemcsak szag\u00fa csapda \u00faj v\u00e1s\u00e1rl\u00f3k el\u00e9r\u00e9s\u00e9re, hanem rejtett kapcsolat is ism\u00e9telt v\u00e1s\u00e1rl\u00e1s konverzi\u00f3j\u00e1ra, ami minden csepp szagot m\u00e1rka eml\u00e9kk\u00e9nt triggerel.<\/p>\n<table style=\"border-collapse: collapse;margin-left: auto;margin-right: auto;width: 90%;height: 596px\" border=\"0\" width=\"90%\" cellspacing=\"0\" cellpadding=\"0\">\n<tbody>\n<tr style=\"height: 13.50pt\">\n<td style=\"height: 13.50pt;width: 10%\" width=\"10%\" height=\"18\">Modell<\/td>\n<td style=\"width: 30%\" width=\"30%\">PB-YX1801<\/td>\n<td style=\"width: 30%\" width=\"30%\">PB-YX1802<\/td>\n<td style=\"width: 30%\" width=\"30%\">PB-YX1803<\/td>\n<\/tr>\n<tr style=\"height: 13.50pt\">\n<td style=\"height: 13.50pt\" height=\"18\">R\u00e9szletek<\/td>\n<td><img fetchpriority=\"high\" decoding=\"async\" class=\"size-medium wp-image-2437 aligncenter\" src=\"https:\/\/theperfumebottles.com\/wp-content\/uploads\/2025\/02\/mini-cologne-bottles-details-yx1801-300x300.jpg\" alt=\"mini k\u00f6lni flakonok r\u00e9szletek\" width=\"300\" height=\"300\" srcset=\"https:\/\/theperfumebottles.com\/wp-content\/uploads\/2025\/02\/mini-cologne-bottles-details-yx1801-300x300.jpg 300w, https:\/\/theperfumebottles.com\/wp-content\/uploads\/2025\/02\/mini-cologne-bottles-details-yx1801-150x150.jpg 150w, https:\/\/theperfumebottles.com\/wp-content\/uploads\/2025\/02\/mini-cologne-bottles-details-yx1801-768x768.jpg 768w, https:\/\/theperfumebottles.com\/wp-content\/uploads\/2025\/02\/mini-cologne-bottles-details-yx1801-12x12.jpg 12w, https:\/\/theperfumebottles.com\/wp-content\/uploads\/2025\/02\/mini-cologne-bottles-details-yx1801-600x600.jpg 600w, https:\/\/theperfumebottles.com\/wp-content\/uploads\/2025\/02\/mini-cologne-bottles-details-yx1801-100x100.jpg 100w, https:\/\/theperfumebottles.com\/wp-content\/uploads\/2025\/02\/mini-cologne-bottles-details-yx1801.jpg 1000w\" sizes=\"(max-width: 300px) 100vw, 300px\" \/><\/td>\n<td class=\"et2\" colspan=\"2\"><img decoding=\"async\" class=\"size-medium wp-image-2439 aligncenter\" src=\"https:\/\/theperfumebottles.com\/wp-content\/uploads\/2025\/02\/sample-perfume-bottles-details-yx180302-300x300.jpg\" alt=\"minta parf\u00fcm\u00f6s \u00fcvegek r\u00e9szletek\" width=\"300\" height=\"300\" srcset=\"https:\/\/theperfumebottles.com\/wp-content\/uploads\/2025\/02\/sample-perfume-bottles-details-yx180302-300x300.jpg 300w, https:\/\/theperfumebottles.com\/wp-content\/uploads\/2025\/02\/sample-perfume-bottles-details-yx180302-150x150.jpg 150w, https:\/\/theperfumebottles.com\/wp-content\/uploads\/2025\/02\/sample-perfume-bottles-details-yx180302-768x768.jpg 768w, https:\/\/theperfumebottles.com\/wp-content\/uploads\/2025\/02\/sample-perfume-bottles-details-yx180302-12x12.jpg 12w, https:\/\/theperfumebottles.com\/wp-content\/uploads\/2025\/02\/sample-perfume-bottles-details-yx180302-600x600.jpg 600w, https:\/\/theperfumebottles.com\/wp-content\/uploads\/2025\/02\/sample-perfume-bottles-details-yx180302-100x100.jpg 100w, https:\/\/theperfumebottles.com\/wp-content\/uploads\/2025\/02\/sample-perfume-bottles-details-yx180302.jpg 1000w\" sizes=\"(max-width: 300px) 100vw, 300px\" \/><\/td>\n<\/tr>\n<tr style=\"height: 13.50pt\">\n<td style=\"height: 13.50pt\" height=\"18\">\u00dcvegtest<\/td>\n<td><img decoding=\"async\" class=\"size-medium wp-image-2443 aligncenter\" src=\"https:\/\/theperfumebottles.com\/wp-content\/uploads\/2025\/02\/mini-cologne-bottles-shape-yx01-300x300.jpg\" alt=\"\" width=\"300\" height=\"300\" srcset=\"https:\/\/theperfumebottles.com\/wp-content\/uploads\/2025\/02\/mini-cologne-bottles-shape-yx01-300x300.jpg 300w, https:\/\/theperfumebottles.com\/wp-content\/uploads\/2025\/02\/mini-cologne-bottles-shape-yx01-150x150.jpg 150w, https:\/\/theperfumebottles.com\/wp-content\/uploads\/2025\/02\/mini-cologne-bottles-shape-yx01-768x768.jpg 768w, https:\/\/theperfumebottles.com\/wp-content\/uploads\/2025\/02\/mini-cologne-bottles-shape-yx01-12x12.jpg 12w, https:\/\/theperfumebottles.com\/wp-content\/uploads\/2025\/02\/mini-cologne-bottles-shape-yx01-600x600.jpg 600w, https:\/\/theperfumebottles.com\/wp-content\/uploads\/2025\/02\/mini-cologne-bottles-shape-yx01-100x100.jpg 100w, https:\/\/theperfumebottles.com\/wp-content\/uploads\/2025\/02\/mini-cologne-bottles-shape-yx01.jpg 1000w\" sizes=\"(max-width: 300px) 100vw, 300px\" \/><\/td>\n<td><img loading=\"lazy\" decoding=\"async\" class=\"size-medium wp-image-2445 aligncenter\" src=\"https:\/\/theperfumebottles.com\/wp-content\/uploads\/2025\/02\/tiny-perfume-bottles-shape-yx1802-300x300.jpg\" alt=\"\" width=\"300\" height=\"300\" srcset=\"https:\/\/theperfumebottles.com\/wp-content\/uploads\/2025\/02\/tiny-perfume-bottles-shape-yx1802-300x300.jpg 300w, https:\/\/theperfumebottles.com\/wp-content\/uploads\/2025\/02\/tiny-perfume-bottles-shape-yx1802-150x150.jpg 150w, https:\/\/theperfumebottles.com\/wp-content\/uploads\/2025\/02\/tiny-perfume-bottles-shape-yx1802-768x768.jpg 768w, https:\/\/theperfumebottles.com\/wp-content\/uploads\/2025\/02\/tiny-perfume-bottles-shape-yx1802-12x12.jpg 12w, https:\/\/theperfumebottles.com\/wp-content\/uploads\/2025\/02\/tiny-perfume-bottles-shape-yx1802-600x600.jpg 600w, https:\/\/theperfumebottles.com\/wp-content\/uploads\/2025\/02\/tiny-perfume-bottles-shape-yx1802-100x100.jpg 100w, https:\/\/theperfumebottles.com\/wp-content\/uploads\/2025\/02\/tiny-perfume-bottles-shape-yx1802.jpg 1000w\" sizes=\"(max-width: 300px) 100vw, 300px\" \/><\/td>\n<td><img loading=\"lazy\" decoding=\"async\" class=\"wp-image-2444 size-medium aligncenter\" src=\"https:\/\/theperfumebottles.com\/wp-content\/uploads\/2025\/02\/sample-perfume-bottles-shape-yx1803-300x300.jpg\" alt=\"\" width=\"300\" height=\"300\" srcset=\"https:\/\/theperfumebottles.com\/wp-content\/uploads\/2025\/02\/sample-perfume-bottles-shape-yx1803-300x300.jpg 300w, https:\/\/theperfumebottles.com\/wp-content\/uploads\/2025\/02\/sample-perfume-bottles-shape-yx1803-150x150.jpg 150w, https:\/\/theperfumebottles.com\/wp-content\/uploads\/2025\/02\/sample-perfume-bottles-shape-yx1803-768x768.jpg 768w, https:\/\/theperfumebottles.com\/wp-content\/uploads\/2025\/02\/sample-perfume-bottles-shape-yx1803-12x12.jpg 12w, https:\/\/theperfumebottles.com\/wp-content\/uploads\/2025\/02\/sample-perfume-bottles-shape-yx1803-600x600.jpg 600w, https:\/\/theperfumebottles.com\/wp-content\/uploads\/2025\/02\/sample-perfume-bottles-shape-yx1803-100x100.jpg 100w, https:\/\/theperfumebottles.com\/wp-content\/uploads\/2025\/02\/sample-perfume-bottles-shape-yx1803.jpg 1000w\" sizes=\"(max-width: 300px) 100vw, 300px\" \/><\/td>\n<\/tr>\n<\/tbody>\n<\/table>\n<h2>Mini k\u00f6lni palackjaink legfontosabb jellemz\u0151i<\/h2>\n<table style=\"border-collapse: collapse;margin-left: auto;margin-right: auto;width: 556.52pt\" border=\"0\" width=\"742\" cellspacing=\"0\" cellpadding=\"0\">\n<tbody>\n<tr style=\"height: 14.25pt\">\n<td class=\"et3\" style=\"height: 14.25pt;width: 139.50pt\" width=\"186\" height=\"19\">Modellsz\u00e1m<\/td>\n<td class=\"et3\" style=\"width: 86.25pt\" width=\"115\">Kaliber<\/td>\n<td class=\"et3\" style=\"width: 82.50pt\" width=\"110\">Kapacit\u00e1s<\/td>\n<td class=\"et3\" style=\"width: 90.75pt\" width=\"121\">Alak<\/td>\n<td class=\"et3\" style=\"width: 157.50pt\" width=\"210\">\u00dcveg m\u00e9ret (mm)<\/td>\n<\/tr>\n<tr style=\"height: 14.25pt\">\n<td class=\"et3\" style=\"height: 14.25pt;width: 139.50pt\" width=\"186\" height=\"19\">PB-YX1801<\/td>\n<td class=\"et4\">13 mm<\/td>\n<td class=\"et3\" style=\"width: 82.50pt\" width=\"110\">10 ml<\/td>\n<td class=\"et3\" style=\"width: 90.75pt\" width=\"121\">Hengeres<\/td>\n<td class=\"et3\" style=\"width: 157.50pt\" width=\"210\">23\u00d7 105<\/td>\n<\/tr>\n<tr style=\"height: 14.25pt\">\n<td class=\"et3\" style=\"height: 14.25pt;width: 139.50pt\" width=\"186\" height=\"19\">PB-YX1802<\/td>\n<td class=\"et4\">13 mm<\/td>\n<td class=\"et3\" style=\"width: 82.50pt\" width=\"110\">10 ml<\/td>\n<td class=\"et3\" style=\"width: 90.75pt\" width=\"121\">Cobuid<\/td>\n<td class=\"et4\">17\u00d7 17\u00d7 99<\/td>\n<\/tr>\n<tr style=\"height: 14.25pt\">\n<td class=\"et3\" style=\"height: 14.25pt;width: 139.50pt\" width=\"186\" height=\"19\">PB-YX1803<\/td>\n<td class=\"et4\">13 mm<\/td>\n<td class=\"et3\" style=\"width: 82.50pt\" width=\"110\">10 ml<\/td>\n<td class=\"et3\" style=\"width: 90.75pt\" width=\"121\">Cobuid<\/td>\n<td class=\"et4\">21\u00d7 21\u00d7 103<\/td>\n<\/tr>\n<\/tbody>\n<\/table>","protected":false},"excerpt":{"rendered":"<p>Mini k\u00f6lnivonalas palackjaink kiv\u00e1l\u00f3 min\u0151s\u00e9g\u0171 konstrukci\u00f3t, sokoldal\u00fa testreszab\u00e1si lehet\u0151s\u00e9geket \u00e9s praktikumot k\u00edn\u00e1lnak, \u00edgy t\u00f6k\u00e9letesek a parf\u00fcm m\u00e1rk\u00e1k tulajdonosai \u00e9s nagykeresked\u0151k sz\u00e1m\u00e1ra, akik st\u00edlusos \u00e9s funkcion\u00e1lis csomagol\u00e1st keresnek illatszercsal\u00e1djaik sz\u00e1m\u00e1ra.<\/p>","protected":false},"featured_media":2438,"comment_status":"open","ping_status":"closed","template":"","meta":{"_acf_changed":false,"site-sidebar-layout":"default","site-content-layout":"","ast-site-content-layout":"default","site-content-style":"default","site-sidebar-style":"default","ast-global-header-display":"","ast-banner-title-visibility":"","ast-main-header-display":"","ast-hfb-above-header-display":"","ast-hfb-below-header-display":"","ast-hfb-mobile-header-display":"","site-post-title":"","ast-breadcrumbs-content":"","ast-featured-img":"","footer-sml-layout":"","ast-disable-related-posts":"","theme-transparent-header-meta":"default","adv-header-id-meta":"","stick-header-meta":"","header-above-stick-meta":"","header-main-stick-meta":"","header-below-stick-meta":"","astra-migrate-meta-layouts":"set","ast-page-background-enabled":"default","ast-page-background-meta":{"desktop":{"background-color":"var(--ast-global-color-5)","background-image":"","background-repeat":"repeat","background-position":"center center","background-size":"auto","background-attachment":"scroll","background-type":"","background-media":"","overlay-type":"","overlay-color":"","overlay-opacity":"","overlay-gradient":""},"tablet":{"background-color":"","background-image":"","background-repeat":"repeat","background-position":"center center","background-size":"auto","background-attachment":"scroll","background-type":"","background-media":"","overlay-type":"","overlay-color":"","overlay-opacity":"","overlay-gradient":""},"mobile":{"background-color":"","background-image":"","background-repeat":"repeat","background-position":"center center","background-size":"auto","background-attachment":"scroll","background-type":"","background-media":"","overlay-type":"","overlay-color":"","overlay-opacity":"","overlay-gradient":""}},"ast-content-background-meta":{"desktop":{"background-color":"var(--ast-global-color-4)","background-image":"","background-repeat":"repeat","background-position":"center center","background-size":"auto","background-attachment":"scroll","background-type":"","background-media":"","overlay-type":"","overlay-color":"","overlay-opacity":"","overlay-gradient":""},"tablet":{"background-color":"var(--ast-global-color-4)","background-image":"","background-repeat":"repeat","background-position":"center center","background-size":"auto","background-attachment":"scroll","background-type":"","background-media":"","overlay-type":"","overlay-color":"","overlay-opacity":"","overlay-gradient":""},"mobile":{"background-color":"var(--ast-global-color-4)","background-image":"","background-repeat":"repeat","background-position":"center center","background-size":"auto","background-attachment":"scroll","background-type":"","background-media":"","overlay-type":"","overlay-color":"","overlay-opacity":"","overlay-gradient":""}}},"product_brand":[],"product_cat":[74,72,41],"product_tag":[],"class_list":{"0":"post-1731","1":"product","2":"type-product","3":"status-publish","4":"has-post-thumbnail","6":"product_cat-mini-perfume-bottles","7":"product_cat-cosmetic-packaging","8":"product_cat-perfume-bottles","9":"desktop-align-left","10":"tablet-align-left","11":"mobile-align-left","13":"first","14":"instock","15":"shipping-taxable","16":"product-type-simple"},"acf":[],"jetpack_sharing_enabled":true,"_links":{"self":[{"href":"https:\/\/theperfumebottles.com\/hu\/wp-json\/wp\/v2\/product\/1731","targetHints":{"allow":["GET"]}}],"collection":[{"href":"https:\/\/theperfumebottles.com\/hu\/wp-json\/wp\/v2\/product"}],"about":[{"href":"https:\/\/theperfumebottles.com\/hu\/wp-json\/wp\/v2\/types\/product"}],"replies":[{"embeddable":true,"href":"https:\/\/theperfumebottles.com\/hu\/wp-json\/wp\/v2\/comments?post=1731"}],"wp:featuredmedia":[{"embeddable":true,"href":"https:\/\/theperfumebottles.com\/hu\/wp-json\/wp\/v2\/media\/2438"}],"wp:attachment":[{"href":"https:\/\/theperfumebottles.com\/hu\/wp-json\/wp\/v2\/media?parent=1731"}],"wp:term":[{"taxonomy":"product_brand","embeddable":true,"href":"https:\/\/theperfumebottles.com\/hu\/wp-json\/wp\/v2\/product_brand?post=1731"},{"taxonomy":"product_cat","embeddable":true,"href":"https:\/\/theperfumebottles.com\/hu\/wp-json\/wp\/v2\/product_cat?post=1731"},{"taxonomy":"product_tag","embeddable":true,"href":"https:\/\/theperfumebottles.com\/hu\/wp-json\/wp\/v2\/product_tag?post=1731"}],"curies":[{"name":"wp","href":"https:\/\/api.w.org\/{rel}","templated":true}]}}