{"id":1734,"date":"2025-02-06T07:16:21","date_gmt":"2025-02-06T07:16:21","guid":{"rendered":"https:\/\/theperfumebottles.com\/?post_type=product&#038;p=1734"},"modified":"2025-04-15T08:12:10","modified_gmt":"2025-04-15T08:12:10","slug":"30ml-pink-small-perfume-bottles-wholesale","status":"publish","type":"product","link":"https:\/\/theperfumebottles.com\/hu\/termek\/30ml-pink-small-perfume-bottles-wholesale\/","title":{"rendered":"30 ml-es r\u00f3zsasz\u00edn kis parf\u00fcm\u00f6s \u00fcvegek nagykereskedelme"},"content":{"rendered":"<p>Kis parf\u00fcm\u00f6s \u00fcvegcs\u00e9inket \u00fagy tervezt\u00fck, hogy egyedi \u00e9s kifinomult st\u00edlusukkal feldobj\u00e1k az illatszercsomagol\u00e1st. A n\u00e9gyzet alak\u00fa prizmaform\u00e1val, lekerek\u00edtett sarkokkal \u00e9s egyedi, gy\u0171r\u0171 alak\u00fa talppal ezek az apr\u00f3 parf\u00fcm\u00f6s \u00fcvegek egyszerre hoznak st\u00edlust \u00e9s stabilit\u00e1st. A parf\u00fcm\u00f6s \u00fcvegek \u00e1tl\u00e1tsz\u00f3 \u00fcvegtesttel \u00e9s puha r\u00f3zsasz\u00edn g\u00f6mbkupakkal rendelkeznek, Ide\u00e1lisak a cs\u00facsmin\u0151s\u00e9g\u0171 parf\u00fcm\u00f6k, k\u00f6lnik vagy utaz\u00e1si m\u00e9ret\u0171 illatok sz\u00e1m\u00e1ra, \u00e9s f\u00e9ny\u0171z\u0151v\u00e9 teszik b\u00e1rmely illatcsal\u00e1dot.<\/p>\n<h2><span style=\"font-size: 22px; font-family: 'times new roman', times, serif;\">A kis parf\u00fcm\u00f6s palackok legfontosabb jellemz\u0151i<\/span><\/h2>\n<table style=\"border-collapse: collapse; margin-left: auto; margin-right: auto; width: 363.02pt;\" border=\"0\" width=\"484\" cellspacing=\"0\" cellpadding=\"0\">\n<tbody>\n<tr style=\"height: 20.00pt;\">\n<td class=\"et2\" style=\"height: 20.00pt; width: 161.25pt;\" width=\"215\" height=\"26\">Modellsz\u00e1m<\/td>\n<td class=\"et2\" style=\"width: 201.75pt;\" width=\"269\">PB-YX09<\/td>\n<\/tr>\n<tr style=\"height: 20.00pt;\">\n<td class=\"et2\" style=\"height: 20.00pt; width: 161.25pt;\" width=\"215\" height=\"26\">Kapacit\u00e1s<\/td>\n<td class=\"et2\" style=\"width: 201.75pt;\" width=\"269\">30 ml<\/td>\n<\/tr>\n<tr style=\"height: 20.00pt;\">\n<td class=\"et2\" style=\"height: 20.00pt; width: 161.25pt;\" width=\"215\" height=\"26\">Kaliber<\/td>\n<td class=\"et2\" style=\"width: 201.75pt;\" width=\"269\">15 mm<\/td>\n<\/tr>\n<tr style=\"height: 20.00pt;\">\n<td class=\"et2\" style=\"height: 20.00pt; width: 161.25pt;\" width=\"215\" height=\"26\">\u00dcvegm\u00e9ret<\/td>\n<td>40*40*48 mm<\/td>\n<\/tr>\n<tr style=\"height: 20.00pt;\">\n<td class=\"et2\" style=\"height: 20.00pt; width: 161.25pt;\" width=\"215\" height=\"26\">Sz\u00edn<\/td>\n<td class=\"et2\" style=\"width: 201.75pt;\" width=\"269\">\u00c1tl\u00e1tsz\u00f3 r\u00f3zsasz\u00edn goly\u00f3s sapk\u00e1val<\/td>\n<\/tr>\n<tr style=\"height: 20.00pt;\">\n<td class=\"et2\" style=\"height: 20.00pt; width: 161.25pt;\" width=\"215\" height=\"26\">Anyag<\/td>\n<td class=\"et2\" style=\"width: 201.75pt;\" width=\"269\">Kiv\u00e1l\u00f3 min\u0151s\u00e9g\u0171 krist\u00e1ly\u00fcveg<\/td>\n<\/tr>\n<tr style=\"height: 20.00pt;\">\n<td class=\"et2\" style=\"height: 20.00pt; width: 161.25pt;\" width=\"215\" height=\"26\">T\u00f6m\u00edt\u00e9si t\u00edpus<\/td>\n<td class=\"et2\" style=\"width: 201.75pt;\" width=\"269\">Pump\u00e1s permetez\u0151 + goly\u00f3s sapka<\/td>\n<\/tr>\n<\/tbody>\n<\/table>\n<h3>Alkalmaz\u00e1sok<\/h3>\n<p>Ezek a kis parf\u00fcm\u00f6s \u00fcvegek ide\u00e1lisak luxus illatm\u00e1rk\u00e1k, butikok vagy utaz\u00e1si m\u00e9ret\u0171 parf\u00fcmkollekci\u00f3k sz\u00e1m\u00e1ra. A 30 ml-es kapacit\u00e1sukkal t\u00f6k\u00e9letesek mint\u00e1k, aj\u00e1nd\u00e9kok vagy kompakt parf\u00fcm\u00f6s \u00fcvegek k\u00edn\u00e1l\u00e1s\u00e1ra az \u00faton l\u00e9v\u0151 v\u00e1s\u00e1rl\u00f3k sz\u00e1m\u00e1ra. Ak\u00e1r m\u00e1rkatulajdonos, ak\u00e1r nagykeresked\u0151, ezeket az \u00fcvegeket \u00fagy tervezt\u00e9k, hogy megfeleljenek mind a kiskereskedelmi, mind a k\u00f6zvetlen fogyaszt\u00f3i \u00e9rt\u00e9kes\u00edt\u00e9s ig\u00e9nyeinek.<\/p>\n<p>K\u00e9szen \u00e1ll arra, hogy feldobja parf\u00fcmje csomagol\u00e1s\u00e1t? Vegye fel vel\u00fcnk m\u00e9g ma a kapcsolatot, hogy megrendel\u00e9st adjon le, vagy \u00e9rdekl\u0151dj\u00f6n a parf\u00fcm m\u00e1rk\u00e1ja testreszab\u00e1si lehet\u0151s\u00e9geir\u0151l.<\/p>","protected":false},"excerpt":{"rendered":"<p>Kis parf\u00fcm\u00f6s \u00fcvegcs\u00e9inket \u00fagy tervezt\u00fck, hogy egyedi \u00e9s kifinomult st\u00edlusukkal feldobj\u00e1k az illatszercsomagol\u00e1st.<\/p>","protected":false},"featured_media":2342,"comment_status":"open","ping_status":"closed","template":"","meta":{"_acf_changed":false,"site-sidebar-layout":"default","site-content-layout":"","ast-site-content-layout":"default","site-content-style":"default","site-sidebar-style":"default","ast-global-header-display":"","ast-banner-title-visibility":"","ast-main-header-display":"","ast-hfb-above-header-display":"","ast-hfb-below-header-display":"","ast-hfb-mobile-header-display":"","site-post-title":"","ast-breadcrumbs-content":"","ast-featured-img":"","footer-sml-layout":"","ast-disable-related-posts":"","theme-transparent-header-meta":"default","adv-header-id-meta":"","stick-header-meta":"","header-above-stick-meta":"","header-main-stick-meta":"","header-below-stick-meta":"","astra-migrate-meta-layouts":"set","ast-page-background-enabled":"default","ast-page-background-meta":{"desktop":{"background-color":"var(--ast-global-color-5)","background-image":"","background-repeat":"repeat","background-position":"center center","background-size":"auto","background-attachment":"scroll","background-type":"","background-media":"","overlay-type":"","overlay-color":"","overlay-opacity":"","overlay-gradient":""},"tablet":{"background-color":"","background-image":"","background-repeat":"repeat","background-position":"center center","background-size":"auto","background-attachment":"scroll","background-type":"","background-media":"","overlay-type":"","overlay-color":"","overlay-opacity":"","overlay-gradient":""},"mobile":{"background-color":"","background-image":"","background-repeat":"repeat","background-position":"center center","background-size":"auto","background-attachment":"scroll","background-type":"","background-media":"","overlay-type":"","overlay-color":"","overlay-opacity":"","overlay-gradient":""}},"ast-content-background-meta":{"desktop":{"background-color":"var(--ast-global-color-4)","background-image":"","background-repeat":"repeat","background-position":"center center","background-size":"auto","background-attachment":"scroll","background-type":"","background-media":"","overlay-type":"","overlay-color":"","overlay-opacity":"","overlay-gradient":""},"tablet":{"background-color":"var(--ast-global-color-4)","background-image":"","background-repeat":"repeat","background-position":"center center","background-size":"auto","background-attachment":"scroll","background-type":"","background-media":"","overlay-type":"","overlay-color":"","overlay-opacity":"","overlay-gradient":""},"mobile":{"background-color":"var(--ast-global-color-4)","background-image":"","background-repeat":"repeat","background-position":"center center","background-size":"auto","background-attachment":"scroll","background-type":"","background-media":"","overlay-type":"","overlay-color":"","overlay-opacity":"","overlay-gradient":""}}},"product_brand":[],"product_cat":[74,72,91,41],"product_tag":[77,76,78],"class_list":{"0":"post-1734","1":"product","2":"type-product","3":"status-publish","4":"has-post-thumbnail","6":"product_cat-mini-perfume-bottles","7":"product_cat-cosmetic-packaging","8":"product_cat-custom-perfume-bottles","9":"product_cat-perfume-bottles","10":"product_tag-pink-perfume-bottles","11":"product_tag-small-perfume-bottles","12":"product_tag-tiny-perfume-bottles","13":"desktop-align-left","14":"tablet-align-left","15":"mobile-align-left","17":"first","18":"instock","19":"shipping-taxable","20":"product-type-simple"},"acf":[],"jetpack_sharing_enabled":true,"_links":{"self":[{"href":"https:\/\/theperfumebottles.com\/hu\/wp-json\/wp\/v2\/product\/1734","targetHints":{"allow":["GET"]}}],"collection":[{"href":"https:\/\/theperfumebottles.com\/hu\/wp-json\/wp\/v2\/product"}],"about":[{"href":"https:\/\/theperfumebottles.com\/hu\/wp-json\/wp\/v2\/types\/product"}],"replies":[{"embeddable":true,"href":"https:\/\/theperfumebottles.com\/hu\/wp-json\/wp\/v2\/comments?post=1734"}],"wp:featuredmedia":[{"embeddable":true,"href":"https:\/\/theperfumebottles.com\/hu\/wp-json\/wp\/v2\/media\/2342"}],"wp:attachment":[{"href":"https:\/\/theperfumebottles.com\/hu\/wp-json\/wp\/v2\/media?parent=1734"}],"wp:term":[{"taxonomy":"product_brand","embeddable":true,"href":"https:\/\/theperfumebottles.com\/hu\/wp-json\/wp\/v2\/product_brand?post=1734"},{"taxonomy":"product_cat","embeddable":true,"href":"https:\/\/theperfumebottles.com\/hu\/wp-json\/wp\/v2\/product_cat?post=1734"},{"taxonomy":"product_tag","embeddable":true,"href":"https:\/\/theperfumebottles.com\/hu\/wp-json\/wp\/v2\/product_tag?post=1734"}],"curies":[{"name":"wp","href":"https:\/\/api.w.org\/{rel}","templated":true}]}}