{"id":1824,"date":"2025-02-10T08:02:56","date_gmt":"2025-02-10T08:02:56","guid":{"rendered":"https:\/\/theperfumebottles.com\/?post_type=product&#038;p=1824"},"modified":"2025-05-29T11:51:05","modified_gmt":"2025-05-29T03:51:05","slug":"100ml-fragrance-bottles-wholesale","status":"publish","type":"product","link":"https:\/\/theperfumebottles.com\/hu\/termek\/100ml-fragrance-bottles-wholesale\/","title":{"rendered":"3,4 oz-os \u00edv-t\u00e9glalap illatpalackok nagykereskedelme"},"content":{"rendered":"<p>Egy modern eszt\u00e9tik\u00e1val teli parf\u00fcm\u00f6s \u00fcveget k\u00edn\u00e1lunk \u2013 a PB-BF02-t, amely t\u00f6k\u00e9letesen \u00f6tv\u00f6zi az ipari formatervez\u00e9s eszt\u00e9tik\u00e1j\u00e1t a parf\u00fcmm\u0171v\u00e9szettel. Ez a 3,4 unci\u00e1s (kb. 90-97 ml-es) k\u00f6lni\u00fcveg egyedi, \u00edvelt t\u00e9glalap alak\u00fa, amely olyan, mintha \u00e9p\u00edt\u00e9szeti vonalakat vinne a parf\u00fcm\u00f6k vil\u00e1g\u00e1ba, egyszerre modernit\u00e1ssal \u00e9s eleganci\u00e1val. Amikor az ujjbegyeid v\u00e9gigsim\u00edtanak az \u00fcvegen, a meleg \u00fcveg text\u00far\u00e1ja \u00e9s a letisztult, \u00edvelt kont\u00far dupla \u00e9rz\u00e9ki \u00e9lvezetet ny\u00fajt, \u00edgy minden csepp illat igazi m\u0171alkot\u00e1ss\u00e1 v\u00e1lik, amelyet \u00e9rdemes gy\u0171jteni.<\/p>\n<figure id=\"attachment_1825\" aria-describedby=\"caption-attachment-1825\" style=\"width: 300px\" class=\"wp-caption aligncenter\"><img fetchpriority=\"high\" decoding=\"async\" class=\"size-medium wp-image-1825\" src=\"https:\/\/theperfumebottles.com\/wp-content\/uploads\/2025\/02\/fragrance-bottles-wholesale-300x300.jpg\" alt=\"illatos \u00fcvegek nagykereskedelme\" width=\"300\" height=\"300\" srcset=\"https:\/\/theperfumebottles.com\/wp-content\/uploads\/2025\/02\/fragrance-bottles-wholesale-300x300.jpg 300w, https:\/\/theperfumebottles.com\/wp-content\/uploads\/2025\/02\/fragrance-bottles-wholesale-150x150.jpg 150w, https:\/\/theperfumebottles.com\/wp-content\/uploads\/2025\/02\/fragrance-bottles-wholesale-768x768.jpg 768w, https:\/\/theperfumebottles.com\/wp-content\/uploads\/2025\/02\/fragrance-bottles-wholesale-12x12.jpg 12w, https:\/\/theperfumebottles.com\/wp-content\/uploads\/2025\/02\/fragrance-bottles-wholesale-600x600.jpg 600w, https:\/\/theperfumebottles.com\/wp-content\/uploads\/2025\/02\/fragrance-bottles-wholesale-100x100.jpg 100w, https:\/\/theperfumebottles.com\/wp-content\/uploads\/2025\/02\/fragrance-bottles-wholesale.jpg 1000w\" sizes=\"(max-width: 300px) 100vw, 300px\" \/><figcaption id=\"caption-attachment-1825\" class=\"wp-caption-text\">illatos \u00fcvegek nagykereskedelme<\/figcaption><\/figure>\n<h2>A PB-BF02 illatpalackok nagykereskedelmi f\u0151bb jellemz\u0151i<\/h2>\n<table style=\"border-collapse: collapse;margin-left: auto;margin-right: auto;width: 327.77pt\" border=\"0\" width=\"437\" cellspacing=\"0\" cellpadding=\"0\">\n<tbody>\n<tr style=\"height: 18.00pt\">\n<td class=\"et2\" style=\"height: 18.00pt;width: 114.00pt\" width=\"152\" height=\"24\">Modellsz\u00e1m<\/td>\n<td class=\"et2\" style=\"width: 213.75pt\" width=\"285\">PB-BF02<\/td>\n<\/tr>\n<tr style=\"height: 18.00pt\">\n<td class=\"et2\" style=\"height: 18.00pt;width: 114.00pt\" width=\"152\" height=\"24\">Kapacit\u00e1s<\/td>\n<td class=\"et2\" style=\"width: 213.75pt\" width=\"285\">100 ml (3,4 uncia)<\/td>\n<\/tr>\n<tr style=\"height: 18.00pt\">\n<td class=\"et2\" style=\"height: 18.00pt;width: 114.00pt\" width=\"152\" height=\"24\">Kaliber<\/td>\n<td class=\"et2\" style=\"width: 213.75pt\" width=\"285\">15 mm<\/td>\n<\/tr>\n<tr style=\"height: 18.00pt\">\n<td class=\"et2\" style=\"height: 18.00pt;width: 114.00pt\" width=\"152\" height=\"24\">\u00dcvegm\u00e9ret<\/td>\n<td class=\"et2\" style=\"width: 213.75pt\" width=\"285\">73 mm * 31 mm * 106 mm<\/td>\n<\/tr>\n<tr style=\"height: 18.00pt\">\n<td class=\"et2\" style=\"height: 18.00pt;width: 114.00pt\" width=\"152\" height=\"24\">Sz\u00edn<\/td>\n<td class=\"et2\" style=\"width: 213.75pt\" width=\"285\">\u00c1tl\u00e1tsz\u00f3, fekete kupakkal<\/td>\n<\/tr>\n<tr style=\"height: 18.00pt\">\n<td class=\"et2\" style=\"height: 18.00pt;width: 114.00pt\" width=\"152\" height=\"24\">Anyag<\/td>\n<td class=\"et2\" style=\"width: 213.75pt\" width=\"285\">Kiv\u00e1l\u00f3 min\u0151s\u00e9g\u0171 krist\u00e1ly\u00fcveg<\/td>\n<\/tr>\n<tr style=\"height: 18.00pt\">\n<td class=\"et2\" style=\"height: 18.00pt;width: 114.00pt\" width=\"152\" height=\"24\">T\u00f6m\u00edt\u00e9si t\u00edpus<\/td>\n<td class=\"et2\" style=\"width: 213.75pt\" width=\"285\">Pump\u00e1s sz\u00f3r\u00f3fej + kupak<\/td>\n<\/tr>\n<\/tbody>\n<\/table>\n<h2>Jelenetadapt\u00e1ci\u00f3: A lehet\u0151s\u00e9gek sz\u00e9les sk\u00e1l\u00e1ja a mindennapi \u00e9lett\u0151l a luxusig<\/h2>\n<ul>\n<li><strong>V\u00e1rosi ing\u00e1z\u00e1s:<\/strong> A 90 ml-es kapacit\u00e1s t\u00f6k\u00e9letesen megfelel a mindennapi haszn\u00e1lati ig\u00e9nyeknek, k\u00f6nny\u0171, de nem ritu\u00e1lis \u00e9rz\u00e9st\u0151l mentes<\/li>\n<li><strong>Utaz\u00f3k\u00e9szlet:<\/strong> A palack m\u00e9rete megfelel a rep\u00fcl\u00e9si folyad\u00e9ksz\u00e1ll\u00edt\u00e1si szabv\u00e1nyoknak, \u00e9s a fekete csavaros kupak megfelelt a nemzetk\u00f6zi rep\u00fcl\u00e9sbiztons\u00e1gi tan\u00fas\u00edtv\u00e1nynak.<\/li>\n<li><strong>\u00dczleti forgat\u00f3k\u00f6nyv:<\/strong> A nagykereskedelmi \u00fcgyfelek k\u00fcl\u00f6nb\u00f6z\u0151 specifik\u00e1ci\u00f3k k\u00f6z\u00fcl v\u00e1laszthatnak, hogy kiel\u00e9g\u00edts\u00e9k a teljes k\u00f6r\u0171 ig\u00e9nyeket a kisboltokt\u00f3l az \u00f6tcsillagos sz\u00e1llod\u00e1kig.<\/li>\n<\/ul>","protected":false},"excerpt":{"rendered":"<p>Bemutatjuk nagykereskedelmi PB-BF02 \u00fcveg illatpalackjainkat, egy 3,4 unci\u00e1s k\u00f6lnipalackot, amely letisztult, \u00edvelt t\u00e9glalap alak\u00fa, modern minimalizmust sug\u00e1roz.<\/p>","protected":false},"featured_media":2330,"comment_status":"open","ping_status":"closed","template":"","meta":{"_acf_changed":false,"site-sidebar-layout":"default","site-content-layout":"","ast-site-content-layout":"default","site-content-style":"default","site-sidebar-style":"default","ast-global-header-display":"","ast-banner-title-visibility":"","ast-main-header-display":"","ast-hfb-above-header-display":"","ast-hfb-below-header-display":"","ast-hfb-mobile-header-display":"","site-post-title":"","ast-breadcrumbs-content":"","ast-featured-img":"","footer-sml-layout":"","ast-disable-related-posts":"","theme-transparent-header-meta":"default","adv-header-id-meta":"","stick-header-meta":"","header-above-stick-meta":"","header-main-stick-meta":"","header-below-stick-meta":"","astra-migrate-meta-layouts":"set","ast-page-background-enabled":"default","ast-page-background-meta":{"desktop":{"background-color":"var(--ast-global-color-5)","background-image":"","background-repeat":"repeat","background-position":"center center","background-size":"auto","background-attachment":"scroll","background-type":"","background-media":"","overlay-type":"","overlay-color":"","overlay-opacity":"","overlay-gradient":""},"tablet":{"background-color":"","background-image":"","background-repeat":"repeat","background-position":"center center","background-size":"auto","background-attachment":"scroll","background-type":"","background-media":"","overlay-type":"","overlay-color":"","overlay-opacity":"","overlay-gradient":""},"mobile":{"background-color":"","background-image":"","background-repeat":"repeat","background-position":"center center","background-size":"auto","background-attachment":"scroll","background-type":"","background-media":"","overlay-type":"","overlay-color":"","overlay-opacity":"","overlay-gradient":""}},"ast-content-background-meta":{"desktop":{"background-color":"var(--ast-global-color-4)","background-image":"","background-repeat":"repeat","background-position":"center center","background-size":"auto","background-attachment":"scroll","background-type":"","background-media":"","overlay-type":"","overlay-color":"","overlay-opacity":"","overlay-gradient":""},"tablet":{"background-color":"var(--ast-global-color-4)","background-image":"","background-repeat":"repeat","background-position":"center center","background-size":"auto","background-attachment":"scroll","background-type":"","background-media":"","overlay-type":"","overlay-color":"","overlay-opacity":"","overlay-gradient":""},"mobile":{"background-color":"var(--ast-global-color-4)","background-image":"","background-repeat":"repeat","background-position":"center center","background-size":"auto","background-attachment":"scroll","background-type":"","background-media":"","overlay-type":"","overlay-color":"","overlay-opacity":"","overlay-gradient":""}}},"product_brand":[],"product_cat":[41,72],"product_tag":[84],"class_list":{"0":"post-1824","1":"product","2":"type-product","3":"status-publish","4":"has-post-thumbnail","6":"product_cat-perfume-bottles","7":"product_cat-cosmetic-packaging","8":"product_tag-fragrance-bottles","9":"desktop-align-left","10":"tablet-align-left","11":"mobile-align-left","13":"first","14":"instock","15":"shipping-taxable","16":"product-type-simple"},"acf":[],"jetpack_sharing_enabled":true,"_links":{"self":[{"href":"https:\/\/theperfumebottles.com\/hu\/wp-json\/wp\/v2\/product\/1824","targetHints":{"allow":["GET"]}}],"collection":[{"href":"https:\/\/theperfumebottles.com\/hu\/wp-json\/wp\/v2\/product"}],"about":[{"href":"https:\/\/theperfumebottles.com\/hu\/wp-json\/wp\/v2\/types\/product"}],"replies":[{"embeddable":true,"href":"https:\/\/theperfumebottles.com\/hu\/wp-json\/wp\/v2\/comments?post=1824"}],"wp:featuredmedia":[{"embeddable":true,"href":"https:\/\/theperfumebottles.com\/hu\/wp-json\/wp\/v2\/media\/2330"}],"wp:attachment":[{"href":"https:\/\/theperfumebottles.com\/hu\/wp-json\/wp\/v2\/media?parent=1824"}],"wp:term":[{"taxonomy":"product_brand","embeddable":true,"href":"https:\/\/theperfumebottles.com\/hu\/wp-json\/wp\/v2\/product_brand?post=1824"},{"taxonomy":"product_cat","embeddable":true,"href":"https:\/\/theperfumebottles.com\/hu\/wp-json\/wp\/v2\/product_cat?post=1824"},{"taxonomy":"product_tag","embeddable":true,"href":"https:\/\/theperfumebottles.com\/hu\/wp-json\/wp\/v2\/product_tag?post=1824"}],"curies":[{"name":"wp","href":"https:\/\/api.w.org\/{rel}","templated":true}]}}