{"id":1827,"date":"2025-02-10T09:15:47","date_gmt":"2025-02-10T09:15:47","guid":{"rendered":"https:\/\/theperfumebottles.com\/?post_type=product&#038;p=1827"},"modified":"2025-05-29T13:08:36","modified_gmt":"2025-05-29T05:08:36","slug":"100ml-personalized-cologne-bottle","status":"publish","type":"product","link":"https:\/\/theperfumebottles.com\/hu\/termek\/100ml-personalized-cologne-bottle\/","title":{"rendered":"100 ml-es szem\u00e9lyre szabott k\u00f6lnipalack ez\u00fcst kupakkal"},"content":{"rendered":"<p>Bemutatjuk \u00d6nnek ezt a 100 ml-es (3,4 oz-os), szem\u00e9lyre szabott k\u00f6lnipalackot, amely egyszerre eleg\u00e1ns \u00e9s praktikus. Ezt a f\u00e9rfi parf\u00fcm\u00f6s \u00fcveget egy letisztult t\u00e9glalap ihlette, eleg\u00e1ns ferde vonalakkal, a fekete \u00e9s az \u00e1tl\u00e1tsz\u00f3 tal\u00e1lkoz\u00e1sa pedig id\u0151tlen b\u00e1jt k\u00f6lcs\u00f6n\u00f6z neki. K\u00e9t sz\u00edn k\u00f6z\u00fcl v\u00e1laszthat: nyugodt fekete \u00e9s \u00e1tl\u00e1tsz\u00f3 krist\u00e1ly, az ez\u00fcst kupak pedig olyan \u00e9les, mint az \u00e9p\u00fclet sarkai. A ferde \u00fcvegtest f\u00e9nyben ragyog, a fekete modell \u00fariemberi megjelen\u00e9st sugall, a krist\u00e1lymodell pedig krist\u00e1lytiszta, mint a borosty\u00e1n. Minden oldala vizu\u00e1lis m\u0171alkot\u00e1s.<\/p>\n<h2>A szem\u00e9lyre szabott k\u00f6lnipalack f\u0151bb jellemz\u0151i<\/h2>\n<table style=\"border-collapse: collapse;margin-left: auto;margin-right: auto;width: 327.77pt\" border=\"0\" width=\"437\" cellspacing=\"0\" cellpadding=\"0\">\n<tbody>\n<tr style=\"height: 18.00pt\">\n<td class=\"et2\" style=\"height: 18.00pt;width: 114.00pt\" width=\"152\" height=\"24\">Modellsz\u00e1m<\/td>\n<td class=\"et2\" style=\"width: 213.75pt\" width=\"285\">PB-BF03<\/td>\n<\/tr>\n<tr style=\"height: 18.00pt\">\n<td class=\"et2\" style=\"height: 18.00pt;width: 114.00pt\" width=\"152\" height=\"24\">Kapacit\u00e1s<\/td>\n<td class=\"et2\" style=\"width: 213.75pt\" width=\"285\">100 ml<\/td>\n<\/tr>\n<tr style=\"height: 18.00pt\">\n<td class=\"et2\" style=\"height: 18.00pt;width: 114.00pt\" width=\"152\" height=\"24\">Kaliber<\/td>\n<td class=\"et2\" style=\"width: 213.75pt\" width=\"285\">15 mm<\/td>\n<\/tr>\n<tr style=\"height: 18.00pt\">\n<td class=\"et2\" style=\"height: 18.00pt;width: 114.00pt\" width=\"152\" height=\"24\">\u00dcvegm\u00e9ret<\/td>\n<td class=\"et2\" style=\"width: 213.75pt\" width=\"285\">69 mm * 32 mm * 110 mm<\/td>\n<\/tr>\n<tr style=\"height: 18.00pt\">\n<td class=\"et2\" style=\"height: 18.00pt;width: 114.00pt\" width=\"152\" height=\"24\">Sz\u00edn<\/td>\n<td class=\"et2\" style=\"width: 213.75pt\" width=\"285\">\u00c1tl\u00e1tsz\u00f3, ez\u00fcst kupakkal<\/td>\n<\/tr>\n<tr style=\"height: 18.00pt\">\n<td class=\"et2\" style=\"height: 18.00pt;width: 114.00pt\" width=\"152\" height=\"24\">Anyag<\/td>\n<td class=\"et2\" style=\"width: 213.75pt\" width=\"285\">Kiv\u00e1l\u00f3 min\u0151s\u00e9g\u0171 krist\u00e1ly\u00fcveg<\/td>\n<\/tr>\n<tr style=\"height: 18.00pt\">\n<td class=\"et2\" style=\"height: 18.00pt;width: 114.00pt\" width=\"152\" height=\"24\">T\u00f6m\u00edt\u00e9si t\u00edpus<\/td>\n<td class=\"et2\" style=\"width: 213.75pt\" width=\"285\">Pump\u00e1s sz\u00f3r\u00f3fej + kupak<\/td>\n<\/tr>\n<\/tbody>\n<\/table>\n<h2>Teljes jelenetadapt\u00e1ci\u00f3:<\/h2>\n<ul>\n<li><strong>M\u00e1rka:<\/strong> Hozz l\u00e9tre egy cs\u00facskateg\u00f3ri\u00e1s f\u00e9rfi parf\u00fcm sorozatot, t\u00e1mogasd a LOGO l\u00e9zergrav\u00edroz\u00e1st + a palack 3D domborm\u0171v\u00e9t<\/li>\n<li><strong>Nagykeresked\u0151:<\/strong> Alkalmazkodjon a napi vegyipari csatorn\u00e1khoz\/v\u00e1mmentes \u00fczletek kirakat\u00e1hoz, az \u00fcvegenk\u00e9nti \u00e1r 15%-kal alacsonyabb, mint a hasonl\u00f3 term\u00e9kek\u00e9<\/li>\n<li><strong>Priv\u00e1t testreszab\u00e1s:<\/strong> Az esk\u00fcv\u0151i illatokt\u00f3l a mag\u00e1ngy\u0171jtem\u00e9nyekig, sokf\u00e9le ig\u00e9nyt kiel\u00e9g\u00edt\u00fcnk<\/li>\n<\/ul>\n<p>Engedd, hogy ez a sz\u00e9ps\u00e9get \u00e9s praktikumot \u00f6tv\u00f6z\u0151 parf\u00fcm\u00f6s \u00fcveg \u00faj \u00e9leter\u0151t vigyen m\u00e1rk\u00e1dba. L\u00e9pj vel\u00fcnk kapcsolatba most, hogy exkluz\u00edv testreszab\u00e1si megold\u00e1sokat kapj, \u00e9s \u00faj fejezetet nyiss illatod eszt\u00e9tik\u00e1j\u00e1ban!<\/p>","protected":false},"excerpt":{"rendered":"<p>Meg mutatunk nektek egy 100 ml (3.4 oz) szem\u00e9lyre szabott illatot adagol\u00f3 \u00fcveget, amely egyszerre eleg\u00e1ns \u00e9s hasznos. Ez a f\u00e9rfiak sz\u00e1m\u00e1ra [...]<\/p>","protected":false},"featured_media":2325,"comment_status":"open","ping_status":"closed","template":"","meta":{"_acf_changed":false,"site-sidebar-layout":"default","site-content-layout":"","ast-site-content-layout":"default","site-content-style":"default","site-sidebar-style":"default","ast-global-header-display":"","ast-banner-title-visibility":"","ast-main-header-display":"","ast-hfb-above-header-display":"","ast-hfb-below-header-display":"","ast-hfb-mobile-header-display":"","site-post-title":"","ast-breadcrumbs-content":"","ast-featured-img":"","footer-sml-layout":"","ast-disable-related-posts":"","theme-transparent-header-meta":"default","adv-header-id-meta":"","stick-header-meta":"","header-above-stick-meta":"","header-main-stick-meta":"","header-below-stick-meta":"","astra-migrate-meta-layouts":"set","ast-page-background-enabled":"default","ast-page-background-meta":{"desktop":{"background-color":"var(--ast-global-color-5)","background-image":"","background-repeat":"repeat","background-position":"center center","background-size":"auto","background-attachment":"scroll","background-type":"","background-media":"","overlay-type":"","overlay-color":"","overlay-opacity":"","overlay-gradient":""},"tablet":{"background-color":"","background-image":"","background-repeat":"repeat","background-position":"center center","background-size":"auto","background-attachment":"scroll","background-type":"","background-media":"","overlay-type":"","overlay-color":"","overlay-opacity":"","overlay-gradient":""},"mobile":{"background-color":"","background-image":"","background-repeat":"repeat","background-position":"center center","background-size":"auto","background-attachment":"scroll","background-type":"","background-media":"","overlay-type":"","overlay-color":"","overlay-opacity":"","overlay-gradient":""}},"ast-content-background-meta":{"desktop":{"background-color":"var(--ast-global-color-4)","background-image":"","background-repeat":"repeat","background-position":"center center","background-size":"auto","background-attachment":"scroll","background-type":"","background-media":"","overlay-type":"","overlay-color":"","overlay-opacity":"","overlay-gradient":""},"tablet":{"background-color":"var(--ast-global-color-4)","background-image":"","background-repeat":"repeat","background-position":"center center","background-size":"auto","background-attachment":"scroll","background-type":"","background-media":"","overlay-type":"","overlay-color":"","overlay-opacity":"","overlay-gradient":""},"mobile":{"background-color":"var(--ast-global-color-4)","background-image":"","background-repeat":"repeat","background-position":"center center","background-size":"auto","background-attachment":"scroll","background-type":"","background-media":"","overlay-type":"","overlay-color":"","overlay-opacity":"","overlay-gradient":""}}},"product_brand":[],"product_cat":[41,72],"product_tag":[],"class_list":{"0":"post-1827","1":"product","2":"type-product","3":"status-publish","4":"has-post-thumbnail","6":"product_cat-perfume-bottles","7":"product_cat-cosmetic-packaging","8":"desktop-align-left","9":"tablet-align-left","10":"mobile-align-left","12":"first","13":"instock","14":"shipping-taxable","15":"product-type-simple"},"acf":[],"jetpack_sharing_enabled":true,"_links":{"self":[{"href":"https:\/\/theperfumebottles.com\/hu\/wp-json\/wp\/v2\/product\/1827","targetHints":{"allow":["GET"]}}],"collection":[{"href":"https:\/\/theperfumebottles.com\/hu\/wp-json\/wp\/v2\/product"}],"about":[{"href":"https:\/\/theperfumebottles.com\/hu\/wp-json\/wp\/v2\/types\/product"}],"replies":[{"embeddable":true,"href":"https:\/\/theperfumebottles.com\/hu\/wp-json\/wp\/v2\/comments?post=1827"}],"wp:featuredmedia":[{"embeddable":true,"href":"https:\/\/theperfumebottles.com\/hu\/wp-json\/wp\/v2\/media\/2325"}],"wp:attachment":[{"href":"https:\/\/theperfumebottles.com\/hu\/wp-json\/wp\/v2\/media?parent=1827"}],"wp:term":[{"taxonomy":"product_brand","embeddable":true,"href":"https:\/\/theperfumebottles.com\/hu\/wp-json\/wp\/v2\/product_brand?post=1827"},{"taxonomy":"product_cat","embeddable":true,"href":"https:\/\/theperfumebottles.com\/hu\/wp-json\/wp\/v2\/product_cat?post=1827"},{"taxonomy":"product_tag","embeddable":true,"href":"https:\/\/theperfumebottles.com\/hu\/wp-json\/wp\/v2\/product_tag?post=1827"}],"curies":[{"name":"wp","href":"https:\/\/api.w.org\/{rel}","templated":true}]}}