{"id":1835,"date":"2025-02-12T08:36:19","date_gmt":"2025-02-12T08:36:19","guid":{"rendered":"https:\/\/theperfumebottles.com\/?post_type=product&#038;p=1835"},"modified":"2025-05-29T14:46:40","modified_gmt":"2025-05-29T06:46:40","slug":"20g-eco-friendly-cosmetic-jars","status":"publish","type":"product","link":"https:\/\/theperfumebottles.com\/hu\/termek\/20g-eco-friendly-cosmetic-jars\/","title":{"rendered":"20 g-os k\u00f6rnyezetbar\u00e1t kozmetikai t\u00e9gelyek"},"content":{"rendered":"<p>Ez a PB-GS20 kerek \u00fcveged\u00e9ny a 20 grammos \u0171rtartalom ihlette, t\u00f6k\u00e9letesen \u00f6tv\u00f6zve az egyszer\u0171 eszt\u00e9tik\u00e1t a fenntarthat\u00f3 koncepci\u00f3kkal. Az \u00e1tl\u00e1tsz\u00f3 \u00fcveg ablakk\u00e9nt mutatja a term\u00e9k val\u00f3di sz\u00edn\u00e9t. Legyen sz\u00f3 hidrat\u00e1l\u00f3 kr\u00e9mr\u0151l, k\u00f6nny\u0171 test\u00e1pol\u00f3r\u00f3l vagy luxus esszenciak\u00e9nt val\u00f3 haszn\u00e1latr\u00f3l, t\u00f6m\u00f6r \u00fcveggel v\u00e9di az \u00f6sszetev\u0151k aktivit\u00e1s\u00e1t, mik\u00f6zben retr\u00f3 kerek form\u00e1j\u00e1val feldobja az \u00f6lt\u00f6z\u0151asztalt.<\/p>\n<h2>A Thess k\u00f6rnyezetbar\u00e1t kozmetikai t\u00e9gelyek f\u0151bb jellemz\u0151i<\/h2>\n<p>&nbsp;<\/p>\n<table style=\"border-collapse: collapse;margin-left: auto;margin-right: auto;width: 459.02pt\" border=\"0\" width=\"612\" cellspacing=\"0\" cellpadding=\"0\">\n<tbody>\n<tr style=\"height: 15.00pt\">\n<td style=\"height: 15.00pt;width: 122.25pt\" width=\"163\" height=\"20\">Modellsz\u00e1m<\/td>\n<td style=\"width: 336.75pt\" width=\"449\">PB-GS20<\/td>\n<\/tr>\n<tr style=\"height: 15.00pt\">\n<td style=\"height: 15.00pt\" height=\"20\">Nett\u00f3 tartalom<\/td>\n<td>20 g<\/td>\n<\/tr>\n<tr style=\"height: 15.00pt\">\n<td style=\"height: 15.00pt\" height=\"20\">Sapka<\/td>\n<td>M\u0171anyag csavaros kupak \u00e9s bels\u0151 fed\u00e9l<\/td>\n<\/tr>\n<tr style=\"height: 15.00pt\">\n<td style=\"height: 15.00pt\" height=\"20\">Alak<\/td>\n<td>Kerek<\/td>\n<\/tr>\n<tr style=\"height: 15.00pt\">\n<td style=\"height: 15.00pt\" height=\"20\">Haszn\u00e1lat<\/td>\n<td>Kr\u00e9m, kozmetikai term\u00e9kek<\/td>\n<\/tr>\n<tr style=\"height: 15.00pt\">\n<td style=\"height: 15.00pt\" height=\"20\">Ipari felhaszn\u00e1l\u00e1s<\/td>\n<td>Kozmetikai csomagol\u00e1s<\/td>\n<\/tr>\n<tr style=\"height: 15.00pt\">\n<td style=\"height: 15.00pt\" height=\"20\">Nyak\u00f6rv anyaga<\/td>\n<td>\u00dcveg<\/td>\n<\/tr>\n<tr style=\"height: 15.00pt\">\n<td style=\"height: 15.00pt\" height=\"20\">Fel\u00fcletkezel\u00e9s<\/td>\n<td>Matt, matrica, pol\u00edroz\u00e1s, fest\u00e9k, sz\u00ednes spray stb.<\/td>\n<\/tr>\n<tr style=\"height: 15.00pt\">\n<td style=\"height: 15.00pt\" height=\"20\">Log\u00f3<\/td>\n<td>Elfogadhat\u00f3 \u00fcgyf\u00e9l log\u00f3ja<\/td>\n<\/tr>\n<tr style=\"height: 15.00pt\">\n<td style=\"height: 15.00pt\" height=\"20\">Minta<\/td>\n<td>Ingyenesen biztos\u00edtott<\/td>\n<\/tr>\n<tr style=\"height: 15.00pt\">\n<td style=\"height: 15.00pt\" height=\"20\">Csomagol\u00e1s<\/td>\n<td>Testreszabott elfogadhat\u00f3<\/td>\n<\/tr>\n<tr style=\"height: 15.00pt\">\n<td style=\"height: 15.00pt\" height=\"20\">Sz\u00edn<\/td>\n<td>Testreszabott sz\u00edn<\/td>\n<\/tr>\n<\/tbody>\n<\/table>\n<h2>Sokoldal\u00fa tart\u00e1lyok, amelyek sokf\u00e9le ig\u00e9nyt kiel\u00e9g\u00edtenek<\/h2>\n<p>Ez a 20 grammos \u00fcveged\u00e9ny univerz\u00e1lis partner a kozmetikai csomagol\u00e1sban \u2013 legyen sz\u00f3 hidrat\u00e1l\u00f3 kr\u00e9mekr\u0151l, k\u00f6nny\u0171 test\u00e1pol\u00f3kr\u00f3l, vagy magas koncentr\u00e1ci\u00f3j\u00fa esszenci\u00e1kr\u00f3l, l\u00e1gy r\u00fazsokr\u00f3l, az \u00e1tl\u00e1tsz\u00f3 \u00fcveg minden csepp esszencia aktivit\u00e1s\u00e1t megv\u00e9di. M\u00e1rk\u00e1k sz\u00e1m\u00e1ra eleg\u00e1ns hordoz\u00f3 limit\u00e1lt aj\u00e1nd\u00e9kdobozok k\u00e9sz\u00edt\u00e9s\u00e9hez; nagykeresked\u0151k sz\u00e1m\u00e1ra ide\u00e1lis v\u00e1laszt\u00e1s k\u00f6rnyezetbar\u00e1t tematikus k\u00e9szletek kidolgoz\u00e1s\u00e1hoz; v\u00e1llalati \u00fcgyfelek pedig kreat\u00edv utaz\u00e1si csomagok tervez\u00e9s\u00e9hez haszn\u00e1lhatj\u00e1k, hogy a term\u00e9kek az \u00e9lm\u00e9ny sor\u00e1n rabul ejthess\u00e9k a v\u00e1s\u00e1rl\u00f3k sz\u00edv\u00e9t.<\/p>\n<p>Besz\u00e9ljen tervez\u0151csapatunkkal most, \u00e9s hagyja, hogy ez a gy\u00f6ny\u00f6r\u0171 \u00e9s fenntarthat\u00f3 \u00fcveged\u00e9ny a term\u00e9kcsal\u00e1d legjobb t\u00f6rt\u00e9netmes\u00e9l\u0151j\u00e9v\u00e9 v\u00e1ljon!<\/p>","protected":false},"excerpt":{"rendered":"<p>PB-GS20 kozmetikai t\u00e9gely\u00fcnk egy kerek, 20 g-os \u00fcveg kozmetikai t\u00e9gely, amelyet az elegancia \u00e9s a fenntarthat\u00f3s\u00e1g szem el\u0151tt tart\u00e1s\u00e1val tervezt\u00fcnk.<\/p>","protected":false},"featured_media":1836,"comment_status":"open","ping_status":"closed","template":"","meta":{"_acf_changed":false,"site-sidebar-layout":"default","site-content-layout":"","ast-site-content-layout":"default","site-content-style":"default","site-sidebar-style":"default","ast-global-header-display":"","ast-banner-title-visibility":"","ast-main-header-display":"","ast-hfb-above-header-display":"","ast-hfb-below-header-display":"","ast-hfb-mobile-header-display":"","site-post-title":"","ast-breadcrumbs-content":"","ast-featured-img":"","footer-sml-layout":"","ast-disable-related-posts":"","theme-transparent-header-meta":"default","adv-header-id-meta":"","stick-header-meta":"","header-above-stick-meta":"","header-main-stick-meta":"","header-below-stick-meta":"","astra-migrate-meta-layouts":"set","ast-page-background-enabled":"default","ast-page-background-meta":{"desktop":{"background-color":"var(--ast-global-color-5)","background-image":"","background-repeat":"repeat","background-position":"center center","background-size":"auto","background-attachment":"scroll","background-type":"","background-media":"","overlay-type":"","overlay-color":"","overlay-opacity":"","overlay-gradient":""},"tablet":{"background-color":"","background-image":"","background-repeat":"repeat","background-position":"center center","background-size":"auto","background-attachment":"scroll","background-type":"","background-media":"","overlay-type":"","overlay-color":"","overlay-opacity":"","overlay-gradient":""},"mobile":{"background-color":"","background-image":"","background-repeat":"repeat","background-position":"center center","background-size":"auto","background-attachment":"scroll","background-type":"","background-media":"","overlay-type":"","overlay-color":"","overlay-opacity":"","overlay-gradient":""}},"ast-content-background-meta":{"desktop":{"background-color":"var(--ast-global-color-4)","background-image":"","background-repeat":"repeat","background-position":"center center","background-size":"auto","background-attachment":"scroll","background-type":"","background-media":"","overlay-type":"","overlay-color":"","overlay-opacity":"","overlay-gradient":""},"tablet":{"background-color":"var(--ast-global-color-4)","background-image":"","background-repeat":"repeat","background-position":"center center","background-size":"auto","background-attachment":"scroll","background-type":"","background-media":"","overlay-type":"","overlay-color":"","overlay-opacity":"","overlay-gradient":""},"mobile":{"background-color":"var(--ast-global-color-4)","background-image":"","background-repeat":"repeat","background-position":"center center","background-size":"auto","background-attachment":"scroll","background-type":"","background-media":"","overlay-type":"","overlay-color":"","overlay-opacity":"","overlay-gradient":""}}},"product_brand":[],"product_cat":[56,62,72],"product_tag":[],"class_list":{"0":"post-1835","1":"product","2":"type-product","3":"status-publish","4":"has-post-thumbnail","6":"product_cat-cosmetic-jars","7":"product_cat-cosmetic-containers","8":"product_cat-cosmetic-packaging","9":"desktop-align-left","10":"tablet-align-left","11":"mobile-align-left","13":"first","14":"instock","15":"shipping-taxable","16":"product-type-simple"},"acf":[],"jetpack_sharing_enabled":true,"_links":{"self":[{"href":"https:\/\/theperfumebottles.com\/hu\/wp-json\/wp\/v2\/product\/1835","targetHints":{"allow":["GET"]}}],"collection":[{"href":"https:\/\/theperfumebottles.com\/hu\/wp-json\/wp\/v2\/product"}],"about":[{"href":"https:\/\/theperfumebottles.com\/hu\/wp-json\/wp\/v2\/types\/product"}],"replies":[{"embeddable":true,"href":"https:\/\/theperfumebottles.com\/hu\/wp-json\/wp\/v2\/comments?post=1835"}],"wp:featuredmedia":[{"embeddable":true,"href":"https:\/\/theperfumebottles.com\/hu\/wp-json\/wp\/v2\/media\/1836"}],"wp:attachment":[{"href":"https:\/\/theperfumebottles.com\/hu\/wp-json\/wp\/v2\/media?parent=1835"}],"wp:term":[{"taxonomy":"product_brand","embeddable":true,"href":"https:\/\/theperfumebottles.com\/hu\/wp-json\/wp\/v2\/product_brand?post=1835"},{"taxonomy":"product_cat","embeddable":true,"href":"https:\/\/theperfumebottles.com\/hu\/wp-json\/wp\/v2\/product_cat?post=1835"},{"taxonomy":"product_tag","embeddable":true,"href":"https:\/\/theperfumebottles.com\/hu\/wp-json\/wp\/v2\/product_tag?post=1835"}],"curies":[{"name":"wp","href":"https:\/\/api.w.org\/{rel}","templated":true}]}}