{"id":1846,"date":"2025-02-13T09:27:43","date_gmt":"2025-02-13T09:27:43","guid":{"rendered":"https:\/\/theperfumebottles.com\/?post_type=product&#038;p=1846"},"modified":"2025-05-29T16:07:24","modified_gmt":"2025-05-29T08:07:24","slug":"roller-bottles-for-essential-oils","status":"publish","type":"product","link":"https:\/\/theperfumebottles.com\/hu\/termek\/roller-bottles-for-essential-oils\/","title":{"rendered":"Kiv\u00e1l\u00f3 nyolcsz\u00f6glet\u0171 \u00fcveg roll-on ill\u00f3olajokhoz"},"content":{"rendered":"<p>Ezek a PB-OC312 \u00fcveghengeres flakonok nyolcsz\u00f6glet\u0171 form\u00e1jukkal t\u0171nnek ki, amelyet az \u00e9p\u00edt\u00e9szeti \u00e9lek ihlettek, \u00f6tv\u00f6zve a modern geometri\u00e1t \u00e9s a funkcion\u00e1lis designt az ill\u00f3olajok alkalmaz\u00e1s\u00e1hoz.Az \u00e1tl\u00e1tsz\u00f3 \u00fcveg finom f\u00e9nyt t\u00fckr\u00f6z a f\u00e9ny alatt, \u00edgy az ill\u00f3olajok, parf\u00fcm\u00f6k vagy b\u0151r\u00e1pol\u00e1si esszenci\u00e1k henger\u00e9nek haszn\u00e1lat\u00e1nak pillanata ritu\u00e1l\u00e9val telik meg. Ak\u00e1r gy\u00f3gy\u00edt\u00f3 ill\u00f3olajokkal, szem\u00e9lyre szabott parf\u00fcm\u00f6kkel t\u00f6ltj\u00fck, ak\u00e1r exkluz\u00edv b\u0151r\u00e1pol\u00e1si formul\u00e1kat kever\u00fcnk, a z\u00f6kken\u0151mentes t\u00f6m\u00edt\u00e9ses kialak\u00edt\u00e1ssal az \u00e9rt\u00e9kes folyad\u00e9k minden cseppj\u00e9t megv\u00e9di. A kozmetikai csomagol\u00e1sokra \u00f6sszpontos\u00edt\u00f3 partnerk\u00e9nt k\u00f6lts\u00e9ghat\u00e9kony t\u00f6meges ell\u00e1t\u00e1si megold\u00e1sokat k\u00edn\u00e1lunk, \u00edgy ez a st\u00edlusos \u00e9s praktikus \u00fcvegpalack leny\u0171g\u00f6z\u0151 \"csendes szt\u00e1r\" lesz az \u00d6n term\u00e9kcsal\u00e1dj\u00e1ban.<\/p>\n<h2>Ezeknek a g\u00f6rg\u0151s palackoknak a legfontosabb specifik\u00e1ci\u00f3i<\/h2>\n<table style=\"border-collapse: collapse;margin-left: auto;margin-right: auto;width: 522.02pt\" border=\"0\" width=\"696\" cellspacing=\"0\" cellpadding=\"0\">\n<tbody>\n<tr style=\"height: 13.50pt\">\n<td style=\"height: 13.50pt;width: 111.00pt\" width=\"148\" height=\"18\">Modellsz\u00e1m<\/td>\n<td style=\"width: 411.00pt\" width=\"548\">PB-OC312<\/td>\n<\/tr>\n<tr style=\"height: 13.50pt\">\n<td style=\"height: 13.50pt\" height=\"18\">Kapacit\u00e1s<\/td>\n<td>3ml, 6ml, 9ml, 12ml. (testreszabhat\u00f3)<\/td>\n<\/tr>\n<tr style=\"height: 13.50pt\">\n<td style=\"height: 13.50pt\" height=\"18\">Sz\u00edn<\/td>\n<td>\u00e1tl\u00e1tsz\u00f3, r\u00f3zsasz\u00edn (testreszabhat\u00f3)<\/td>\n<\/tr>\n<tr style=\"height: 13.50pt\">\n<td style=\"height: 13.50pt\" height=\"18\">Alak<\/td>\n<td>Nyolcsz\u00f6glet\u0171<\/td>\n<\/tr>\n<tr style=\"height: 13.50pt\">\n<td style=\"height: 13.50pt\" height=\"18\">Anyagok<\/td>\n<td>\u00dcvegtest, elox\u00e1lt alum\u00ednium bor\u00edt\u00e1s, \u00fcveggoly\u00f3, m\u0171anyag goly\u00f3s talp<\/td>\n<\/tr>\n<tr style=\"height: 13.50pt\">\n<td style=\"height: 13.50pt\" height=\"18\">Fel\u00fcletkezel\u00e9s<\/td>\n<td>Szitanyom\u00e1s, matt, matric\u00e1z\u00e1s, sz\u00ednes spray, c\u00edmke stb.<\/td>\n<\/tr>\n<\/tbody>\n<\/table>\n<h2>Sokoldal\u00fa<\/h2>\n<p>Ezek a kiv\u00e1l\u00f3 \u00fcvegpalackok sz\u00e1mos felhaszn\u00e1l\u00e1si ter\u00fcletre alkalmasak, t\u00f6bbek k\u00f6z\u00f6tt:<\/p>\n<ul>\n<li><strong>Ill\u00f3olajos hengerek:<\/strong> Alkalmazza k\u00f6zvetlen\u00fcl a b\u0151rre, \u00e9s a gy\u00f3gy\u00edt\u00f3 formula az \u00d6n keze \u00fcgy\u00e9ben van.<\/li>\n<li><strong>Aromater\u00e1pi\u00e1s vegy\u00fcletek:<\/strong> A parf\u00fcm\u00e9ri\u00e1t\u00f3l a csomagol\u00e1sig v\u00e9dje az illatok tisztas\u00e1g\u00e1t.<\/li>\n<li><strong>Parf\u00fcm\/sz\u00e1jf\u00e9ny:<\/strong> Roll-on prec\u00edz smink, napi \u00e1pol\u00e1si ritu\u00e1l\u00e9 friss\u00edt\u00e9se.<\/li>\n<\/ul>\n<p>Ak\u00e1r g\u00f6rg\u0151s ill\u00f3olajos flakonra, ak\u00e1r m\u00e1s kozmetikai t\u00e1rol\u00f3kra van sz\u00fcks\u00e9ge, mi vagyunk az \u00d6n egyablakos megold\u00e1sa - l\u00e9pjen kapcsolatba vel\u00fcnk most, \u00e9s hagyja, hogy az eleg\u00e1ns palack piaci vonzer\u0151t adjon term\u00e9keinek!<\/p>","protected":false},"excerpt":{"rendered":"<p>Nyolcsz\u00f6glet\u0171 g\u00f6rg\u0151s \u00fcvegpalackjainkat az eszt\u00e9tikum \u00e9s a funkcionalit\u00e1s szem el\u0151tt tart\u00e1s\u00e1val tervezt\u00fck.<\/p>","protected":false},"featured_media":1849,"comment_status":"open","ping_status":"closed","template":"","meta":{"_acf_changed":false,"site-sidebar-layout":"default","site-content-layout":"","ast-site-content-layout":"default","site-content-style":"default","site-sidebar-style":"default","ast-global-header-display":"","ast-banner-title-visibility":"","ast-main-header-display":"","ast-hfb-above-header-display":"","ast-hfb-below-header-display":"","ast-hfb-mobile-header-display":"","site-post-title":"","ast-breadcrumbs-content":"","ast-featured-img":"","footer-sml-layout":"","ast-disable-related-posts":"","theme-transparent-header-meta":"default","adv-header-id-meta":"","stick-header-meta":"","header-above-stick-meta":"","header-main-stick-meta":"","header-below-stick-meta":"","astra-migrate-meta-layouts":"set","ast-page-background-enabled":"default","ast-page-background-meta":{"desktop":{"background-color":"var(--ast-global-color-5)","background-image":"","background-repeat":"repeat","background-position":"center center","background-size":"auto","background-attachment":"scroll","background-type":"","background-media":"","overlay-type":"","overlay-color":"","overlay-opacity":"","overlay-gradient":""},"tablet":{"background-color":"","background-image":"","background-repeat":"repeat","background-position":"center center","background-size":"auto","background-attachment":"scroll","background-type":"","background-media":"","overlay-type":"","overlay-color":"","overlay-opacity":"","overlay-gradient":""},"mobile":{"background-color":"","background-image":"","background-repeat":"repeat","background-position":"center center","background-size":"auto","background-attachment":"scroll","background-type":"","background-media":"","overlay-type":"","overlay-color":"","overlay-opacity":"","overlay-gradient":""}},"ast-content-background-meta":{"desktop":{"background-color":"var(--ast-global-color-4)","background-image":"","background-repeat":"repeat","background-position":"center center","background-size":"auto","background-attachment":"scroll","background-type":"","background-media":"","overlay-type":"","overlay-color":"","overlay-opacity":"","overlay-gradient":""},"tablet":{"background-color":"var(--ast-global-color-4)","background-image":"","background-repeat":"repeat","background-position":"center center","background-size":"auto","background-attachment":"scroll","background-type":"","background-media":"","overlay-type":"","overlay-color":"","overlay-opacity":"","overlay-gradient":""},"mobile":{"background-color":"var(--ast-global-color-4)","background-image":"","background-repeat":"repeat","background-position":"center center","background-size":"auto","background-attachment":"scroll","background-type":"","background-media":"","overlay-type":"","overlay-color":"","overlay-opacity":"","overlay-gradient":""}}},"product_brand":[],"product_cat":[60,72,62,57],"product_tag":[88],"class_list":{"0":"post-1846","1":"product","2":"type-product","3":"status-publish","4":"has-post-thumbnail","6":"product_cat-roller-bottles","7":"product_cat-cosmetic-packaging","8":"product_cat-cosmetic-containers","9":"product_cat-essential-oil-bottles","10":"product_tag-roller-bottles","11":"desktop-align-left","12":"tablet-align-left","13":"mobile-align-left","15":"first","16":"instock","17":"shipping-taxable","18":"product-type-simple"},"acf":[],"jetpack_sharing_enabled":true,"_links":{"self":[{"href":"https:\/\/theperfumebottles.com\/hu\/wp-json\/wp\/v2\/product\/1846","targetHints":{"allow":["GET"]}}],"collection":[{"href":"https:\/\/theperfumebottles.com\/hu\/wp-json\/wp\/v2\/product"}],"about":[{"href":"https:\/\/theperfumebottles.com\/hu\/wp-json\/wp\/v2\/types\/product"}],"replies":[{"embeddable":true,"href":"https:\/\/theperfumebottles.com\/hu\/wp-json\/wp\/v2\/comments?post=1846"}],"wp:featuredmedia":[{"embeddable":true,"href":"https:\/\/theperfumebottles.com\/hu\/wp-json\/wp\/v2\/media\/1849"}],"wp:attachment":[{"href":"https:\/\/theperfumebottles.com\/hu\/wp-json\/wp\/v2\/media?parent=1846"}],"wp:term":[{"taxonomy":"product_brand","embeddable":true,"href":"https:\/\/theperfumebottles.com\/hu\/wp-json\/wp\/v2\/product_brand?post=1846"},{"taxonomy":"product_cat","embeddable":true,"href":"https:\/\/theperfumebottles.com\/hu\/wp-json\/wp\/v2\/product_cat?post=1846"},{"taxonomy":"product_tag","embeddable":true,"href":"https:\/\/theperfumebottles.com\/hu\/wp-json\/wp\/v2\/product_tag?post=1846"}],"curies":[{"name":"wp","href":"https:\/\/api.w.org\/{rel}","templated":true}]}}