{"id":1899,"date":"2025-02-17T02:24:51","date_gmt":"2025-02-17T02:24:51","guid":{"rendered":"https:\/\/theperfumebottles.com\/?post_type=product&#038;p=1899"},"modified":"2025-05-29T16:24:46","modified_gmt":"2025-05-29T08:24:46","slug":"50ml-luxury-small-cologne-bottles-wholesale","status":"publish","type":"product","link":"https:\/\/theperfumebottles.com\/hu\/termek\/50ml-luxury-small-cologne-bottles-wholesale\/","title":{"rendered":"50ml-es luxus kis k\u00f6lnipalackok nagykereskedelme"},"content":{"rendered":"<p>Ez a 50ml n\u00e9gysz\u00f6gletes parf\u00fcm\u00f6sk\u00f6vecske \u00e1tl\u00e1tsz\u00f3 \u00fcveggel \u00e9rtelmezi a modern minimalista est\u00e9tik\u00e1t \u2013 t\u00f6m\u00f6r vonalak \u00e9s beige csomagol\u00e1s, mintha a reggeli f\u00e9nyt \u00f6sszpontos\u00edtan\u00e1 egy kis t\u00e9rben. Amikor a nap \u00e1thatol a \u00fcvegen, a krist\u00e1lytiszta folyad\u00e9k f\u00e9ny \u00e9s \u00e1rny\u00e9kban folyik, minden spray egy m\u00e9lt\u00e1nyol\u00f3 eml\u00e9keket \u00e1pol\u00f3 ritu\u00e1lis pillanat.<\/p>\n<h2>Kulcsfontoss\u00e1g\u00fa param\u00e9terek\uff1a<\/h2>\n<table style=\"border-collapse: collapse;margin-left: auto;margin-right: auto;width: 506.27pt\" border=\"0\" width=\"675\" cellspacing=\"0\" cellpadding=\"0\">\n<tbody>\n<tr style=\"height: 13.50pt\">\n<td style=\"height: 13.50pt;width: 130.50pt\" width=\"174\" height=\"18\">Modellsz\u00e1m<\/td>\n<td style=\"width: 375.75pt\" width=\"501\">PB-BF04<\/td>\n<\/tr>\n<tr style=\"height: 13.50pt\">\n<td style=\"height: 13.50pt\" height=\"18\">Kapacit\u00e1s<\/td>\n<td>50 ml<\/td>\n<\/tr>\n<tr style=\"height: 13.50pt\">\n<td style=\"height: 13.50pt\" height=\"18\">\u00c1tm\u00e9r\u0151<\/td>\n<td>15 mm<\/td>\n<\/tr>\n<tr style=\"height: 13.50pt\">\n<td style=\"height: 13.50pt\" height=\"18\">Sz\u00edn<\/td>\n<td>Vil\u00e1gos \u00fcveg b\u00e9zs sz\u00edn\u0171 fed\u00e9llel<\/td>\n<\/tr>\n<tr style=\"height: 13.50pt\">\n<td style=\"height: 13.50pt\" height=\"18\">\u00dcveg m\u00e9rete<\/td>\n<td>39mm * 25mm * 115mm<\/td>\n<\/tr>\n<tr style=\"height: 13.50pt\">\n<td style=\"height: 13.50pt\" height=\"18\">Alak<\/td>\n<td>N\u00e9gysz\u00f6gletes<\/td>\n<\/tr>\n<tr style=\"height: 13.50pt\">\n<td style=\"height: 13.50pt\" height=\"18\">Anyag<\/td>\n<td>Kiv\u00e1l\u00f3 min\u0151s\u00e9g\u0171 krist\u00e1ly\u00fcveg, PET<\/td>\n<\/tr>\n<tr style=\"height: 13.50pt\">\n<td style=\"height: 13.50pt\" height=\"18\">Log\u00f3<\/td>\n<td>Testreszabhat\u00f3<\/td>\n<\/tr>\n<tr style=\"height: 13.50pt\">\n<td style=\"height: 13.50pt\" height=\"18\">Fel\u00fcletkezel\u00e9s<\/td>\n<td>Selyemszitanyom\u00e1s\/m\u00e1zol\u00e1s\/dekor\u00e1ci\u00f3\/sz\u00ednpermetez\u00e9s\/c\u00edmke stb.<\/td>\n<\/tr>\n<\/tbody>\n<\/table>\n<h2>Kis k\u00f6lni palackjaink alkalmaz\u00e1sai<\/h2>\n<p>Ez a 50ml parf\u00fcm\u00f6sk\u00f6vecske egy k\u00f6zeli bar\u00e1tja a illat szerelmeseinek \u2013 az \u00e1tl\u00e1tsz\u00f3 \u00fcveg illat, parf\u00fcm vagy esszencia kombin\u00e1ci\u00f3hoz alkalmas, \u00e9s a kis m\u00e9ret k\u00f6nnyen belef\u00e9r egy csomagba vagy zsebbe, ide\u00e1lis utaz\u00e1sra vagy napi illatra.<\/p>\n<h2>Emelje fel m\u00e1rk\u00e1j\u00e1t pr\u00e9mium parf\u00fcm\u00f6s palackjainkkal<\/h2>\n<p>Tudjuk, hogy egy j\u00f3 parf\u00fcm nem csak az aroma, hanem a \u00fcveg meg\u00e9rint\u00e9s\u00e9nek ritu\u00e1l\u00e9ja is. M\u00e1rka f\u00f3kusz\u00e1lt, magas szint\u0171 illatcsomagol\u00e1ssal foglalkoz\u00f3 partnerk\u00e9nt, f\u00fcggetlen\u00fcl att\u00f3l, hogy t\u00f6meges v\u00e1s\u00e1rl\u00e1s vagy saj\u00e1t m\u00e1rka b\u00e9lyegz\u0151 l\u00e9trehoz\u00e1sa (h\u0151nyomtatott LOGO-t\u00f3l sz\u00edn\u00e1tmeneti \u00fcvegig), k\u00fcl\u00f6nb\u00f6z\u0151 kreat\u00edv megold\u00e1sokkal haszn\u00e1lhatjuk, hogy minden r\u00e9szlet \u00e1thordja a t\u00f6rt\u00e9netet. Kapcsolatba l\u00e9pj\u00fcnk a tervez\u0151 csapatunkkal most, \u00e9s engedje, hogy ez az eleg\u00e1ns kis \u00fcveg st\u00edlust \u00e9s gyakorlatiass\u00e1got injekt\u00e1ljon az illat\u00e1ba!<\/p>","protected":false},"excerpt":{"rendered":"<p>A kis k\u00f6lnis\u00fcvegeket \u00fagy tervezt\u00fck, hogy eleg\u00e1ns, t\u00e9glalap alak\u00fa sziluettj\u00fckkel \u00e9s krist\u00e1lytiszta \u00fcvegszerkezet\u00fckkel megragadj\u00e1k a figyelmet.<\/p>","protected":false},"featured_media":2332,"comment_status":"open","ping_status":"closed","template":"","meta":{"_acf_changed":false,"site-sidebar-layout":"default","site-content-layout":"","ast-site-content-layout":"default","site-content-style":"default","site-sidebar-style":"default","ast-global-header-display":"","ast-banner-title-visibility":"","ast-main-header-display":"","ast-hfb-above-header-display":"","ast-hfb-below-header-display":"","ast-hfb-mobile-header-display":"","site-post-title":"","ast-breadcrumbs-content":"","ast-featured-img":"","footer-sml-layout":"","ast-disable-related-posts":"","theme-transparent-header-meta":"default","adv-header-id-meta":"","stick-header-meta":"","header-above-stick-meta":"","header-main-stick-meta":"","header-below-stick-meta":"","astra-migrate-meta-layouts":"set","ast-page-background-enabled":"default","ast-page-background-meta":{"desktop":{"background-color":"var(--ast-global-color-5)","background-image":"","background-repeat":"repeat","background-position":"center center","background-size":"auto","background-attachment":"scroll","background-type":"","background-media":"","overlay-type":"","overlay-color":"","overlay-opacity":"","overlay-gradient":""},"tablet":{"background-color":"","background-image":"","background-repeat":"repeat","background-position":"center center","background-size":"auto","background-attachment":"scroll","background-type":"","background-media":"","overlay-type":"","overlay-color":"","overlay-opacity":"","overlay-gradient":""},"mobile":{"background-color":"","background-image":"","background-repeat":"repeat","background-position":"center center","background-size":"auto","background-attachment":"scroll","background-type":"","background-media":"","overlay-type":"","overlay-color":"","overlay-opacity":"","overlay-gradient":""}},"ast-content-background-meta":{"desktop":{"background-color":"var(--ast-global-color-4)","background-image":"","background-repeat":"repeat","background-position":"center center","background-size":"auto","background-attachment":"scroll","background-type":"","background-media":"","overlay-type":"","overlay-color":"","overlay-opacity":"","overlay-gradient":""},"tablet":{"background-color":"var(--ast-global-color-4)","background-image":"","background-repeat":"repeat","background-position":"center center","background-size":"auto","background-attachment":"scroll","background-type":"","background-media":"","overlay-type":"","overlay-color":"","overlay-opacity":"","overlay-gradient":""},"mobile":{"background-color":"var(--ast-global-color-4)","background-image":"","background-repeat":"repeat","background-position":"center center","background-size":"auto","background-attachment":"scroll","background-type":"","background-media":"","overlay-type":"","overlay-color":"","overlay-opacity":"","overlay-gradient":""}}},"product_brand":[],"product_cat":[41,72],"product_tag":[],"class_list":{"0":"post-1899","1":"product","2":"type-product","3":"status-publish","4":"has-post-thumbnail","6":"product_cat-perfume-bottles","7":"product_cat-cosmetic-packaging","8":"desktop-align-left","9":"tablet-align-left","10":"mobile-align-left","12":"first","13":"instock","14":"shipping-taxable","15":"product-type-simple"},"acf":[],"jetpack_sharing_enabled":true,"_links":{"self":[{"href":"https:\/\/theperfumebottles.com\/hu\/wp-json\/wp\/v2\/product\/1899","targetHints":{"allow":["GET"]}}],"collection":[{"href":"https:\/\/theperfumebottles.com\/hu\/wp-json\/wp\/v2\/product"}],"about":[{"href":"https:\/\/theperfumebottles.com\/hu\/wp-json\/wp\/v2\/types\/product"}],"replies":[{"embeddable":true,"href":"https:\/\/theperfumebottles.com\/hu\/wp-json\/wp\/v2\/comments?post=1899"}],"wp:featuredmedia":[{"embeddable":true,"href":"https:\/\/theperfumebottles.com\/hu\/wp-json\/wp\/v2\/media\/2332"}],"wp:attachment":[{"href":"https:\/\/theperfumebottles.com\/hu\/wp-json\/wp\/v2\/media?parent=1899"}],"wp:term":[{"taxonomy":"product_brand","embeddable":true,"href":"https:\/\/theperfumebottles.com\/hu\/wp-json\/wp\/v2\/product_brand?post=1899"},{"taxonomy":"product_cat","embeddable":true,"href":"https:\/\/theperfumebottles.com\/hu\/wp-json\/wp\/v2\/product_cat?post=1899"},{"taxonomy":"product_tag","embeddable":true,"href":"https:\/\/theperfumebottles.com\/hu\/wp-json\/wp\/v2\/product_tag?post=1899"}],"curies":[{"name":"wp","href":"https:\/\/api.w.org\/{rel}","templated":true}]}}