{"id":1904,"date":"2025-02-17T03:43:41","date_gmt":"2025-02-17T03:43:41","guid":{"rendered":"https:\/\/theperfumebottles.com\/?post_type=product&#038;p=1904"},"modified":"2025-05-29T09:03:10","modified_gmt":"2025-05-29T01:03:10","slug":"wholesale-custom-100ml-luxury-perfume-bottles","status":"publish","type":"product","link":"https:\/\/theperfumebottles.com\/hu\/termek\/wholesale-custom-100ml-luxury-perfume-bottles\/","title":{"rendered":"Nagykereskedelmi egyedi 100 ml-es luxus parf\u00fcm\u00f6s palackok"},"content":{"rendered":"<p>Ezek a 100 ml-es sz\u00f6gletes \u00fcveg luxus parf\u00fcm\u00f6s \u00fcvegek egyszer\u0171 \u00e9s modern diz\u00e1jnnal, \u00e1tl\u00e1tsz\u00f3 anyaggal, magas felismerhet\u0151s\u00e9ggel rendelkeznek, \u00e9s els\u0151 l\u00e1t\u00e1sra felejthetetlenek. Az \u00fcveg teste egyedi fest\u00e9si elj\u00e1r\u00e1st alkalmaz, hogy r\u00e9teges k\u00e9k-fekete \u00e1rnyalatot mutasson. A f\u00e9ny alatt kiemelked\u0151 text\u00far\u00e1val \u00e9s kiemelked\u0151 vizu\u00e1lis hat\u00e1ssal rendelkezik, ami seg\u00edt a m\u00e1rka benyom\u00e1s\u00e1nak \u00e9s az eml\u00e9kpontnak a fokoz\u00e1s\u00e1ban. Kifejezetten a modern f\u00e9rfi illatokhoz tervezt\u00e9k, figyelembe veszi mind a megjelen\u00e9s sz\u00e9ps\u00e9g\u00e9t, mind a gyakorlati teljes\u00edtm\u00e9nyt, seg\u00edtve a m\u00e1rk\u00e1t abban, hogy pontosan k\u00f6zvet\u00edtsen egy kifinomult, visszafogott \u00e9s st\u00edlusos m\u00e1rkaim\u00e1zst.<\/p>\n<h2>Luxus parf\u00fcm\u00f6s palackjaink legfontosabb jellemz\u0151i<\/h2>\n<table style=\"border-collapse: collapse;margin-left: auto;margin-right: auto;width: 354.02pt\" border=\"0\" width=\"472\" cellspacing=\"0\" cellpadding=\"0\">\n<tbody>\n<tr style=\"height: 13.50pt\">\n<td style=\"height: 13.50pt;margin-left: auto;margin-right: auto;width: 130.50pt\" width=\"174\" height=\"18\">Modellsz\u00e1m<\/td>\n<td style=\"width: 223.50pt\" width=\"298\">PB-BF05<\/td>\n<\/tr>\n<tr style=\"height: 13.50pt\">\n<td style=\"height: 13.50pt\" height=\"18\">Kapacit\u00e1s<\/td>\n<td>100 ml (3,4 uncia)<\/td>\n<\/tr>\n<tr style=\"height: 13.50pt\">\n<td style=\"height: 13.50pt\" height=\"18\">\u00c1tm\u00e9r\u0151<\/td>\n<td>15 mm<\/td>\n<\/tr>\n<tr style=\"height: 13.50pt\">\n<td style=\"height: 13.50pt\" height=\"18\">Sz\u00edn<\/td>\n<td>\u00e1tl\u00e1tsz\u00f3 \u00fcveg k\u00e9k\/fekete fed\u00e9llel<\/td>\n<\/tr>\n<tr style=\"height: 13.50pt\">\n<td style=\"height: 13.50pt\" height=\"18\">\u00dcveg m\u00e9rete<\/td>\n<td>68mm * 36mm * 100mm<\/td>\n<\/tr>\n<tr style=\"height: 13.50pt\">\n<td style=\"height: 13.50pt\" height=\"18\">Alak<\/td>\n<td>N\u00e9gysz\u00f6gletes<\/td>\n<\/tr>\n<tr style=\"height: 13.50pt\">\n<td style=\"height: 13.50pt\" height=\"18\">Anyag<\/td>\n<td>Kiv\u00e1l\u00f3 min\u0151s\u00e9g\u0171 krist\u00e1ly\u00fcveg<\/td>\n<\/tr>\n<\/tbody>\n<\/table>\n<h2>Felhaszn\u00e1l\u00e1si forgat\u00f3k\u00f6nyvek<\/h2>\n<p>Ez a 100 ml-es k\u00e9k parf\u00fcm\u00f6s \u00fcveg f\u00e9rfi illatokhoz k\u00e9sz\u00fclt, legyen az k\u00f6lni, aftershave vagy eau de toilette, k\u00f6nnyen szab\u00e1lyozhat\u00f3. Legyen sz\u00f3 ak\u00e1r parf\u00fcmgy\u00e1rt\u00f3r\u00f3l, akinek nagym\u00e9ret\u0171 csomagol\u00e1sra van sz\u00fcks\u00e9ge, ak\u00e1r exkluz\u00edv illatokat k\u00e9sz\u00edt\u0151 m\u00e1rk\u00e1r\u00f3l. M\u00e9g a niche m\u00e1rk\u00e1k vagy az egy\u00e9ni kifejez\u00e9sre t\u00f6rekv\u0151 k\u00e9zm\u0171ves parf\u00fcmk\u00e9sz\u00edt\u0151k sz\u00e1m\u00e1ra is nagyon vonz\u00f3 v\u00e1laszt\u00e1s.<\/p>\n<h2>Mi\u00e9rt v\u00e1lasszon minket?<\/h2>\n<p>A cs\u00facskateg\u00f3ri\u00e1s parf\u00fcm\u00f6s \u00fcvegekre \u00f6sszpontos\u00edt\u00f3 partnerk\u00e9nt tudjuk, hogy minden parf\u00fcm\u00f6s \u00fcveg a m\u00e1rka t\u00f6rt\u00e9net\u00e9t hordozza. Ennek a sz\u00f3r\u00f3fejes \u00fcvegnek a kialak\u00edt\u00e1sa nemcsak a megjelen\u00e9sre \u00f6sszpontos\u00edt, hanem figyelmet ford\u00edt a m\u00e1rka hangz\u00e1s\u00e1hoz val\u00f3 m\u00e9ly illeszked\u00e9sre is - az \u00fcveg tiszta text\u00far\u00e1j\u00e1t\u00f3l az \u00fcvegtest sima \u00edv\u00e9ig minden r\u00e9szletet t\u00f6bbsz\u00f6r csiszoltunk, csak az\u00e9rt, hogy k\u00f6zvet\u00edts\u00fck a min\u0151s\u00e9gre \u00e9s sz\u00e9ps\u00e9gre val\u00f3 t\u00f6rekv\u00e9s\u00e9t. Ak\u00e1r a finom \u00e9rint\u00e9sr\u0151l, ak\u00e1r a k\u00f6nny\u0171 haszn\u00e1latr\u00f3l van sz\u00f3, rem\u00e9lj\u00fck, hogy az \u00d6n illatszerterm\u00e9keinek t\u00f6k\u00e9letes kieg\u00e9sz\u00edt\u0151je lesz. Ak\u00e1r \u00f6mlesztve kell v\u00e1s\u00e1rolnia, ak\u00e1r egyedi diz\u00e1jnt szeretne testre szabni, vegye fel vel\u00fcnk a kapcsolatot most, hogy megbesz\u00e9lj\u00fck az elk\u00e9pzel\u00e9seit - hagyja, hogy a gy\u00f6ny\u00f6r\u0171 csomagol\u00e1ssal meghat\u00f3bb t\u00f6rt\u00e9netet adjunk az illat\u00e1nak, \u00e9s hogy m\u00e1rk\u00e1ja kiemelkedjen a piacon.<\/p>","protected":false},"excerpt":{"rendered":"<p>\u00dcveg 100 ml-es luxus parf\u00fcm\u00f6s \u00fcveg\u00fcnk a kifinomult diz\u00e1jn \u00e9s a pr\u00e9mium min\u0151s\u00e9g bizony\u00edt\u00e9ka. Az illatok birodalm\u00e1ban a megfelel\u0151 kiszerel\u00e9s mindent megv\u00e1ltoztathat.<\/p>","protected":false},"featured_media":2335,"comment_status":"open","ping_status":"closed","template":"","meta":{"_acf_changed":false,"site-sidebar-layout":"default","site-content-layout":"","ast-site-content-layout":"default","site-content-style":"default","site-sidebar-style":"default","ast-global-header-display":"","ast-banner-title-visibility":"","ast-main-header-display":"","ast-hfb-above-header-display":"","ast-hfb-below-header-display":"","ast-hfb-mobile-header-display":"","site-post-title":"","ast-breadcrumbs-content":"","ast-featured-img":"","footer-sml-layout":"","ast-disable-related-posts":"","theme-transparent-header-meta":"default","adv-header-id-meta":"","stick-header-meta":"","header-above-stick-meta":"","header-main-stick-meta":"","header-below-stick-meta":"","astra-migrate-meta-layouts":"set","ast-page-background-enabled":"default","ast-page-background-meta":{"desktop":{"background-color":"var(--ast-global-color-5)","background-image":"","background-repeat":"repeat","background-position":"center center","background-size":"auto","background-attachment":"scroll","background-type":"","background-media":"","overlay-type":"","overlay-color":"","overlay-opacity":"","overlay-gradient":""},"tablet":{"background-color":"","background-image":"","background-repeat":"repeat","background-position":"center center","background-size":"auto","background-attachment":"scroll","background-type":"","background-media":"","overlay-type":"","overlay-color":"","overlay-opacity":"","overlay-gradient":""},"mobile":{"background-color":"","background-image":"","background-repeat":"repeat","background-position":"center center","background-size":"auto","background-attachment":"scroll","background-type":"","background-media":"","overlay-type":"","overlay-color":"","overlay-opacity":"","overlay-gradient":""}},"ast-content-background-meta":{"desktop":{"background-color":"var(--ast-global-color-4)","background-image":"","background-repeat":"repeat","background-position":"center center","background-size":"auto","background-attachment":"scroll","background-type":"","background-media":"","overlay-type":"","overlay-color":"","overlay-opacity":"","overlay-gradient":""},"tablet":{"background-color":"var(--ast-global-color-4)","background-image":"","background-repeat":"repeat","background-position":"center center","background-size":"auto","background-attachment":"scroll","background-type":"","background-media":"","overlay-type":"","overlay-color":"","overlay-opacity":"","overlay-gradient":""},"mobile":{"background-color":"var(--ast-global-color-4)","background-image":"","background-repeat":"repeat","background-position":"center center","background-size":"auto","background-attachment":"scroll","background-type":"","background-media":"","overlay-type":"","overlay-color":"","overlay-opacity":"","overlay-gradient":""}}},"product_brand":[],"product_cat":[41,72],"product_tag":[],"class_list":{"0":"post-1904","1":"product","2":"type-product","3":"status-publish","4":"has-post-thumbnail","6":"product_cat-perfume-bottles","7":"product_cat-cosmetic-packaging","8":"desktop-align-left","9":"tablet-align-left","10":"mobile-align-left","12":"first","13":"instock","14":"shipping-taxable","15":"product-type-simple"},"acf":[],"jetpack_sharing_enabled":true,"_links":{"self":[{"href":"https:\/\/theperfumebottles.com\/hu\/wp-json\/wp\/v2\/product\/1904","targetHints":{"allow":["GET"]}}],"collection":[{"href":"https:\/\/theperfumebottles.com\/hu\/wp-json\/wp\/v2\/product"}],"about":[{"href":"https:\/\/theperfumebottles.com\/hu\/wp-json\/wp\/v2\/types\/product"}],"replies":[{"embeddable":true,"href":"https:\/\/theperfumebottles.com\/hu\/wp-json\/wp\/v2\/comments?post=1904"}],"wp:featuredmedia":[{"embeddable":true,"href":"https:\/\/theperfumebottles.com\/hu\/wp-json\/wp\/v2\/media\/2335"}],"wp:attachment":[{"href":"https:\/\/theperfumebottles.com\/hu\/wp-json\/wp\/v2\/media?parent=1904"}],"wp:term":[{"taxonomy":"product_brand","embeddable":true,"href":"https:\/\/theperfumebottles.com\/hu\/wp-json\/wp\/v2\/product_brand?post=1904"},{"taxonomy":"product_cat","embeddable":true,"href":"https:\/\/theperfumebottles.com\/hu\/wp-json\/wp\/v2\/product_cat?post=1904"},{"taxonomy":"product_tag","embeddable":true,"href":"https:\/\/theperfumebottles.com\/hu\/wp-json\/wp\/v2\/product_tag?post=1904"}],"curies":[{"name":"wp","href":"https:\/\/api.w.org\/{rel}","templated":true}]}}