{"id":1909,"date":"2025-02-17T07:16:21","date_gmt":"2025-02-17T07:16:21","guid":{"rendered":"https:\/\/theperfumebottles.com\/?post_type=product&#038;p=1909"},"modified":"2026-04-07T16:33:12","modified_gmt":"2026-04-07T08:33:12","slug":"50ml-fragrance-bottles-wholesale","status":"publish","type":"product","link":"https:\/\/theperfumebottles.com\/hu\/termek\/50ml-fragrance-bottles-wholesale\/","title":{"rendered":"50 ml-es krist\u00e1ly\u00fcveg illatpalackok nagykereskedelme"},"content":{"rendered":"<p data-sourcepos=\"9:1-9:360\">Ezek az illatos \u00fcvegcs\u00e9k vonz\u00f3, n\u00e9gyzet alak\u00faak. Az \u00fcvegcs\u00e9k gy\u00e9m\u00e1ntcsiszolt krist\u00e1lykupakot tartalmaznak, amely egy \u00fcvegnyakon \u00fcl, \u00e9s amelyben egy pol\u00edrozott arany f\u00e9mgy\u0171r\u0171 tal\u00e1lhat\u00f3, vonz\u00f3 vizu\u00e1lis hat\u00e1st keltve, amely n\u00f6veli az \u00fcveg luxus \u00e9rt\u00e9k\u00e9t.<\/p>\n<p><img fetchpriority=\"high\" decoding=\"async\" class=\"size-medium wp-image-1910 aligncenter\" src=\"https:\/\/theperfumebottles.com\/wp-content\/uploads\/2025\/02\/fragrance-bottles-300x300.jpg\" alt=\"illatos \u00fcvegek\" width=\"300\" height=\"300\" srcset=\"https:\/\/theperfumebottles.com\/wp-content\/uploads\/2025\/02\/fragrance-bottles-300x300.jpg 300w, https:\/\/theperfumebottles.com\/wp-content\/uploads\/2025\/02\/fragrance-bottles-150x150.jpg 150w, https:\/\/theperfumebottles.com\/wp-content\/uploads\/2025\/02\/fragrance-bottles-768x768.jpg 768w, https:\/\/theperfumebottles.com\/wp-content\/uploads\/2025\/02\/fragrance-bottles-12x12.jpg 12w, https:\/\/theperfumebottles.com\/wp-content\/uploads\/2025\/02\/fragrance-bottles-600x600.jpg 600w, https:\/\/theperfumebottles.com\/wp-content\/uploads\/2025\/02\/fragrance-bottles-100x100.jpg 100w, https:\/\/theperfumebottles.com\/wp-content\/uploads\/2025\/02\/fragrance-bottles.jpg 1000w\" sizes=\"(max-width: 300px) 100vw, 300px\" \/><\/p>\n<h2>50 ml-es illatpalackjaink f\u0151bb jellemz\u0151i<\/h2>\n<table style=\"border-collapse: collapse; margin-left: auto; margin-right: auto; width: 354.02pt;\" border=\"0\" width=\"472\" cellspacing=\"0\" cellpadding=\"0\">\n<tbody>\n<tr style=\"height: 13.50pt;\">\n<td style=\"height: 13.50pt; width: 130.50pt;\" width=\"174\" height=\"18\">Modellsz\u00e1m<\/td>\n<td style=\"width: 223.50pt;\" width=\"298\">PB-BF0801 \/ PB-BF0802<\/td>\n<\/tr>\n<tr style=\"height: 13.50pt;\">\n<td style=\"height: 13.50pt;\" height=\"18\">Kapacit\u00e1s<\/td>\n<td>50 ml<\/td>\n<\/tr>\n<tr style=\"height: 13.50pt;\">\n<td style=\"height: 13.50pt;\" height=\"18\">\u00c1tm\u00e9r\u0151<\/td>\n<td>15 mm<\/td>\n<\/tr>\n<tr style=\"height: 13.50pt;\">\n<td style=\"height: 13.50pt;\" height=\"18\">Sz\u00edn<\/td>\n<td>\u00c1tl\u00e1tsz\u00f3 \u00fcveg arany\/ez\u00fcst tetej\u0171<\/td>\n<\/tr>\n<tr style=\"height: 13.50pt;\">\n<td style=\"height: 13.50pt;\" height=\"18\">\u00dcvegm\u00e9ret<\/td>\n<td>58mm 33mm 79mm \/ 58mm 35mm 91mm<\/td>\n<\/tr>\n<tr style=\"height: 13.50pt;\">\n<td style=\"height: 13.50pt;\" height=\"18\">Alak<\/td>\n<td>N\u00e9gysz\u00f6gletes<\/td>\n<\/tr>\n<tr style=\"height: 13.50pt;\">\n<td style=\"height: 13.50pt;\" height=\"18\">Anyag<\/td>\n<td>Kiv\u00e1l\u00f3 min\u0151s\u00e9g\u0171 krist\u00e1ly\u00fcveg<\/td>\n<\/tr>\n<\/tbody>\n<\/table>\n<h2>Sikert\u00f6rt\u00e9net: Egyedi megrendel\u00e9s egy k\u00f6zel-keleti luxusm\u00e1rk\u00e1t\u00f3l<\/h2>\n<p>Egy dubaji sz\u00e9khely\u0171 parf\u00fcmm\u00e1rka a mi aranyozott k\u00f6lnipalackunkat v\u00e1lasztotta, 24 kar\u00e1tos arannyal bevont nyakkal \u00e9s m\u00e9lyk\u00e9k \u00fcveg testtel. Az egyedi palack nagy sikert aratott, mivel a v\u00e9lem\u00e9nyek 45%-a a s\u00faly\u00e1t \u00e9s sz\u00edn\u00e9t a luxus alapvet\u0151 jelz\u0151inek nevezte, m\u00edg a v\u00e1s\u00e1rl\u00f3k felismert\u00e9k, hogy a kiv\u00e1l\u00f3 min\u0151s\u00e9g\u0171 anyagok haszn\u00e1lata 15%-kal emelte az \u00e1r\u00e1t a norm\u00e1l kollekci\u00f3hoz k\u00e9pest. A c\u00e9g tov\u00e1bbi 360 000 palackot rendelt a k\u00f6zelg\u0151 oud parf\u00fcm bevezet\u00e9s\u00e9hez \u00e9s exkluz\u00edv rep\u00fcl\u0151t\u00e9ri v\u00e1mmentes term\u00e9keihez.<\/p>\n<h2>Illatos\u00edt\u00f3 palack testreszab\u00e1si lehet\u0151s\u00e9gei<\/h2>\n<ul>\n<li>F\u00e9m gy\u0171r\u0171 \u00e9s kupak kombin\u00e1ci\u00f3k: Kaphat\u00f3 hozz\u00e1 ill\u0151 vagy kontrasztos nyakgy\u0171r\u0171kkel \u00e9s f\u00e9m talpakkal (roz\u00e1g arany, fegyversz\u00fcrke, antik ez\u00fcst).<\/li>\n<li>Kupak anyaga \u00e9s kialak\u00edt\u00e1sa: A c\u00e9g h\u00e1romf\u00e9le kupakanyagot k\u00edn\u00e1l, bele\u00e9rtve a term\u00e9szetes krist\u00e1lyt, az \u00f3lom\u00fcveget \u00e9s a zom\u00e1ncozott f\u00e9met.<\/li>\n<li>M\u00e9ret \u00e9s ar\u00e1nyok: A palack kialak\u00edt\u00e1sa t\u00f6bbf\u00e9le magass\u00e1gban \u00e9s sz\u00e9less\u00e9gben kaphat\u00f3, a massz\u00edv 30 ml-est\u0151l a keskeny 200 ml-esig, hogy kiel\u00e9g\u00edtse a k\u00fcl\u00f6nb\u00f6z\u0151 ig\u00e9nyeket.<\/li>\n<\/ul>","protected":false},"excerpt":{"rendered":"<p>Pr\u00e9mium illatos \u00fcvegcs\u00e9k krist\u00e1ly\u00fcvegb\u0151l, gy\u00e9m\u00e1ntcsiszolt kupakkal \u00e9s arany d\u00edsz\u00edt\u00e9ssel. Arany sz\u00edn\u0171 k\u00f6lnipalackok luxusm\u00e1rk\u00e1knak. Nagykereskedelmi kedvezm\u00e9nyek el\u00e9rhet\u0151k.<\/p>","protected":false},"featured_media":2339,"comment_status":"open","ping_status":"closed","template":"","meta":{"_acf_changed":false,"site-sidebar-layout":"default","site-content-layout":"","ast-site-content-layout":"default","site-content-style":"default","site-sidebar-style":"default","ast-global-header-display":"","ast-banner-title-visibility":"","ast-main-header-display":"","ast-hfb-above-header-display":"","ast-hfb-below-header-display":"","ast-hfb-mobile-header-display":"","site-post-title":"","ast-breadcrumbs-content":"","ast-featured-img":"","footer-sml-layout":"","ast-disable-related-posts":"","theme-transparent-header-meta":"default","adv-header-id-meta":"","stick-header-meta":"","header-above-stick-meta":"","header-main-stick-meta":"","header-below-stick-meta":"","astra-migrate-meta-layouts":"set","ast-page-background-enabled":"default","ast-page-background-meta":{"desktop":{"background-color":"var(--ast-global-color-5)","background-image":"","background-repeat":"repeat","background-position":"center center","background-size":"auto","background-attachment":"scroll","background-type":"","background-media":"","overlay-type":"","overlay-color":"","overlay-opacity":"","overlay-gradient":""},"tablet":{"background-color":"","background-image":"","background-repeat":"repeat","background-position":"center center","background-size":"auto","background-attachment":"scroll","background-type":"","background-media":"","overlay-type":"","overlay-color":"","overlay-opacity":"","overlay-gradient":""},"mobile":{"background-color":"","background-image":"","background-repeat":"repeat","background-position":"center center","background-size":"auto","background-attachment":"scroll","background-type":"","background-media":"","overlay-type":"","overlay-color":"","overlay-opacity":"","overlay-gradient":""}},"ast-content-background-meta":{"desktop":{"background-color":"var(--ast-global-color-4)","background-image":"","background-repeat":"repeat","background-position":"center center","background-size":"auto","background-attachment":"scroll","background-type":"","background-media":"","overlay-type":"","overlay-color":"","overlay-opacity":"","overlay-gradient":""},"tablet":{"background-color":"var(--ast-global-color-4)","background-image":"","background-repeat":"repeat","background-position":"center center","background-size":"auto","background-attachment":"scroll","background-type":"","background-media":"","overlay-type":"","overlay-color":"","overlay-opacity":"","overlay-gradient":""},"mobile":{"background-color":"var(--ast-global-color-4)","background-image":"","background-repeat":"repeat","background-position":"center center","background-size":"auto","background-attachment":"scroll","background-type":"","background-media":"","overlay-type":"","overlay-color":"","overlay-opacity":"","overlay-gradient":""}}},"product_brand":[],"product_cat":[91,72,41],"product_tag":[],"class_list":{"0":"post-1909","1":"product","2":"type-product","3":"status-publish","4":"has-post-thumbnail","6":"product_cat-custom-perfume-bottles","7":"product_cat-cosmetic-packaging","8":"product_cat-perfume-bottles","9":"desktop-align-left","10":"tablet-align-left","11":"mobile-align-left","13":"first","14":"instock","15":"shipping-taxable","16":"product-type-simple"},"acf":[],"jetpack_sharing_enabled":true,"_links":{"self":[{"href":"https:\/\/theperfumebottles.com\/hu\/wp-json\/wp\/v2\/product\/1909","targetHints":{"allow":["GET"]}}],"collection":[{"href":"https:\/\/theperfumebottles.com\/hu\/wp-json\/wp\/v2\/product"}],"about":[{"href":"https:\/\/theperfumebottles.com\/hu\/wp-json\/wp\/v2\/types\/product"}],"replies":[{"embeddable":true,"href":"https:\/\/theperfumebottles.com\/hu\/wp-json\/wp\/v2\/comments?post=1909"}],"wp:featuredmedia":[{"embeddable":true,"href":"https:\/\/theperfumebottles.com\/hu\/wp-json\/wp\/v2\/media\/2339"}],"wp:attachment":[{"href":"https:\/\/theperfumebottles.com\/hu\/wp-json\/wp\/v2\/media?parent=1909"}],"wp:term":[{"taxonomy":"product_brand","embeddable":true,"href":"https:\/\/theperfumebottles.com\/hu\/wp-json\/wp\/v2\/product_brand?post=1909"},{"taxonomy":"product_cat","embeddable":true,"href":"https:\/\/theperfumebottles.com\/hu\/wp-json\/wp\/v2\/product_cat?post=1909"},{"taxonomy":"product_tag","embeddable":true,"href":"https:\/\/theperfumebottles.com\/hu\/wp-json\/wp\/v2\/product_tag?post=1909"}],"curies":[{"name":"wp","href":"https:\/\/api.w.org\/{rel}","templated":true}]}}