{"id":2550,"date":"2025-03-06T08:49:54","date_gmt":"2025-03-06T08:49:54","guid":{"rendered":"https:\/\/theperfumebottles.com\/?post_type=product&#038;p=2550"},"modified":"2025-05-29T09:15:02","modified_gmt":"2025-05-29T01:15:02","slug":"glass-perfume-bottle-50ml-with-pump","status":"publish","type":"product","link":"https:\/\/theperfumebottles.com\/hu\/termek\/glass-perfume-bottle-50ml-with-pump\/","title":{"rendered":"\u00dcveg parf\u00fcm\u00f6s \u00fcveg 50ml pump\u00e1val"},"content":{"rendered":"<h2>Pr\u00e9mium parf\u00fcm\u00f6s \u00fcveg 50ml<\/h2>\n<p>A kifinomults\u00e1g \u00e9rdek\u00e9ben k\u00e9sz\u00edtett 50 ml-es parf\u00fcm\u00f6s \u00fcvegpalackunk eleg\u00e1ns, t\u00e9glalap alak\u00fa, \u00e9les geometriai vonalakkal \u00e9s sima \u00e9lekkel rendelkezik.Ez az 50 ml-es \u00fcveg parf\u00fcm\u00f6s palack t\u00f6k\u00e9letesen megjelen\u00edti az illat tiszta sz\u00edn\u00e9t az \u00e1tl\u00e1tsz\u00f3 \u00fcveganyaggal, az ez\u00fcst palack kupakja pedig gondosan csiszolt, visszafogott \u00e9s f\u00e9nyes, modern \u00e9rz\u00e9st kelt.Az \u00fcveg sz\u00e1ja sima sz\u00f3r\u00f3fejes kialak\u00edt\u00e1s\u00fa, amely minden egyes nyom\u00e1ssal egyenletesen engedi ki az illatot, \u00e9s sima \u00e9rz\u00e9s, nem ragad be. Az \u00fcveget \u00fagy tervezt\u00fck, hogy v\u00edzhatlan legyen, \u00edgy \u00d6n \u00e9s \u00fcgyfelei nyugodtan haszn\u00e1lhatj\u00e1k, f\u00fcggetlen\u00fcl a r\u00e1z\u00f3s utaz\u00e1st\u00f3l vagy a h\u0151m\u00e9rs\u00e9klet-v\u00e1ltoz\u00e1sokt\u00f3l.<\/p>\n<h2>Sokoldal\u00fa alkalmazkod\u00e1s a k\u00fcl\u00f6nb\u00f6z\u0151 ig\u00e9nyek kiel\u00e9g\u00edt\u00e9s\u00e9re<\/h2>\n<p>Legyen sz\u00f3 high-end parf\u00fcmr\u0151l, utaz\u00e1si m\u00e9retr\u0151l, limit\u00e1lt kiad\u00e1sr\u00f3l, vagy aromater\u00e1pi\u00e1s ill\u00f3olajr\u00f3l, b\u0151r\u00e1pol\u00f3 esszenci\u00e1r\u00f3l, ez a palack k\u00f6nnyed\u00e9n megbirk\u00f3zik vele. A kis kapacit\u00e1s k\u00e9nyelmesen t\u00e1rolhat\u00f3 az \u00f6lt\u00f6z\u0151asztalon, a kiskereskedelmi polcokon vagy az aj\u00e1nd\u00e9kdobozokban, \u00edgy term\u00e9ke minden jelenetben kiemelkedik.<\/p>\n<h2>F\u0151bb specifik\u00e1ci\u00f3k<\/h2>\n<table>\n<thead>\n<tr>\n<th><strong>Attrib\u00fatum<\/strong><\/th>\n<th><strong>R\u00e9szletek<\/strong><\/th>\n<\/tr>\n<\/thead>\n<tbody>\n<tr>\n<td>Modell<\/td>\n<td>PB-BF07<\/td>\n<\/tr>\n<tr>\n<td>Kapacit\u00e1s<\/td>\n<td>50 ml<\/td>\n<\/tr>\n<tr>\n<td>Anyag<\/td>\n<td>Krist\u00e1ly\u00fcveg + f\u00e9m + PE<\/td>\n<\/tr>\n<tr>\n<td>M\u00e9retek<\/td>\n<td>41 * <em>30 * <\/em>107 mm<\/td>\n<\/tr>\n<tr>\n<td>T\u00f6m\u00edt\u00e9si t\u00edpus<\/td>\n<td>Permetez\u0151fej (porlaszt\u00f3)<\/td>\n<\/tr>\n<tr>\n<td>Sz\u00ednbe\u00e1ll\u00edt\u00e1sok<\/td>\n<td>\u00c1tl\u00e1tsz\u00f3 \u00fcveg ez\u00fcst kupakkal<\/td>\n<\/tr>\n<tr>\n<td>Testreszab\u00e1s<\/td>\n<td>Grav\u00edroz\u00e1s, UV nyomtat\u00e1s, m\u00e1zol\u00e1s stb.<\/td>\n<\/tr>\n<\/tbody>\n<\/table>\n<h2>Emelje az illat csomagol\u00e1s\u00e1t<\/h2>\n<p>K\u00e9sz\u00edtsen maradand\u00f3 benyom\u00e1st ezzel az 50 ml-es parf\u00fcm\u00f6s \u00fcveggel. Ne keressen tov\u00e1bb - gy\u00e1runk stabil ell\u00e1t\u00e1st, biztons\u00e1gos csomagol\u00e1st \u00e9s szem\u00e9lyre szabott megold\u00e1sokat k\u00edn\u00e1l. V\u00e1lassza parf\u00fcm\u00f6s flakonjainkat, hogy megfeleljen \u00fcgyfelei luxus ir\u00e1nti ig\u00e9ny\u00e9nek. L\u00e9pjen kapcsolatba vel\u00fcnk m\u00e9g ma, hogy l\u00e9trehozza fi\u00f3kj\u00e1t, \u00e9s k\u00e9rjen t\u00f6bbszint\u0171 \u00e1raj\u00e1nlatot!<\/p>","protected":false},"excerpt":{"rendered":"<p>A kifinomults\u00e1g \u00e9rdek\u00e9ben kialak\u00edtott <strong>50ml parf\u00fcm\u00f6s \u00fcvegpalack<\/strong>\u00a0eleg\u00e1ns t\u00e9glalap alak\u00fa, \u00e9les geometriai vonalakkal \u00e9s sima \u00e9lekkel.<\/p>","protected":false},"featured_media":2551,"comment_status":"open","ping_status":"closed","template":"","meta":{"_acf_changed":false,"site-sidebar-layout":"default","site-content-layout":"","ast-site-content-layout":"default","site-content-style":"default","site-sidebar-style":"default","ast-global-header-display":"","ast-banner-title-visibility":"","ast-main-header-display":"","ast-hfb-above-header-display":"","ast-hfb-below-header-display":"","ast-hfb-mobile-header-display":"","site-post-title":"","ast-breadcrumbs-content":"","ast-featured-img":"","footer-sml-layout":"","ast-disable-related-posts":"","theme-transparent-header-meta":"default","adv-header-id-meta":"","stick-header-meta":"","header-above-stick-meta":"","header-main-stick-meta":"","header-below-stick-meta":"","astra-migrate-meta-layouts":"set","ast-page-background-enabled":"default","ast-page-background-meta":{"desktop":{"background-color":"var(--ast-global-color-5)","background-image":"","background-repeat":"repeat","background-position":"center center","background-size":"auto","background-attachment":"scroll","background-type":"","background-media":"","overlay-type":"","overlay-color":"","overlay-opacity":"","overlay-gradient":""},"tablet":{"background-color":"","background-image":"","background-repeat":"repeat","background-position":"center center","background-size":"auto","background-attachment":"scroll","background-type":"","background-media":"","overlay-type":"","overlay-color":"","overlay-opacity":"","overlay-gradient":""},"mobile":{"background-color":"","background-image":"","background-repeat":"repeat","background-position":"center center","background-size":"auto","background-attachment":"scroll","background-type":"","background-media":"","overlay-type":"","overlay-color":"","overlay-opacity":"","overlay-gradient":""}},"ast-content-background-meta":{"desktop":{"background-color":"var(--ast-global-color-4)","background-image":"","background-repeat":"repeat","background-position":"center center","background-size":"auto","background-attachment":"scroll","background-type":"","background-media":"","overlay-type":"","overlay-color":"","overlay-opacity":"","overlay-gradient":""},"tablet":{"background-color":"var(--ast-global-color-4)","background-image":"","background-repeat":"repeat","background-position":"center center","background-size":"auto","background-attachment":"scroll","background-type":"","background-media":"","overlay-type":"","overlay-color":"","overlay-opacity":"","overlay-gradient":""},"mobile":{"background-color":"var(--ast-global-color-4)","background-image":"","background-repeat":"repeat","background-position":"center center","background-size":"auto","background-attachment":"scroll","background-type":"","background-media":"","overlay-type":"","overlay-color":"","overlay-opacity":"","overlay-gradient":""}}},"product_brand":[],"product_cat":[72,41],"product_tag":[89],"class_list":{"0":"post-2550","1":"product","2":"type-product","3":"status-publish","4":"has-post-thumbnail","6":"product_cat-cosmetic-packaging","7":"product_cat-perfume-bottles","8":"product_tag-perfume-bottle","9":"desktop-align-left","10":"tablet-align-left","11":"mobile-align-left","13":"first","14":"instock","15":"shipping-taxable","16":"product-type-simple"},"acf":[],"jetpack_sharing_enabled":true,"_links":{"self":[{"href":"https:\/\/theperfumebottles.com\/hu\/wp-json\/wp\/v2\/product\/2550","targetHints":{"allow":["GET"]}}],"collection":[{"href":"https:\/\/theperfumebottles.com\/hu\/wp-json\/wp\/v2\/product"}],"about":[{"href":"https:\/\/theperfumebottles.com\/hu\/wp-json\/wp\/v2\/types\/product"}],"replies":[{"embeddable":true,"href":"https:\/\/theperfumebottles.com\/hu\/wp-json\/wp\/v2\/comments?post=2550"}],"wp:featuredmedia":[{"embeddable":true,"href":"https:\/\/theperfumebottles.com\/hu\/wp-json\/wp\/v2\/media\/2551"}],"wp:attachment":[{"href":"https:\/\/theperfumebottles.com\/hu\/wp-json\/wp\/v2\/media?parent=2550"}],"wp:term":[{"taxonomy":"product_brand","embeddable":true,"href":"https:\/\/theperfumebottles.com\/hu\/wp-json\/wp\/v2\/product_brand?post=2550"},{"taxonomy":"product_cat","embeddable":true,"href":"https:\/\/theperfumebottles.com\/hu\/wp-json\/wp\/v2\/product_cat?post=2550"},{"taxonomy":"product_tag","embeddable":true,"href":"https:\/\/theperfumebottles.com\/hu\/wp-json\/wp\/v2\/product_tag?post=2550"}],"curies":[{"name":"wp","href":"https:\/\/api.w.org\/{rel}","templated":true}]}}