{"id":2573,"date":"2025-03-10T06:34:47","date_gmt":"2025-03-10T06:34:47","guid":{"rendered":"https:\/\/theperfumebottles.com\/?post_type=product&#038;p=2573"},"modified":"2026-01-12T10:46:54","modified_gmt":"2026-01-12T02:46:54","slug":"custom-perfume-bottles-mens-cologne-bottles","status":"publish","type":"product","link":"https:\/\/theperfumebottles.com\/hu\/termek\/custom-perfume-bottles-mens-cologne-bottles\/","title":{"rendered":"50ml\/100ml t\u00e9glalap alak\u00fa, egyedi \u00fcveg parf\u00fcm\u00f6s palackok"},"content":{"rendered":"<p>Exkluz\u00edv f\u00e9rfi k\u00f6lnivizes flakon, 50ml\/100ml kett\u0151s kapacit\u00e1ssal. A sz\u00f6gletesre csiszolt krist\u00e1ly\u00fcveg krist\u00e1lytiszta, mint a borosty\u00e1n, \u00e9s matt fekete f\u00e9m kupakkal p\u00e1rosul, hogy kontrasztot teremtsen a kem\u00e9nys\u00e9g \u00e9s a l\u00e1gys\u00e1g k\u00f6z\u00f6tt. A megvastag\u00edtott \u00fcveg alja szil\u00e1rdan \u00e1ll az asztalon, k\u00f6nnyed\u00e9n kiel\u00e9g\u00edtve a napi vagy utaz\u00e1si ig\u00e9nyeket. Az \u00f6lt\u00f6z\u0151asztal vizu\u00e1lis m\u0171v\u00e9szet\u00e9t\u0151l a teny\u00e9rbe helyezett tapinthat\u00f3 csapad\u00e9kig minden r\u00e9szlet egyens\u00falyban tartja a racion\u00e1lis designt \u00e9s az \u00e9rzelmi \u00e9lm\u00e9nyt.<\/p>\n<h2>F\u0151bb specifik\u00e1ci\u00f3k<\/h2>\n<table style=\"border-collapse: collapse;margin-left: auto;margin-right: auto;width: 443.27pt\" border=\"0\" width=\"591\" cellspacing=\"0\" cellpadding=\"0\">\n<tbody>\n<tr style=\"height: 17.25pt\">\n<td class=\"et2\" style=\"height: 17.25pt;width: 139.50pt\" width=\"186\" height=\"23\"><strong>Modell<\/strong><\/td>\n<td class=\"et2\" style=\"width: 139.50pt\" width=\"186\"><strong>PB-BF1001<\/strong><\/td>\n<td class=\"et2\" style=\"width: 164.25pt\" width=\"219\"><strong>PB-BF1002<\/strong><\/td>\n<\/tr>\n<tr style=\"height: 17.25pt\">\n<td class=\"et3\" style=\"height: 17.25pt;width: 139.50pt\" width=\"186\" height=\"23\"><strong>Kapacit\u00e1s<\/strong><\/td>\n<td class=\"et3\" style=\"width: 139.50pt\" width=\"186\">50 ml<\/td>\n<td class=\"et3\" style=\"width: 164.25pt\" width=\"219\">100 ml<\/td>\n<\/tr>\n<tr style=\"height: 17.25pt\">\n<td class=\"et3\" style=\"height: 17.25pt;width: 139.50pt\" width=\"186\" height=\"23\"><strong>M\u00e9retek (H\u00d7Ny\u00d7D)<\/strong><\/td>\n<td class=\"et3\" style=\"width: 139.50pt\" width=\"186\">82\u00d754\u00d729 mm<\/td>\n<td class=\"et3\" style=\"width: 164.25pt\" width=\"219\">107\u00d772\u00d731 mm<\/td>\n<\/tr>\n<tr style=\"height: 17.25pt\">\n<td class=\"et3\" style=\"height: 17.25pt;width: 139.50pt\" width=\"186\" height=\"23\"><strong>Kupak sz\u00edne<\/strong><\/td>\n<td class=\"et3\" style=\"width: 139.50pt\" width=\"186\">Fekete<\/td>\n<td class=\"et3\" style=\"width: 164.25pt\" width=\"219\">Fekete<\/td>\n<\/tr>\n<tr style=\"height: 17.25pt\">\n<td class=\"et3\" style=\"height: 17.25pt;width: 139.50pt\" width=\"186\" height=\"23\"><strong>Anyag<\/strong><\/td>\n<td class=\"et3\" style=\"width: 139.50pt\" width=\"186\">Krist\u00e1ly\u00fcveg<\/td>\n<td class=\"et3\" style=\"width: 164.25pt\" width=\"219\">Krist\u00e1ly\u00fcveg<\/td>\n<\/tr>\n<tr style=\"height: 17.25pt\">\n<td class=\"et3\" style=\"height: 17.25pt;width: 139.50pt\" width=\"186\" height=\"23\"><strong>T\u00f6m\u00edt\u00e9si t\u00edpus<\/strong><\/td>\n<td class=\"et3\" style=\"width: 139.50pt\" width=\"186\">Spray fels\u0151<\/td>\n<td class=\"et3\" style=\"width: 164.25pt\" width=\"219\">Spray fels\u0151<\/td>\n<\/tr>\n<\/tbody>\n<\/table>\n<h2>Emeld magasabb szintre illatm\u00e1rk\u00e1dat m\u00e9g ma!<\/h2>\n<p>Hozzon l\u00e9tre felejthetetlen \u00e9lm\u00e9nyt a dobozol\u00e1sb\u00f3l egyedi parf\u00fcm\u00f6s \u00fcvegekkel. V\u00e1lasszon a rakt\u00e1rk\u00e9szleten l\u00e9v\u0151 mint\u00e1k k\u00f6z\u00fcl, vagy dolgozzon egy\u00fctt csapatunkkal, hogy\u00a0<em>hozzon l\u00e9tre<\/em>\u00a0m\u00e1rk\u00e1s parf\u00fcm\u00f6k csomagol\u00e1sa. L\u00e1togasson el honlapunkra a rendelkez\u00e9sre \u00e1ll\u00f3 modellek keres\u00e9s\u00e9hez, mint\u00e1k k\u00e9r\u00e9s\u00e9hez, vagy nyissa meg egy\u00a0<em>sz\u00e1mla<\/em>\u00a0a nagykereskedelmi \u00e1rk\u00e9pz\u00e9shez. S\u00fcrg\u0151s k\u00e9szletre van sz\u00fcks\u00e9ge? Spot \u00e1rukat \u00e9s egyedi t\u00e9teleket is sz\u00e1ll\u00edtunk - \u00e9rdekl\u0151dj\u00f6n most, hogy biztos\u00edtsa megrendel\u00e9s\u00e9t!<\/p>","protected":false},"excerpt":{"rendered":"<p>Exkluz\u00edv f\u00e9rfi parf\u00fcmflakon, 50ml\/100ml kett\u0151s kapacit\u00e1s. A sz\u00f6gletes karszt\u00fcveges \u00fcveg olyan \u00e1tl\u00e1tsz\u00f3, mint az \u00fcvegtiszta sz\u00fcrkegy\u00f6ngyb\u0151l, \u00e9s [\u2026]<\/p>","protected":false},"featured_media":2574,"comment_status":"open","ping_status":"closed","template":"","meta":{"_acf_changed":false,"site-sidebar-layout":"default","site-content-layout":"","ast-site-content-layout":"default","site-content-style":"default","site-sidebar-style":"default","ast-global-header-display":"","ast-banner-title-visibility":"","ast-main-header-display":"","ast-hfb-above-header-display":"","ast-hfb-below-header-display":"","ast-hfb-mobile-header-display":"","site-post-title":"","ast-breadcrumbs-content":"","ast-featured-img":"","footer-sml-layout":"","ast-disable-related-posts":"","theme-transparent-header-meta":"default","adv-header-id-meta":"","stick-header-meta":"","header-above-stick-meta":"","header-main-stick-meta":"","header-below-stick-meta":"","astra-migrate-meta-layouts":"set","ast-page-background-enabled":"default","ast-page-background-meta":{"desktop":{"background-color":"var(--ast-global-color-5)","background-image":"","background-repeat":"repeat","background-position":"center center","background-size":"auto","background-attachment":"scroll","background-type":"","background-media":"","overlay-type":"","overlay-color":"","overlay-opacity":"","overlay-gradient":""},"tablet":{"background-color":"","background-image":"","background-repeat":"repeat","background-position":"center center","background-size":"auto","background-attachment":"scroll","background-type":"","background-media":"","overlay-type":"","overlay-color":"","overlay-opacity":"","overlay-gradient":""},"mobile":{"background-color":"","background-image":"","background-repeat":"repeat","background-position":"center center","background-size":"auto","background-attachment":"scroll","background-type":"","background-media":"","overlay-type":"","overlay-color":"","overlay-opacity":"","overlay-gradient":""}},"ast-content-background-meta":{"desktop":{"background-color":"var(--ast-global-color-4)","background-image":"","background-repeat":"repeat","background-position":"center center","background-size":"auto","background-attachment":"scroll","background-type":"","background-media":"","overlay-type":"","overlay-color":"","overlay-opacity":"","overlay-gradient":""},"tablet":{"background-color":"var(--ast-global-color-4)","background-image":"","background-repeat":"repeat","background-position":"center center","background-size":"auto","background-attachment":"scroll","background-type":"","background-media":"","overlay-type":"","overlay-color":"","overlay-opacity":"","overlay-gradient":""},"mobile":{"background-color":"var(--ast-global-color-4)","background-image":"","background-repeat":"repeat","background-position":"center center","background-size":"auto","background-attachment":"scroll","background-type":"","background-media":"","overlay-type":"","overlay-color":"","overlay-opacity":"","overlay-gradient":""}}},"product_brand":[],"product_cat":[72,41],"product_tag":[],"class_list":{"0":"post-2573","1":"product","2":"type-product","3":"status-publish","4":"has-post-thumbnail","6":"product_cat-cosmetic-packaging","7":"product_cat-perfume-bottles","8":"desktop-align-left","9":"tablet-align-left","10":"mobile-align-left","12":"first","13":"instock","14":"shipping-taxable","15":"product-type-simple"},"acf":[],"jetpack_sharing_enabled":true,"_links":{"self":[{"href":"https:\/\/theperfumebottles.com\/hu\/wp-json\/wp\/v2\/product\/2573","targetHints":{"allow":["GET"]}}],"collection":[{"href":"https:\/\/theperfumebottles.com\/hu\/wp-json\/wp\/v2\/product"}],"about":[{"href":"https:\/\/theperfumebottles.com\/hu\/wp-json\/wp\/v2\/types\/product"}],"replies":[{"embeddable":true,"href":"https:\/\/theperfumebottles.com\/hu\/wp-json\/wp\/v2\/comments?post=2573"}],"wp:featuredmedia":[{"embeddable":true,"href":"https:\/\/theperfumebottles.com\/hu\/wp-json\/wp\/v2\/media\/2574"}],"wp:attachment":[{"href":"https:\/\/theperfumebottles.com\/hu\/wp-json\/wp\/v2\/media?parent=2573"}],"wp:term":[{"taxonomy":"product_brand","embeddable":true,"href":"https:\/\/theperfumebottles.com\/hu\/wp-json\/wp\/v2\/product_brand?post=2573"},{"taxonomy":"product_cat","embeddable":true,"href":"https:\/\/theperfumebottles.com\/hu\/wp-json\/wp\/v2\/product_cat?post=2573"},{"taxonomy":"product_tag","embeddable":true,"href":"https:\/\/theperfumebottles.com\/hu\/wp-json\/wp\/v2\/product_tag?post=2573"}],"curies":[{"name":"wp","href":"https:\/\/api.w.org\/{rel}","templated":true}]}}