{"id":2580,"date":"2025-03-10T07:51:08","date_gmt":"2025-03-10T07:51:08","guid":{"rendered":"https:\/\/theperfumebottles.com\/?post_type=product&#038;p=2580"},"modified":"2026-04-08T18:18:42","modified_gmt":"2026-04-08T10:18:42","slug":"custom-glass-fragrance-bottles-bulk-perfume-bottles-set","status":"publish","type":"product","link":"https:\/\/theperfumebottles.com\/hu\/termek\/custom-glass-fragrance-bottles-bulk-perfume-bottles-set\/","title":{"rendered":"30ml 50ml 100ml Egyedi \u00fcveg illatpalackok \u2013 Nagy kiszerel\u00e9s\u0171 parf\u00fcm\u00f6s palackok"},"content":{"rendered":"<p>Az ebben a sorozatban tal\u00e1lhat\u00f3 \u00fcveg illatos\u00edt\u00f3k nagy tisztas\u00e1g\u00fa sz\u00f3da\u00fcvegb\u0151l k\u00e9sz\u00fcltek. T\u00e9glalap alak\u00faak, \u00e9les sz\u00e9lekkel \u00e9s vastag talppal. Talpuknak k\u00f6sz\u00f6nhet\u0151en nagyon stabilak \u00e9s tart\u00f3sak. A t\u00e9glalap alak\u00fa test \u00e9s a nagy kupak modern \u00e9s luxus megjelen\u00e9st k\u00f6lcs\u00f6n\u00f6z nekik.<\/p>\n<h2>F\u0151bb specifik\u00e1ci\u00f3k<\/h2>\n<table style=\"border-collapse: collapse; margin-left: auto; margin-right: auto; width: 80%;\" border=\"0\" width=\"618\" cellspacing=\"0\" cellpadding=\"0\">\n<tbody>\n<tr style=\"height: 19.00pt;\">\n<td class=\"et2\" style=\"height: 19.00pt; width: 117.75pt;\" width=\"157\" height=\"25\">Modell<\/td>\n<td class=\"et3\" style=\"width: 116.25pt;\" width=\"155\">PB-BF1201<\/td>\n<td class=\"et3\" style=\"width: 115.50pt;\" width=\"154\">PB-BF1202<\/td>\n<td class=\"et3\" style=\"width: 114.00pt;\" width=\"152\">PB-BF1203<\/td>\n<\/tr>\n<tr style=\"height: 17.25pt;\">\n<td class=\"et2\" style=\"height: 17.25pt; width: 117.75pt;\" width=\"157\" height=\"23\">Kapacit\u00e1s<\/td>\n<td class=\"et3\" style=\"width: 116.25pt;\" width=\"155\">30 ml<\/td>\n<td class=\"et3\" style=\"width: 115.50pt;\" width=\"154\">50 ml<\/td>\n<td class=\"et3\" style=\"width: 114.00pt;\" width=\"152\">100 ml<\/td>\n<\/tr>\n<tr style=\"height: 17.25pt;\">\n<td class=\"et2\" style=\"height: 17.25pt; width: 117.75pt;\" width=\"157\" height=\"23\">Kaliber<\/td>\n<td class=\"et3\" style=\"width: 116.25pt;\" width=\"155\">15 mm<\/td>\n<td class=\"et3\" style=\"width: 115.50pt;\" width=\"154\">15 mm<\/td>\n<td class=\"et3\" style=\"width: 114.00pt;\" width=\"152\">15 mm<\/td>\n<\/tr>\n<tr style=\"height: 18.00pt;\">\n<td class=\"et2\" style=\"height: 18.00pt; width: 117.75pt;\" width=\"157\" height=\"24\">M\u00e9retek<\/td>\n<td class=\"et3\" style=\"width: 116.25pt;\" width=\"155\">60 x 32 x 51 \/ mm<\/td>\n<td class=\"et3\" style=\"width: 115.50pt;\" width=\"154\">75 x 35 x 58 \/ mm<\/td>\n<td class=\"et3\" style=\"width: 114.00pt;\" width=\"152\">92 x 45 x 62 \/ mm<\/td>\n<\/tr>\n<tr style=\"height: 17.25pt;\">\n<td class=\"et2\" style=\"height: 17.25pt; width: 117.75pt;\" width=\"157\" height=\"23\">Kupak sz\u00edne<\/td>\n<td class=\"et3\" style=\"width: 116.25pt;\" width=\"155\">Fekete\/Piros\/K\u00e9k<\/td>\n<td class=\"et3\" style=\"width: 115.50pt;\" width=\"154\">Fekete\/Piros\/K\u00e9k<\/td>\n<td class=\"et3\" style=\"width: 114.00pt;\" width=\"152\">Fekete\/Piros\/K\u00e9k<\/td>\n<\/tr>\n<\/tbody>\n<\/table>\n<h2 data-start=\"94\" data-end=\"114\"><strong data-start=\"94\" data-end=\"114\">Forgalmaz\u00f3 eset<\/strong><\/h2>\n<p>Egy holland forgalmaz\u00f3, aki egy \u00e9vvel ezel\u0151tt t\u0151l\u00fcnk v\u00e1s\u00e1rolta a 10 ml-es minta parf\u00fcm\u00f6s \u00fcvegeket, mindh\u00e1rom m\u00e9retben rendelte ezeket a t\u00e9glalap alak\u00fa \u00fcveg illatos \u00fcvegeket. Matt fekete sz\u00f3r\u00e1sos \u00e9s melegnyom\u00e1sos technik\u00e1k alkalmaz\u00e1s\u00e1val \u2013 a palackok sz\u00edn\u00e9t t\u00fckr\u00f6z\u0151 kupakokkal p\u00e1ros\u00edtva \u2013 val\u00f3ban luxus vizu\u00e1lis eszt\u00e9tik\u00e1t k\u00f6lcs\u00f6n\u00f6ztek ezeknek a t\u00e9glalap alak\u00fa \u00fcveg parf\u00fcm\u00f6s \u00fcvegeknek.<\/p>\n<p>El\u0151sz\u00f6r egy 12 m\u00e9teres kont\u00e9nert rendeltek ezekb\u0151l az \u00fcveg illatos palackokb\u00f3l. Az \u00fcveg illatos palackokat \u00fczletekben \u00e1rult\u00e1k. Online. Az \u00faj \u00fcveg illatos palackok jobban mutattak a polcokon, \u00edgy az emberek eleg\u00e1nsabbnak tartott\u00e1k a m\u00e1rk\u00e1t, \u00e9s mind\u00f6ssze egy negyed\u00e9v alatt 35%-kal t\u00f6bb parf\u00fcm\u00f6t adtak el. A c\u00e9g annyira megtetszett az \u00fcveg illatos palackoknak, hogy t\u00f6bb \u00fcveg illatos palackot rendeltek, \u00e9s elkezdt\u00e9k haszn\u00e1lni \u0151ket t\u00f6bb term\u00e9k\u00fckh\u00f6z is.<\/p>\n<p>&nbsp;<\/p>\n<p>&nbsp;<\/p>","protected":false},"excerpt":{"rendered":"<p>Ig\u00e9nyes m\u00e1rk\u00e1k sz\u00e1m\u00e1ra k\u00e9sz\u00fclt t\u00e9glalap alak\u00fa \u00fcvegpalackjaink a kifinomults\u00e1got \u00e9s a funkcionalit\u00e1st \u00f6tv\u00f6zik.<\/p>","protected":false},"featured_media":2584,"comment_status":"open","ping_status":"closed","template":"","meta":{"_acf_changed":false,"site-sidebar-layout":"default","site-content-layout":"","ast-site-content-layout":"default","site-content-style":"default","site-sidebar-style":"default","ast-global-header-display":"","ast-banner-title-visibility":"","ast-main-header-display":"","ast-hfb-above-header-display":"","ast-hfb-below-header-display":"","ast-hfb-mobile-header-display":"","site-post-title":"","ast-breadcrumbs-content":"","ast-featured-img":"","footer-sml-layout":"","ast-disable-related-posts":"","theme-transparent-header-meta":"default","adv-header-id-meta":"","stick-header-meta":"","header-above-stick-meta":"","header-main-stick-meta":"","header-below-stick-meta":"","astra-migrate-meta-layouts":"set","ast-page-background-enabled":"default","ast-page-background-meta":{"desktop":{"background-color":"var(--ast-global-color-5)","background-image":"","background-repeat":"repeat","background-position":"center center","background-size":"auto","background-attachment":"scroll","background-type":"","background-media":"","overlay-type":"","overlay-color":"","overlay-opacity":"","overlay-gradient":""},"tablet":{"background-color":"","background-image":"","background-repeat":"repeat","background-position":"center center","background-size":"auto","background-attachment":"scroll","background-type":"","background-media":"","overlay-type":"","overlay-color":"","overlay-opacity":"","overlay-gradient":""},"mobile":{"background-color":"","background-image":"","background-repeat":"repeat","background-position":"center center","background-size":"auto","background-attachment":"scroll","background-type":"","background-media":"","overlay-type":"","overlay-color":"","overlay-opacity":"","overlay-gradient":""}},"ast-content-background-meta":{"desktop":{"background-color":"var(--ast-global-color-4)","background-image":"","background-repeat":"repeat","background-position":"center center","background-size":"auto","background-attachment":"scroll","background-type":"","background-media":"","overlay-type":"","overlay-color":"","overlay-opacity":"","overlay-gradient":""},"tablet":{"background-color":"var(--ast-global-color-4)","background-image":"","background-repeat":"repeat","background-position":"center center","background-size":"auto","background-attachment":"scroll","background-type":"","background-media":"","overlay-type":"","overlay-color":"","overlay-opacity":"","overlay-gradient":""},"mobile":{"background-color":"var(--ast-global-color-4)","background-image":"","background-repeat":"repeat","background-position":"center center","background-size":"auto","background-attachment":"scroll","background-type":"","background-media":"","overlay-type":"","overlay-color":"","overlay-opacity":"","overlay-gradient":""}}},"product_brand":[],"product_cat":[91,72,41],"product_tag":[],"class_list":{"0":"post-2580","1":"product","2":"type-product","3":"status-publish","4":"has-post-thumbnail","6":"product_cat-custom-perfume-bottles","7":"product_cat-cosmetic-packaging","8":"product_cat-perfume-bottles","9":"desktop-align-left","10":"tablet-align-left","11":"mobile-align-left","13":"first","14":"instock","15":"shipping-taxable","16":"product-type-simple"},"acf":[],"jetpack_sharing_enabled":true,"_links":{"self":[{"href":"https:\/\/theperfumebottles.com\/hu\/wp-json\/wp\/v2\/product\/2580","targetHints":{"allow":["GET"]}}],"collection":[{"href":"https:\/\/theperfumebottles.com\/hu\/wp-json\/wp\/v2\/product"}],"about":[{"href":"https:\/\/theperfumebottles.com\/hu\/wp-json\/wp\/v2\/types\/product"}],"replies":[{"embeddable":true,"href":"https:\/\/theperfumebottles.com\/hu\/wp-json\/wp\/v2\/comments?post=2580"}],"wp:featuredmedia":[{"embeddable":true,"href":"https:\/\/theperfumebottles.com\/hu\/wp-json\/wp\/v2\/media\/2584"}],"wp:attachment":[{"href":"https:\/\/theperfumebottles.com\/hu\/wp-json\/wp\/v2\/media?parent=2580"}],"wp:term":[{"taxonomy":"product_brand","embeddable":true,"href":"https:\/\/theperfumebottles.com\/hu\/wp-json\/wp\/v2\/product_brand?post=2580"},{"taxonomy":"product_cat","embeddable":true,"href":"https:\/\/theperfumebottles.com\/hu\/wp-json\/wp\/v2\/product_cat?post=2580"},{"taxonomy":"product_tag","embeddable":true,"href":"https:\/\/theperfumebottles.com\/hu\/wp-json\/wp\/v2\/product_tag?post=2580"}],"curies":[{"name":"wp","href":"https:\/\/api.w.org\/{rel}","templated":true}]}}